{"id":12265,"date":"2025-09-10T15:28:02","date_gmt":"2025-09-10T12:28:02","guid":{"rendered":"https:\/\/ecostera.com\/dk\/product\/spray-til-reparation-af-ridser\/"},"modified":"2025-09-22T18:36:59","modified_gmt":"2025-09-22T15:36:59","slug":"spray-til-reparation-af-ridser","status":"publish","type":"product","link":"https:\/\/ecostera.com\/dk\/product\/spray-til-reparation-af-ridser\/","title":{"rendered":"Spray til reparation af ridser"},"content":{"rendered":"<p style=\"text-align: center\"><strong>F\u00e5 Din Bil Til At Skinne, Beskyt Din Plastik \ud83d\ude97<\/strong><\/p>\n<p style=\"text-align: center\"><span style=\"font-weight: 400\">Denne spray f\u00e5r din bil til at se ny ud igen. Den reparerer sm\u00e5 ridser, giver glans og forhindrer, at plastdele falmer eller bliver hvide.<\/span><\/p>\n<h2 style=\"text-align: center\"><img decoding=\"async\" class=\"size-full wp-image-16839 aligncenter\" src=\"https:\/\/keluvo.com\/template\/wp-content\/uploads\/sites\/5\/2025\/04\/d6af82e4-0f56-48e5-93b8-c85394d38ef7-Trim-ezgif.com-video-to-webp-converter-1.webp\" alt=\"\" \/>Vigtigste Fordele \ud83d\ude97<\/h2>\n<p>D\u00e6kker ridser<span style=\"font-weight: 400\"> \u2013 Udfylder dem med nanoteknologi for en glat finish<\/span><\/p>\n<p>Beskytter din bil<span style=\"font-weight: 400\"> \u2013 Tilf\u00f8jer et skinnende lag, der modst\u00e5r vand og snavs<\/span><span style=\"font-weight: 400\"><br \/>\n<\/span><\/p>\n<p>Holder plastdele nye<span style=\"font-weight: 400\"> \u2013 Fungerer p\u00e5 kofangere, d\u00e6k, paneler og meget mere<\/span><span style=\"font-weight: 400\"><br \/>\n<\/span><\/p>\n<p>Nem at bruge<span style=\"font-weight: 400\"> \u2013 Bare spray og t\u00f8r af med en klud\u2014intet v\u00e6rkt\u00f8j n\u00f8dvendigt<\/span><span style=\"font-weight: 400\"><br \/>\n<\/span><\/p>\n<p>Sikker og st\u00e6rk<span style=\"font-weight: 400\"> \u2013 Ikke giftig, ingen lugt og skader ikke din bils lak eller plast<\/span><\/p>\n<h2 style=\"text-align: center\"><img decoding=\"async\" class=\"size-full wp-image-16841 aligncenter\" src=\"https:\/\/keluvo.com\/template\/wp-content\/uploads\/sites\/5\/2025\/04\/desc-ezgif.com-video-to-webp-converter-1.webp\" alt=\"\" \/>Fiks Ridser Hurtigt!<\/h2>\n<p style=\"text-align: center\"><span style=\"font-weight: 400\">Dette er din go-to spray til hurtige bilreparationer. Har du sm\u00e5 ridser eller mat plastik? Spr\u00f8jt den p\u00e5 og t\u00f8r efter. Den skinner, beskytter og holder din bil frisk i \u00e5revis. Brug den p\u00e5 instrumentbr\u00e6t, d\u00e6k, d\u00f8rkarme eller endda forlygter. Det virker p\u00e5 alle bilfarver og er sikkert for alle overflader.<\/span><\/p>\n<h2 style=\"text-align: center\"><img decoding=\"async\" class=\"size-full wp-image-16156 aligncenter\" src=\"https:\/\/keluvo.com\/template\/wp-content\/uploads\/sites\/5\/2025\/04\/8e253275-8dcf-413b-a79d-975345013166.webp.jpg\" alt=\"\" \/>S\u00e5dan Bruges \ud83d\udccc<\/h2>\n<ol>\n<li style=\"font-weight: 400\"><span style=\"font-weight: 400\">Vind den bl\u00f8de klud over svampen.<\/span><span style=\"font-weight: 400\"><br \/>\n<\/span><\/li>\n<li style=\"font-weight: 400\"><span style=\"font-weight: 400\">H\u00e6ld lidt sprayv\u00e6ske p\u00e5 kluden.<\/span><span style=\"font-weight: 400\"><br \/>\n<\/span><\/li>\n<li style=\"font-weight: 400\"><span style=\"font-weight: 400\">P\u00e5f\u00f8r det p\u00e5 det ridsede eller falmede omr\u00e5de.<\/span><span style=\"font-weight: 400\"><br \/>\n<\/span><\/li>\n<\/ol>\n<h2 style=\"text-align: center\">Pakken Indeholder \ud83d\udce6<\/h2>\n<ul>\n<li style=\"font-weight: 400\"><span style=\"font-weight: 400\">1x flaske ridse-reparationsspray\u00a0<\/span><span style=\"font-weight: 400\"><br \/>\n<\/span><\/li>\n<li style=\"font-weight: 400\"><span style=\"font-weight: 400\">1x bl\u00f8d p\u00e5f\u00f8ringsklud.<\/span><\/li>\n<\/ul>\n","protected":false},"excerpt":{"rendered":"<p>F\u00e5 Din Bil Til At Skinne, Beskyt Din Plastik \ud83d\ude97 Denne spray f\u00e5r din bil til at se ny ud [&hellip;]<\/p>\n","protected":false},"featured_media":12261,"comment_status":"open","ping_status":"closed","template":"","meta":{"site-sidebar-layout":"default","site-content-layout":"","ast-site-content-layout":"default","site-content-style":"default","site-sidebar-style":"default","ast-global-header-display":"","ast-banner-title-visibility":"","ast-main-header-display":"","ast-hfb-above-header-display":"","ast-hfb-below-header-display":"","ast-hfb-mobile-header-display":"","site-post-title":"","ast-breadcrumbs-content":"","ast-featured-img":"","footer-sml-layout":"","theme-transparent-header-meta":"default","adv-header-id-meta":"","stick-header-meta":"","header-above-stick-meta":"","header-main-stick-meta":"","header-below-stick-meta":"","astra-migrate-meta-layouts":"set","ast-page-background-enabled":"default","ast-page-background-meta":{"desktop":{"background-color":"var(--ast-global-color-5)","background-image":"","background-repeat":"repeat","background-position":"center center","background-size":"auto","background-attachment":"scroll","background-type":"","background-media":"","overlay-type":"","overlay-color":"","overlay-opacity":"","overlay-gradient":""},"tablet":{"background-color":"","background-image":"","background-repeat":"repeat","background-position":"center center","background-size":"auto","background-attachment":"scroll","background-type":"","background-media":"","overlay-type":"","overlay-color":"","overlay-opacity":"","overlay-gradient":""},"mobile":{"background-color":"","background-image":"","background-repeat":"repeat","background-position":"center center","background-size":"auto","background-attachment":"scroll","background-type":"","background-media":"","overlay-type":"","overlay-color":"","overlay-opacity":"","overlay-gradient":""}},"ast-content-background-meta":{"desktop":{"background-color":"var(--ast-global-color-4)","background-image":"","background-repeat":"repeat","background-position":"center center","background-size":"auto","background-attachment":"scroll","background-type":"","background-media":"","overlay-type":"","overlay-color":"","overlay-opacity":"","overlay-gradient":""},"tablet":{"background-color":"var(--ast-global-color-4)","background-image":"","background-repeat":"repeat","background-position":"center center","background-size":"auto","background-attachment":"scroll","background-type":"","background-media":"","overlay-type":"","overlay-color":"","overlay-opacity":"","overlay-gradient":""},"mobile":{"background-color":"var(--ast-global-color-4)","background-image":"","background-repeat":"repeat","background-position":"center center","background-size":"auto","background-attachment":"scroll","background-type":"","background-media":"","overlay-type":"","overlay-color":"","overlay-opacity":"","overlay-gradient":""}}},"product_brand":[],"product_cat":[19],"product_tag":[],"class_list":{"0":"post-12265","1":"product","2":"type-product","3":"status-publish","4":"has-post-thumbnail","6":"product_cat-uncategorized","7":"pa_47502_vahju6le-100-ml","8":"pa_47502_vahju6le-120-ml","9":"pa_47502_vahju6le-50-ml","10":"desktop-align-left","11":"tablet-align-left","12":"mobile-align-left","14":"first","15":"instock","16":"shipping-taxable","17":"purchasable","18":"product-type-variable"},"_links":{"self":[{"href":"https:\/\/ecostera.com\/dk\/wp-json\/wp\/v2\/product\/12265","targetHints":{"allow":["GET"]}}],"collection":[{"href":"https:\/\/ecostera.com\/dk\/wp-json\/wp\/v2\/product"}],"about":[{"href":"https:\/\/ecostera.com\/dk\/wp-json\/wp\/v2\/types\/product"}],"replies":[{"embeddable":true,"href":"https:\/\/ecostera.com\/dk\/wp-json\/wp\/v2\/comments?post=12265"}],"wp:featuredmedia":[{"embeddable":true,"href":"https:\/\/ecostera.com\/dk\/wp-json\/wp\/v2\/media\/12261"}],"wp:attachment":[{"href":"https:\/\/ecostera.com\/dk\/wp-json\/wp\/v2\/media?parent=12265"}],"wp:term":[{"taxonomy":"product_brand","embeddable":true,"href":"https:\/\/ecostera.com\/dk\/wp-json\/wp\/v2\/product_brand?post=12265"},{"taxonomy":"product_cat","embeddable":true,"href":"https:\/\/ecostera.com\/dk\/wp-json\/wp\/v2\/product_cat?post=12265"},{"taxonomy":"product_tag","embeddable":true,"href":"https:\/\/ecostera.com\/dk\/wp-json\/wp\/v2\/product_tag?post=12265"}],"curies":[{"name":"wp","href":"https:\/\/api.w.org\/{rel}","templated":true}]}}