{"id":12334,"date":"2025-09-10T15:32:56","date_gmt":"2025-09-10T12:32:56","guid":{"rendered":"https:\/\/ecostera.com\/dk\/product\/draabeoereringe-i-krystal\/"},"modified":"2025-09-11T23:53:38","modified_gmt":"2025-09-11T20:53:38","slug":"draabeoereringe-i-krystal","status":"publish","type":"product","link":"https:\/\/ecostera.com\/dk\/product\/draabeoereringe-i-krystal\/","title":{"rendered":"Dr\u00e5be\u00f8reringe i krystal"},"content":{"rendered":"<p style=\"text-align: center\"><strong>Str\u00e5l Med Stil \u2013 Med De Lilla Dr\u00e5be\u00f8reringe I Krystal!<\/strong><\/p>\n<p style=\"text-align: center\"><span style=\"font-weight: 400\">Elegante, lette og perfekte til enhver dag. <\/span><span style=\"font-size: 16px;font-weight: 400\">Disse smukke \u00f8reringe er lavet med skinnende lilla krystaller. De ser smarte ud, f\u00f8les lette og tilf\u00f8jer gnist til ethvert outfit.<\/span><\/p>\n<p><img decoding=\"async\" class=\"size-full wp-image-16296 aligncenter\" src=\"https:\/\/keluvo.com\/template\/wp-content\/uploads\/sites\/5\/2025\/04\/purple.jpg\" alt=\"\" \/><\/p>\n<h2 style=\"text-align: center\">Hovedfordele<\/h2>\n<p><span style=\"font-weight: 400\">\u2705 <\/span><b>Elegant design<\/b><span style=\"font-weight: 400\"> \u2013 Enkelt og klassisk til alle stilarter<\/span><\/p>\n<p><span style=\"font-weight: 400\"> \u2705 <\/span><b>Letv\u00e6gtskomfort<\/b><span style=\"font-weight: 400\"> \u2013 B\u00e6r dem hele dagen uden at f\u00f8le sig tunge<\/span><\/p>\n<p><span style=\"font-weight: 400\"> \u2705 <\/span><b>High-end fornemmelse<\/b><span style=\"font-weight: 400\"> \u2013 Lavet med f\u00f8rsteklasses lilla krystal<\/span><\/p>\n<p><span style=\"font-weight: 400\"> \u2705 <\/span><b>Lavet til at holde<\/b><span style=\"font-weight: 400\"> \u2013 Kvalitet lavet med stor opm\u00e6rksomhed p\u00e5 detaljer<\/span><\/p>\n<p><span style=\"font-weight: 400\"> \u2705 <\/span><b>Til enhver lejlighed<\/b><span style=\"font-weight: 400\"> \u2013 Perfekt til b\u00e5de afslappede dage og specielle begivenheder<\/span><\/p>\n<p><img decoding=\"async\" class=\"size-full wp-image-16291 aligncenter\" src=\"https:\/\/keluvo.com\/template\/wp-content\/uploads\/sites\/5\/2025\/04\/2-13.jpg\" alt=\"\" \/><\/p>\n<h2 style=\"text-align: center\">Perfekt Elegance!<\/h2>\n<p style=\"text-align: center\"><span style=\"font-weight: 400\">Disse \u00f8reringe er det perfekte strejf af elegance for enhver kvinde. Uanset om du skal til fest, middag eller bare vil g\u00f8re din dag glitrende, er disse lilla krystal\u00f8reringe skabt til at imponere. Stilfulde, nemme at have p\u00e5 og passer til alt!<\/span><\/p>\n<h2 style=\"text-align: center\">Pakken Indeholder<\/h2>\n<ul>\n<li style=\"font-weight: 400\"><span style=\"font-weight: 400\">1x par \u00f8reringe<\/span><span style=\"font-weight: 400\">.<\/span><\/li>\n<\/ul>\n","protected":false},"excerpt":{"rendered":"<p>Str\u00e5l Med Stil \u2013 Med De Lilla Dr\u00e5be\u00f8reringe I Krystal! Elegante, lette og perfekte til enhver dag. Disse smukke \u00f8reringe [&hellip;]<\/p>\n","protected":false},"featured_media":12330,"comment_status":"open","ping_status":"closed","template":"","meta":{"site-sidebar-layout":"default","site-content-layout":"","ast-site-content-layout":"default","site-content-style":"default","site-sidebar-style":"default","ast-global-header-display":"","ast-banner-title-visibility":"","ast-main-header-display":"","ast-hfb-above-header-display":"","ast-hfb-below-header-display":"","ast-hfb-mobile-header-display":"","site-post-title":"","ast-breadcrumbs-content":"","ast-featured-img":"","footer-sml-layout":"","theme-transparent-header-meta":"default","adv-header-id-meta":"","stick-header-meta":"","header-above-stick-meta":"","header-main-stick-meta":"","header-below-stick-meta":"","astra-migrate-meta-layouts":"set","ast-page-background-enabled":"default","ast-page-background-meta":{"desktop":{"background-color":"var(--ast-global-color-5)","background-image":"","background-repeat":"repeat","background-position":"center center","background-size":"auto","background-attachment":"scroll","background-type":"","background-media":"","overlay-type":"","overlay-color":"","overlay-opacity":"","overlay-gradient":""},"tablet":{"background-color":"","background-image":"","background-repeat":"repeat","background-position":"center center","background-size":"auto","background-attachment":"scroll","background-type":"","background-media":"","overlay-type":"","overlay-color":"","overlay-opacity":"","overlay-gradient":""},"mobile":{"background-color":"","background-image":"","background-repeat":"repeat","background-position":"center center","background-size":"auto","background-attachment":"scroll","background-type":"","background-media":"","overlay-type":"","overlay-color":"","overlay-opacity":"","overlay-gradient":""}},"ast-content-background-meta":{"desktop":{"background-color":"var(--ast-global-color-4)","background-image":"","background-repeat":"repeat","background-position":"center center","background-size":"auto","background-attachment":"scroll","background-type":"","background-media":"","overlay-type":"","overlay-color":"","overlay-opacity":"","overlay-gradient":""},"tablet":{"background-color":"var(--ast-global-color-4)","background-image":"","background-repeat":"repeat","background-position":"center center","background-size":"auto","background-attachment":"scroll","background-type":"","background-media":"","overlay-type":"","overlay-color":"","overlay-opacity":"","overlay-gradient":""},"mobile":{"background-color":"var(--ast-global-color-4)","background-image":"","background-repeat":"repeat","background-position":"center center","background-size":"auto","background-attachment":"scroll","background-type":"","background-media":"","overlay-type":"","overlay-color":"","overlay-opacity":"","overlay-gradient":""}}},"product_brand":[],"product_cat":[19],"product_tag":[],"class_list":{"0":"post-12334","1":"product","2":"type-product","3":"status-publish","4":"has-post-thumbnail","6":"product_cat-uncategorized","7":"pa_41088_j0ju9vbw-groen","8":"pa_41088_j0ju9vbw-lilla","9":"desktop-align-left","10":"tablet-align-left","11":"mobile-align-left","13":"first","14":"instock","15":"shipping-taxable","16":"purchasable","17":"product-type-variable"},"_links":{"self":[{"href":"https:\/\/ecostera.com\/dk\/wp-json\/wp\/v2\/product\/12334","targetHints":{"allow":["GET"]}}],"collection":[{"href":"https:\/\/ecostera.com\/dk\/wp-json\/wp\/v2\/product"}],"about":[{"href":"https:\/\/ecostera.com\/dk\/wp-json\/wp\/v2\/types\/product"}],"replies":[{"embeddable":true,"href":"https:\/\/ecostera.com\/dk\/wp-json\/wp\/v2\/comments?post=12334"}],"wp:featuredmedia":[{"embeddable":true,"href":"https:\/\/ecostera.com\/dk\/wp-json\/wp\/v2\/media\/12330"}],"wp:attachment":[{"href":"https:\/\/ecostera.com\/dk\/wp-json\/wp\/v2\/media?parent=12334"}],"wp:term":[{"taxonomy":"product_brand","embeddable":true,"href":"https:\/\/ecostera.com\/dk\/wp-json\/wp\/v2\/product_brand?post=12334"},{"taxonomy":"product_cat","embeddable":true,"href":"https:\/\/ecostera.com\/dk\/wp-json\/wp\/v2\/product_cat?post=12334"},{"taxonomy":"product_tag","embeddable":true,"href":"https:\/\/ecostera.com\/dk\/wp-json\/wp\/v2\/product_tag?post=12334"}],"curies":[{"name":"wp","href":"https:\/\/api.w.org\/{rel}","templated":true}]}}