{"id":12347,"date":"2025-09-10T15:34:02","date_gmt":"2025-09-10T12:34:02","guid":{"rendered":"https:\/\/ecostera.com\/dk\/product\/baand-til-gardiner\/"},"modified":"2025-09-10T15:34:15","modified_gmt":"2025-09-10T12:34:15","slug":"baand-til-gardiner","status":"publish","type":"product","link":"https:\/\/ecostera.com\/dk\/product\/baand-til-gardiner\/","title":{"rendered":"B\u00e5nd til gardiner"},"content":{"rendered":"<p style=\"text-align: center\"><strong>Bind Op Med Stil \u2013 Med 3D-Blomstergardinb\u00e5nd!<\/strong><\/p>\n<p style=\"text-align: center\"><span style=\"font-weight: 400\">Smukt, nemt og uden brug af v\u00e6rkt\u00f8j<\/span><\/p>\n<p style=\"text-align: center\"><span style=\"font-weight: 400\"> Disse smukke gardinb\u00e5nd f\u00e5r dine vinduer til at se smukke ud, samtidig med at de holder dine gardiner p\u00e5 plads. Ingen boringer eller kroge &#8211; bare vikl og stil!<\/span><\/p>\n<p><img decoding=\"async\" class=\"size-full wp-image-16300 aligncenter\" src=\"https:\/\/keluvo.com\/template\/wp-content\/uploads\/sites\/5\/2025\/04\/ezgif.com-video-to-webp-converter-1.webp\" alt=\"\" \/><\/p>\n<h2 style=\"text-align: center\">Hovedfordele<\/h2>\n<p><span style=\"font-weight: 400\">\u2705 <\/span><b>V\u00e6rkt\u00f8jsfri brug<\/b><span style=\"font-weight: 400\"> \u2013 Ingen skruer eller kroge er n\u00f8dvendige, bare vikl og g\u00e5<\/span><\/p>\n<p><span style=\"font-weight: 400\"> \u2705 <\/span><b>Passer til de fleste gardiner<\/b><span style=\"font-weight: 400\"> \u2013 Fungerer godt med lette, gennemsigtige og tunge gardiner<\/span><\/p>\n<p><span style=\"font-weight: 400\"> \u2705 <\/span><b>Elegant design<\/b><span style=\"font-weight: 400\"> \u2013 3D-blomster og grenm\u00f8nstre giver et bl\u00f8dt, stilfuldt touch<\/span><\/p>\n<p><span style=\"font-weight: 400\"> \u2705 <\/span><b>Perfekt til ethvert rum<\/b><span style=\"font-weight: 400\"> \u2013 Brug i dit sovev\u00e6relse, stue, k\u00f8kken eller kontor<\/span><\/p>\n<p><span style=\"font-weight: 400\"> \u2705 <\/span><b>St\u00e6rk og fleksibel<\/b><span style=\"font-weight: 400\"> \u2013 Lavet af bomuldsblanding og st\u00e5ltr\u00e5d til langvarig brug<\/span><\/p>\n<p><img decoding=\"async\" class=\"size-full wp-image-16303 aligncenter\" src=\"https:\/\/keluvo.com\/template\/wp-content\/uploads\/sites\/5\/2025\/04\/cd2f35e4-50d4-4721-8edf-6c3b9fdcb184.webp\" alt=\"\" \/><\/p>\n<h2 style=\"text-align: center\">Ingen V\u00e6rkt\u00f8jer, Intet Besv\u00e6r!<\/h2>\n<p style=\"text-align: center\"><span style=\"font-weight: 400\">Disse gardinb\u00f8jler er en hurtig og smuk m\u00e5de at g\u00f8re ethvert rum lysere p\u00e5. Uanset om du vil pynte din stue eller g\u00f8re dit sovev\u00e6relse mere hyggeligt, tilf\u00f8jer disse blomsterdekorationer charme og holder dine gardiner perfekt p\u00e5 plads. Intet v\u00e6rkt\u00f8j, intet besv\u00e6r &#8211; bare stil og enkelhed.<\/span><\/p>\n<h2 style=\"text-align: center\">S\u00e5dan Bruges<\/h2>\n<ol>\n<li style=\"font-weight: 400\"><span style=\"font-weight: 400\">Saml dit gardin til siden.<\/span><\/li>\n<li style=\"font-weight: 400\"><span style=\"font-weight: 400\">Vikl b\u00e5ndet rundt om gardinet.<\/span><\/li>\n<li style=\"font-weight: 400\"><span style=\"font-weight: 400\">Drej enderne for at holde dem p\u00e5 plads.<\/span><\/li>\n<li style=\"font-weight: 400\"><span style=\"font-weight: 400\">Nyd den bl\u00f8de, blomstrede accent i dit v\u00e6relse!<\/span><\/li>\n<\/ol>\n<h2 style=\"text-align: center\">Pakken Indeholder<\/h2>\n<ul>\n<li style=\"font-weight: 400\"><span style=\"font-weight: 400\">1x gardinb\u00e5nd (l\u00e6ngde: 45 cm | blomsterdiameter: 4 cm)<\/span><span style=\"font-weight: 400\"><br \/>\n<\/span><\/li>\n<\/ul>\n","protected":false},"excerpt":{"rendered":"<p>Bind Op Med Stil \u2013 Med 3D-Blomstergardinb\u00e5nd! Smukt, nemt og uden brug af v\u00e6rkt\u00f8j Disse smukke gardinb\u00e5nd f\u00e5r dine vinduer [&hellip;]<\/p>\n","protected":false},"featured_media":12343,"comment_status":"open","ping_status":"closed","template":"","meta":{"site-sidebar-layout":"default","site-content-layout":"","ast-site-content-layout":"default","site-content-style":"default","site-sidebar-style":"default","ast-global-header-display":"","ast-banner-title-visibility":"","ast-main-header-display":"","ast-hfb-above-header-display":"","ast-hfb-below-header-display":"","ast-hfb-mobile-header-display":"","site-post-title":"","ast-breadcrumbs-content":"","ast-featured-img":"","footer-sml-layout":"","theme-transparent-header-meta":"default","adv-header-id-meta":"","stick-header-meta":"","header-above-stick-meta":"","header-main-stick-meta":"","header-below-stick-meta":"","astra-migrate-meta-layouts":"set","ast-page-background-enabled":"default","ast-page-background-meta":{"desktop":{"background-color":"var(--ast-global-color-5)","background-image":"","background-repeat":"repeat","background-position":"center center","background-size":"auto","background-attachment":"scroll","background-type":"","background-media":"","overlay-type":"","overlay-color":"","overlay-opacity":"","overlay-gradient":""},"tablet":{"background-color":"","background-image":"","background-repeat":"repeat","background-position":"center center","background-size":"auto","background-attachment":"scroll","background-type":"","background-media":"","overlay-type":"","overlay-color":"","overlay-opacity":"","overlay-gradient":""},"mobile":{"background-color":"","background-image":"","background-repeat":"repeat","background-position":"center center","background-size":"auto","background-attachment":"scroll","background-type":"","background-media":"","overlay-type":"","overlay-color":"","overlay-opacity":"","overlay-gradient":""}},"ast-content-background-meta":{"desktop":{"background-color":"var(--ast-global-color-4)","background-image":"","background-repeat":"repeat","background-position":"center center","background-size":"auto","background-attachment":"scroll","background-type":"","background-media":"","overlay-type":"","overlay-color":"","overlay-opacity":"","overlay-gradient":""},"tablet":{"background-color":"var(--ast-global-color-4)","background-image":"","background-repeat":"repeat","background-position":"center center","background-size":"auto","background-attachment":"scroll","background-type":"","background-media":"","overlay-type":"","overlay-color":"","overlay-opacity":"","overlay-gradient":""},"mobile":{"background-color":"var(--ast-global-color-4)","background-image":"","background-repeat":"repeat","background-position":"center center","background-size":"auto","background-attachment":"scroll","background-type":"","background-media":"","overlay-type":"","overlay-color":"","overlay-opacity":"","overlay-gradient":""}}},"product_brand":[],"product_cat":[19],"product_tag":[],"class_list":{"0":"post-12347","1":"product","2":"type-product","3":"status-publish","4":"has-post-thumbnail","6":"product_cat-uncategorized","7":"pa_45102_1ed7ybsr-blaa","8":"pa_45102_1ed7ybsr-brun","9":"pa_45102_1ed7ybsr-graa","10":"pa_45102_1ed7ybsr-lyseroed","11":"desktop-align-left","12":"tablet-align-left","13":"mobile-align-left","15":"first","16":"instock","17":"shipping-taxable","18":"purchasable","19":"product-type-variable"},"_links":{"self":[{"href":"https:\/\/ecostera.com\/dk\/wp-json\/wp\/v2\/product\/12347","targetHints":{"allow":["GET"]}}],"collection":[{"href":"https:\/\/ecostera.com\/dk\/wp-json\/wp\/v2\/product"}],"about":[{"href":"https:\/\/ecostera.com\/dk\/wp-json\/wp\/v2\/types\/product"}],"replies":[{"embeddable":true,"href":"https:\/\/ecostera.com\/dk\/wp-json\/wp\/v2\/comments?post=12347"}],"wp:featuredmedia":[{"embeddable":true,"href":"https:\/\/ecostera.com\/dk\/wp-json\/wp\/v2\/media\/12343"}],"wp:attachment":[{"href":"https:\/\/ecostera.com\/dk\/wp-json\/wp\/v2\/media?parent=12347"}],"wp:term":[{"taxonomy":"product_brand","embeddable":true,"href":"https:\/\/ecostera.com\/dk\/wp-json\/wp\/v2\/product_brand?post=12347"},{"taxonomy":"product_cat","embeddable":true,"href":"https:\/\/ecostera.com\/dk\/wp-json\/wp\/v2\/product_cat?post=12347"},{"taxonomy":"product_tag","embeddable":true,"href":"https:\/\/ecostera.com\/dk\/wp-json\/wp\/v2\/product_tag?post=12347"}],"curies":[{"name":"wp","href":"https:\/\/api.w.org\/{rel}","templated":true}]}}