{"id":12518,"date":"2025-09-10T15:46:45","date_gmt":"2025-09-10T12:46:45","guid":{"rendered":"https:\/\/ecostera.com\/dk\/product\/hvidloegskvaern\/"},"modified":"2025-09-10T15:46:53","modified_gmt":"2025-09-10T12:46:53","slug":"hvidloegskvaern","status":"publish","type":"product","link":"https:\/\/ecostera.com\/dk\/product\/hvidloegskvaern\/","title":{"rendered":"Hvidl\u00f8gskv\u00e6rn"},"content":{"rendered":"<p style=\"text-align: center\"><strong>Sikker, Enkel Og Ikke Noget Rod \ud83e\uddc4<\/strong><\/p>\n<p style=\"text-align: center\"><span style=\"font-weight: 400\">Denne minihvidl\u00f8gskv\u00e6rn hj\u00e6lper dig med at sk\u00e6re og male hvidl\u00f8g hurtigt uden at r\u00f8re ved maden. Ikke flere ildelugtende h\u00e6nder eller beskidte sk\u00e6rebr\u00e6tter!<\/span><\/p>\n<p><img decoding=\"async\" class=\"size-full wp-image-15821 aligncenter\" src=\"https:\/\/keluvo.com\/template\/wp-content\/uploads\/sites\/5\/2025\/04\/desc3232Lp3SPDK-Trim-ezgif.com-video-to-webp-converter.webp\" alt=\"\" \/><\/p>\n<h2 style=\"text-align: center\">Hovedfordele<\/h2>\n<p><b>Hurtig hvidl\u00f8gssk\u00e6ring<\/b><span style=\"font-weight: 400\"> &#8211; sk\u00e6rer hvidl\u00f8g j\u00e6vnt med et par lette bev\u00e6gelser<\/span><span style=\"font-weight: 400\"><br \/>\n<\/span><b><\/b><\/p>\n<p><b>Ikke mere h\u00e5ndlugt<\/b><span style=\"font-weight: 400\"> &#8211; dine h\u00e6nder forbliver rene og sikre<\/span><span style=\"font-weight: 400\"><br \/>\n<\/span><b><\/b><\/p>\n<p><b>Dobbeltsidede knive<\/b><span style=\"font-weight: 400\"> &#8211; skarpe og glatte til sk\u00e6ring eller formaling<\/span><span style=\"font-weight: 400\"><br \/>\n<\/span><b><\/b><\/p>\n<p><b>Sikker at bruge<\/b><span style=\"font-weight: 400\"> &#8211; leveres med en h\u00e5ndbeskyttelse for at beskytte dine fingre<\/span><span style=\"font-weight: 400\"><br \/>\n<\/span><b><\/b><\/p>\n<p><b>Lille og let<\/b><span style=\"font-weight: 400\"> &#8211; nem at holde, opbevare og reng\u00f8re<\/span><\/p>\n<p><img decoding=\"async\" class=\"size-full wp-image-15823 aligncenter\" src=\"https:\/\/keluvo.com\/template\/wp-content\/uploads\/sites\/5\/2025\/04\/main-image-5-17.jpeg\" alt=\"\" \/><\/p>\n<h2 style=\"text-align: center\">Perfekt Til Ethvert K\u00f8kken<\/h2>\n<p style=\"text-align: center\"><span style=\"font-weight: 400\">Denne hvidl\u00f8gskv\u00e6rn er perfekt til alle, der elsker at lave mad, men hader rodet. Det er en snitter og kv\u00e6rn i \u00e9t. Uanset om du er nybegynder eller professionel i k\u00f8kkenet, hj\u00e6lper dette v\u00e6rkt\u00f8j dig med at tilberede hvidl\u00f8g hurtigt og sikkert. Perfekt til hjemmek\u00f8kkener, sm\u00e5 rum eller hurtige m\u00e5ltider!<\/span><\/p>\n<p><img decoding=\"async\" class=\"size-full wp-image-15824 aligncenter\" src=\"https:\/\/keluvo.com\/template\/wp-content\/uploads\/sites\/5\/2025\/04\/cc12af43-91ab-4187-9c03-cdb60df6d333.webp\" alt=\"\" \/><\/p>\n<h2 style=\"text-align: center\">Pakken Indeholder<\/h2>\n<ul>\n<li style=\"font-weight: 400\"><span style=\"font-weight: 400\">1x hvidl\u00f8gskv\u00e6rn.<\/span><\/li>\n<\/ul>\n","protected":false},"excerpt":{"rendered":"<p>Sikker, Enkel Og Ikke Noget Rod \ud83e\uddc4 Denne minihvidl\u00f8gskv\u00e6rn hj\u00e6lper dig med at sk\u00e6re og male hvidl\u00f8g hurtigt uden at [&hellip;]<\/p>\n","protected":false},"featured_media":12514,"comment_status":"open","ping_status":"closed","template":"","meta":{"site-sidebar-layout":"default","site-content-layout":"","ast-site-content-layout":"default","site-content-style":"default","site-sidebar-style":"default","ast-global-header-display":"","ast-banner-title-visibility":"","ast-main-header-display":"","ast-hfb-above-header-display":"","ast-hfb-below-header-display":"","ast-hfb-mobile-header-display":"","site-post-title":"","ast-breadcrumbs-content":"","ast-featured-img":"","footer-sml-layout":"","theme-transparent-header-meta":"default","adv-header-id-meta":"","stick-header-meta":"","header-above-stick-meta":"","header-main-stick-meta":"","header-below-stick-meta":"","astra-migrate-meta-layouts":"set","ast-page-background-enabled":"default","ast-page-background-meta":{"desktop":{"background-color":"var(--ast-global-color-5)","background-image":"","background-repeat":"repeat","background-position":"center center","background-size":"auto","background-attachment":"scroll","background-type":"","background-media":"","overlay-type":"","overlay-color":"","overlay-opacity":"","overlay-gradient":""},"tablet":{"background-color":"","background-image":"","background-repeat":"repeat","background-position":"center center","background-size":"auto","background-attachment":"scroll","background-type":"","background-media":"","overlay-type":"","overlay-color":"","overlay-opacity":"","overlay-gradient":""},"mobile":{"background-color":"","background-image":"","background-repeat":"repeat","background-position":"center center","background-size":"auto","background-attachment":"scroll","background-type":"","background-media":"","overlay-type":"","overlay-color":"","overlay-opacity":"","overlay-gradient":""}},"ast-content-background-meta":{"desktop":{"background-color":"var(--ast-global-color-4)","background-image":"","background-repeat":"repeat","background-position":"center center","background-size":"auto","background-attachment":"scroll","background-type":"","background-media":"","overlay-type":"","overlay-color":"","overlay-opacity":"","overlay-gradient":""},"tablet":{"background-color":"var(--ast-global-color-4)","background-image":"","background-repeat":"repeat","background-position":"center center","background-size":"auto","background-attachment":"scroll","background-type":"","background-media":"","overlay-type":"","overlay-color":"","overlay-opacity":"","overlay-gradient":""},"mobile":{"background-color":"var(--ast-global-color-4)","background-image":"","background-repeat":"repeat","background-position":"center center","background-size":"auto","background-attachment":"scroll","background-type":"","background-media":"","overlay-type":"","overlay-color":"","overlay-opacity":"","overlay-gradient":""}}},"product_brand":[],"product_cat":[19],"product_tag":[],"class_list":{"0":"post-12518","1":"product","2":"type-product","3":"status-publish","4":"has-post-thumbnail","6":"product_cat-uncategorized","7":"pa_29946_h2b3wffr-groen","8":"pa_29946_h2b3wffr-lyseroed","9":"desktop-align-left","10":"tablet-align-left","11":"mobile-align-left","13":"first","14":"instock","15":"shipping-taxable","16":"purchasable","17":"product-type-variable"},"_links":{"self":[{"href":"https:\/\/ecostera.com\/dk\/wp-json\/wp\/v2\/product\/12518","targetHints":{"allow":["GET"]}}],"collection":[{"href":"https:\/\/ecostera.com\/dk\/wp-json\/wp\/v2\/product"}],"about":[{"href":"https:\/\/ecostera.com\/dk\/wp-json\/wp\/v2\/types\/product"}],"replies":[{"embeddable":true,"href":"https:\/\/ecostera.com\/dk\/wp-json\/wp\/v2\/comments?post=12518"}],"wp:featuredmedia":[{"embeddable":true,"href":"https:\/\/ecostera.com\/dk\/wp-json\/wp\/v2\/media\/12514"}],"wp:attachment":[{"href":"https:\/\/ecostera.com\/dk\/wp-json\/wp\/v2\/media?parent=12518"}],"wp:term":[{"taxonomy":"product_brand","embeddable":true,"href":"https:\/\/ecostera.com\/dk\/wp-json\/wp\/v2\/product_brand?post=12518"},{"taxonomy":"product_cat","embeddable":true,"href":"https:\/\/ecostera.com\/dk\/wp-json\/wp\/v2\/product_cat?post=12518"},{"taxonomy":"product_tag","embeddable":true,"href":"https:\/\/ecostera.com\/dk\/wp-json\/wp\/v2\/product_tag?post=12518"}],"curies":[{"name":"wp","href":"https:\/\/api.w.org\/{rel}","templated":true}]}}