{"id":12553,"date":"2025-09-10T15:48:59","date_gmt":"2025-09-10T12:48:59","guid":{"rendered":"https:\/\/ecostera.com\/dk\/product\/dispenser-til-shotglas\/"},"modified":"2025-10-07T15:26:05","modified_gmt":"2025-10-07T12:26:05","slug":"dispenser-til-shotglas","status":"publish","type":"product","link":"https:\/\/ecostera.com\/dk\/product\/dispenser-til-shotglas\/","title":{"rendered":"Dispenser til shotglas"},"content":{"rendered":"<p style=\"text-align: center\"><strong>Sjov, hurtig og perfekt til fester \ud83e\udd43<\/strong><span style=\"font-weight: 400\"><br \/>\n<\/span><\/p>\n<p style=\"text-align: center\"><span style=\"font-weight: 400\">Denne smarte dispenser sk\u00e6nker seks shots p\u00e5 samme tid. Intet rod, ingen ventetid &#8211; bare mere sjov for alle!<\/span><\/p>\n<h2 style=\"text-align: center\"><img decoding=\"async\" class=\"size-full wp-image-15769 aligncenter\" src=\"https:\/\/keluvo.com\/template\/wp-content\/uploads\/sites\/5\/2025\/04\/9bcdd5eb-87b4-4a2c-b48c-f5d5b1d58ae2-ezgif.com-gif-to-webp-converter.webp\" alt=\"\" \/>Vigtigste Fordele<\/h2>\n<p><b>J\u00e6vn h\u00e6ldning hver gang<\/b><span style=\"font-weight: 400\"> \u2013 fordeler v\u00e6sken ligeligt til alle seks glas<\/span><\/p>\n<p><b>St\u00e6rk og sikker<\/b><span style=\"font-weight: 400\"> \u2013 lavet af holdbar akryl i f\u00f8devarekvalitet<\/span><\/p>\n<p><b>Hurtig &amp; nem ops\u00e6tning<\/b><span style=\"font-weight: 400\"> \u2013 sparer tid og \u00f8ger feststemningen<\/span><\/p>\n<p><b>Slank overflade<\/b><span style=\"font-weight: 400\"> \u2013 nem at reng\u00f8re efter brug<\/span><\/p>\n<p><b>Virker med alle drikkevarer<\/b><span style=\"font-weight: 400\"> \u2013 brug med vin, juice, spiritus eller cocktails<\/span><\/p>\n<h2 style=\"text-align: center\"><img decoding=\"async\" class=\"size-full wp-image-15772 aligncenter\" src=\"https:\/\/keluvo.com\/template\/wp-content\/uploads\/sites\/5\/2025\/04\/main-image-4-19.jpeg\" alt=\"\" \/>Bedst til enhver fest<\/h2>\n<p style=\"text-align: center\"><span style=\"font-weight: 400\">Har du en fest? Denne shotdispenser g\u00f8r det nemt og sp\u00e6ndende. Bare h\u00e6ld i toppen, og se det flyde ned i seks glas p\u00e5 \u00e9n gang. Uanset om du v\u00e6lger det klassiske gennemsigtige s\u00e6t eller den lysende fotoelektriske version, vil den helt sikkert imponere dine g\u00e6ster og holde gang i festen!<\/span><\/p>\n<h2 style=\"text-align: center\"><img decoding=\"async\" class=\"size-full wp-image-15773 aligncenter\" src=\"https:\/\/keluvo.com\/template\/wp-content\/uploads\/sites\/5\/2025\/04\/7eca0451-bd74-457b-b218-28eb7bc1f968.webp\" alt=\"\" \/>S\u00e5dan Bruges<\/h2>\n<ol>\n<li><span style=\"font-weight: 400\">Placer de seks shotglas under dispenseren.<\/span><span style=\"font-weight: 400\"><br \/>\n<\/span><\/li>\n<li><span style=\"font-weight: 400\">H\u00e6ld din drink i toppen.<\/span><span style=\"font-weight: 400\"><br \/>\n<\/span><\/li>\n<li><span style=\"font-weight: 400\">Se v\u00e6sken flyde j\u00e6vnt ned i hvert glas.<\/span><span style=\"font-weight: 400\"><br \/>\n<\/span><\/li>\n<li><span style=\"font-weight: 400\">Grib dit glas og nyd det!<\/span><span style=\"font-weight: 400\"><br \/>\n<\/span><\/li>\n<\/ol>\n<p><img fetchpriority=\"high\" decoding=\"async\" class=\"size-full wp-image-15774 aligncenter\" src=\"https:\/\/keluvo.com\/template\/wp-content\/uploads\/sites\/5\/2025\/04\/c717a390-d135-4cde-b241-05ff62034e13.webp\" alt=\"\" width=\"416\" height=\"416\" \/><\/p>\n<h2 style=\"text-align: center\">Pakken Indeholder<b><br \/>\n<\/b><\/h2>\n<ul>\n<li><span style=\"font-weight: 400\">1x shotglasdispenser<\/span><span style=\"font-weight: 400\"><br \/>\n<\/span><\/li>\n<li><span style=\"font-weight: 400\">6x shotglas.<\/span><\/li>\n<\/ul>\n","protected":false},"excerpt":{"rendered":"<p>Sjov, hurtig og perfekt til fester \ud83e\udd43 Denne smarte dispenser sk\u00e6nker seks shots p\u00e5 samme tid. Intet rod, ingen ventetid [&hellip;]<\/p>\n","protected":false},"featured_media":12549,"comment_status":"open","ping_status":"closed","template":"","meta":{"site-sidebar-layout":"default","site-content-layout":"","ast-site-content-layout":"default","site-content-style":"default","site-sidebar-style":"default","ast-global-header-display":"","ast-banner-title-visibility":"","ast-main-header-display":"","ast-hfb-above-header-display":"","ast-hfb-below-header-display":"","ast-hfb-mobile-header-display":"","site-post-title":"","ast-breadcrumbs-content":"","ast-featured-img":"","footer-sml-layout":"","theme-transparent-header-meta":"default","adv-header-id-meta":"","stick-header-meta":"","header-above-stick-meta":"","header-main-stick-meta":"","header-below-stick-meta":"","astra-migrate-meta-layouts":"set","ast-page-background-enabled":"default","ast-page-background-meta":{"desktop":{"background-color":"var(--ast-global-color-5)","background-image":"","background-repeat":"repeat","background-position":"center center","background-size":"auto","background-attachment":"scroll","background-type":"","background-media":"","overlay-type":"","overlay-color":"","overlay-opacity":"","overlay-gradient":""},"tablet":{"background-color":"","background-image":"","background-repeat":"repeat","background-position":"center center","background-size":"auto","background-attachment":"scroll","background-type":"","background-media":"","overlay-type":"","overlay-color":"","overlay-opacity":"","overlay-gradient":""},"mobile":{"background-color":"","background-image":"","background-repeat":"repeat","background-position":"center center","background-size":"auto","background-attachment":"scroll","background-type":"","background-media":"","overlay-type":"","overlay-color":"","overlay-opacity":"","overlay-gradient":""}},"ast-content-background-meta":{"desktop":{"background-color":"var(--ast-global-color-4)","background-image":"","background-repeat":"repeat","background-position":"center center","background-size":"auto","background-attachment":"scroll","background-type":"","background-media":"","overlay-type":"","overlay-color":"","overlay-opacity":"","overlay-gradient":""},"tablet":{"background-color":"var(--ast-global-color-4)","background-image":"","background-repeat":"repeat","background-position":"center center","background-size":"auto","background-attachment":"scroll","background-type":"","background-media":"","overlay-type":"","overlay-color":"","overlay-opacity":"","overlay-gradient":""},"mobile":{"background-color":"var(--ast-global-color-4)","background-image":"","background-repeat":"repeat","background-position":"center center","background-size":"auto","background-attachment":"scroll","background-type":"","background-media":"","overlay-type":"","overlay-color":"","overlay-opacity":"","overlay-gradient":""}}},"product_brand":[],"product_cat":[19],"product_tag":[],"class_list":{"0":"post-12553","1":"product","2":"type-product","3":"status-publish","4":"has-post-thumbnail","6":"product_cat-uncategorized","7":"desktop-align-left","8":"tablet-align-left","9":"mobile-align-left","11":"first","12":"instock","13":"shipping-taxable","14":"purchasable","15":"product-type-simple"},"_links":{"self":[{"href":"https:\/\/ecostera.com\/dk\/wp-json\/wp\/v2\/product\/12553","targetHints":{"allow":["GET"]}}],"collection":[{"href":"https:\/\/ecostera.com\/dk\/wp-json\/wp\/v2\/product"}],"about":[{"href":"https:\/\/ecostera.com\/dk\/wp-json\/wp\/v2\/types\/product"}],"replies":[{"embeddable":true,"href":"https:\/\/ecostera.com\/dk\/wp-json\/wp\/v2\/comments?post=12553"}],"wp:featuredmedia":[{"embeddable":true,"href":"https:\/\/ecostera.com\/dk\/wp-json\/wp\/v2\/media\/12549"}],"wp:attachment":[{"href":"https:\/\/ecostera.com\/dk\/wp-json\/wp\/v2\/media?parent=12553"}],"wp:term":[{"taxonomy":"product_brand","embeddable":true,"href":"https:\/\/ecostera.com\/dk\/wp-json\/wp\/v2\/product_brand?post=12553"},{"taxonomy":"product_cat","embeddable":true,"href":"https:\/\/ecostera.com\/dk\/wp-json\/wp\/v2\/product_cat?post=12553"},{"taxonomy":"product_tag","embeddable":true,"href":"https:\/\/ecostera.com\/dk\/wp-json\/wp\/v2\/product_tag?post=12553"}],"curies":[{"name":"wp","href":"https:\/\/api.w.org\/{rel}","templated":true}]}}