{"id":12581,"date":"2025-09-10T15:51:11","date_gmt":"2025-09-10T12:51:11","guid":{"rendered":"https:\/\/ecostera.com\/dk\/product\/armbaand-til-ur\/"},"modified":"2025-09-15T12:13:18","modified_gmt":"2025-09-15T09:13:18","slug":"armbaand-til-ur","status":"publish","type":"product","link":"https:\/\/ecostera.com\/dk\/product\/armbaand-til-ur\/","title":{"rendered":"Armb\u00e5nd til ur"},"content":{"rendered":"<p style=\"text-align: center\"><strong>Elegant, tidl\u00f8s og klar til brug \u231a<\/strong><\/p>\n<p style=\"text-align: center\"><span style=\"font-weight: 400\">Dette s\u00e6t indeholder et smukt dameur og et matchende armb\u00e5nd. Det er en perfekt kombination til ethvert outfit, uanset om du kl\u00e6der dig p\u00e6nt p\u00e5 eller holder det afslappet.<\/span><\/p>\n<p><img decoding=\"async\" class=\"size-full wp-image-15641 aligncenter\" src=\"https:\/\/keluvo.com\/template\/wp-content\/uploads\/sites\/5\/2025\/04\/9af670ff-9f89-409a-ab7a-f49a956690e2.webp\" alt=\"\" \/><\/p>\n<h2 style=\"text-align: center\">Hovedfordele<\/h2>\n<p><b>Stilfuldt design<\/b><span style=\"font-weight: 400\"> \u2013 enkelt og elegant, der passer til ethvert look<\/span><span style=\"font-weight: 400\">\u00a0<\/span><\/p>\n<p><b>Kvartsurv\u00e6rk<\/b><span style=\"font-weight: 400\"> \u2013 viser tiden pr\u00e6cist og p\u00e5lideligt<\/span><span style=\"font-weight: 400\"><br \/>\n<\/span><b><\/b><\/p>\n<p><b>Komfortabel pasform<\/b><span style=\"font-weight: 400\"> \u2013 let og nem at have p\u00e5 hele dagen<\/span><span style=\"font-weight: 400\"><br \/>\n<\/span><\/p>\n<p><b>Lavet til at holde<\/b><span style=\"font-weight: 400\"> \u2013 holdbar legering og l\u00e6der holder til daglig brug<\/span><span style=\"font-weight: 400\"><br \/>\n<\/span><\/p>\n<p><b>Godt til gaver<\/b><span style=\"font-weight: 400\"> \u2013 et dejligt s\u00e6t til f\u00f8dselsdage, ferier eller enhver anden lejlighed<\/span><\/p>\n<p><img decoding=\"async\" class=\"size-full wp-image-15642 aligncenter\" src=\"https:\/\/keluvo.com\/template\/wp-content\/uploads\/sites\/5\/2025\/04\/5c14b054-5750-416d-b0ba-80616ee025ce.webp\" alt=\"\" \/><\/p>\n<h2 style=\"text-align: center\">Perfekt til enhver begivenhed<\/h2>\n<p style=\"text-align: center\"><span style=\"font-weight: 400\">Dette moderigtige s\u00e6t med ur og armb\u00e5nd giver dit outfit et stilfuldt pr\u00e6g. Det er perfekt til arbejde, dates eller s\u00e6rlige begivenheder. Med en slank pasform og et elegant look er det b\u00e5de praktisk og smukt, hvilket g\u00f8r det til en favorit for stilelskere.<\/span><\/p>\n<h2 style=\"text-align: center\">Pakken indeholder<b><\/b><\/h2>\n<ul>\n<li style=\"font-weight: 400\"><span style=\"font-weight: 400\">1x dameur<\/span><span style=\"font-weight: 400\"><br \/>\n<\/span><\/li>\n<li style=\"font-weight: 400\"><span style=\"font-weight: 400\">1x matchende modearmb\u00e5nd<\/span><span style=\"font-weight: 400\"><br \/>\n<\/span><\/li>\n<li style=\"font-weight: 400\"><i><span style=\"font-weight: 400\">Urekasse medf\u00f8lger ikke<\/span><\/i><\/li>\n<li style=\"font-weight: 400\"><span style=\"font-weight: 400\">Urst\u00f8rrelsesdetaljer:<\/span><span style=\"font-weight: 400\"><br \/>\n<\/span><span style=\"font-weight: 400\"> \u2022 Urkassens diameter: 33 mm<\/span><span style=\"font-weight: 400\"><br \/>\n<\/span><span style=\"font-weight: 400\"> \u2022 Urkassens tykkelse: 8 mm<\/span><span style=\"font-weight: 400\"><br \/>\n<\/span><span style=\"font-weight: 400\"> \u2022 Armb\u00e5ndets bredde: 15 mm<\/span><span style=\"font-weight: 400\"><br \/>\n<\/span><span style=\"font-weight: 400\"> \u2022 Armb\u00e5ndets l\u00e6ngde: 200 mm.<\/span><\/li>\n<\/ul>\n","protected":false},"excerpt":{"rendered":"<p>Elegant, tidl\u00f8s og klar til brug \u231a Dette s\u00e6t indeholder et smukt dameur og et matchende armb\u00e5nd. Det er en [&hellip;]<\/p>\n","protected":false},"featured_media":12577,"comment_status":"open","ping_status":"closed","template":"","meta":{"site-sidebar-layout":"default","site-content-layout":"","ast-site-content-layout":"default","site-content-style":"default","site-sidebar-style":"default","ast-global-header-display":"","ast-banner-title-visibility":"","ast-main-header-display":"","ast-hfb-above-header-display":"","ast-hfb-below-header-display":"","ast-hfb-mobile-header-display":"","site-post-title":"","ast-breadcrumbs-content":"","ast-featured-img":"","footer-sml-layout":"","theme-transparent-header-meta":"default","adv-header-id-meta":"","stick-header-meta":"","header-above-stick-meta":"","header-main-stick-meta":"","header-below-stick-meta":"","astra-migrate-meta-layouts":"set","ast-page-background-enabled":"default","ast-page-background-meta":{"desktop":{"background-color":"var(--ast-global-color-5)","background-image":"","background-repeat":"repeat","background-position":"center center","background-size":"auto","background-attachment":"scroll","background-type":"","background-media":"","overlay-type":"","overlay-color":"","overlay-opacity":"","overlay-gradient":""},"tablet":{"background-color":"","background-image":"","background-repeat":"repeat","background-position":"center center","background-size":"auto","background-attachment":"scroll","background-type":"","background-media":"","overlay-type":"","overlay-color":"","overlay-opacity":"","overlay-gradient":""},"mobile":{"background-color":"","background-image":"","background-repeat":"repeat","background-position":"center center","background-size":"auto","background-attachment":"scroll","background-type":"","background-media":"","overlay-type":"","overlay-color":"","overlay-opacity":"","overlay-gradient":""}},"ast-content-background-meta":{"desktop":{"background-color":"var(--ast-global-color-4)","background-image":"","background-repeat":"repeat","background-position":"center center","background-size":"auto","background-attachment":"scroll","background-type":"","background-media":"","overlay-type":"","overlay-color":"","overlay-opacity":"","overlay-gradient":""},"tablet":{"background-color":"var(--ast-global-color-4)","background-image":"","background-repeat":"repeat","background-position":"center center","background-size":"auto","background-attachment":"scroll","background-type":"","background-media":"","overlay-type":"","overlay-color":"","overlay-opacity":"","overlay-gradient":""},"mobile":{"background-color":"var(--ast-global-color-4)","background-image":"","background-repeat":"repeat","background-position":"center center","background-size":"auto","background-attachment":"scroll","background-type":"","background-media":"","overlay-type":"","overlay-color":"","overlay-opacity":"","overlay-gradient":""}}},"product_brand":[],"product_cat":[19],"product_tag":[],"class_list":{"0":"post-12581","1":"product","2":"type-product","3":"status-publish","4":"has-post-thumbnail","6":"product_cat-uncategorized","7":"desktop-align-left","8":"tablet-align-left","9":"mobile-align-left","11":"first","12":"instock","13":"shipping-taxable","14":"purchasable","15":"product-type-simple"},"_links":{"self":[{"href":"https:\/\/ecostera.com\/dk\/wp-json\/wp\/v2\/product\/12581","targetHints":{"allow":["GET"]}}],"collection":[{"href":"https:\/\/ecostera.com\/dk\/wp-json\/wp\/v2\/product"}],"about":[{"href":"https:\/\/ecostera.com\/dk\/wp-json\/wp\/v2\/types\/product"}],"replies":[{"embeddable":true,"href":"https:\/\/ecostera.com\/dk\/wp-json\/wp\/v2\/comments?post=12581"}],"wp:featuredmedia":[{"embeddable":true,"href":"https:\/\/ecostera.com\/dk\/wp-json\/wp\/v2\/media\/12577"}],"wp:attachment":[{"href":"https:\/\/ecostera.com\/dk\/wp-json\/wp\/v2\/media?parent=12581"}],"wp:term":[{"taxonomy":"product_brand","embeddable":true,"href":"https:\/\/ecostera.com\/dk\/wp-json\/wp\/v2\/product_brand?post=12581"},{"taxonomy":"product_cat","embeddable":true,"href":"https:\/\/ecostera.com\/dk\/wp-json\/wp\/v2\/product_cat?post=12581"},{"taxonomy":"product_tag","embeddable":true,"href":"https:\/\/ecostera.com\/dk\/wp-json\/wp\/v2\/product_tag?post=12581"}],"curies":[{"name":"wp","href":"https:\/\/api.w.org\/{rel}","templated":true}]}}