{"id":12649,"date":"2025-09-11T08:20:57","date_gmt":"2025-09-11T05:20:57","guid":{"rendered":"https:\/\/ecostera.com\/dk\/product\/telefonholder\/"},"modified":"2025-09-11T08:21:12","modified_gmt":"2025-09-11T05:21:12","slug":"telefonholder","status":"publish","type":"product","link":"https:\/\/ecostera.com\/dk\/product\/telefonholder\/","title":{"rendered":"Telefonholder"},"content":{"rendered":"<p style=\"text-align: center\"><strong>Vi pr\u00e6senterer den s\u00f8de larve-telefonholder &#8211; din sjove og fleksible hj\u00e6lper!<\/strong><\/p>\n<p style=\"text-align: center\"><span style=\"font-weight: 400\">Det er slut med at tabe eller miste din telefon. Hold den sikker og praktisk med denne s\u00f8de og smarte holder!<\/span><\/p>\n<p><img decoding=\"async\" class=\"size-full wp-image-16221 aligncenter\" src=\"https:\/\/keluvo.com\/template\/wp-content\/uploads\/sites\/5\/2025\/04\/caterpilar-ezgif.com-video-to-webp-converter.webp\" alt=\"\" \/><\/p>\n<h2 style=\"text-align: center\">Hovedfordele<\/h2>\n<p><span style=\"font-weight: 400\">\u2705 <\/span><b>Sjov og fleksibel<\/b><span style=\"font-weight: 400\"> &#8211; B\u00f8jer og former sig for at holde din telefon, hvor som helst du har brug for det<\/span><\/p>\n<p><span style=\"font-weight: 400\"> \u2705 <\/span><b>St\u00e6rkt og sikkert greb<\/b><span style=\"font-weight: 400\"> &#8211; Kraftige sugekopper kl\u00e6ber til skriveborde, v\u00e6gge, cykler og meget mere<\/span><\/p>\n<p><span style=\"font-weight: 400\"> \u2705 <\/span><b>Holdbart design<\/b><span style=\"font-weight: 400\"> &#8211; Lavet af h\u00e5rdf\u00f8r silikone, der kan klare varme op til 105 \u00b0C<\/span><\/p>\n<p><span style=\"font-weight: 400\"> \u2705 <\/span><b>Nem at b\u00e6re<\/b><span style=\"font-weight: 400\"> &#8211; Let og perfekt til brug derhjemme, p\u00e5 arbejdet eller p\u00e5 farten<\/span><\/p>\n<p><span style=\"font-weight: 400\"> \u2705 <\/span><b>Kan bruges til mange ting<\/b><span style=\"font-weight: 400\"> &#8211; Se videoer, foretag opkald, brug GPS &#8211; h\u00e5ndfrit og nemt!<\/span><\/p>\n<p><img decoding=\"async\" class=\"size-full wp-image-16210 aligncenter\" src=\"https:\/\/keluvo.com\/template\/wp-content\/uploads\/sites\/5\/2025\/04\/f61dbd6d-9717-4315-9f4c-334f9123315c.webp\" alt=\"\" \/><\/p>\n<h2 style=\"text-align: center\">Den perfekte makker til din telefon!<\/h2>\n<p style=\"text-align: center\"><span style=\"font-weight: 400\">Den <\/span><b>s\u00f8de larve-telefonholder<\/b><span style=\"font-weight: 400\"> er den perfekte makker til din telefon! Uanset om du slapper af derhjemme, cykler eller arbejder ved skrivebordet, holder denne smarte lille holder din telefon lige der, hvor du har brug for den. Og den legesyge larveform giver din dag et sjovt pr\u00e6g. Den er st\u00e6rk, b\u00f8jelig og klar til at blive brugt overalt!<\/span><\/p>\n<h2 style=\"text-align: center\">S\u00e5dan bruges<\/h2>\n<ol>\n<li style=\"font-weight: 400\"><span style=\"font-weight: 400\">V\u00e6lg det sted, hvor du vil holde din telefon (skrivebord, v\u00e6g, cykel osv.).<\/span><\/li>\n<li style=\"font-weight: 400\"><span style=\"font-weight: 400\">S\u00e6t sugekopperne fast p\u00e5 overfladen.<\/span><\/li>\n<li style=\"font-weight: 400\"><span style=\"font-weight: 400\">Juster de b\u00f8jelige larvearme for at holde din telefon i den bedste vinkel.<\/span><\/li>\n<li style=\"font-weight: 400\"><span style=\"font-weight: 400\">Nyd h\u00e5ndfri opkald, videoer eller nem GPS-navigation!<\/span><\/li>\n<\/ol>\n<h2 style=\"text-align: center\">Pakken indeholder<\/h2>\n<ul>\n<li style=\"font-weight: 400\"><span style=\"font-weight: 400\">1x larveholder til telefon.<\/span><\/li>\n<\/ul>\n<p>&nbsp;<\/p>\n","protected":false},"excerpt":{"rendered":"<p>Vi pr\u00e6senterer den s\u00f8de larve-telefonholder &#8211; din sjove og fleksible hj\u00e6lper! Det er slut med at tabe eller miste din [&hellip;]<\/p>\n","protected":false},"featured_media":12645,"comment_status":"open","ping_status":"closed","template":"","meta":{"site-sidebar-layout":"default","site-content-layout":"","ast-site-content-layout":"default","site-content-style":"default","site-sidebar-style":"default","ast-global-header-display":"","ast-banner-title-visibility":"","ast-main-header-display":"","ast-hfb-above-header-display":"","ast-hfb-below-header-display":"","ast-hfb-mobile-header-display":"","site-post-title":"","ast-breadcrumbs-content":"","ast-featured-img":"","footer-sml-layout":"","theme-transparent-header-meta":"default","adv-header-id-meta":"","stick-header-meta":"","header-above-stick-meta":"","header-main-stick-meta":"","header-below-stick-meta":"","astra-migrate-meta-layouts":"set","ast-page-background-enabled":"default","ast-page-background-meta":{"desktop":{"background-color":"var(--ast-global-color-5)","background-image":"","background-repeat":"repeat","background-position":"center center","background-size":"auto","background-attachment":"scroll","background-type":"","background-media":"","overlay-type":"","overlay-color":"","overlay-opacity":"","overlay-gradient":""},"tablet":{"background-color":"","background-image":"","background-repeat":"repeat","background-position":"center center","background-size":"auto","background-attachment":"scroll","background-type":"","background-media":"","overlay-type":"","overlay-color":"","overlay-opacity":"","overlay-gradient":""},"mobile":{"background-color":"","background-image":"","background-repeat":"repeat","background-position":"center center","background-size":"auto","background-attachment":"scroll","background-type":"","background-media":"","overlay-type":"","overlay-color":"","overlay-opacity":"","overlay-gradient":""}},"ast-content-background-meta":{"desktop":{"background-color":"var(--ast-global-color-4)","background-image":"","background-repeat":"repeat","background-position":"center center","background-size":"auto","background-attachment":"scroll","background-type":"","background-media":"","overlay-type":"","overlay-color":"","overlay-opacity":"","overlay-gradient":""},"tablet":{"background-color":"var(--ast-global-color-4)","background-image":"","background-repeat":"repeat","background-position":"center center","background-size":"auto","background-attachment":"scroll","background-type":"","background-media":"","overlay-type":"","overlay-color":"","overlay-opacity":"","overlay-gradient":""},"mobile":{"background-color":"var(--ast-global-color-4)","background-image":"","background-repeat":"repeat","background-position":"center center","background-size":"auto","background-attachment":"scroll","background-type":"","background-media":"","overlay-type":"","overlay-color":"","overlay-opacity":"","overlay-gradient":""}}},"product_brand":[],"product_cat":[19],"product_tag":[],"class_list":{"0":"post-12649","1":"product","2":"type-product","3":"status-publish","4":"has-post-thumbnail","6":"product_cat-uncategorized","7":"pa_44345_zjwfijea-blaa","8":"pa_44345_zjwfijea-groen","9":"pa_44345_zjwfijea-lyseroed","10":"pa_44345_zjwfijea-sort","11":"desktop-align-left","12":"tablet-align-left","13":"mobile-align-left","15":"first","16":"instock","17":"shipping-taxable","18":"purchasable","19":"product-type-variable"},"_links":{"self":[{"href":"https:\/\/ecostera.com\/dk\/wp-json\/wp\/v2\/product\/12649","targetHints":{"allow":["GET"]}}],"collection":[{"href":"https:\/\/ecostera.com\/dk\/wp-json\/wp\/v2\/product"}],"about":[{"href":"https:\/\/ecostera.com\/dk\/wp-json\/wp\/v2\/types\/product"}],"replies":[{"embeddable":true,"href":"https:\/\/ecostera.com\/dk\/wp-json\/wp\/v2\/comments?post=12649"}],"wp:featuredmedia":[{"embeddable":true,"href":"https:\/\/ecostera.com\/dk\/wp-json\/wp\/v2\/media\/12645"}],"wp:attachment":[{"href":"https:\/\/ecostera.com\/dk\/wp-json\/wp\/v2\/media?parent=12649"}],"wp:term":[{"taxonomy":"product_brand","embeddable":true,"href":"https:\/\/ecostera.com\/dk\/wp-json\/wp\/v2\/product_brand?post=12649"},{"taxonomy":"product_cat","embeddable":true,"href":"https:\/\/ecostera.com\/dk\/wp-json\/wp\/v2\/product_cat?post=12649"},{"taxonomy":"product_tag","embeddable":true,"href":"https:\/\/ecostera.com\/dk\/wp-json\/wp\/v2\/product_tag?post=12649"}],"curies":[{"name":"wp","href":"https:\/\/api.w.org\/{rel}","templated":true}]}}