{"id":12685,"date":"2025-09-11T08:23:23","date_gmt":"2025-09-11T05:23:23","guid":{"rendered":"https:\/\/ecostera.com\/dk\/product\/tiger-lighter\/"},"modified":"2025-12-08T12:01:27","modified_gmt":"2025-12-08T10:01:27","slug":"tiger-lighter","status":"publish","type":"product","link":"https:\/\/ecostera.com\/dk\/product\/tiger-lighter\/","title":{"rendered":"Tiger lighter"},"content":{"rendered":"<p style=\"text-align: center\"><b>Vi pr\u00e6senterer tigerhoved-lighteren &#8211; den seje flamme til enhver lejlighed! \ud83d\udc2f<\/b><\/p>\n<p style=\"text-align: center\"><span style=\"font-weight: 400\">Kraftig flamme, cool design, nem at bruge.<\/span><\/p>\n<p><img decoding=\"async\" class=\"size-full wp-image-16915 aligncenter\" src=\"https:\/\/keluvo.com\/template\/wp-content\/uploads\/sites\/5\/2025\/04\/S3dec104c87df4f929af410848ab0b199v.jpg_960x960q75.jpg_-1.jpeg\" alt=\"\" \/><\/p>\n<h2 style=\"text-align: center\">Hovedfordele<b><br \/>\n<\/b><\/h2>\n<p><span style=\"font-weight: 400\">\u2705 <\/span><b>Kreativ dobbeltflamme<\/b><span style=\"font-weight: 400\"> &#8211; Tryk for en st\u00e6rk bl\u00e5 fakkelflamme, slip for en bl\u00f8d gul flamme<\/span><\/p>\n<p><span style=\"font-weight: 400\"> \u2705 <\/span><b>Vindt\u00e6t kraft<\/b><span style=\"font-weight: 400\"> &#8211; T\u00e6nd din ild selv p\u00e5 bl\u00e6sende dage<\/span><\/p>\n<p><span style=\"font-weight: 400\"> \u2705 <\/span><b>Genopfyldelig og genanvendelig<\/b><span style=\"font-weight: 400\"> &#8211; Nem at fylde med butangas til langvarig brug<\/span><\/p>\n<p><span style=\"font-weight: 400\"> \u2705 <\/span><b>Justerbar flamme<\/b><span style=\"font-weight: 400\"> &#8211; Indstil flammest\u00f8rrelsen lige som du vil med en lille drejning af hjulet<\/span><\/p>\n<p><span style=\"font-weight: 400\"> \u2705 <\/span><b>Cool design<\/b><span style=\"font-weight: 400\"> &#8211; Tigerhovedform med et retro, high-end look<\/span><\/p>\n<p><img decoding=\"async\" class=\"alignnone size-full wp-image-16365 aligncenter\" src=\"https:\/\/keluvo.com\/template\/wp-content\/uploads\/sites\/5\/2025\/04\/Scd19d576dc4c4297b0d7c73dfa34a13aY.jpg_960x960q75.jpg_.jpeg\" alt=\"\" \/><\/p>\n<h2 style=\"text-align: center\">Status Og Luksus!<\/h2>\n<p style=\"text-align: center\"><span style=\"font-weight: 400\">Lighteren med tigerhoved er ikke bare en lighter &#8211; den er et statement. Med to flammer i \u00e9n er den perfekt til at t\u00e6nde stearinlys, grill eller lejrb\u00e5l. Den kraftige fakkelflamme er fantastisk til udend\u00f8rs brug, mens den bl\u00f8de flamme er ideel til hverdagsbrug. Den er lavet af en st\u00e6rk zinklegering, er bygget til at holde og er en uforglemmelig gave til f\u00f8dselsdage, jul eller andre s\u00e6rlige \u00f8jeblikke.<\/span><\/p>\n<h2 style=\"text-align: center\">S\u00e5dan Bruges<\/h2>\n<ol>\n<li style=\"font-weight: 400\"><span style=\"font-weight: 400\">Fyld lighteren med butangas (gas medf\u00f8lger ikke).<\/span><\/li>\n<li style=\"font-weight: 400\"><span style=\"font-weight: 400\">Ryst lighteren forsigtigt op og ned.<\/span><span style=\"font-weight: 400\"><br \/>\n<\/span><\/li>\n<li style=\"font-weight: 400\"><span style=\"font-weight: 400\">Vent et minut, f\u00f8r du t\u00e6nder.<\/span><span style=\"font-weight: 400\"><br \/>\n<\/span><\/li>\n<li style=\"font-weight: 400\"><span style=\"font-weight: 400\">Tryk p\u00e5 kontakten for at t\u00e6nde den bl\u00e5 flamme.<\/span><span style=\"font-weight: 400\"><br \/>\n<\/span><\/li>\n<li style=\"font-weight: 400\"><span style=\"font-weight: 400\">Slip kontakten for at skifte til en bl\u00f8d gul flamme.<\/span><span style=\"font-weight: 400\"><br \/>\n<\/span><\/li>\n<li style=\"font-weight: 400\"><span style=\"font-weight: 400\">Juster flammeh\u00f8jden med hjulet i bunden, hvis det er n\u00f8dvendigt.<\/span><\/li>\n<\/ol>\n<h2 style=\"text-align: center\">Pakken Indeholder<\/h2>\n<ul>\n<li style=\"font-weight: 400\"><span style=\"font-weight: 400\">1x tigerhoved-lighter med to flammer (uden butangas).<\/span><\/li>\n<\/ul>\n","protected":false},"excerpt":{"rendered":"<p>Vi pr\u00e6senterer tigerhoved-lighteren &#8211; den seje flamme til enhver lejlighed! \ud83d\udc2f Kraftig flamme, cool design, nem at bruge. Hovedfordele \u2705 [&hellip;]<\/p>\n","protected":false},"featured_media":12681,"comment_status":"open","ping_status":"closed","template":"","meta":{"site-sidebar-layout":"default","site-content-layout":"","ast-site-content-layout":"default","site-content-style":"default","site-sidebar-style":"default","ast-global-header-display":"","ast-banner-title-visibility":"","ast-main-header-display":"","ast-hfb-above-header-display":"","ast-hfb-below-header-display":"","ast-hfb-mobile-header-display":"","site-post-title":"","ast-breadcrumbs-content":"","ast-featured-img":"","footer-sml-layout":"","theme-transparent-header-meta":"default","adv-header-id-meta":"","stick-header-meta":"","header-above-stick-meta":"","header-main-stick-meta":"","header-below-stick-meta":"","astra-migrate-meta-layouts":"set","ast-page-background-enabled":"default","ast-page-background-meta":{"desktop":{"background-color":"var(--ast-global-color-5)","background-image":"","background-repeat":"repeat","background-position":"center center","background-size":"auto","background-attachment":"scroll","background-type":"","background-media":"","overlay-type":"","overlay-color":"","overlay-opacity":"","overlay-gradient":""},"tablet":{"background-color":"","background-image":"","background-repeat":"repeat","background-position":"center center","background-size":"auto","background-attachment":"scroll","background-type":"","background-media":"","overlay-type":"","overlay-color":"","overlay-opacity":"","overlay-gradient":""},"mobile":{"background-color":"","background-image":"","background-repeat":"repeat","background-position":"center center","background-size":"auto","background-attachment":"scroll","background-type":"","background-media":"","overlay-type":"","overlay-color":"","overlay-opacity":"","overlay-gradient":""}},"ast-content-background-meta":{"desktop":{"background-color":"var(--ast-global-color-4)","background-image":"","background-repeat":"repeat","background-position":"center center","background-size":"auto","background-attachment":"scroll","background-type":"","background-media":"","overlay-type":"","overlay-color":"","overlay-opacity":"","overlay-gradient":""},"tablet":{"background-color":"var(--ast-global-color-4)","background-image":"","background-repeat":"repeat","background-position":"center center","background-size":"auto","background-attachment":"scroll","background-type":"","background-media":"","overlay-type":"","overlay-color":"","overlay-opacity":"","overlay-gradient":""},"mobile":{"background-color":"var(--ast-global-color-4)","background-image":"","background-repeat":"repeat","background-position":"center center","background-size":"auto","background-attachment":"scroll","background-type":"","background-media":"","overlay-type":"","overlay-color":"","overlay-opacity":"","overlay-gradient":""}}},"product_brand":[],"product_cat":[19],"product_tag":[],"class_list":{"0":"post-12685","1":"product","2":"type-product","3":"status-publish","4":"has-post-thumbnail","6":"product_cat-uncategorized","7":"pa_17880_u4l03cir-camouflage","8":"pa_17880_u4l03cir-graa","9":"pa_17880_u4l03cir-guld","10":"pa_17880_u4l03cir-roed","11":"pa_17880_u4l03cir-sort","12":"desktop-align-left","13":"tablet-align-left","14":"mobile-align-left","16":"first","17":"instock","18":"shipping-taxable","19":"purchasable","20":"product-type-variable"},"_links":{"self":[{"href":"https:\/\/ecostera.com\/dk\/wp-json\/wp\/v2\/product\/12685","targetHints":{"allow":["GET"]}}],"collection":[{"href":"https:\/\/ecostera.com\/dk\/wp-json\/wp\/v2\/product"}],"about":[{"href":"https:\/\/ecostera.com\/dk\/wp-json\/wp\/v2\/types\/product"}],"replies":[{"embeddable":true,"href":"https:\/\/ecostera.com\/dk\/wp-json\/wp\/v2\/comments?post=12685"}],"wp:featuredmedia":[{"embeddable":true,"href":"https:\/\/ecostera.com\/dk\/wp-json\/wp\/v2\/media\/12681"}],"wp:attachment":[{"href":"https:\/\/ecostera.com\/dk\/wp-json\/wp\/v2\/media?parent=12685"}],"wp:term":[{"taxonomy":"product_brand","embeddable":true,"href":"https:\/\/ecostera.com\/dk\/wp-json\/wp\/v2\/product_brand?post=12685"},{"taxonomy":"product_cat","embeddable":true,"href":"https:\/\/ecostera.com\/dk\/wp-json\/wp\/v2\/product_cat?post=12685"},{"taxonomy":"product_tag","embeddable":true,"href":"https:\/\/ecostera.com\/dk\/wp-json\/wp\/v2\/product_tag?post=12685"}],"curies":[{"name":"wp","href":"https:\/\/api.w.org\/{rel}","templated":true}]}}