{"id":12704,"date":"2025-09-11T08:25:08","date_gmt":"2025-09-11T05:25:08","guid":{"rendered":"https:\/\/ecostera.com\/dk\/product\/camping-reb\/"},"modified":"2025-09-30T11:04:09","modified_gmt":"2025-09-30T08:04:09","slug":"camping-reb","status":"publish","type":"product","link":"https:\/\/ecostera.com\/dk\/product\/camping-reb\/","title":{"rendered":"Camping-reb"},"content":{"rendered":"<p style=\"text-align: center\"><b>Vi pr\u00e6senterer campingrebet &#8211; din st\u00e6rke og sikre udend\u00f8rs hj\u00e6lper!<\/b><\/p>\n<p style=\"text-align: center\"><span style=\"font-weight: 400\">Fastg\u00f8r dit udstyr hurtigt og nemt.<\/span><\/p>\n<p><img decoding=\"async\" class=\"alignnone size-full wp-image-16540 aligncenter\" src=\"https:\/\/keluvo.com\/template\/wp-content\/uploads\/sites\/5\/2025\/04\/CampingRope-ezgif.com-video-to-webp-converter.webp\" alt=\"\" \/><\/p>\n<h2 style=\"text-align: center\">Vigtigste Fordele<\/h2>\n<p>\u2705 Superst\u00e6rkt og reflekterende &#8211; Tykt reb, der skinner om natten, s\u00e5 du ikke snubler<\/p>\n<p>\u2705 Let at stramme &#8211; Bare tr\u00e6k i rebet, s\u00e5 bliver det siddende<\/p>\n<p>\u2705 Hurtigt at l\u00f8sne &#8211; Toggle twist-design giver dig mulighed for at justere det p\u00e5 f\u00e5 sekunder<\/p>\n<p>\u2705 Ekstra sikkert &#8211; Leveres med 2 b\u00e6rende sp\u00e6nder, der holder st\u00e6rkt, selv i kraftig vind<\/p>\n<p>\u2705 Perfekt til udend\u00f8rs brug &#8211; Perfekt til telte, campingudstyr, h\u00e6ngek\u00f8jer og meget mere<\/p>\n<p><img decoding=\"async\" class=\"alignnone size-full wp-image-16511 aligncenter\" src=\"https:\/\/keluvo.com\/template\/wp-content\/uploads\/sites\/5\/2025\/04\/Sfc93bb92a2b1470ab06f093d51cd4576h.jpg_960x960q75.jpg_.jpeg\" alt=\"\" \/><\/p>\n<h2 style=\"text-align: center\">Ekstremt St\u00e6rkt!<\/h2>\n<p style=\"text-align: center\"><span style=\"font-weight: 400\">Campingrebet giver dig styrke og sikkerhed, uanset hvor du g\u00e5r. Det er lavet af slidst\u00e6rkt nylon og en st\u00e6rk aluminiumslegering og er perfekt til at sikre dit telt, h\u00e6nge lys op, s\u00e6tte presenninger op og holde dit udstyr sikkert. Den er nem at s\u00e6tte op, nem at tage ned og lyser op om natten for at holde dig sikker. Uanset om du vandrer, camperer eller har det sjovt i baghaven, er dette reb et must-have!<\/span><\/p>\n<h2 style=\"text-align: center\">S\u00e5dan Bruges<\/h2>\n<ol>\n<li style=\"font-weight: 400\"><span style=\"font-weight: 400\">H\u00e6gt sp\u00e6ndet p\u00e5 dit telt, din presenning eller dit udstyr.<\/span><span style=\"font-weight: 400\"><br \/>\n<\/span><\/li>\n<li style=\"font-weight: 400\"><span style=\"font-weight: 400\">Tr\u00e6k let i rebet for at stramme det.<\/span><span style=\"font-weight: 400\"><br \/>\n<\/span><\/li>\n<li style=\"font-weight: 400\"><span style=\"font-weight: 400\">Brug drejeknappen til at l\u00f8sne eller justere, n\u00e5r det er n\u00f8dvendigt.<\/span><span style=\"font-weight: 400\"><br \/>\n<\/span><\/li>\n<li style=\"font-weight: 400\"><span style=\"font-weight: 400\">Nyd en sikker ops\u00e6tning p\u00e5 bare f\u00e5 sekunder!<\/span><\/li>\n<\/ol>\n<h2 style=\"text-align: center\">Pakken Indeholder<\/h2>\n<ul>\n<li style=\"font-weight: 400\"><span style=\"font-weight: 400\">1, 2, 4x campingreb<\/span><span style=\"font-weight: 400\"><br \/>\n<\/span><\/li>\n<li style=\"font-weight: 400\"><span style=\"font-weight: 400\">2, 4, 8x b\u00e6rende sp\u00e6nder.<\/span><\/li>\n<\/ul>\n<p>&nbsp;<\/p>\n","protected":false},"excerpt":{"rendered":"<p>Vi pr\u00e6senterer campingrebet &#8211; din st\u00e6rke og sikre udend\u00f8rs hj\u00e6lper! Fastg\u00f8r dit udstyr hurtigt og nemt. Vigtigste Fordele \u2705 Superst\u00e6rkt [&hellip;]<\/p>\n","protected":false},"featured_media":12700,"comment_status":"open","ping_status":"closed","template":"","meta":{"site-sidebar-layout":"default","site-content-layout":"","ast-site-content-layout":"default","site-content-style":"default","site-sidebar-style":"default","ast-global-header-display":"","ast-banner-title-visibility":"","ast-main-header-display":"","ast-hfb-above-header-display":"","ast-hfb-below-header-display":"","ast-hfb-mobile-header-display":"","site-post-title":"","ast-breadcrumbs-content":"","ast-featured-img":"","footer-sml-layout":"","theme-transparent-header-meta":"default","adv-header-id-meta":"","stick-header-meta":"","header-above-stick-meta":"","header-main-stick-meta":"","header-below-stick-meta":"","astra-migrate-meta-layouts":"set","ast-page-background-enabled":"default","ast-page-background-meta":{"desktop":{"background-color":"var(--ast-global-color-5)","background-image":"","background-repeat":"repeat","background-position":"center center","background-size":"auto","background-attachment":"scroll","background-type":"","background-media":"","overlay-type":"","overlay-color":"","overlay-opacity":"","overlay-gradient":""},"tablet":{"background-color":"","background-image":"","background-repeat":"repeat","background-position":"center center","background-size":"auto","background-attachment":"scroll","background-type":"","background-media":"","overlay-type":"","overlay-color":"","overlay-opacity":"","overlay-gradient":""},"mobile":{"background-color":"","background-image":"","background-repeat":"repeat","background-position":"center center","background-size":"auto","background-attachment":"scroll","background-type":"","background-media":"","overlay-type":"","overlay-color":"","overlay-opacity":"","overlay-gradient":""}},"ast-content-background-meta":{"desktop":{"background-color":"var(--ast-global-color-4)","background-image":"","background-repeat":"repeat","background-position":"center center","background-size":"auto","background-attachment":"scroll","background-type":"","background-media":"","overlay-type":"","overlay-color":"","overlay-opacity":"","overlay-gradient":""},"tablet":{"background-color":"var(--ast-global-color-4)","background-image":"","background-repeat":"repeat","background-position":"center center","background-size":"auto","background-attachment":"scroll","background-type":"","background-media":"","overlay-type":"","overlay-color":"","overlay-opacity":"","overlay-gradient":""},"mobile":{"background-color":"var(--ast-global-color-4)","background-image":"","background-repeat":"repeat","background-position":"center center","background-size":"auto","background-attachment":"scroll","background-type":"","background-media":"","overlay-type":"","overlay-color":"","overlay-opacity":"","overlay-gradient":""}}},"product_brand":[],"product_cat":[19],"product_tag":[],"class_list":{"0":"post-12704","1":"product","2":"type-product","3":"status-publish","4":"has-post-thumbnail","6":"product_cat-uncategorized","7":"pa_30366_2fmkwzgh-1-stk","8":"pa_30366_2fmkwzgh-2-stk","9":"pa_30366_2fmkwzgh-4-stk","10":"pa_30366_ix3yo61o-4m","11":"pa_30366_ix3yo61o-5m","12":"pa_30366_ra5iry3m-groen","13":"pa_30366_ra5iry3m-orange","14":"pa_30366_ra5iry3m-roed","15":"pa_30366_ra5iry3m-sort","16":"desktop-align-left","17":"tablet-align-left","18":"mobile-align-left","20":"first","21":"instock","22":"shipping-taxable","23":"purchasable","24":"product-type-variable","25":"has-default-attributes"},"_links":{"self":[{"href":"https:\/\/ecostera.com\/dk\/wp-json\/wp\/v2\/product\/12704","targetHints":{"allow":["GET"]}}],"collection":[{"href":"https:\/\/ecostera.com\/dk\/wp-json\/wp\/v2\/product"}],"about":[{"href":"https:\/\/ecostera.com\/dk\/wp-json\/wp\/v2\/types\/product"}],"replies":[{"embeddable":true,"href":"https:\/\/ecostera.com\/dk\/wp-json\/wp\/v2\/comments?post=12704"}],"wp:featuredmedia":[{"embeddable":true,"href":"https:\/\/ecostera.com\/dk\/wp-json\/wp\/v2\/media\/12700"}],"wp:attachment":[{"href":"https:\/\/ecostera.com\/dk\/wp-json\/wp\/v2\/media?parent=12704"}],"wp:term":[{"taxonomy":"product_brand","embeddable":true,"href":"https:\/\/ecostera.com\/dk\/wp-json\/wp\/v2\/product_brand?post=12704"},{"taxonomy":"product_cat","embeddable":true,"href":"https:\/\/ecostera.com\/dk\/wp-json\/wp\/v2\/product_cat?post=12704"},{"taxonomy":"product_tag","embeddable":true,"href":"https:\/\/ecostera.com\/dk\/wp-json\/wp\/v2\/product_tag?post=12704"}],"curies":[{"name":"wp","href":"https:\/\/api.w.org\/{rel}","templated":true}]}}