{"id":12761,"date":"2025-09-11T08:27:34","date_gmt":"2025-09-11T05:27:34","guid":{"rendered":"https:\/\/ecostera.com\/dk\/product\/baerbar-pilleholder\/"},"modified":"2025-09-22T18:37:11","modified_gmt":"2025-09-22T15:37:11","slug":"baerbar-pilleholder","status":"publish","type":"product","link":"https:\/\/ecostera.com\/dk\/product\/baerbar-pilleholder\/","title":{"rendered":"B\u00e6rbar pilleholder"},"content":{"rendered":"<p style=\"text-align: center\"><b>Vi pr\u00e6senterer den b\u00e6rbare pille\u00e6ske &#8211; din nemme m\u00e5de at holde medicinen sikker, t\u00f8r og klar hele ugen!<\/b><\/p>\n<p style=\"text-align: center\">Hold dig organiseret hver dag. <span style=\"font-weight: 400\">Med denne smarte boks kan du planl\u00e6gge og medbringe alle dine piller i syv dage. Den er perfekt til travle mennesker og seniorer.<\/span><\/p>\n<p><img decoding=\"async\" class=\"alignnone size-full wp-image-16420 aligncenter\" src=\"https:\/\/keluvo.com\/template\/wp-content\/uploads\/sites\/5\/2025\/04\/04301-ezgif.com-video-to-webp-converter.webp\" alt=\"\" \/><\/p>\n<h2 style=\"text-align: center\">Hovedfordele<\/h2>\n<p><span style=\"font-weight: 400\">Opbevar pillerne sikkert mod fugt og luftfugtighed<\/span><\/p>\n<p><span style=\"font-weight: 400\">Planl\u00e6g din medicin for hele ugen<\/span><span style=\"font-weight: 400\"><br \/>\n<\/span><\/p>\n<p><span style=\"font-weight: 400\">Nem at b\u00e6re &#8211; lille og let<\/span><span style=\"font-weight: 400\"><br \/>\n<\/span><\/p>\n<p><span style=\"font-weight: 400\">Meget enkel at bruge, selv hvis du har problemer med h\u00e6nderne<\/span><\/p>\n<p><span style=\"font-weight: 400\">Lavet af sikkert, lugtfrit materiale<\/span><\/p>\n<p style=\"text-align: center\"><img decoding=\"async\" class=\"alignnone size-full wp-image-16432\" src=\"https:\/\/keluvo.com\/template\/wp-content\/uploads\/sites\/5\/2025\/04\/Sc83783786fb44e86b5899fbde77a4608y.jpg_960x960q75.jpg_.jpeg\" alt=\"\" \/><\/p>\n<h2 style=\"text-align: center\">Hvordan Dette Produkt Hj\u00e6lper Dig<\/h2>\n<p style=\"text-align: center\"><span style=\"font-weight: 400\">Med denne pilleholder ved du altid, hvorn\u00e5r og hvad du skal tage. Ikke flere glemte doser! Slut med at b\u00e6re rundt p\u00e5 mange flasker. Du vil f\u00f8le dig mere organiseret og mindre stresset.<\/span><\/p>\n<h2 style=\"text-align: center\">Den Er Fantastisk Til<\/h2>\n<ul>\n<li style=\"font-weight: 400\"><span style=\"font-weight: 400\">Seniorer, der har brug for daglig medicin<\/span><span style=\"font-weight: 400\"><br \/>\n<\/span><\/li>\n<li style=\"font-weight: 400\"><span style=\"font-weight: 400\">Brusy mennesker p\u00e5 farten<\/span><span style=\"font-weight: 400\"><br \/>\n<\/span><\/li>\n<li style=\"font-weight: 400\"><span style=\"font-weight: 400\">Rejser og hverdagsbrug<\/span><\/li>\n<\/ul>\n<h2 style=\"text-align: center\">S\u00e5dan Bruges<\/h2>\n<ol>\n<li style=\"font-weight: 400\"><span style=\"font-weight: 400\">\u00c5bn hvert l\u00e5g og l\u00e6g dine piller i for hver dag.<\/span><span style=\"font-weight: 400\"><br \/>\n<\/span><\/li>\n<li style=\"font-weight: 400\"><span style=\"font-weight: 400\">Luk l\u00e5gene t\u00e6t for at holde pillerne t\u00f8rre og sikre.<\/span><span style=\"font-weight: 400\"><br \/>\n<\/span><\/li>\n<li style=\"font-weight: 400\"><span style=\"font-weight: 400\">Tag din pille fra den rigtige sektion hver dag.<\/span><\/li>\n<\/ol>\n<h2 style=\"text-align: center\">Pakken Indeholder<\/h2>\n<ul>\n<li style=\"font-weight: 400\"><span style=\"font-weight: 400\">1x b\u00e6rbar pille\u00e6ske.<\/span><\/li>\n<\/ul>\n<p>&nbsp;<\/p>\n","protected":false},"excerpt":{"rendered":"<p>Vi pr\u00e6senterer den b\u00e6rbare pille\u00e6ske &#8211; din nemme m\u00e5de at holde medicinen sikker, t\u00f8r og klar hele ugen! Hold dig [&hellip;]<\/p>\n","protected":false},"featured_media":12757,"comment_status":"open","ping_status":"closed","template":"","meta":{"site-sidebar-layout":"default","site-content-layout":"","ast-site-content-layout":"default","site-content-style":"default","site-sidebar-style":"default","ast-global-header-display":"","ast-banner-title-visibility":"","ast-main-header-display":"","ast-hfb-above-header-display":"","ast-hfb-below-header-display":"","ast-hfb-mobile-header-display":"","site-post-title":"","ast-breadcrumbs-content":"","ast-featured-img":"","footer-sml-layout":"","theme-transparent-header-meta":"default","adv-header-id-meta":"","stick-header-meta":"","header-above-stick-meta":"","header-main-stick-meta":"","header-below-stick-meta":"","astra-migrate-meta-layouts":"set","ast-page-background-enabled":"default","ast-page-background-meta":{"desktop":{"background-color":"var(--ast-global-color-5)","background-image":"","background-repeat":"repeat","background-position":"center center","background-size":"auto","background-attachment":"scroll","background-type":"","background-media":"","overlay-type":"","overlay-color":"","overlay-opacity":"","overlay-gradient":""},"tablet":{"background-color":"","background-image":"","background-repeat":"repeat","background-position":"center center","background-size":"auto","background-attachment":"scroll","background-type":"","background-media":"","overlay-type":"","overlay-color":"","overlay-opacity":"","overlay-gradient":""},"mobile":{"background-color":"","background-image":"","background-repeat":"repeat","background-position":"center center","background-size":"auto","background-attachment":"scroll","background-type":"","background-media":"","overlay-type":"","overlay-color":"","overlay-opacity":"","overlay-gradient":""}},"ast-content-background-meta":{"desktop":{"background-color":"var(--ast-global-color-4)","background-image":"","background-repeat":"repeat","background-position":"center center","background-size":"auto","background-attachment":"scroll","background-type":"","background-media":"","overlay-type":"","overlay-color":"","overlay-opacity":"","overlay-gradient":""},"tablet":{"background-color":"var(--ast-global-color-4)","background-image":"","background-repeat":"repeat","background-position":"center center","background-size":"auto","background-attachment":"scroll","background-type":"","background-media":"","overlay-type":"","overlay-color":"","overlay-opacity":"","overlay-gradient":""},"mobile":{"background-color":"var(--ast-global-color-4)","background-image":"","background-repeat":"repeat","background-position":"center center","background-size":"auto","background-attachment":"scroll","background-type":"","background-media":"","overlay-type":"","overlay-color":"","overlay-opacity":"","overlay-gradient":""}}},"product_brand":[],"product_cat":[19],"product_tag":[],"class_list":{"0":"post-12761","1":"product","2":"type-product","3":"status-publish","4":"has-post-thumbnail","6":"product_cat-uncategorized","7":"pa_32083_7ixgbibs-hvid","8":"pa_32083_7ixgbibs-sort","9":"pa_32083_ht9mu5ty-firkantet","10":"pa_32083_ht9mu5ty-rektangel","11":"desktop-align-left","12":"tablet-align-left","13":"mobile-align-left","15":"first","16":"instock","17":"shipping-taxable","18":"purchasable","19":"product-type-variable","20":"has-default-attributes"},"_links":{"self":[{"href":"https:\/\/ecostera.com\/dk\/wp-json\/wp\/v2\/product\/12761","targetHints":{"allow":["GET"]}}],"collection":[{"href":"https:\/\/ecostera.com\/dk\/wp-json\/wp\/v2\/product"}],"about":[{"href":"https:\/\/ecostera.com\/dk\/wp-json\/wp\/v2\/types\/product"}],"replies":[{"embeddable":true,"href":"https:\/\/ecostera.com\/dk\/wp-json\/wp\/v2\/comments?post=12761"}],"wp:featuredmedia":[{"embeddable":true,"href":"https:\/\/ecostera.com\/dk\/wp-json\/wp\/v2\/media\/12757"}],"wp:attachment":[{"href":"https:\/\/ecostera.com\/dk\/wp-json\/wp\/v2\/media?parent=12761"}],"wp:term":[{"taxonomy":"product_brand","embeddable":true,"href":"https:\/\/ecostera.com\/dk\/wp-json\/wp\/v2\/product_brand?post=12761"},{"taxonomy":"product_cat","embeddable":true,"href":"https:\/\/ecostera.com\/dk\/wp-json\/wp\/v2\/product_cat?post=12761"},{"taxonomy":"product_tag","embeddable":true,"href":"https:\/\/ecostera.com\/dk\/wp-json\/wp\/v2\/product_tag?post=12761"}],"curies":[{"name":"wp","href":"https:\/\/api.w.org\/{rel}","templated":true}]}}