{"id":12885,"date":"2025-09-11T08:36:43","date_gmt":"2025-09-11T05:36:43","guid":{"rendered":"https:\/\/ecostera.com\/dk\/product\/skobaerer\/"},"modified":"2025-09-22T18:33:55","modified_gmt":"2025-09-22T15:33:55","slug":"skobaerer","status":"publish","type":"product","link":"https:\/\/ecostera.com\/dk\/product\/skobaerer\/","title":{"rendered":"Skob\u00e6rer"},"content":{"rendered":"<p style=\"text-align: center\"><strong>Vi Pr\u00e6senterer Skostr\u00e6kkeren \u2013 Din Nemme Vej Til Komfort Og Perfekt Pasform!<\/strong><\/p>\n<p style=\"text-align: center\"><span style=\"font-weight: 400\"> Ikke flere stramme sko! F\u00e5 nemt den perfekte pasform og beskyt dine yndlingspar.<\/span><\/p>\n<p><img decoding=\"async\" class=\"size-full wp-image-16201 aligncenter\" src=\"https:\/\/keluvo.com\/template\/wp-content\/uploads\/sites\/5\/2025\/04\/stretcher-ezgif.com-video-to-webp-converter.webp\" alt=\"\" \/><\/p>\n<h2 style=\"text-align: center\">Hovedfordele<\/h2>\n<p><span style=\"font-weight: 400\">\u2705 <\/span><b>Str\u00e6kker nemt skoene<\/b><span style=\"font-weight: 400\"> \u2013 2-vejs udvidelse giver dig mulighed for at udvide skoene for en bedre, mere behagelig pasform<\/span><\/p>\n<p><span style=\"font-weight: 400\"> \u2705 <\/span><b>Beskytter skoformen<\/b><span style=\"font-weight: 400\"> \u2013 Holder dine sko nye og forhindrer stramme steder<\/span><\/p>\n<p><span style=\"font-weight: 400\"> \u2705 <\/span><b>M\u00e5lretter mod smertepunkter<\/b><span style=\"font-weight: 400\"> \u2013 Inkluderer 4 stik til at str\u00e6kke lige der, hvor du har brug for lindring<\/span><\/p>\n<p><span style=\"font-weight: 400\"> \u2705 <\/span><b>Holder skoene friske<\/b><span style=\"font-weight: 400\"> \u2013 Cedertr\u00e6skugler absorberer fugt og lugt for en ren duft<\/span><\/p>\n<p><span style=\"font-weight: 400\"> \u2705 <\/span><b>St\u00e6rk og holdbar<\/b><span style=\"font-weight: 400\"> \u2013 Lavet af h\u00e5rdt fyrretr\u00e6 til langvarig brug p\u00e5 l\u00e6der, ruskind og meget mere<\/span><\/p>\n<p><img decoding=\"async\" class=\"size-full wp-image-16197 aligncenter\" src=\"https:\/\/keluvo.com\/template\/wp-content\/uploads\/sites\/5\/2025\/04\/94f06335-33e9-45fe-b148-5c6c58038544.webp\" alt=\"\" \/><\/p>\n<h2 style=\"text-align: center\">Hvorfor Er Dette Noget For Dig<\/h2>\n<p style=\"text-align: center\"><span style=\"font-weight: 400\">Denne skobukker er din must-have-hj\u00e6lper til at reparere stramme sko! Uanset om dine nye sko klemmer, eller du vil g\u00f8re dine gamle favoritter mere behagelige, s\u00e5 er disse str\u00e6kkere nemme at bruge. Du f\u00e5r ogs\u00e5 cedertr\u00e6skugler til at holde dine sko friske, et bonusskohorn til nem brug og en opbevaringspose til at holde styr p\u00e5 det hele. Pas p\u00e5 dine f\u00f8dder <\/span><i><span style=\"font-weight: 400\">og<\/span><\/i><span style=\"font-weight: 400\"> dine sko med \u00e9t smart s\u00e6t!<\/span><\/p>\n<h2 style=\"text-align: center\">S\u00e5dan Bruges<\/h2>\n<ol>\n<li style=\"font-weight: 400\"><span style=\"font-weight: 400\">S\u00e6t skob\u00e6reren ind i skoen.<\/span><\/li>\n<li style=\"font-weight: 400\"><span style=\"font-weight: 400\">Drej p\u00e5 det store hjul for langsomt at udvide skoen.<\/span><\/li>\n<li style=\"font-weight: 400\"><span style=\"font-weight: 400\">Tilf\u00f8j trykaflastningspropper til omr\u00e5der, der har brug for ekstra str\u00e6kning.<\/span><\/li>\n<li style=\"font-weight: 400\"><span style=\"font-weight: 400\">Lad b\u00e5ren sidde inde i et par timer eller natten over for at opn\u00e5 de bedste resultater.<\/span><\/li>\n<li style=\"font-weight: 400\"><span style=\"font-weight: 400\">Nyd en bedre, mere behagelig pasform!<\/span><\/li>\n<\/ol>\n<h2 style=\"text-align: center\">Pakken Indeholder<\/h2>\n<ul>\n<li style=\"font-weight: 400\"><span style=\"font-weight: 400\">1x skob\u00e6rer i tr\u00e6<\/span><\/li>\n<li style=\"font-weight: 400\"><span style=\"font-weight: 400\">4x trykaflastningspropper<\/span><\/li>\n<li style=\"font-weight: 400\"><span style=\"font-weight: 400\">1x bonusskohorn<\/span><\/li>\n<li style=\"font-weight: 400\"><span style=\"font-weight: 400\">1x opbevaringspose med l\u00f8begang<\/span><\/li>\n<li style=\"font-weight: 400\"><span style=\"font-weight: 400\">kugler i cedertr\u00e6 for friskhed.<\/span><\/li>\n<\/ul>\n","protected":false},"excerpt":{"rendered":"<p>Vi Pr\u00e6senterer Skostr\u00e6kkeren \u2013 Din Nemme Vej Til Komfort Og Perfekt Pasform! Ikke flere stramme sko! F\u00e5 nemt den perfekte [&hellip;]<\/p>\n","protected":false},"featured_media":12881,"comment_status":"open","ping_status":"closed","template":"","meta":{"site-sidebar-layout":"default","site-content-layout":"","ast-site-content-layout":"default","site-content-style":"default","site-sidebar-style":"default","ast-global-header-display":"","ast-banner-title-visibility":"","ast-main-header-display":"","ast-hfb-above-header-display":"","ast-hfb-below-header-display":"","ast-hfb-mobile-header-display":"","site-post-title":"","ast-breadcrumbs-content":"","ast-featured-img":"","footer-sml-layout":"","theme-transparent-header-meta":"default","adv-header-id-meta":"","stick-header-meta":"","header-above-stick-meta":"","header-main-stick-meta":"","header-below-stick-meta":"","astra-migrate-meta-layouts":"set","ast-page-background-enabled":"default","ast-page-background-meta":{"desktop":{"background-color":"var(--ast-global-color-5)","background-image":"","background-repeat":"repeat","background-position":"center center","background-size":"auto","background-attachment":"scroll","background-type":"","background-media":"","overlay-type":"","overlay-color":"","overlay-opacity":"","overlay-gradient":""},"tablet":{"background-color":"","background-image":"","background-repeat":"repeat","background-position":"center center","background-size":"auto","background-attachment":"scroll","background-type":"","background-media":"","overlay-type":"","overlay-color":"","overlay-opacity":"","overlay-gradient":""},"mobile":{"background-color":"","background-image":"","background-repeat":"repeat","background-position":"center center","background-size":"auto","background-attachment":"scroll","background-type":"","background-media":"","overlay-type":"","overlay-color":"","overlay-opacity":"","overlay-gradient":""}},"ast-content-background-meta":{"desktop":{"background-color":"var(--ast-global-color-4)","background-image":"","background-repeat":"repeat","background-position":"center center","background-size":"auto","background-attachment":"scroll","background-type":"","background-media":"","overlay-type":"","overlay-color":"","overlay-opacity":"","overlay-gradient":""},"tablet":{"background-color":"var(--ast-global-color-4)","background-image":"","background-repeat":"repeat","background-position":"center center","background-size":"auto","background-attachment":"scroll","background-type":"","background-media":"","overlay-type":"","overlay-color":"","overlay-opacity":"","overlay-gradient":""},"mobile":{"background-color":"var(--ast-global-color-4)","background-image":"","background-repeat":"repeat","background-position":"center center","background-size":"auto","background-attachment":"scroll","background-type":"","background-media":"","overlay-type":"","overlay-color":"","overlay-opacity":"","overlay-gradient":""}}},"product_brand":[],"product_cat":[19],"product_tag":[],"class_list":{"0":"post-12885","1":"product","2":"type-product","3":"status-publish","4":"has-post-thumbnail","6":"product_cat-uncategorized","7":"pa_19220_0r4ozfdj-m-39-41","8":"pa_19220_0r4ozfdj-l-42-46","9":"desktop-align-left","10":"tablet-align-left","11":"mobile-align-left","13":"first","14":"instock","15":"shipping-taxable","16":"purchasable","17":"product-type-variable"},"_links":{"self":[{"href":"https:\/\/ecostera.com\/dk\/wp-json\/wp\/v2\/product\/12885","targetHints":{"allow":["GET"]}}],"collection":[{"href":"https:\/\/ecostera.com\/dk\/wp-json\/wp\/v2\/product"}],"about":[{"href":"https:\/\/ecostera.com\/dk\/wp-json\/wp\/v2\/types\/product"}],"replies":[{"embeddable":true,"href":"https:\/\/ecostera.com\/dk\/wp-json\/wp\/v2\/comments?post=12885"}],"wp:featuredmedia":[{"embeddable":true,"href":"https:\/\/ecostera.com\/dk\/wp-json\/wp\/v2\/media\/12881"}],"wp:attachment":[{"href":"https:\/\/ecostera.com\/dk\/wp-json\/wp\/v2\/media?parent=12885"}],"wp:term":[{"taxonomy":"product_brand","embeddable":true,"href":"https:\/\/ecostera.com\/dk\/wp-json\/wp\/v2\/product_brand?post=12885"},{"taxonomy":"product_cat","embeddable":true,"href":"https:\/\/ecostera.com\/dk\/wp-json\/wp\/v2\/product_cat?post=12885"},{"taxonomy":"product_tag","embeddable":true,"href":"https:\/\/ecostera.com\/dk\/wp-json\/wp\/v2\/product_tag?post=12885"}],"curies":[{"name":"wp","href":"https:\/\/api.w.org\/{rel}","templated":true}]}}