{"id":12898,"date":"2025-09-11T08:37:50","date_gmt":"2025-09-11T05:37:50","guid":{"rendered":"https:\/\/ecostera.com\/dk\/product\/sommerfugle-oereringe\/"},"modified":"2025-10-13T11:18:00","modified_gmt":"2025-10-13T08:18:00","slug":"sommerfugle-oereringe","status":"publish","type":"product","link":"https:\/\/ecostera.com\/dk\/product\/sommerfugle-oereringe\/","title":{"rendered":"Sommerfugle-\u00f8reringe"},"content":{"rendered":"<p style=\"text-align: center\"><b>Vi pr\u00e6senterer sommerfugle\u00f8reringene &#8211; din smukke og nemme m\u00e5de at skinne p\u00e5 hver dag!<\/b><\/p>\n<p style=\"text-align: center\">Et par. \u00d8jeblikkelig sk\u00f8nhed. Ingen smerte! <span style=\"font-weight: 400\">Disse sommerfugle\u00f8reringe med clips er lavet til alle. Ingen piercing? Det er ikke noget problem. Bare klip og gl\u00f8d!<\/span><\/p>\n<p><img decoding=\"async\" class=\"alignnone size-full wp-image-16796 aligncenter\" src=\"https:\/\/keluvo.com\/template\/wp-content\/uploads\/sites\/5\/2025\/05\/Earrings-ezgif.com-video-to-webp-converter.webp\" alt=\"\" \/><\/p>\n<h2 style=\"text-align: center\">Hovedfordele<\/h2>\n<p><span style=\"font-weight: 400\">Ingen huller i \u00f8rerne er n\u00f8dvendige &#8211; smertefrit og behageligt<\/span><span style=\"font-weight: 400\"><br \/>\n<\/span><\/p>\n<p><span style=\"font-weight: 400\">Sparkler med skinnende zirkon og elegant sommerfuglecharme<\/span><span style=\"font-weight: 400\"><br \/>\n<\/span><\/p>\n<p><span style=\"font-weight: 400\">Lette og glatte &#8211; nemme at have p\u00e5 hele dagen<\/span><span style=\"font-weight: 400\"><br \/>\n<\/span><\/p>\n<p><span style=\"font-weight: 400\">Symbol p\u00e5 k\u00e6rlighed, sk\u00f8nhed og frihed<\/span><span style=\"font-weight: 400\"><br \/>\n<\/span><\/p>\n<p><span style=\"font-weight: 400\">Perfekt til ethvert outfit eller begivenhed &#8211; bryllup, fest eller bare hver dag<\/span><\/p>\n<p><img decoding=\"async\" class=\"alignnone size-full wp-image-16795 aligncenter\" src=\"https:\/\/keluvo.com\/template\/wp-content\/uploads\/sites\/5\/2025\/05\/Se6c1ebc02c694e00b2795136eb549d98C.jpg_960x960q75.jpg_.jpeg\" alt=\"\" \/><\/p>\n<h2 style=\"text-align: center\">Hvordan dette produkt hj\u00e6lper dig<\/h2>\n<p style=\"text-align: center\"><span style=\"font-weight: 400\">Sommerfugle\u00f8reringene er den perfekte m\u00e5de at f\u00f8le sig selvsikker og stilfuld p\u00e5 uden at skulle have huller i \u00f8rerne. Uanset om du kl\u00e6der dig ud eller holder det afslappet, f\u00e5r disse \u00f8reringe dig til at skinne.<\/span><\/p>\n<h2 style=\"text-align: center\">De er gode til<\/h2>\n<ul>\n<li style=\"font-weight: 400\"><span style=\"font-weight: 400\">Kvinder, der vil have stilfulde \u00f8reringe uden piercing<\/span><span style=\"font-weight: 400\"><br \/>\n<\/span><\/li>\n<li style=\"font-weight: 400\"><span style=\"font-weight: 400\">S\u00e6rlige lejligheder som f\u00f8dselsdage, bryllupper og skoleballer<\/span><span style=\"font-weight: 400\"><br \/>\n<\/span><\/li>\n<li style=\"font-weight: 400\"><span style=\"font-weight: 400\">Glimt og charme i hverdagen<\/span><span style=\"font-weight: 400\"><br \/>\n<\/span><\/li>\n<\/ul>\n<h2 style=\"text-align: center\">S\u00e5dan bruges<\/h2>\n<ol>\n<li style=\"font-weight: 400\"><span style=\"font-weight: 400\">\u00c5bn forsigtigt clipsen bag p\u00e5 hver \u00f8rering.<\/span><span style=\"font-weight: 400\"><br \/>\n<\/span><\/li>\n<li style=\"font-weight: 400\"><span style=\"font-weight: 400\">Placer den p\u00e5 din \u00f8reflip, og tryk for at lukke.<\/span><span style=\"font-weight: 400\"><br \/>\n<\/span><\/li>\n<li style=\"font-weight: 400\"><span style=\"font-weight: 400\">Juster om n\u00f8dvendigt for komfort.<\/span><span style=\"font-weight: 400\"><br \/>\n<\/span><\/li>\n<\/ol>\n<h2 style=\"text-align: center\">Pakken indeholder<\/h2>\n<ul>\n<li style=\"font-weight: 400\"><span style=\"font-weight: 400\">1x sommerfugl clip-on \u00f8rering.<\/span><\/li>\n<\/ul>\n","protected":false},"excerpt":{"rendered":"<p>Vi pr\u00e6senterer sommerfugle\u00f8reringene &#8211; din smukke og nemme m\u00e5de at skinne p\u00e5 hver dag! Et par. \u00d8jeblikkelig sk\u00f8nhed. Ingen smerte! [&hellip;]<\/p>\n","protected":false},"featured_media":12894,"comment_status":"open","ping_status":"closed","template":"","meta":{"site-sidebar-layout":"default","site-content-layout":"","ast-site-content-layout":"default","site-content-style":"default","site-sidebar-style":"default","ast-global-header-display":"","ast-banner-title-visibility":"","ast-main-header-display":"","ast-hfb-above-header-display":"","ast-hfb-below-header-display":"","ast-hfb-mobile-header-display":"","site-post-title":"","ast-breadcrumbs-content":"","ast-featured-img":"","footer-sml-layout":"","theme-transparent-header-meta":"default","adv-header-id-meta":"","stick-header-meta":"","header-above-stick-meta":"","header-main-stick-meta":"","header-below-stick-meta":"","astra-migrate-meta-layouts":"set","ast-page-background-enabled":"default","ast-page-background-meta":{"desktop":{"background-color":"var(--ast-global-color-5)","background-image":"","background-repeat":"repeat","background-position":"center center","background-size":"auto","background-attachment":"scroll","background-type":"","background-media":"","overlay-type":"","overlay-color":"","overlay-opacity":"","overlay-gradient":""},"tablet":{"background-color":"","background-image":"","background-repeat":"repeat","background-position":"center center","background-size":"auto","background-attachment":"scroll","background-type":"","background-media":"","overlay-type":"","overlay-color":"","overlay-opacity":"","overlay-gradient":""},"mobile":{"background-color":"","background-image":"","background-repeat":"repeat","background-position":"center center","background-size":"auto","background-attachment":"scroll","background-type":"","background-media":"","overlay-type":"","overlay-color":"","overlay-opacity":"","overlay-gradient":""}},"ast-content-background-meta":{"desktop":{"background-color":"var(--ast-global-color-4)","background-image":"","background-repeat":"repeat","background-position":"center center","background-size":"auto","background-attachment":"scroll","background-type":"","background-media":"","overlay-type":"","overlay-color":"","overlay-opacity":"","overlay-gradient":""},"tablet":{"background-color":"var(--ast-global-color-4)","background-image":"","background-repeat":"repeat","background-position":"center center","background-size":"auto","background-attachment":"scroll","background-type":"","background-media":"","overlay-type":"","overlay-color":"","overlay-opacity":"","overlay-gradient":""},"mobile":{"background-color":"var(--ast-global-color-4)","background-image":"","background-repeat":"repeat","background-position":"center center","background-size":"auto","background-attachment":"scroll","background-type":"","background-media":"","overlay-type":"","overlay-color":"","overlay-opacity":"","overlay-gradient":""}}},"product_brand":[],"product_cat":[19],"product_tag":[],"class_list":{"0":"post-12898","1":"product","2":"type-product","3":"status-publish","4":"has-post-thumbnail","6":"product_cat-uncategorized","7":"pa_32219_bh800300-guld","8":"pa_32219_bh800300-soelv","9":"pa_32219_r5kqf8ts-til-hoejre","10":"pa_32219_r5kqf8ts-til-venstre","11":"desktop-align-left","12":"tablet-align-left","13":"mobile-align-left","15":"first","16":"instock","17":"shipping-taxable","18":"purchasable","19":"product-type-variable","20":"has-default-attributes"},"_links":{"self":[{"href":"https:\/\/ecostera.com\/dk\/wp-json\/wp\/v2\/product\/12898","targetHints":{"allow":["GET"]}}],"collection":[{"href":"https:\/\/ecostera.com\/dk\/wp-json\/wp\/v2\/product"}],"about":[{"href":"https:\/\/ecostera.com\/dk\/wp-json\/wp\/v2\/types\/product"}],"replies":[{"embeddable":true,"href":"https:\/\/ecostera.com\/dk\/wp-json\/wp\/v2\/comments?post=12898"}],"wp:featuredmedia":[{"embeddable":true,"href":"https:\/\/ecostera.com\/dk\/wp-json\/wp\/v2\/media\/12894"}],"wp:attachment":[{"href":"https:\/\/ecostera.com\/dk\/wp-json\/wp\/v2\/media?parent=12898"}],"wp:term":[{"taxonomy":"product_brand","embeddable":true,"href":"https:\/\/ecostera.com\/dk\/wp-json\/wp\/v2\/product_brand?post=12898"},{"taxonomy":"product_cat","embeddable":true,"href":"https:\/\/ecostera.com\/dk\/wp-json\/wp\/v2\/product_cat?post=12898"},{"taxonomy":"product_tag","embeddable":true,"href":"https:\/\/ecostera.com\/dk\/wp-json\/wp\/v2\/product_tag?post=12898"}],"curies":[{"name":"wp","href":"https:\/\/api.w.org\/{rel}","templated":true}]}}