{"id":13060,"date":"2025-09-11T08:48:24","date_gmt":"2025-09-11T05:48:24","guid":{"rendered":"https:\/\/ecostera.com\/dk\/product\/gulvlampe\/"},"modified":"2025-09-11T08:48:24","modified_gmt":"2025-09-11T05:48:24","slug":"gulvlampe","status":"publish","type":"product","link":"https:\/\/ecostera.com\/dk\/product\/gulvlampe\/","title":{"rendered":"Gulvlampe"},"content":{"rendered":"<p style=\"text-align: center\"><strong>\ud83d\udca1Introduktion af gulvlampen &#8211; dit magiske lys til dr\u00f8mmende n\u00e6tter og stilfulde rum.\ud83d\udc9c<\/strong><\/p>\n<p style=\"text-align: center\"><span style=\"font-weight: 400\">Denne lampe lyser ikke bare &#8211; den bl\u00e6nder med farve og m\u00f8nster, s\u00e5 dit rum f\u00f8les magisk og hyggeligt p\u00e5 samme tid.<\/span><\/p>\n<p><img decoding=\"async\" class=\"size-full wp-image-16372 aligncenter\" src=\"https:\/\/keluvo.com\/template\/wp-content\/uploads\/sites\/5\/2025\/04\/728ed45c-7a90-4d94-bebf-6f941f5dbed3.webp\" alt=\"\" \/><\/p>\n<h2 style=\"text-align: center\">Hovedfordele<\/h2>\n<p><span style=\"font-weight: 400\">3D-effekt &#8211; skaber et sjovt, livagtigt gl\u00f8dende m\u00f8nster<\/span><\/p>\n<p><span style=\"font-weight: 400\">Romantisk belysning &#8211; lys, farverig gl\u00f8d til hyggelige aftener<\/span><\/p>\n<p><span style=\"font-weight: 400\">Sikker for \u00f8jnene &#8211; ingen flimmer, intet skarpt lys, ingen summen<\/span><\/p>\n<p><span style=\"font-weight: 400\">Brug den overalt &#8211; indend\u00f8rs eller udend\u00f8rs til fester eller boligindretning<\/span><\/p>\n<p><span style=\"font-weight: 400\">Godt til alle aldre &#8211; perfekt til b\u00f8rnev\u00e6relser, bryllupper eller festlige begivenheder<\/span><\/p>\n<p><img decoding=\"async\" class=\"size-full wp-image-16369 aligncenter\" src=\"https:\/\/keluvo.com\/template\/wp-content\/uploads\/sites\/5\/2025\/04\/44f0c6bb-2676-4923-b345-b046ab376eda.webp\" alt=\"\" \/><\/p>\n<h2 style=\"text-align: center\">Hvordan dette produkt hj\u00e6lper dig<\/h2>\n<ul>\n<li style=\"font-weight: 400\"><span style=\"font-weight: 400\">Indretning af sovev\u00e6relser, terrasser eller stuer<\/span><span style=\"font-weight: 400\"><br \/>\n<\/span><\/li>\n<li style=\"font-weight: 400\"><span style=\"font-weight: 400\">Tilf\u00f8j farve til begivenheder som f\u00f8dselsdage eller bryllupper<\/span><\/li>\n<li style=\"font-weight: 400\"><span style=\"font-weight: 400\">Giv en gave, der er b\u00e5de sjov og nyttig.<\/span><\/li>\n<\/ul>\n<h2 style=\"text-align: center\">Pakken indeholder<b><\/b><\/h2>\n<ul>\n<li style=\"font-weight: 400\"><span style=\"font-weight: 400\">1x 3D farverig LED-gulvlampe<\/span><span style=\"font-weight: 400\"><br \/>\n<\/span><\/li>\n<li style=\"font-weight: 400\"><span style=\"font-weight: 400\">Str\u00f8mtilslutning og fod til ops\u00e6tning.<\/span><\/li>\n<\/ul>\n<p>&nbsp;<\/p>\n","protected":false},"excerpt":{"rendered":"<p>\ud83d\udca1Introduktion af gulvlampen &#8211; dit magiske lys til dr\u00f8mmende n\u00e6tter og stilfulde rum.\ud83d\udc9c Denne lampe lyser ikke bare &#8211; den [&hellip;]<\/p>\n","protected":false},"featured_media":13056,"comment_status":"open","ping_status":"closed","template":"","meta":{"site-sidebar-layout":"default","site-content-layout":"","ast-site-content-layout":"default","site-content-style":"default","site-sidebar-style":"default","ast-global-header-display":"","ast-banner-title-visibility":"","ast-main-header-display":"","ast-hfb-above-header-display":"","ast-hfb-below-header-display":"","ast-hfb-mobile-header-display":"","site-post-title":"","ast-breadcrumbs-content":"","ast-featured-img":"","footer-sml-layout":"","theme-transparent-header-meta":"default","adv-header-id-meta":"","stick-header-meta":"","header-above-stick-meta":"","header-main-stick-meta":"","header-below-stick-meta":"","astra-migrate-meta-layouts":"set","ast-page-background-enabled":"default","ast-page-background-meta":{"desktop":{"background-color":"var(--ast-global-color-5)","background-image":"","background-repeat":"repeat","background-position":"center center","background-size":"auto","background-attachment":"scroll","background-type":"","background-media":"","overlay-type":"","overlay-color":"","overlay-opacity":"","overlay-gradient":""},"tablet":{"background-color":"","background-image":"","background-repeat":"repeat","background-position":"center center","background-size":"auto","background-attachment":"scroll","background-type":"","background-media":"","overlay-type":"","overlay-color":"","overlay-opacity":"","overlay-gradient":""},"mobile":{"background-color":"","background-image":"","background-repeat":"repeat","background-position":"center center","background-size":"auto","background-attachment":"scroll","background-type":"","background-media":"","overlay-type":"","overlay-color":"","overlay-opacity":"","overlay-gradient":""}},"ast-content-background-meta":{"desktop":{"background-color":"var(--ast-global-color-4)","background-image":"","background-repeat":"repeat","background-position":"center center","background-size":"auto","background-attachment":"scroll","background-type":"","background-media":"","overlay-type":"","overlay-color":"","overlay-opacity":"","overlay-gradient":""},"tablet":{"background-color":"var(--ast-global-color-4)","background-image":"","background-repeat":"repeat","background-position":"center center","background-size":"auto","background-attachment":"scroll","background-type":"","background-media":"","overlay-type":"","overlay-color":"","overlay-opacity":"","overlay-gradient":""},"mobile":{"background-color":"var(--ast-global-color-4)","background-image":"","background-repeat":"repeat","background-position":"center center","background-size":"auto","background-attachment":"scroll","background-type":"","background-media":"","overlay-type":"","overlay-color":"","overlay-opacity":"","overlay-gradient":""}}},"product_brand":[],"product_cat":[19],"product_tag":[],"class_list":{"0":"post-13060","1":"product","2":"type-product","3":"status-publish","4":"has-post-thumbnail","6":"product_cat-uncategorized","7":"desktop-align-left","8":"tablet-align-left","9":"mobile-align-left","11":"first","12":"instock","13":"shipping-taxable","14":"purchasable","15":"product-type-simple"},"_links":{"self":[{"href":"https:\/\/ecostera.com\/dk\/wp-json\/wp\/v2\/product\/13060","targetHints":{"allow":["GET"]}}],"collection":[{"href":"https:\/\/ecostera.com\/dk\/wp-json\/wp\/v2\/product"}],"about":[{"href":"https:\/\/ecostera.com\/dk\/wp-json\/wp\/v2\/types\/product"}],"replies":[{"embeddable":true,"href":"https:\/\/ecostera.com\/dk\/wp-json\/wp\/v2\/comments?post=13060"}],"wp:featuredmedia":[{"embeddable":true,"href":"https:\/\/ecostera.com\/dk\/wp-json\/wp\/v2\/media\/13056"}],"wp:attachment":[{"href":"https:\/\/ecostera.com\/dk\/wp-json\/wp\/v2\/media?parent=13060"}],"wp:term":[{"taxonomy":"product_brand","embeddable":true,"href":"https:\/\/ecostera.com\/dk\/wp-json\/wp\/v2\/product_brand?post=13060"},{"taxonomy":"product_cat","embeddable":true,"href":"https:\/\/ecostera.com\/dk\/wp-json\/wp\/v2\/product_cat?post=13060"},{"taxonomy":"product_tag","embeddable":true,"href":"https:\/\/ecostera.com\/dk\/wp-json\/wp\/v2\/product_tag?post=13060"}],"curies":[{"name":"wp","href":"https:\/\/api.w.org\/{rel}","templated":true}]}}