{"id":13175,"date":"2025-09-11T08:56:22","date_gmt":"2025-09-11T05:56:22","guid":{"rendered":"https:\/\/ecostera.com\/dk\/product\/antenne\/"},"modified":"2025-09-30T11:04:47","modified_gmt":"2025-09-30T08:04:47","slug":"antenne","status":"publish","type":"product","link":"https:\/\/ecostera.com\/dk\/product\/antenne\/","title":{"rendered":"Antenne"},"content":{"rendered":"<p style=\"text-align: center\"><b>\ud83d\udce1 Vi pr\u00e6senterer hajfinne-bilantennen &#8211; din stilfulde opgradering til bedre signal og en sejere k\u00f8retur! \ud83d\ude97<\/b><\/p>\n<p style=\"text-align: center\"><span style=\"font-weight: 400\">Denne slanke hajfinneantenne giver din bil et moderne look, samtidig med at den forst\u00e6rker dit radiosignal. Ingen boring, ingen skader &#8211; bare tr\u00e6k af, s\u00e6t p\u00e5 og k\u00f8r!<\/span><\/p>\n<p><img decoding=\"async\" class=\"size-full wp-image-16764 aligncenter\" src=\"https:\/\/keluvo.com\/template\/wp-content\/uploads\/sites\/5\/2025\/05\/antenna-ezgif.com-video-to-webp-converter.webp\" alt=\"\" \/><\/p>\n<h2 style=\"text-align: center\">Vigtigste fordele<\/h2>\n<p><span style=\"font-weight: 400\">Forst\u00e6rker FM\/AM-signalet &#8211; klar lyd, bedre modtagelse<\/span><span style=\"font-weight: 400\"><br \/>\n<\/span><\/p>\n<p><span style=\"font-weight: 400\">Stilfuldt hajfinne-design &#8211; tilf\u00f8jer et moderne, luksuri\u00f8st touch<\/span><span style=\"font-weight: 400\"><br \/>\n<\/span><\/p>\n<p><span style=\"font-weight: 400\">Lavet af st\u00e6rk ABS-plast &#8211; falmer ikke, kn\u00e6kker ikke og skaller ikke<\/span><span style=\"font-weight: 400\"><br \/>\n<\/span><\/p>\n<p><span style=\"font-weight: 400\">Vandt\u00e6t, st\u00f8vt\u00e6t og t\u00e5ler bilvask<\/span><\/p>\n<p><span style=\"font-weight: 400\">Nem at installere &#8211; ingen boring eller specialv\u00e6rkt\u00f8j n\u00f8dvendigt<\/span><\/p>\n<p><img decoding=\"async\" class=\"size-full wp-image-16769 aligncenter\" src=\"https:\/\/keluvo.com\/template\/wp-content\/uploads\/sites\/5\/2025\/05\/4eeffa42-68d2-4f9e-8bb0-8335d0d2d9ee.webp\" alt=\"\" \/><\/p>\n<h2 style=\"text-align: center\">S\u00e5dan hj\u00e6lper dette produkt dig<\/h2>\n<p style=\"text-align: center\"><span style=\"font-weight: 400\">Hajfinne-bilantennen erstatter din gamle antenne med en elegant, h\u00f8jtydende antenne.<\/span><\/p>\n<p style=\"text-align: center\"><span style=\"font-weight: 400\"> Den er perfekt til:<\/span><\/p>\n<ul>\n<li style=\"font-weight: 400\"><span style=\"font-weight: 400\">Bilejere, der \u00f8nsker bedre radiomodtagelse<\/span><span style=\"font-weight: 400\"><br \/>\n<\/span><\/li>\n<li style=\"font-weight: 400\"><span style=\"font-weight: 400\">Tilf\u00f8jer et cool, unikt look til dit biltag<\/span><\/li>\n<li style=\"font-weight: 400\"><span style=\"font-weight: 400\">Hurtige opgraderinger uden at beskadige din bils overflade.<\/span><\/li>\n<\/ul>\n<h2 style=\"text-align: center\">\ud83d\udce6 Pakken indeholder<\/h2>\n<ul>\n<li style=\"font-weight: 400\"><span style=\"font-weight: 400\">1x hajfinne-bilradioantenne (med FM\/AM-tilslutningskabel indeni).<\/span><\/li>\n<\/ul>\n","protected":false},"excerpt":{"rendered":"<p>\ud83d\udce1 Vi pr\u00e6senterer hajfinne-bilantennen &#8211; din stilfulde opgradering til bedre signal og en sejere k\u00f8retur! \ud83d\ude97 Denne slanke hajfinneantenne giver [&hellip;]<\/p>\n","protected":false},"featured_media":13171,"comment_status":"open","ping_status":"closed","template":"","meta":{"site-sidebar-layout":"default","site-content-layout":"","ast-site-content-layout":"default","site-content-style":"default","site-sidebar-style":"default","ast-global-header-display":"","ast-banner-title-visibility":"","ast-main-header-display":"","ast-hfb-above-header-display":"","ast-hfb-below-header-display":"","ast-hfb-mobile-header-display":"","site-post-title":"","ast-breadcrumbs-content":"","ast-featured-img":"","footer-sml-layout":"","theme-transparent-header-meta":"default","adv-header-id-meta":"","stick-header-meta":"","header-above-stick-meta":"","header-main-stick-meta":"","header-below-stick-meta":"","astra-migrate-meta-layouts":"set","ast-page-background-enabled":"default","ast-page-background-meta":{"desktop":{"background-color":"var(--ast-global-color-5)","background-image":"","background-repeat":"repeat","background-position":"center center","background-size":"auto","background-attachment":"scroll","background-type":"","background-media":"","overlay-type":"","overlay-color":"","overlay-opacity":"","overlay-gradient":""},"tablet":{"background-color":"","background-image":"","background-repeat":"repeat","background-position":"center center","background-size":"auto","background-attachment":"scroll","background-type":"","background-media":"","overlay-type":"","overlay-color":"","overlay-opacity":"","overlay-gradient":""},"mobile":{"background-color":"","background-image":"","background-repeat":"repeat","background-position":"center center","background-size":"auto","background-attachment":"scroll","background-type":"","background-media":"","overlay-type":"","overlay-color":"","overlay-opacity":"","overlay-gradient":""}},"ast-content-background-meta":{"desktop":{"background-color":"var(--ast-global-color-4)","background-image":"","background-repeat":"repeat","background-position":"center center","background-size":"auto","background-attachment":"scroll","background-type":"","background-media":"","overlay-type":"","overlay-color":"","overlay-opacity":"","overlay-gradient":""},"tablet":{"background-color":"var(--ast-global-color-4)","background-image":"","background-repeat":"repeat","background-position":"center center","background-size":"auto","background-attachment":"scroll","background-type":"","background-media":"","overlay-type":"","overlay-color":"","overlay-opacity":"","overlay-gradient":""},"mobile":{"background-color":"var(--ast-global-color-4)","background-image":"","background-repeat":"repeat","background-position":"center center","background-size":"auto","background-attachment":"scroll","background-type":"","background-media":"","overlay-type":"","overlay-color":"","overlay-opacity":"","overlay-gradient":""}}},"product_brand":[],"product_cat":[19],"product_tag":[],"class_list":{"0":"post-13175","1":"product","2":"type-product","3":"status-publish","4":"has-post-thumbnail","6":"product_cat-uncategorized","7":"pa_19207_7yr6t4p2-blaa","8":"pa_19207_7yr6t4p2-hvid","9":"pa_19207_7yr6t4p2-moerkegraa","10":"pa_19207_7yr6t4p2-roed","11":"pa_19207_7yr6t4p2-soelv","12":"pa_19207_7yr6t4p2-sort","13":"desktop-align-left","14":"tablet-align-left","15":"mobile-align-left","17":"first","18":"instock","19":"shipping-taxable","20":"purchasable","21":"product-type-variable"},"_links":{"self":[{"href":"https:\/\/ecostera.com\/dk\/wp-json\/wp\/v2\/product\/13175","targetHints":{"allow":["GET"]}}],"collection":[{"href":"https:\/\/ecostera.com\/dk\/wp-json\/wp\/v2\/product"}],"about":[{"href":"https:\/\/ecostera.com\/dk\/wp-json\/wp\/v2\/types\/product"}],"replies":[{"embeddable":true,"href":"https:\/\/ecostera.com\/dk\/wp-json\/wp\/v2\/comments?post=13175"}],"wp:featuredmedia":[{"embeddable":true,"href":"https:\/\/ecostera.com\/dk\/wp-json\/wp\/v2\/media\/13171"}],"wp:attachment":[{"href":"https:\/\/ecostera.com\/dk\/wp-json\/wp\/v2\/media?parent=13175"}],"wp:term":[{"taxonomy":"product_brand","embeddable":true,"href":"https:\/\/ecostera.com\/dk\/wp-json\/wp\/v2\/product_brand?post=13175"},{"taxonomy":"product_cat","embeddable":true,"href":"https:\/\/ecostera.com\/dk\/wp-json\/wp\/v2\/product_cat?post=13175"},{"taxonomy":"product_tag","embeddable":true,"href":"https:\/\/ecostera.com\/dk\/wp-json\/wp\/v2\/product_tag?post=13175"}],"curies":[{"name":"wp","href":"https:\/\/api.w.org\/{rel}","templated":true}]}}