{"id":13196,"date":"2025-09-11T08:57:32","date_gmt":"2025-09-11T05:57:32","guid":{"rendered":"https:\/\/ecostera.com\/dk\/product\/moebelhjul\/"},"modified":"2025-09-30T11:05:18","modified_gmt":"2025-09-30T08:05:18","slug":"moebelhjul","status":"publish","type":"product","link":"https:\/\/ecostera.com\/dk\/product\/moebelhjul\/","title":{"rendered":"M\u00f8belhjul"},"content":{"rendered":"<p style=\"text-align: center\"><b>\ud83c\udfe0 Vi pr\u00e6senterer m\u00f8belhjulene &#8211; din letbev\u00e6gelige hj\u00e6lper til nem opbevaring! \ud83d\udecc<\/b><\/p>\n<p style=\"text-align: center\"><span style=\"font-weight: 400\">Disse sm\u00e5, men st\u00e6rke hjul kl\u00e6ber direkte p\u00e5 opbevaringskasser, hylder eller beholdere. Flyt dine ting uden at l\u00f8fte &#8211; bare rul dem!<\/span><\/p>\n<p><img decoding=\"async\" class=\"size-full wp-image-16941 aligncenter\" src=\"https:\/\/keluvo.com\/template\/wp-content\/uploads\/sites\/5\/2025\/05\/wheeel-ezgif.com-video-to-webp-converter.webp\" alt=\"\" \/><\/p>\n<h2 style=\"text-align: center\">Hovedfordele<\/h2>\n<p><span style=\"font-weight: 400\">Selvkl\u00e6bende hjul &#8211; ingen brug for v\u00e6rkt\u00f8j eller skruer<\/span><span style=\"font-weight: 400\"><br \/>\n<\/span><\/p>\n<p><span style=\"font-weight: 400\">Ruller j\u00e6vnt og stille &#8211; ikke mere sl\u00e6ben eller l\u00f8ft<\/span><span style=\"font-weight: 400\"><br \/>\n<\/span><\/p>\n<p><span style=\"font-weight: 400\">Lavet af st\u00e6rkt ABS og rustfrit st\u00e5l &#8211; bygget til at holde<\/span><span style=\"font-weight: 400\"><br \/>\n<\/span><\/p>\n<p><span style=\"font-weight: 400\">Sikkert og nemt at bruge &#8211; afrundede kanter skader ikke dine h\u00e6nder<\/span><\/p>\n<p><span style=\"font-weight: 400\">Virker p\u00e5 mange overflader &#8211; plastkasser, skuffer under sengen, hylder og meget mere<\/span><\/p>\n<p><img decoding=\"async\" class=\"size-full wp-image-16943 aligncenter\" src=\"https:\/\/keluvo.com\/template\/wp-content\/uploads\/sites\/5\/2025\/05\/b0c5bb40-ea69-44eb-86e9-c8733ec39cbc.webp\" alt=\"\" \/><\/p>\n<h2 style=\"text-align: center\">S\u00e5dan Hj\u00e6lper Dette Produkt Dig<\/h2>\n<p style=\"text-align: center\"><span style=\"font-weight: 400\">De selvkl\u00e6bende m\u00f8belhjul hj\u00e6lper med at g\u00f8re enhver opbevaringsboks mobil p\u00e5 f\u00e5 sekunder.<\/span><\/p>\n<p style=\"text-align: center\"><span style=\"font-weight: 400\"> De er perfekte til:<\/span><\/p>\n<ul>\n<li style=\"font-weight: 400\"><span style=\"font-weight: 400\">Flytte tunge kasser uden at f\u00e5 ondt i ryggen<\/span><span style=\"font-weight: 400\"><br \/>\n<\/span><\/li>\n<li style=\"font-weight: 400\"><span style=\"font-weight: 400\">Flytte opbevaring fra under senge eller hylder<\/span><\/li>\n<li style=\"font-weight: 400\"><span style=\"font-weight: 400\">G\u00f8re reng\u00f8ring og organisering nemmere.<\/span><\/li>\n<\/ul>\n<h2 style=\"text-align: center\">\ud83d\udce6Pakken Indeholder<\/h2>\n<ul>\n<li style=\"font-weight: 400\"><span style=\"font-weight: 400\">4, 8, 12, 16\u00d7 selvkl\u00e6bende m\u00f8belhjul (St\u00f8rrelse: 4,5 cm x 2,8 cm x 1,4 cm).<\/span><\/li>\n<\/ul>\n<p>&nbsp;<\/p>\n","protected":false},"excerpt":{"rendered":"<p>\ud83c\udfe0 Vi pr\u00e6senterer m\u00f8belhjulene &#8211; din letbev\u00e6gelige hj\u00e6lper til nem opbevaring! \ud83d\udecc Disse sm\u00e5, men st\u00e6rke hjul kl\u00e6ber direkte p\u00e5 [&hellip;]<\/p>\n","protected":false},"featured_media":13192,"comment_status":"open","ping_status":"closed","template":"","meta":{"site-sidebar-layout":"default","site-content-layout":"","ast-site-content-layout":"default","site-content-style":"default","site-sidebar-style":"default","ast-global-header-display":"","ast-banner-title-visibility":"","ast-main-header-display":"","ast-hfb-above-header-display":"","ast-hfb-below-header-display":"","ast-hfb-mobile-header-display":"","site-post-title":"","ast-breadcrumbs-content":"","ast-featured-img":"","footer-sml-layout":"","theme-transparent-header-meta":"default","adv-header-id-meta":"","stick-header-meta":"","header-above-stick-meta":"","header-main-stick-meta":"","header-below-stick-meta":"","astra-migrate-meta-layouts":"set","ast-page-background-enabled":"default","ast-page-background-meta":{"desktop":{"background-color":"var(--ast-global-color-5)","background-image":"","background-repeat":"repeat","background-position":"center center","background-size":"auto","background-attachment":"scroll","background-type":"","background-media":"","overlay-type":"","overlay-color":"","overlay-opacity":"","overlay-gradient":""},"tablet":{"background-color":"","background-image":"","background-repeat":"repeat","background-position":"center center","background-size":"auto","background-attachment":"scroll","background-type":"","background-media":"","overlay-type":"","overlay-color":"","overlay-opacity":"","overlay-gradient":""},"mobile":{"background-color":"","background-image":"","background-repeat":"repeat","background-position":"center center","background-size":"auto","background-attachment":"scroll","background-type":"","background-media":"","overlay-type":"","overlay-color":"","overlay-opacity":"","overlay-gradient":""}},"ast-content-background-meta":{"desktop":{"background-color":"var(--ast-global-color-4)","background-image":"","background-repeat":"repeat","background-position":"center center","background-size":"auto","background-attachment":"scroll","background-type":"","background-media":"","overlay-type":"","overlay-color":"","overlay-opacity":"","overlay-gradient":""},"tablet":{"background-color":"var(--ast-global-color-4)","background-image":"","background-repeat":"repeat","background-position":"center center","background-size":"auto","background-attachment":"scroll","background-type":"","background-media":"","overlay-type":"","overlay-color":"","overlay-opacity":"","overlay-gradient":""},"mobile":{"background-color":"var(--ast-global-color-4)","background-image":"","background-repeat":"repeat","background-position":"center center","background-size":"auto","background-attachment":"scroll","background-type":"","background-media":"","overlay-type":"","overlay-color":"","overlay-opacity":"","overlay-gradient":""}}},"product_brand":[],"product_cat":[19],"product_tag":[],"class_list":{"0":"post-13196","1":"product","2":"type-product","3":"status-publish","4":"has-post-thumbnail","6":"product_cat-uncategorized","7":"pa_18874_pm6d36kj-4-stk","8":"pa_18874_pm6d36kj-8-stk","9":"pa_18874_pm6d36kj-12-stk","10":"pa_18874_pm6d36kj-16-stk","11":"desktop-align-left","12":"tablet-align-left","13":"mobile-align-left","15":"first","16":"instock","17":"shipping-taxable","18":"purchasable","19":"product-type-variable"},"_links":{"self":[{"href":"https:\/\/ecostera.com\/dk\/wp-json\/wp\/v2\/product\/13196","targetHints":{"allow":["GET"]}}],"collection":[{"href":"https:\/\/ecostera.com\/dk\/wp-json\/wp\/v2\/product"}],"about":[{"href":"https:\/\/ecostera.com\/dk\/wp-json\/wp\/v2\/types\/product"}],"replies":[{"embeddable":true,"href":"https:\/\/ecostera.com\/dk\/wp-json\/wp\/v2\/comments?post=13196"}],"wp:featuredmedia":[{"embeddable":true,"href":"https:\/\/ecostera.com\/dk\/wp-json\/wp\/v2\/media\/13192"}],"wp:attachment":[{"href":"https:\/\/ecostera.com\/dk\/wp-json\/wp\/v2\/media?parent=13196"}],"wp:term":[{"taxonomy":"product_brand","embeddable":true,"href":"https:\/\/ecostera.com\/dk\/wp-json\/wp\/v2\/product_brand?post=13196"},{"taxonomy":"product_cat","embeddable":true,"href":"https:\/\/ecostera.com\/dk\/wp-json\/wp\/v2\/product_cat?post=13196"},{"taxonomy":"product_tag","embeddable":true,"href":"https:\/\/ecostera.com\/dk\/wp-json\/wp\/v2\/product_tag?post=13196"}],"curies":[{"name":"wp","href":"https:\/\/api.w.org\/{rel}","templated":true}]}}