{"id":13313,"date":"2025-09-11T09:07:27","date_gmt":"2025-09-11T06:07:27","guid":{"rendered":"https:\/\/ecostera.com\/dk\/product\/vandmaatte-til-kaeledyr\/"},"modified":"2025-09-15T12:13:05","modified_gmt":"2025-09-15T09:13:05","slug":"vandmaatte-til-kaeledyr","status":"publish","type":"product","link":"https:\/\/ecostera.com\/dk\/product\/vandmaatte-til-kaeledyr\/","title":{"rendered":"Vandm\u00e5tte til k\u00e6ledyr"},"content":{"rendered":"<p style=\"text-align: center\"><b>\ud83d\udca6 Vi introducerer vandm\u00e5tten til k\u00e6ledyr &#8211; din kats legende og afslappende vandland! \ud83d\udc08<\/b><\/p>\n<p style=\"text-align: center\"><span style=\"font-weight: 400\">Denne bl\u00f8de vandm\u00e5tte holder din kat nysgerrig, glad og engageret. R\u00f8r ved m\u00e5tten, og se fiskene &#8220;sv\u00f8mme&#8221; indeni &#8211; det er som et mini-hav derhjemme!<\/span><\/p>\n<p><img decoding=\"async\" class=\"size-full wp-image-16957 aligncenter\" src=\"https:\/\/keluvo.com\/template\/wp-content\/uploads\/sites\/5\/2025\/05\/paet-ezgif.com-video-to-webp-converter.webp\" alt=\"\" \/><\/p>\n<h2 style=\"text-align: center\">Vigtigste Fordele<\/h2>\n<p><span style=\"font-weight: 400\">Interaktiv sanseleg &#8211; katte elsker at pille ved fisk, der bev\u00e6ger sig indeni<\/span><span style=\"font-weight: 400\"><br \/>\n<\/span><\/p>\n<p><span style=\"font-weight: 400\">Fantastisk til b\u00e5de leg og hvile &#8211; behagelig, hyggelig og k\u00f8lig at ligge p\u00e5<\/span><span style=\"font-weight: 400\"><br \/>\n<\/span><\/p>\n<p><span style=\"font-weight: 400\">Lavet af st\u00e6rk PVC af h\u00f8j kvalitet &#8211; langtidsholdbar og sikker<\/span><span style=\"font-weight: 400\"><br \/>\n<\/span><\/p>\n<p><span style=\"font-weight: 400\">Sjove undervandsdesigns &#8211; stimulerer din kats sind og sanser<\/span><span style=\"font-weight: 400\"><br \/>\n<\/span><\/p>\n<p><span style=\"font-weight: 400\">Ogs\u00e5 sjovt for b\u00f8rn &#8211; nyd at se p\u00e5 eller lege sammen<\/span><\/p>\n<p><img decoding=\"async\" class=\"size-full wp-image-16960 aligncenter\" src=\"https:\/\/keluvo.com\/template\/wp-content\/uploads\/sites\/5\/2025\/05\/301e182f-3aae-43f7-a649-462a7bff0620.webp\" alt=\"&quot;\" \/><\/p>\n<h2 style=\"text-align: center\">Hvordan Dette Produkt Hj\u00e6lper Dig<\/h2>\n<p style=\"text-align: center\"><span style=\"font-weight: 400\">Vandm\u00e5tten til k\u00e6ledyr er mere end et stykke leget\u00f8j &#8211; den hj\u00e6lper med at holde din kat mentalt aktiv, fysisk legesyg og gladeligt underholdt.<\/span><\/p>\n<p style=\"text-align: center\"><span style=\"font-weight: 400\"> Den er perfekt til:<\/span><\/p>\n<ul>\n<li style=\"font-weight: 400\"><span style=\"font-weight: 400\">At holde din kat besk\u00e6ftiget indend\u00f8rs<\/span><span style=\"font-weight: 400\"><br \/>\n<\/span><\/li>\n<li style=\"font-weight: 400\"><span style=\"font-weight: 400\">Sensorisk leg, der engagerer ber\u00f8ring og syn<\/span><\/li>\n<li style=\"font-weight: 400\"><span style=\"font-weight: 400\">Del interaktiv sjov med dit k\u00e6ledyr og din familie.<\/span><\/li>\n<\/ul>\n<h2 style=\"text-align: center\">\ud83d\udce6 Pakken Indeholder<\/h2>\n<ul>\n<li style=\"font-weight: 400\"><span style=\"font-weight: 400\">1x vandm\u00e5tte til k\u00e6ledyr (interaktivt fiskedesign).<\/span><span style=\"font-weight: 400\"><br \/>\n<\/span><\/li>\n<\/ul>\n","protected":false},"excerpt":{"rendered":"<p>\ud83d\udca6 Vi introducerer vandm\u00e5tten til k\u00e6ledyr &#8211; din kats legende og afslappende vandland! \ud83d\udc08 Denne bl\u00f8de vandm\u00e5tte holder din kat [&hellip;]<\/p>\n","protected":false},"featured_media":13309,"comment_status":"open","ping_status":"closed","template":"","meta":{"site-sidebar-layout":"default","site-content-layout":"","ast-site-content-layout":"default","site-content-style":"default","site-sidebar-style":"default","ast-global-header-display":"","ast-banner-title-visibility":"","ast-main-header-display":"","ast-hfb-above-header-display":"","ast-hfb-below-header-display":"","ast-hfb-mobile-header-display":"","site-post-title":"","ast-breadcrumbs-content":"","ast-featured-img":"","footer-sml-layout":"","theme-transparent-header-meta":"default","adv-header-id-meta":"","stick-header-meta":"","header-above-stick-meta":"","header-main-stick-meta":"","header-below-stick-meta":"","astra-migrate-meta-layouts":"set","ast-page-background-enabled":"default","ast-page-background-meta":{"desktop":{"background-color":"var(--ast-global-color-5)","background-image":"","background-repeat":"repeat","background-position":"center center","background-size":"auto","background-attachment":"scroll","background-type":"","background-media":"","overlay-type":"","overlay-color":"","overlay-opacity":"","overlay-gradient":""},"tablet":{"background-color":"","background-image":"","background-repeat":"repeat","background-position":"center center","background-size":"auto","background-attachment":"scroll","background-type":"","background-media":"","overlay-type":"","overlay-color":"","overlay-opacity":"","overlay-gradient":""},"mobile":{"background-color":"","background-image":"","background-repeat":"repeat","background-position":"center center","background-size":"auto","background-attachment":"scroll","background-type":"","background-media":"","overlay-type":"","overlay-color":"","overlay-opacity":"","overlay-gradient":""}},"ast-content-background-meta":{"desktop":{"background-color":"var(--ast-global-color-4)","background-image":"","background-repeat":"repeat","background-position":"center center","background-size":"auto","background-attachment":"scroll","background-type":"","background-media":"","overlay-type":"","overlay-color":"","overlay-opacity":"","overlay-gradient":""},"tablet":{"background-color":"var(--ast-global-color-4)","background-image":"","background-repeat":"repeat","background-position":"center center","background-size":"auto","background-attachment":"scroll","background-type":"","background-media":"","overlay-type":"","overlay-color":"","overlay-opacity":"","overlay-gradient":""},"mobile":{"background-color":"var(--ast-global-color-4)","background-image":"","background-repeat":"repeat","background-position":"center center","background-size":"auto","background-attachment":"scroll","background-type":"","background-media":"","overlay-type":"","overlay-color":"","overlay-opacity":"","overlay-gradient":""}}},"product_brand":[],"product_cat":[19],"product_tag":[],"class_list":{"0":"post-13313","1":"product","2":"type-product","3":"status-publish","4":"has-post-thumbnail","6":"product_cat-uncategorized","7":"pa_29909_qi5u5ob9-a","8":"pa_29909_qi5u5ob9-b","9":"pa_29909_qi5u5ob9-c","10":"pa_29909_qi5u5ob9-d","11":"pa_29909_qi5u5ob9-e","12":"pa_29909_qi5u5ob9-f","13":"pa_29909_qi5u5ob9-g","14":"pa_29909_qi5u5ob9-h","15":"pa_29909_qi5u5ob9-i","16":"pa_29909_qi5u5ob9-j","17":"pa_29909_qi5u5ob9-k","18":"pa_29909_qi5u5ob9-l","19":"pa_29909_qi5u5ob9-m","20":"pa_29909_qi5u5ob9-n","21":"pa_29909_qi5u5ob9-o","22":"desktop-align-left","23":"tablet-align-left","24":"mobile-align-left","26":"first","27":"instock","28":"shipping-taxable","29":"purchasable","30":"product-type-variable"},"_links":{"self":[{"href":"https:\/\/ecostera.com\/dk\/wp-json\/wp\/v2\/product\/13313","targetHints":{"allow":["GET"]}}],"collection":[{"href":"https:\/\/ecostera.com\/dk\/wp-json\/wp\/v2\/product"}],"about":[{"href":"https:\/\/ecostera.com\/dk\/wp-json\/wp\/v2\/types\/product"}],"replies":[{"embeddable":true,"href":"https:\/\/ecostera.com\/dk\/wp-json\/wp\/v2\/comments?post=13313"}],"wp:featuredmedia":[{"embeddable":true,"href":"https:\/\/ecostera.com\/dk\/wp-json\/wp\/v2\/media\/13309"}],"wp:attachment":[{"href":"https:\/\/ecostera.com\/dk\/wp-json\/wp\/v2\/media?parent=13313"}],"wp:term":[{"taxonomy":"product_brand","embeddable":true,"href":"https:\/\/ecostera.com\/dk\/wp-json\/wp\/v2\/product_brand?post=13313"},{"taxonomy":"product_cat","embeddable":true,"href":"https:\/\/ecostera.com\/dk\/wp-json\/wp\/v2\/product_cat?post=13313"},{"taxonomy":"product_tag","embeddable":true,"href":"https:\/\/ecostera.com\/dk\/wp-json\/wp\/v2\/product_tag?post=13313"}],"curies":[{"name":"wp","href":"https:\/\/api.w.org\/{rel}","templated":true}]}}