{"id":13353,"date":"2025-09-11T09:09:44","date_gmt":"2025-09-11T06:09:44","guid":{"rendered":"https:\/\/ecostera.com\/dk\/product\/oejenbrynsblyant\/"},"modified":"2025-10-07T16:22:46","modified_gmt":"2025-10-07T13:22:46","slug":"oejenbrynsblyant","status":"publish","type":"product","link":"https:\/\/ecostera.com\/dk\/product\/oejenbrynsblyant\/","title":{"rendered":"\u00d8jenbrynsblyant"},"content":{"rendered":"<p style=\"text-align: center\"><strong>\ud83d\udc84 Vi pr\u00e6senterer 4-punkts \u00f8jenbrynsblyanten \u2013 din nemme vej til perfekte, naturlige bryn hver dag! \ud83e\udd0e<\/strong><\/p>\n<p style=\"text-align: center\">Denne \u00f8jenbrynsblyant har et smart design med fire spidser, der g\u00f8r det nemt at tegne brynh\u00e5r, der ser \u00e6gte ud. Den er hurtig, nem at p\u00e5f\u00f8re og holder hele dagen!<\/p>\n<p><img decoding=\"async\" class=\"size-full wp-image-16736 aligncenter\" src=\"https:\/\/keluvo.com\/template\/wp-content\/uploads\/sites\/5\/2025\/05\/eyebrowpencil-ezgif.com-video-to-webp-converter.webp\" alt=\"\" \/><\/p>\n<h2 style=\"text-align: center\">Vigtigste fordele<\/h2>\n<p>Naturligt look: Skaber bl\u00f8de og fyldige bryn, der ser \u00e6gte ud.<\/p>\n<p>4-punkts spids: Det unikke gaffeldesign tegner fine linjer, der blender perfekt med dine egne h\u00e5r.<\/p>\n<p>Langtidsholdbar: Er b\u00e5de \u201csmudge-proof\u201d og svedfast, s\u00e5 den holder hele dagen.<\/p>\n<p>Let at fjerne: Fjernes nemt med almindelig makeupfjerner eller renseolie.<\/p>\n<p>Til alle bryn: Fungerer til alle brynformer, uanset om de er tynde, tykke, buede eller lige.<\/p>\n<p><img decoding=\"async\" class=\"size-full wp-image-16738 aligncenter\" src=\"https:\/\/keluvo.com\/template\/wp-content\/uploads\/sites\/5\/2025\/05\/fd3c597e-954d-4ae3-8bf0-d4d54abbce40.webp\" alt=\"\" \/><\/p>\n<h2 style=\"text-align: center\">S\u00e5dan hj\u00e6lper dette produkt dig<\/h2>\n<p style=\"text-align: center\">\u00d8jenbrynsblyanten med fire spidser er dit v\u00e6rkt\u00f8j til hurtige, rene og smukke \u00f8jenbryn.<\/p>\n<p style=\"text-align: center\"><span style=\"font-weight: 400\"> Den er perfekt til:<\/span><\/p>\n<ul>\n<li style=\"font-weight: 400\">Begyndere og professionelle, der \u00f8nsker flotte bryn uden besv\u00e6r.<\/li>\n<li style=\"font-weight: 400\">At holde dine bryn definerede og p\u00e6ne fra morgen til aften.<\/li>\n<li style=\"font-weight: 400\">At matche din naturlige h\u00e5rfarve med en af de fem tilg\u00e6ngelige nuancer.<\/li>\n<\/ul>\n<h2 style=\"text-align: center\">Pakken indeholder<\/h2>\n<ul>\n<li style=\"font-weight: 400\">1, 2 eller 4 x 4-punkts \u00f8jenbrynsblyant.<\/li>\n<\/ul>\n","protected":false},"excerpt":{"rendered":"<p>\ud83d\udc84 Vi pr\u00e6senterer 4-punkts \u00f8jenbrynsblyanten \u2013 din nemme vej til perfekte, naturlige bryn hver dag! \ud83e\udd0e Denne \u00f8jenbrynsblyant har et [&hellip;]<\/p>\n","protected":false},"featured_media":13349,"comment_status":"open","ping_status":"closed","template":"","meta":{"site-sidebar-layout":"default","site-content-layout":"","ast-site-content-layout":"default","site-content-style":"default","site-sidebar-style":"default","ast-global-header-display":"","ast-banner-title-visibility":"","ast-main-header-display":"","ast-hfb-above-header-display":"","ast-hfb-below-header-display":"","ast-hfb-mobile-header-display":"","site-post-title":"","ast-breadcrumbs-content":"","ast-featured-img":"","footer-sml-layout":"","theme-transparent-header-meta":"default","adv-header-id-meta":"","stick-header-meta":"","header-above-stick-meta":"","header-main-stick-meta":"","header-below-stick-meta":"","astra-migrate-meta-layouts":"set","ast-page-background-enabled":"default","ast-page-background-meta":{"desktop":{"background-color":"var(--ast-global-color-5)","background-image":"","background-repeat":"repeat","background-position":"center center","background-size":"auto","background-attachment":"scroll","background-type":"","background-media":"","overlay-type":"","overlay-color":"","overlay-opacity":"","overlay-gradient":""},"tablet":{"background-color":"","background-image":"","background-repeat":"repeat","background-position":"center center","background-size":"auto","background-attachment":"scroll","background-type":"","background-media":"","overlay-type":"","overlay-color":"","overlay-opacity":"","overlay-gradient":""},"mobile":{"background-color":"","background-image":"","background-repeat":"repeat","background-position":"center center","background-size":"auto","background-attachment":"scroll","background-type":"","background-media":"","overlay-type":"","overlay-color":"","overlay-opacity":"","overlay-gradient":""}},"ast-content-background-meta":{"desktop":{"background-color":"var(--ast-global-color-4)","background-image":"","background-repeat":"repeat","background-position":"center center","background-size":"auto","background-attachment":"scroll","background-type":"","background-media":"","overlay-type":"","overlay-color":"","overlay-opacity":"","overlay-gradient":""},"tablet":{"background-color":"var(--ast-global-color-4)","background-image":"","background-repeat":"repeat","background-position":"center center","background-size":"auto","background-attachment":"scroll","background-type":"","background-media":"","overlay-type":"","overlay-color":"","overlay-opacity":"","overlay-gradient":""},"mobile":{"background-color":"var(--ast-global-color-4)","background-image":"","background-repeat":"repeat","background-position":"center center","background-size":"auto","background-attachment":"scroll","background-type":"","background-media":"","overlay-type":"","overlay-color":"","overlay-opacity":"","overlay-gradient":""}}},"product_brand":[],"product_cat":[19],"product_tag":[],"class_list":{"0":"post-13353","1":"product","2":"type-product","3":"status-publish","4":"has-post-thumbnail","6":"product_cat-uncategorized","7":"pa_22262_7xr32sdr-1-stk","8":"pa_22262_7xr32sdr-2-stk","9":"pa_22262_7xr32sdr-4-stk","10":"pa_22262_gxb750zq-brun","11":"pa_22262_gxb750zq-lysebrun","12":"pa_22262_gxb750zq-moerkebrun","13":"pa_22262_gxb750zq-roedbrun","14":"pa_22262_gxb750zq-sort","15":"desktop-align-left","16":"tablet-align-left","17":"mobile-align-left","19":"first","20":"instock","21":"shipping-taxable","22":"purchasable","23":"product-type-variable","24":"has-default-attributes"},"_links":{"self":[{"href":"https:\/\/ecostera.com\/dk\/wp-json\/wp\/v2\/product\/13353","targetHints":{"allow":["GET"]}}],"collection":[{"href":"https:\/\/ecostera.com\/dk\/wp-json\/wp\/v2\/product"}],"about":[{"href":"https:\/\/ecostera.com\/dk\/wp-json\/wp\/v2\/types\/product"}],"replies":[{"embeddable":true,"href":"https:\/\/ecostera.com\/dk\/wp-json\/wp\/v2\/comments?post=13353"}],"wp:featuredmedia":[{"embeddable":true,"href":"https:\/\/ecostera.com\/dk\/wp-json\/wp\/v2\/media\/13349"}],"wp:attachment":[{"href":"https:\/\/ecostera.com\/dk\/wp-json\/wp\/v2\/media?parent=13353"}],"wp:term":[{"taxonomy":"product_brand","embeddable":true,"href":"https:\/\/ecostera.com\/dk\/wp-json\/wp\/v2\/product_brand?post=13353"},{"taxonomy":"product_cat","embeddable":true,"href":"https:\/\/ecostera.com\/dk\/wp-json\/wp\/v2\/product_cat?post=13353"},{"taxonomy":"product_tag","embeddable":true,"href":"https:\/\/ecostera.com\/dk\/wp-json\/wp\/v2\/product_tag?post=13353"}],"curies":[{"name":"wp","href":"https:\/\/api.w.org\/{rel}","templated":true}]}}