{"id":13584,"date":"2025-09-11T11:25:22","date_gmt":"2025-09-11T08:25:22","guid":{"rendered":"https:\/\/ecostera.com\/dk\/product\/sprinkleranlaeg-2\/"},"modified":"2025-09-16T13:19:59","modified_gmt":"2025-09-16T10:19:59","slug":"sprinkleranlaeg-2","status":"publish","type":"product","link":"https:\/\/ecostera.com\/dk\/product\/sprinkleranlaeg-2\/","title":{"rendered":"Sprinkleranl\u00e6g"},"content":{"rendered":"<p style=\"text-align: center\"><strong><span style=\"font-weight: 400\">\ud83d\udca6<\/span>Vand ubesv\u00e6ret din gr\u00e6spl\u00e6ne eller have med kraftfuld 360\u00b0 d\u00e6kning.<span style=\"font-weight: 400\">\ud83d\udd29<\/span><\/strong><\/p>\n<p style=\"text-align: center\"><span style=\"font-weight: 400\">Kobbersprinklersystemet leverer j\u00e6vn, fuldcirkul\u00e6r spray for at d\u00e6kke store omr\u00e5der hurtigt og effektivt. Det er lavet af holdbart kobber og designet til nem ops\u00e6tning og er ideelt til automatisk pl\u00e6nepleje, havevanding, drivhust\u00e5ge og meget mere.<\/span><\/p>\n<p><img decoding=\"async\" class=\"size-full wp-image-17472 aligncenter\" src=\"https:\/\/keluvo.com\/template\/wp-content\/uploads\/sites\/5\/2025\/05\/water-ezgif.com-video-to-webp-converter.webp\" alt=\"\" \/><\/p>\n<h2 style=\"text-align: center\">\ud83c\udf1f Hovedfordele<\/h2>\n<p><span style=\"font-weight: 400\">\ud83d\udca6 360\u00b0 roterende spray til fuld, j\u00e6vn d\u00e6kning<\/span><span style=\"font-weight: 400\"><br \/>\n<\/span><\/p>\n<p><span style=\"font-weight: 400\">\ud83c\udf31 Ideel til gr\u00e6spl\u00e6ner, haver, blomsterbede og drivhuse<\/span><span style=\"font-weight: 400\"><br \/>\n<\/span><\/p>\n<p><span style=\"font-weight: 400\">\u2699\ufe0f Lavt vandtryk kr\u00e6ves &#8211; sparer vand og tid<\/span><span style=\"font-weight: 400\"><br \/>\n<\/span><\/p>\n<p><span style=\"font-weight: 400\">\ud83e\uddf0 Enkel tilslutning til standard 1.27 cm slanger<\/span><span style=\"font-weight: 400\"><br \/>\n<\/span><\/p>\n<p><span style=\"font-weight: 400\">\ud83d\udd29 Fremstillet af slidst\u00e6rk, rustbestandig kobber<\/span><\/p>\n<p><span style=\"font-weight: 400\">\u2744\ufe0f Kan ogs\u00e5 bruges til t\u00e5geafk\u00f8ling p\u00e5 terrasser eller tage<\/span><\/p>\n<p><img decoding=\"async\" class=\"size-full wp-image-17474 aligncenter\" src=\"https:\/\/keluvo.com\/template\/wp-content\/uploads\/sites\/5\/2025\/05\/872d71df-b267-4f4e-ab38-94a2b9300515.webp\" alt=\"\" \/><\/p>\n<h2 style=\"text-align: center\">\ud83d\udee0\ufe0f S\u00e5dan Bruges<\/h2>\n<ol>\n<li style=\"font-weight: 400\"><span style=\"font-weight: 400\">Slut sprinklerens 1,27 cm udvendige gevind til din haveslange eller dit vandingssystem.<\/span><span style=\"font-weight: 400\"><br \/>\n<\/span><\/li>\n<li style=\"font-weight: 400\"><span style=\"font-weight: 400\">Placer den p\u00e5 den \u00f8nskede overflade eller monter den efter behov.<\/span><span style=\"font-weight: 400\"><br \/>\n<\/span><\/li>\n<li style=\"font-weight: 400\"><span style=\"font-weight: 400\">T\u00e6nd for vandforsyningen &#8211; sprinkleren roterer automatisk og j\u00e6vnt.<\/span><\/li>\n<li style=\"font-weight: 400\"><span style=\"font-weight: 400\">Juster placeringen efter behov for at d\u00e6kke forskellige zoner.<\/span><\/li>\n<\/ol>\n<h2 style=\"text-align: center\">\ud83d\udccf Produktdetaljer<\/h2>\n<ul>\n<li style=\"font-weight: 400\"><span style=\"font-weight: 400\">Materiale: massivt kobber<\/span><span style=\"font-weight: 400\"><br \/>\n<\/span><\/li>\n<li style=\"font-weight: 400\"><span style=\"font-weight: 400\">Tilslutning: 1,27 cm udvendigt gevind<\/span><span style=\"font-weight: 400\"><br \/>\n<\/span><\/li>\n<li style=\"font-weight: 400\"><span style=\"font-weight: 400\">Arbejdstryk: 100-150 kPa<\/span><span style=\"font-weight: 400\"><br \/>\n<\/span><\/li>\n<li style=\"font-weight: 400\"><span style=\"font-weight: 400\">Flowhastighed: 150-680 L\/t<\/span><span style=\"font-weight: 400\"><br \/>\n<\/span><\/li>\n<li style=\"font-weight: 400\"><span style=\"font-weight: 400\">Spr\u00f8jtningsdiameter: 7-11 meter<\/span><\/li>\n<li style=\"font-weight: 400\"><span style=\"font-weight: 400\">Tilg\u00e6ngelige typer: tovejs, trevejs, firevejs sprinklerhoveder<\/span><\/li>\n<\/ul>\n<h2 style=\"text-align: center\">\ud83d\udce6 Pakken Indeholder<\/h2>\n<ul>\n<li style=\"font-weight: 400\"><span style=\"font-weight: 400\">1x kobber sprinklerhoved.<\/span><\/li>\n<\/ul>\n","protected":false},"excerpt":{"rendered":"<p>\ud83d\udca6Vand ubesv\u00e6ret din gr\u00e6spl\u00e6ne eller have med kraftfuld 360\u00b0 d\u00e6kning.\ud83d\udd29 Kobbersprinklersystemet leverer j\u00e6vn, fuldcirkul\u00e6r spray for at d\u00e6kke store omr\u00e5der [&hellip;]<\/p>\n","protected":false},"featured_media":13580,"comment_status":"open","ping_status":"closed","template":"","meta":{"site-sidebar-layout":"default","site-content-layout":"","ast-site-content-layout":"default","site-content-style":"default","site-sidebar-style":"default","ast-global-header-display":"","ast-banner-title-visibility":"","ast-main-header-display":"","ast-hfb-above-header-display":"","ast-hfb-below-header-display":"","ast-hfb-mobile-header-display":"","site-post-title":"","ast-breadcrumbs-content":"","ast-featured-img":"","footer-sml-layout":"","theme-transparent-header-meta":"default","adv-header-id-meta":"","stick-header-meta":"","header-above-stick-meta":"","header-main-stick-meta":"","header-below-stick-meta":"","astra-migrate-meta-layouts":"set","ast-page-background-enabled":"default","ast-page-background-meta":{"desktop":{"background-color":"var(--ast-global-color-5)","background-image":"","background-repeat":"repeat","background-position":"center center","background-size":"auto","background-attachment":"scroll","background-type":"","background-media":"","overlay-type":"","overlay-color":"","overlay-opacity":"","overlay-gradient":""},"tablet":{"background-color":"","background-image":"","background-repeat":"repeat","background-position":"center center","background-size":"auto","background-attachment":"scroll","background-type":"","background-media":"","overlay-type":"","overlay-color":"","overlay-opacity":"","overlay-gradient":""},"mobile":{"background-color":"","background-image":"","background-repeat":"repeat","background-position":"center center","background-size":"auto","background-attachment":"scroll","background-type":"","background-media":"","overlay-type":"","overlay-color":"","overlay-opacity":"","overlay-gradient":""}},"ast-content-background-meta":{"desktop":{"background-color":"var(--ast-global-color-4)","background-image":"","background-repeat":"repeat","background-position":"center center","background-size":"auto","background-attachment":"scroll","background-type":"","background-media":"","overlay-type":"","overlay-color":"","overlay-opacity":"","overlay-gradient":""},"tablet":{"background-color":"var(--ast-global-color-4)","background-image":"","background-repeat":"repeat","background-position":"center center","background-size":"auto","background-attachment":"scroll","background-type":"","background-media":"","overlay-type":"","overlay-color":"","overlay-opacity":"","overlay-gradient":""},"mobile":{"background-color":"var(--ast-global-color-4)","background-image":"","background-repeat":"repeat","background-position":"center center","background-size":"auto","background-attachment":"scroll","background-type":"","background-media":"","overlay-type":"","overlay-color":"","overlay-opacity":"","overlay-gradient":""}}},"product_brand":[],"product_cat":[19],"product_tag":[],"class_list":{"0":"post-13584","1":"product","2":"type-product","3":"status-publish","4":"has-post-thumbnail","6":"product_cat-uncategorized","7":"pa_41903_bdoiu8vs-to-arme","8":"pa_41903_bdoiu8vs-tre-arme","9":"pa_41903_bdoiu8vs-fire-arme","10":"desktop-align-left","11":"tablet-align-left","12":"mobile-align-left","14":"first","15":"instock","16":"shipping-taxable","17":"purchasable","18":"product-type-variable"},"_links":{"self":[{"href":"https:\/\/ecostera.com\/dk\/wp-json\/wp\/v2\/product\/13584","targetHints":{"allow":["GET"]}}],"collection":[{"href":"https:\/\/ecostera.com\/dk\/wp-json\/wp\/v2\/product"}],"about":[{"href":"https:\/\/ecostera.com\/dk\/wp-json\/wp\/v2\/types\/product"}],"replies":[{"embeddable":true,"href":"https:\/\/ecostera.com\/dk\/wp-json\/wp\/v2\/comments?post=13584"}],"wp:featuredmedia":[{"embeddable":true,"href":"https:\/\/ecostera.com\/dk\/wp-json\/wp\/v2\/media\/13580"}],"wp:attachment":[{"href":"https:\/\/ecostera.com\/dk\/wp-json\/wp\/v2\/media?parent=13584"}],"wp:term":[{"taxonomy":"product_brand","embeddable":true,"href":"https:\/\/ecostera.com\/dk\/wp-json\/wp\/v2\/product_brand?post=13584"},{"taxonomy":"product_cat","embeddable":true,"href":"https:\/\/ecostera.com\/dk\/wp-json\/wp\/v2\/product_cat?post=13584"},{"taxonomy":"product_tag","embeddable":true,"href":"https:\/\/ecostera.com\/dk\/wp-json\/wp\/v2\/product_tag?post=13584"}],"curies":[{"name":"wp","href":"https:\/\/api.w.org\/{rel}","templated":true}]}}