{"id":13613,"date":"2025-09-11T11:28:03","date_gmt":"2025-09-11T08:28:03","guid":{"rendered":"https:\/\/ecostera.com\/dk\/product\/skulptur-af-dyrekunst\/"},"modified":"2025-09-11T11:28:35","modified_gmt":"2025-09-11T08:28:35","slug":"skulptur-af-dyrekunst","status":"publish","type":"product","link":"https:\/\/ecostera.com\/dk\/product\/skulptur-af-dyrekunst\/","title":{"rendered":"Skulptur af dyrekunst"},"content":{"rendered":"<p style=\"text-align: center\"><strong>\ud83d\udc08Tilf\u00f8j f\u00f8lelser og elegance til dit rum med denne minimalistiske dyreskulptur.<span style=\"font-weight: 400\">\ud83c\udf81<\/span><\/strong><\/p>\n<p style=\"text-align: center\"><span style=\"font-weight: 400\">Denne h\u00e5ndlavede dyrekunstskulptur blander moderne design med f\u00f8lelsesm\u00e6ssigt udtryk, hvilket g\u00f8r den til et unikt stykke til dit hjem eller kontor. Dens minimalistiske jernform ser fantastisk ud p\u00e5 et bord, en hylde eller en v\u00e6g &#8211; og vil helt sikkert fange opm\u00e6rksomheden, uanset hvor den placeres.<\/span><\/p>\n<p><img decoding=\"async\" class=\"size-full wp-image-17511 aligncenter\" src=\"https:\/\/keluvo.com\/template\/wp-content\/uploads\/sites\/5\/2025\/05\/420bb812-fc64-486a-9fec-05b6ded3ccde.webp\" alt=\"\" \/><\/p>\n<h2 style=\"text-align: center\">\ud83c\udf1f Vigtigste Fordele<\/h2>\n<p><span style=\"font-weight: 400\">\ud83c\udfa8 I\u00f8jnefaldende minimalistisk kunst style<\/span><span style=\"font-weight: 400\"><br \/>\n<\/span><\/p>\n<p><span style=\"font-weight: 400\">\ud83d\uddbc\ufe0f Kan placeres p\u00e5 et bord eller h\u00e6nges op p\u00e5 en v\u00e6g<\/span><span style=\"font-weight: 400\"><br \/>\n<\/span><\/p>\n<p><span style=\"font-weight: 400\">\ud83c\udfe0 Perfekt til indretning af hjem, kontor eller atelier<\/span><span style=\"font-weight: 400\"><br \/>\n<\/span><\/p>\n<p><span style=\"font-weight: 400\">\ud83d\udcac V\u00e6kker f\u00f8lelser og samtale<\/span><span style=\"font-weight: 400\"><br \/>\n<\/span><\/p>\n<p><span style=\"font-weight: 400\">\ud83d\udcaa Lavet af holdbart, rustbestandigt jern<\/span><\/p>\n<p><span style=\"font-weight: 400\">\ud83c\udf81 Fantastisk gave til kunstelskere eller indflyttere<\/span><\/p>\n<p><img decoding=\"async\" class=\"size-full wp-image-17509 aligncenter\" src=\"https:\/\/keluvo.com\/template\/wp-content\/uploads\/sites\/5\/2025\/05\/99c83f9e-4342-48cc-9c94-eac0104950d1.webp\" alt=\"\" \/><\/p>\n<h2 style=\"text-align: center\">\ud83d\udccf Produktdetaljer<\/h2>\n<ul>\n<li style=\"font-weight: 400\"><span style=\"font-weight: 400\">Materiale: jern af h\u00f8j kvalitet<\/span><span style=\"font-weight: 400\"><br \/>\n<\/span><\/li>\n<li style=\"font-weight: 400\"><span style=\"font-weight: 400\">St\u00f8rrelse: som vist p\u00e5 produktbilleder<\/span><span style=\"font-weight: 400\"><br \/>\n<\/span><\/li>\n<li style=\"font-weight: 400\"><span style=\"font-weight: 400\">V\u00e6gt: 45g<\/span><span style=\"font-weight: 400\"><br \/>\n<\/span><\/li>\n<li style=\"font-weight: 400\"><span style=\"font-weight: 400\">Stil: minimalistisk kunstindretning<\/span><\/li>\n<li style=\"font-weight: 400\"><span style=\"font-weight: 400\">Brug: indend\u00f8rs skulptur til indretning og udstilling<\/span><\/li>\n<\/ul>\n<h2 style=\"text-align: center\">\ud83d\udce6 Pakken Indeholder<\/h2>\n<ul>\n<li style=\"font-weight: 400\"><span style=\"font-weight: 400\">1x dyrekunstskulptur.<\/span><\/li>\n<\/ul>\n","protected":false},"excerpt":{"rendered":"<p>\ud83d\udc08Tilf\u00f8j f\u00f8lelser og elegance til dit rum med denne minimalistiske dyreskulptur.\ud83c\udf81 Denne h\u00e5ndlavede dyrekunstskulptur blander moderne design med f\u00f8lelsesm\u00e6ssigt udtryk, [&hellip;]<\/p>\n","protected":false},"featured_media":13609,"comment_status":"open","ping_status":"closed","template":"","meta":{"site-sidebar-layout":"default","site-content-layout":"","ast-site-content-layout":"default","site-content-style":"default","site-sidebar-style":"default","ast-global-header-display":"","ast-banner-title-visibility":"","ast-main-header-display":"","ast-hfb-above-header-display":"","ast-hfb-below-header-display":"","ast-hfb-mobile-header-display":"","site-post-title":"","ast-breadcrumbs-content":"","ast-featured-img":"","footer-sml-layout":"","theme-transparent-header-meta":"default","adv-header-id-meta":"","stick-header-meta":"","header-above-stick-meta":"","header-main-stick-meta":"","header-below-stick-meta":"","astra-migrate-meta-layouts":"set","ast-page-background-enabled":"default","ast-page-background-meta":{"desktop":{"background-color":"var(--ast-global-color-5)","background-image":"","background-repeat":"repeat","background-position":"center center","background-size":"auto","background-attachment":"scroll","background-type":"","background-media":"","overlay-type":"","overlay-color":"","overlay-opacity":"","overlay-gradient":""},"tablet":{"background-color":"","background-image":"","background-repeat":"repeat","background-position":"center center","background-size":"auto","background-attachment":"scroll","background-type":"","background-media":"","overlay-type":"","overlay-color":"","overlay-opacity":"","overlay-gradient":""},"mobile":{"background-color":"","background-image":"","background-repeat":"repeat","background-position":"center center","background-size":"auto","background-attachment":"scroll","background-type":"","background-media":"","overlay-type":"","overlay-color":"","overlay-opacity":"","overlay-gradient":""}},"ast-content-background-meta":{"desktop":{"background-color":"var(--ast-global-color-4)","background-image":"","background-repeat":"repeat","background-position":"center center","background-size":"auto","background-attachment":"scroll","background-type":"","background-media":"","overlay-type":"","overlay-color":"","overlay-opacity":"","overlay-gradient":""},"tablet":{"background-color":"var(--ast-global-color-4)","background-image":"","background-repeat":"repeat","background-position":"center center","background-size":"auto","background-attachment":"scroll","background-type":"","background-media":"","overlay-type":"","overlay-color":"","overlay-opacity":"","overlay-gradient":""},"mobile":{"background-color":"var(--ast-global-color-4)","background-image":"","background-repeat":"repeat","background-position":"center center","background-size":"auto","background-attachment":"scroll","background-type":"","background-media":"","overlay-type":"","overlay-color":"","overlay-opacity":"","overlay-gradient":""}}},"product_brand":[],"product_cat":[19],"product_tag":[],"class_list":{"0":"post-13613","1":"product","2":"type-product","3":"status-publish","4":"has-post-thumbnail","6":"product_cat-uncategorized","7":"pa_32250_4wgasxze-a","8":"pa_32250_4wgasxze-b","9":"pa_32250_4wgasxze-c","10":"pa_32250_4wgasxze-d","11":"pa_32250_4wgasxze-e","12":"pa_32250_4wgasxze-f","13":"pa_32250_4wgasxze-g","14":"pa_32250_4wgasxze-h","15":"pa_32250_4wgasxze-i","16":"desktop-align-left","17":"tablet-align-left","18":"mobile-align-left","20":"first","21":"instock","22":"shipping-taxable","23":"purchasable","24":"product-type-variable"},"_links":{"self":[{"href":"https:\/\/ecostera.com\/dk\/wp-json\/wp\/v2\/product\/13613","targetHints":{"allow":["GET"]}}],"collection":[{"href":"https:\/\/ecostera.com\/dk\/wp-json\/wp\/v2\/product"}],"about":[{"href":"https:\/\/ecostera.com\/dk\/wp-json\/wp\/v2\/types\/product"}],"replies":[{"embeddable":true,"href":"https:\/\/ecostera.com\/dk\/wp-json\/wp\/v2\/comments?post=13613"}],"wp:featuredmedia":[{"embeddable":true,"href":"https:\/\/ecostera.com\/dk\/wp-json\/wp\/v2\/media\/13609"}],"wp:attachment":[{"href":"https:\/\/ecostera.com\/dk\/wp-json\/wp\/v2\/media?parent=13613"}],"wp:term":[{"taxonomy":"product_brand","embeddable":true,"href":"https:\/\/ecostera.com\/dk\/wp-json\/wp\/v2\/product_brand?post=13613"},{"taxonomy":"product_cat","embeddable":true,"href":"https:\/\/ecostera.com\/dk\/wp-json\/wp\/v2\/product_cat?post=13613"},{"taxonomy":"product_tag","embeddable":true,"href":"https:\/\/ecostera.com\/dk\/wp-json\/wp\/v2\/product_tag?post=13613"}],"curies":[{"name":"wp","href":"https:\/\/api.w.org\/{rel}","templated":true}]}}