{"id":13871,"date":"2025-09-11T11:48:19","date_gmt":"2025-09-11T08:48:19","guid":{"rendered":"https:\/\/ecostera.com\/dk\/product\/gardiner-til-biler\/"},"modified":"2025-09-22T18:37:08","modified_gmt":"2025-09-22T15:37:08","slug":"gardiner-til-biler","status":"publish","type":"product","link":"https:\/\/ecostera.com\/dk\/product\/gardiner-til-biler\/","title":{"rendered":"Gardiner til biler"},"content":{"rendered":"<p style=\"text-align: center\"><strong>Vi Pr\u00e6senterer Bilgardinerne \u2013 Dit Smarte Skjold Mod Sol Og Nysgerrige Blikke<\/strong><\/p>\n<p style=\"text-align: center\"><span style=\"font-weight: 400\">Hold dig k\u00f8lig og privat, let at skubbe, blokerer varme og bl\u00e6nding p\u00e5 f\u00e5 sekunder.<\/span><\/p>\n<p><img decoding=\"async\" class=\"alignnone size-full wp-image-17377 aligncenter\" src=\"https:\/\/keluvo.com\/template\/wp-content\/uploads\/sites\/5\/2025\/05\/Carcurtains-ezgif.com-video-to-webp-converter.webp\" alt=\"\" \/><\/p>\n<h2 style=\"text-align: center\">Vigtigste Fordele<\/h2>\n<ul>\n<li style=\"font-weight: 400\"><span style=\"font-weight: 400\">Lader dig skubbe gardinet op eller ned n\u00e5r som helst<\/span><\/li>\n<li style=\"font-weight: 400\"><span style=\"font-weight: 400\">Blokerer varm sol og holder din bil k\u00f8lig<\/span><\/li>\n<li style=\"font-weight: 400\"><span style=\"font-weight: 400\">Giver dig privatliv uden at blokere bakspejlet<\/span><\/li>\n<li style=\"font-weight: 400\"><span style=\"font-weight: 400\">Sikkert &#8211; p\u00e5virker ikke, hvordan dine vinduer fungerer<\/span><\/li>\n<li style=\"font-weight: 400\"><span style=\"font-weight: 400\">Hj\u00e6lper med at beskytte bilens s\u00e6der og interi\u00f8r mod at falme<\/span><\/li>\n<\/ul>\n<p><img decoding=\"async\" class=\"alignnone size-full wp-image-17379 aligncenter\" src=\"https:\/\/keluvo.com\/template\/wp-content\/uploads\/sites\/5\/2025\/05\/S9e170ad8180d4906a470eaef663fce6ag.jpg_960x960q75.jpg_.jpeg\" alt=\"\" \/><\/p>\n<h2 style=\"text-align: center\">Hovedtilbud<\/h2>\n<p style=\"text-align: center\"><span style=\"font-weight: 400\">Disse bilgardiner er perfekte til alle, der \u00f8nsker komfort, skygge og privatliv. De er nemme at flytte, n\u00e5r du har brug for lys, og nemme at lukke, n\u00e5r du vil have skygge. Du holder dig k\u00f8ligere, beskytter din bil og f\u00e5r mere privatliv &#8211; alt sammen mens du k\u00f8rer sikkert. Perfekt til familier, bilture eller hverdagsbrug!<\/span><\/p>\n<h2 style=\"text-align: center\">S\u00e5dan Bruges<\/h2>\n<ol>\n<li style=\"font-weight: 400\"><span style=\"font-weight: 400\">Gardinerne s\u00e6ttes p\u00e5 bilens vinduesramme, og du kan \u00e5bne eller lukke dem, n\u00e5r du vil.<\/span><span style=\"font-weight: 400\"><br \/>\n<\/span><\/li>\n<li style=\"font-weight: 400\"><span style=\"font-weight: 400\">Lad dem sidde &#8211; de blokerer ikke for spejlet eller forhindrer vinduet i at g\u00e5 op og ned.<\/span><span style=\"font-weight: 400\"><br \/>\n<\/span><\/li>\n<\/ol>\n<h2 style=\"text-align: center\">Pakken Indeholder<\/h2>\n<ul>\n<li><span style=\"font-weight: 400\">4x bilgardiner (2x foran og 2x bagp\u00e5).<\/span><\/li>\n<\/ul>\n","protected":false},"excerpt":{"rendered":"<p>Vi Pr\u00e6senterer Bilgardinerne \u2013 Dit Smarte Skjold Mod Sol Og Nysgerrige Blikke Hold dig k\u00f8lig og privat, let at skubbe, [&hellip;]<\/p>\n","protected":false},"featured_media":13867,"comment_status":"open","ping_status":"closed","template":"","meta":{"site-sidebar-layout":"default","site-content-layout":"","ast-site-content-layout":"default","site-content-style":"default","site-sidebar-style":"default","ast-global-header-display":"","ast-banner-title-visibility":"","ast-main-header-display":"","ast-hfb-above-header-display":"","ast-hfb-below-header-display":"","ast-hfb-mobile-header-display":"","site-post-title":"","ast-breadcrumbs-content":"","ast-featured-img":"","footer-sml-layout":"","theme-transparent-header-meta":"default","adv-header-id-meta":"","stick-header-meta":"","header-above-stick-meta":"","header-main-stick-meta":"","header-below-stick-meta":"","astra-migrate-meta-layouts":"set","ast-page-background-enabled":"default","ast-page-background-meta":{"desktop":{"background-color":"var(--ast-global-color-5)","background-image":"","background-repeat":"repeat","background-position":"center center","background-size":"auto","background-attachment":"scroll","background-type":"","background-media":"","overlay-type":"","overlay-color":"","overlay-opacity":"","overlay-gradient":""},"tablet":{"background-color":"","background-image":"","background-repeat":"repeat","background-position":"center center","background-size":"auto","background-attachment":"scroll","background-type":"","background-media":"","overlay-type":"","overlay-color":"","overlay-opacity":"","overlay-gradient":""},"mobile":{"background-color":"","background-image":"","background-repeat":"repeat","background-position":"center center","background-size":"auto","background-attachment":"scroll","background-type":"","background-media":"","overlay-type":"","overlay-color":"","overlay-opacity":"","overlay-gradient":""}},"ast-content-background-meta":{"desktop":{"background-color":"var(--ast-global-color-4)","background-image":"","background-repeat":"repeat","background-position":"center center","background-size":"auto","background-attachment":"scroll","background-type":"","background-media":"","overlay-type":"","overlay-color":"","overlay-opacity":"","overlay-gradient":""},"tablet":{"background-color":"var(--ast-global-color-4)","background-image":"","background-repeat":"repeat","background-position":"center center","background-size":"auto","background-attachment":"scroll","background-type":"","background-media":"","overlay-type":"","overlay-color":"","overlay-opacity":"","overlay-gradient":""},"mobile":{"background-color":"var(--ast-global-color-4)","background-image":"","background-repeat":"repeat","background-position":"center center","background-size":"auto","background-attachment":"scroll","background-type":"","background-media":"","overlay-type":"","overlay-color":"","overlay-opacity":"","overlay-gradient":""}}},"product_brand":[],"product_cat":[19],"product_tag":[],"class_list":{"0":"post-13871","1":"product","2":"type-product","3":"status-publish","4":"has-post-thumbnail","6":"product_cat-uncategorized","7":"pa_41634_wvxhsjbu-guld","8":"pa_41634_wvxhsjbu-soelv","9":"pa_41634_wvxhsjbu-sort","10":"desktop-align-left","11":"tablet-align-left","12":"mobile-align-left","14":"first","15":"instock","16":"shipping-taxable","17":"purchasable","18":"product-type-variable","19":"has-default-attributes"},"_links":{"self":[{"href":"https:\/\/ecostera.com\/dk\/wp-json\/wp\/v2\/product\/13871","targetHints":{"allow":["GET"]}}],"collection":[{"href":"https:\/\/ecostera.com\/dk\/wp-json\/wp\/v2\/product"}],"about":[{"href":"https:\/\/ecostera.com\/dk\/wp-json\/wp\/v2\/types\/product"}],"replies":[{"embeddable":true,"href":"https:\/\/ecostera.com\/dk\/wp-json\/wp\/v2\/comments?post=13871"}],"wp:featuredmedia":[{"embeddable":true,"href":"https:\/\/ecostera.com\/dk\/wp-json\/wp\/v2\/media\/13867"}],"wp:attachment":[{"href":"https:\/\/ecostera.com\/dk\/wp-json\/wp\/v2\/media?parent=13871"}],"wp:term":[{"taxonomy":"product_brand","embeddable":true,"href":"https:\/\/ecostera.com\/dk\/wp-json\/wp\/v2\/product_brand?post=13871"},{"taxonomy":"product_cat","embeddable":true,"href":"https:\/\/ecostera.com\/dk\/wp-json\/wp\/v2\/product_cat?post=13871"},{"taxonomy":"product_tag","embeddable":true,"href":"https:\/\/ecostera.com\/dk\/wp-json\/wp\/v2\/product_tag?post=13871"}],"curies":[{"name":"wp","href":"https:\/\/api.w.org\/{rel}","templated":true}]}}