{"id":13886,"date":"2025-09-11T11:49:34","date_gmt":"2025-09-11T08:49:34","guid":{"rendered":"https:\/\/ecostera.com\/dk\/product\/eksfolierende-handske\/"},"modified":"2025-09-15T18:05:31","modified_gmt":"2025-09-15T15:05:31","slug":"eksfolierende-handske","status":"publish","type":"product","link":"https:\/\/ecostera.com\/dk\/product\/eksfolierende-handske\/","title":{"rendered":"Eksfolierende handske"},"content":{"rendered":"<p style=\"text-align: center\"><b>Vi pr\u00e6senterer eksfolieringshandsken &#8211; din bl\u00f8de og kraftfulde hj\u00e6lper til glat, ren hud<\/b><\/p>\n<p style=\"text-align: center\"><span style=\"font-weight: 400\">Renser i dybden, f\u00f8les bl\u00f8d. Denne magiske handske fjerner d\u00f8d hud og giver dig gl\u00f8d &#8211; uden brug af s\u00e6be!<\/span><\/p>\n<p><img decoding=\"async\" class=\"alignnone size-full wp-image-17348 aligncenter\" src=\"https:\/\/keluvo.com\/template\/wp-content\/uploads\/sites\/5\/2025\/05\/8cf66e78-1a0e-4b0b-8f48-9a5ab86f9587.gif.gif\" alt=\"\" \/><\/p>\n<h2 style=\"text-align: center\"><strong>Hovedfordele<\/strong><\/h2>\n<p><span style=\"font-weight: 400\">Skrubber hurtigt d\u00f8d hud, snavs og olie v\u00e6k<\/span><\/p>\n<p><span style=\"font-weight: 400\">Let at have p\u00e5 og sidder t\u00e6t for bedre reng\u00f8ring<\/span><\/p>\n<p><span style=\"font-weight: 400\">Ingen s\u00e6be n\u00f8dvendig &#8211; bare vand og blid gnidning<\/span><\/p>\n<p><span style=\"font-weight: 400\">Hj\u00e6lper huden med at f\u00f8les glat, frisk og bl\u00f8d<\/span><\/p>\n<p><span style=\"font-weight: 400\">Forbedrer cirkulationen og reducerer uj\u00e6vnheder og indgroede h\u00e5r<\/span><\/p>\n<p><img decoding=\"async\" class=\"alignnone size-full wp-image-17350 aligncenter\" src=\"https:\/\/keluvo.com\/template\/wp-content\/uploads\/sites\/5\/2025\/05\/S6d202a99c1a04c4c89834402800be027U.jpg_960x960q75.jpg_.jpeg\" alt=\"\" \/><\/p>\n<h2 style=\"text-align: center\"><strong>Hovedtilbud<\/strong><\/h2>\n<p style=\"text-align: center\"><span style=\"font-weight: 400\">Denne eksfolierende handske er perfekt til alle, der vil have bl\u00f8d, gl\u00f8dende hud. Bare l\u00e6g den i bl\u00f8d i varmt vand, vrid handsken ud og skrub &#8211; det er det hele! Ingen s\u00e6be eller scrub er n\u00f8dvendig. Den er st\u00e6rk, men sk\u00e5nsom og perfekt til kropspleje. Brug den 2-4 gange om m\u00e5neden for at opn\u00e5 de bedste resultater.<\/span><\/p>\n<h2 style=\"text-align: center\"><strong>S\u00e5dan Bruger Du<\/strong><\/h2>\n<ol>\n<li style=\"font-weight: 400\"><span style=\"font-weight: 400\">S\u00e6t kroppen og handsken i bl\u00f8d med varmt vand.<\/span><span style=\"font-weight: 400\"><br \/>\n<\/span><\/li>\n<li style=\"font-weight: 400\"><span style=\"font-weight: 400\">Brug IKKE s\u00e6be eller body wash.<\/span><span style=\"font-weight: 400\"><br \/>\n<\/span><\/li>\n<li style=\"font-weight: 400\"><span style=\"font-weight: 400\">Vrid handsken ud.<\/span><span style=\"font-weight: 400\"><br \/>\n<\/span><\/li>\n<li style=\"font-weight: 400\"><span style=\"font-weight: 400\">Gnid huden op og ned og fra side til side med tryk.<\/span><span style=\"font-weight: 400\"><br \/>\n<\/span><\/li>\n<li style=\"font-weight: 400\"><span style=\"font-weight: 400\">Skyl af &#8211; nyd den glatte, rene hud!<\/span><\/li>\n<li style=\"font-weight: 400\"><span style=\"font-weight: 400\">M\u00e5 ikke bruges i ansigtet.<\/span><\/li>\n<\/ol>\n<h2 style=\"text-align: center\"><strong>Pakken Indeholder<\/strong><\/h2>\n<ul>\n<li><span style=\"font-weight: 400\">1x eksfolierende handske.<\/span><\/li>\n<\/ul>\n","protected":false},"excerpt":{"rendered":"<p>Vi pr\u00e6senterer eksfolieringshandsken &#8211; din bl\u00f8de og kraftfulde hj\u00e6lper til glat, ren hud Renser i dybden, f\u00f8les bl\u00f8d. Denne magiske [&hellip;]<\/p>\n","protected":false},"featured_media":13882,"comment_status":"open","ping_status":"closed","template":"","meta":{"site-sidebar-layout":"default","site-content-layout":"","ast-site-content-layout":"default","site-content-style":"default","site-sidebar-style":"default","ast-global-header-display":"","ast-banner-title-visibility":"","ast-main-header-display":"","ast-hfb-above-header-display":"","ast-hfb-below-header-display":"","ast-hfb-mobile-header-display":"","site-post-title":"","ast-breadcrumbs-content":"","ast-featured-img":"","footer-sml-layout":"","theme-transparent-header-meta":"default","adv-header-id-meta":"","stick-header-meta":"","header-above-stick-meta":"","header-main-stick-meta":"","header-below-stick-meta":"","astra-migrate-meta-layouts":"set","ast-page-background-enabled":"default","ast-page-background-meta":{"desktop":{"background-color":"var(--ast-global-color-5)","background-image":"","background-repeat":"repeat","background-position":"center center","background-size":"auto","background-attachment":"scroll","background-type":"","background-media":"","overlay-type":"","overlay-color":"","overlay-opacity":"","overlay-gradient":""},"tablet":{"background-color":"","background-image":"","background-repeat":"repeat","background-position":"center center","background-size":"auto","background-attachment":"scroll","background-type":"","background-media":"","overlay-type":"","overlay-color":"","overlay-opacity":"","overlay-gradient":""},"mobile":{"background-color":"","background-image":"","background-repeat":"repeat","background-position":"center center","background-size":"auto","background-attachment":"scroll","background-type":"","background-media":"","overlay-type":"","overlay-color":"","overlay-opacity":"","overlay-gradient":""}},"ast-content-background-meta":{"desktop":{"background-color":"var(--ast-global-color-4)","background-image":"","background-repeat":"repeat","background-position":"center center","background-size":"auto","background-attachment":"scroll","background-type":"","background-media":"","overlay-type":"","overlay-color":"","overlay-opacity":"","overlay-gradient":""},"tablet":{"background-color":"var(--ast-global-color-4)","background-image":"","background-repeat":"repeat","background-position":"center center","background-size":"auto","background-attachment":"scroll","background-type":"","background-media":"","overlay-type":"","overlay-color":"","overlay-opacity":"","overlay-gradient":""},"mobile":{"background-color":"var(--ast-global-color-4)","background-image":"","background-repeat":"repeat","background-position":"center center","background-size":"auto","background-attachment":"scroll","background-type":"","background-media":"","overlay-type":"","overlay-color":"","overlay-opacity":"","overlay-gradient":""}}},"product_brand":[],"product_cat":[19],"product_tag":[],"class_list":{"0":"post-13886","1":"product","2":"type-product","3":"status-publish","4":"has-post-thumbnail","6":"product_cat-uncategorized","7":"pa_21233_zzn66nem-blaa","8":"pa_21233_zzn66nem-groen","9":"pa_21233_zzn66nem-gul","10":"pa_21233_zzn66nem-lyseroed","11":"desktop-align-left","12":"tablet-align-left","13":"mobile-align-left","15":"first","16":"instock","17":"shipping-taxable","18":"purchasable","19":"product-type-variable"},"_links":{"self":[{"href":"https:\/\/ecostera.com\/dk\/wp-json\/wp\/v2\/product\/13886","targetHints":{"allow":["GET"]}}],"collection":[{"href":"https:\/\/ecostera.com\/dk\/wp-json\/wp\/v2\/product"}],"about":[{"href":"https:\/\/ecostera.com\/dk\/wp-json\/wp\/v2\/types\/product"}],"replies":[{"embeddable":true,"href":"https:\/\/ecostera.com\/dk\/wp-json\/wp\/v2\/comments?post=13886"}],"wp:featuredmedia":[{"embeddable":true,"href":"https:\/\/ecostera.com\/dk\/wp-json\/wp\/v2\/media\/13882"}],"wp:attachment":[{"href":"https:\/\/ecostera.com\/dk\/wp-json\/wp\/v2\/media?parent=13886"}],"wp:term":[{"taxonomy":"product_brand","embeddable":true,"href":"https:\/\/ecostera.com\/dk\/wp-json\/wp\/v2\/product_brand?post=13886"},{"taxonomy":"product_cat","embeddable":true,"href":"https:\/\/ecostera.com\/dk\/wp-json\/wp\/v2\/product_cat?post=13886"},{"taxonomy":"product_tag","embeddable":true,"href":"https:\/\/ecostera.com\/dk\/wp-json\/wp\/v2\/product_tag?post=13886"}],"curies":[{"name":"wp","href":"https:\/\/api.w.org\/{rel}","templated":true}]}}