{"id":13903,"date":"2025-09-11T11:50:58","date_gmt":"2025-09-11T08:50:58","guid":{"rendered":"https:\/\/ecostera.com\/dk\/product\/dispenser-til-tandtraad\/"},"modified":"2025-09-11T11:51:14","modified_gmt":"2025-09-11T08:51:14","slug":"dispenser-til-tandtraad","status":"publish","type":"product","link":"https:\/\/ecostera.com\/dk\/product\/dispenser-til-tandtraad\/","title":{"rendered":"Dispenser til tandtr\u00e5d"},"content":{"rendered":"<p style=\"text-align: center\"><strong>Rens Dine T\u00e6nder Hvor Som Helst, N\u00e5r Som Helst \u2013 Med Bare \u00c9t Tryk.<\/strong><\/p>\n<p style=\"text-align: center\"><span style=\"font-weight: 400\">Denne smarte tandtr\u00e5dsdispenser popper en enkelt tandtr\u00e5dspind ud med et enkelt tryk, hvilket g\u00f8r det nemt, hygiejnisk og perfekt til brug p\u00e5 farten. Den holder din tandtr\u00e5d ren, beskyttet og altid klar &#8211; uanset om du er hjemme, p\u00e5 kontoret eller ude at rejse.<\/span><\/p>\n<p><img decoding=\"async\" class=\"alignnone size-full wp-image-17452 aligncenter\" src=\"https:\/\/keluvo.com\/template\/wp-content\/uploads\/sites\/5\/2025\/05\/Dentalflossdispenser-ezgif.com-video-to-webp-converter.webp\" alt=\"\" \/><\/p>\n<h2 style=\"text-align: center\">\ud83c\udf1f Vigtigste Fordele<\/h2>\n<p><span style=\"font-weight: 400\">\ud83d\udc46 Skyder en tandtr\u00e5d ud med et enkelt tryk<\/span><span style=\"font-weight: 400\"><br \/>\n<\/span><\/p>\n<p><span style=\"font-weight: 400\">\ud83d\ude37 Forseglet design holder tandtr\u00e5den ren og sikker<\/span><span style=\"font-weight: 400\"><br \/>\n<\/span><\/p>\n<p><span style=\"font-weight: 400\">\ud83e\uddb7 Glat, st\u00e6rk tandtr\u00e5d, der ikke g\u00e5r i stykker<\/span><span style=\"font-weight: 400\"><br \/>\n<\/span><\/p>\n<p><span style=\"font-weight: 400\">\u2708\ufe0f Kompakt og rejsevenlig<\/span><span style=\"font-weight: 400\"><br \/>\n<\/span><\/p>\n<p><span style=\"font-weight: 400\">\ud83d\udca7 Let at genopfylde og bruge igen og igen<\/span><span style=\"font-weight: 400\"><br \/>\n<\/span><\/p>\n<p><span style=\"font-weight: 400\">\ud83c\udf3f Sk\u00e5nsom mod tandk\u00f8det, h\u00e5rd mod plaque<\/span><\/p>\n<p><img decoding=\"async\" class=\"alignnone size-full wp-image-17460 aligncenter\" src=\"https:\/\/keluvo.com\/template\/wp-content\/uploads\/sites\/5\/2025\/05\/S407ab492d5824afc8ab524d426a4e4b0e.jpg_960x960q75.jpg_.jpeg\" alt=\"\" \/><\/p>\n<h2 style=\"text-align: center\">\ud83d\udee0\ufe0f S\u00e5dan Bruges<\/h2>\n<ol>\n<li style=\"font-weight: 400\"><span style=\"font-weight: 400\">Tryk p\u00e5 knappen for at skyde en tandtr\u00e5dspind ud.<\/span><span style=\"font-weight: 400\"><br \/>\n<\/span><\/li>\n<li style=\"font-weight: 400\"><span style=\"font-weight: 400\">Brug tandtr\u00e5den mellem t\u00e6nderne til at rense forsigtigt.<\/span><span style=\"font-weight: 400\"><br \/>\n<\/span><\/li>\n<li style=\"font-weight: 400\"><span style=\"font-weight: 400\">Den buede ende fungerer som en tandstikker til sv\u00e6rt tilg\u00e6ngelige steder.<\/span><span style=\"font-weight: 400\"><br \/>\n<\/span><\/li>\n<li style=\"font-weight: 400\"><span style=\"font-weight: 400\">For at genopfylde skal du \u00e5bne bagd\u00e6kslet og inds\u00e6tte nye tandtr\u00e5dspidser (rummer op til 12).<\/span><\/li>\n<\/ol>\n<h2 style=\"text-align: center\">\ud83d\udccf Produktdetaljer<\/h2>\n<ul>\n<li style=\"font-weight: 400\"><span style=\"font-weight: 400\">Materiale: plastik\u00e6ske med tandtr\u00e5d af polyethylenfiber<\/span><span style=\"font-weight: 400\"><br \/>\n<\/span><\/li>\n<li style=\"font-weight: 400\"><span style=\"font-weight: 400\">Farver: gr\u00f8n, pink, hvid, sort<\/span><span style=\"font-weight: 400\"><br \/>\n<\/span><\/li>\n<li style=\"font-weight: 400\"><span style=\"font-weight: 400\">St\u00f8rrelse: 8 x 3,8 x 1,2 cm<\/span><span style=\"font-weight: 400\"><br \/>\n<\/span><\/li>\n<li style=\"font-weight: 400\"><span style=\"font-weight: 400\">V\u00e6gt: 25g<\/span><span style=\"font-weight: 400\"><br \/>\n<\/span><\/li>\n<li style=\"font-weight: 400\"><span style=\"font-weight: 400\">Kapacitet: rummer 12 tandtr\u00e5dspinde<\/span><\/li>\n<\/ul>\n<h2 style=\"text-align: center\">\ud83d\udce6 Pakken Indeholder<\/h2>\n<ul>\n<li><span style=\"font-weight: 400\">1x tandtr\u00e5dsdispenser<\/span><\/li>\n<li><span style=\"font-weight: 400\">12x tandtr\u00e5dspinde.<\/span><\/li>\n<\/ul>\n","protected":false},"excerpt":{"rendered":"<p>Rens Dine T\u00e6nder Hvor Som Helst, N\u00e5r Som Helst \u2013 Med Bare \u00c9t Tryk. Denne smarte tandtr\u00e5dsdispenser popper en enkelt [&hellip;]<\/p>\n","protected":false},"featured_media":13899,"comment_status":"open","ping_status":"closed","template":"","meta":{"site-sidebar-layout":"default","site-content-layout":"","ast-site-content-layout":"default","site-content-style":"default","site-sidebar-style":"default","ast-global-header-display":"","ast-banner-title-visibility":"","ast-main-header-display":"","ast-hfb-above-header-display":"","ast-hfb-below-header-display":"","ast-hfb-mobile-header-display":"","site-post-title":"","ast-breadcrumbs-content":"","ast-featured-img":"","footer-sml-layout":"","theme-transparent-header-meta":"default","adv-header-id-meta":"","stick-header-meta":"","header-above-stick-meta":"","header-main-stick-meta":"","header-below-stick-meta":"","astra-migrate-meta-layouts":"set","ast-page-background-enabled":"default","ast-page-background-meta":{"desktop":{"background-color":"var(--ast-global-color-5)","background-image":"","background-repeat":"repeat","background-position":"center center","background-size":"auto","background-attachment":"scroll","background-type":"","background-media":"","overlay-type":"","overlay-color":"","overlay-opacity":"","overlay-gradient":""},"tablet":{"background-color":"","background-image":"","background-repeat":"repeat","background-position":"center center","background-size":"auto","background-attachment":"scroll","background-type":"","background-media":"","overlay-type":"","overlay-color":"","overlay-opacity":"","overlay-gradient":""},"mobile":{"background-color":"","background-image":"","background-repeat":"repeat","background-position":"center center","background-size":"auto","background-attachment":"scroll","background-type":"","background-media":"","overlay-type":"","overlay-color":"","overlay-opacity":"","overlay-gradient":""}},"ast-content-background-meta":{"desktop":{"background-color":"var(--ast-global-color-4)","background-image":"","background-repeat":"repeat","background-position":"center center","background-size":"auto","background-attachment":"scroll","background-type":"","background-media":"","overlay-type":"","overlay-color":"","overlay-opacity":"","overlay-gradient":""},"tablet":{"background-color":"var(--ast-global-color-4)","background-image":"","background-repeat":"repeat","background-position":"center center","background-size":"auto","background-attachment":"scroll","background-type":"","background-media":"","overlay-type":"","overlay-color":"","overlay-opacity":"","overlay-gradient":""},"mobile":{"background-color":"var(--ast-global-color-4)","background-image":"","background-repeat":"repeat","background-position":"center center","background-size":"auto","background-attachment":"scroll","background-type":"","background-media":"","overlay-type":"","overlay-color":"","overlay-opacity":"","overlay-gradient":""}}},"product_brand":[],"product_cat":[19],"product_tag":[],"class_list":{"0":"post-13903","1":"product","2":"type-product","3":"status-publish","4":"has-post-thumbnail","6":"product_cat-uncategorized","7":"pa_23643_0r1e6c6o-groen","8":"pa_23643_0r1e6c6o-hvid","9":"pa_23643_0r1e6c6o-lyseroed","10":"pa_23643_0r1e6c6o-sort","11":"desktop-align-left","12":"tablet-align-left","13":"mobile-align-left","15":"first","16":"instock","17":"shipping-taxable","18":"purchasable","19":"product-type-variable"},"_links":{"self":[{"href":"https:\/\/ecostera.com\/dk\/wp-json\/wp\/v2\/product\/13903","targetHints":{"allow":["GET"]}}],"collection":[{"href":"https:\/\/ecostera.com\/dk\/wp-json\/wp\/v2\/product"}],"about":[{"href":"https:\/\/ecostera.com\/dk\/wp-json\/wp\/v2\/types\/product"}],"replies":[{"embeddable":true,"href":"https:\/\/ecostera.com\/dk\/wp-json\/wp\/v2\/comments?post=13903"}],"wp:featuredmedia":[{"embeddable":true,"href":"https:\/\/ecostera.com\/dk\/wp-json\/wp\/v2\/media\/13899"}],"wp:attachment":[{"href":"https:\/\/ecostera.com\/dk\/wp-json\/wp\/v2\/media?parent=13903"}],"wp:term":[{"taxonomy":"product_brand","embeddable":true,"href":"https:\/\/ecostera.com\/dk\/wp-json\/wp\/v2\/product_brand?post=13903"},{"taxonomy":"product_cat","embeddable":true,"href":"https:\/\/ecostera.com\/dk\/wp-json\/wp\/v2\/product_cat?post=13903"},{"taxonomy":"product_tag","embeddable":true,"href":"https:\/\/ecostera.com\/dk\/wp-json\/wp\/v2\/product_tag?post=13903"}],"curies":[{"name":"wp","href":"https:\/\/api.w.org\/{rel}","templated":true}]}}