{"id":14249,"date":"2025-09-11T14:30:20","date_gmt":"2025-09-11T11:30:20","guid":{"rendered":"https:\/\/ecostera.com\/dk\/product\/gps-tracker\/"},"modified":"2025-09-22T18:25:05","modified_gmt":"2025-09-22T15:25:05","slug":"gps-tracker","status":"publish","type":"product","link":"https:\/\/ecostera.com\/dk\/product\/gps-tracker\/","title":{"rendered":"GPS-tracker"},"content":{"rendered":"<p style=\"text-align: center\"><strong>Mist aldrig dine n\u00f8gler, pung eller tasker igen med denne smarte GPS-tracker.<\/strong><\/p>\n<p style=\"text-align: center\"><span style=\"font-weight: 400\">Denne kompakte GPS-tracker forbindes til din telefon via Bluetooth og advarer dig i det \u00f8jeblik, dine ting bliver efterladt. Uanset om det er dine n\u00f8gler, din taske eller endda dit k\u00e6ledyr &#8211; v\u00e6r et skridt foran tabet.<\/span><\/p>\n<p><img decoding=\"async\" class=\"alignnone size-full wp-image-17924 aligncenter\" src=\"https:\/\/keluvo.com\/template\/wp-content\/uploads\/sites\/5\/2025\/05\/GPSTracker-ezgif.com-video-to-webp-converter.webp\" alt=\"\" \/><\/p>\n<h2 style=\"text-align: center\"><strong>Hovedfordele<\/strong><\/h2>\n<p><span style=\"font-weight: 400\">\ud83d\udcf1 Advarsler i realtid, n\u00e5r genstande efterlades<\/span><span style=\"font-weight: 400\"><br \/>\n<\/span><\/p>\n<p><span style=\"font-weight: 400\">\ud83d\udd0a H\u00f8j biplyd hj\u00e6lper dig med hurtigt at finde dine ejendele<\/span><span style=\"font-weight: 400\"><br \/>\n<\/span><\/p>\n<p><span style=\"font-weight: 400\">\ud83d\udc5c Lille og let &#8211; s\u00e6ttes nemt fast p\u00e5 n\u00f8gler, punge, tasker, eller k\u00e6ledyr<\/span><span style=\"font-weight: 400\"><br \/>\n<\/span><\/p>\n<p><span style=\"font-weight: 400\">\ud83d\udd0b Langtidsholdbart batteri (over 10 m\u00e5neders standbytid)<\/span><\/p>\n<p>\ud83d\uddfa\ufe0f Sidst kendte placering<span style=\"font-weight: 400\"> vises p\u00e5 appens kort<\/span><\/p>\n<p><img decoding=\"async\" class=\"alignnone size-full wp-image-17929 aligncenter\" src=\"https:\/\/keluvo.com\/template\/wp-content\/uploads\/sites\/5\/2025\/05\/S340de38148c44e9b81fcef9c8fb1d293l.jpg_960x960q75.jpg_.jpeg\" alt=\"\" \/><\/p>\n<h2 style=\"text-align: center\"><strong>S\u00e5dan Bruges<\/strong><\/h2>\n<ol>\n<li style=\"font-weight: 400\"><span style=\"font-weight: 400\">Download appen &#8220;iSearching&#8221; p\u00e5 din iOS- eller Android-enhed.<\/span><span style=\"font-weight: 400\"><br \/>\n<\/span><\/li>\n<li style=\"font-weight: 400\"><span style=\"font-weight: 400\">Par GPS-trackeren med din telefon via Bluetooth.<\/span><span style=\"font-weight: 400\"><br \/>\n<\/span><\/li>\n<li style=\"font-weight: 400\"><span style=\"font-weight: 400\">Fastg\u00f8r den til alt, hvad du vil holde styr p\u00e5 &#8211; n\u00f8gler, pung, bagage osv.<\/span><span style=\"font-weight: 400\"><br \/>\n<\/span><\/li>\n<li style=\"font-weight: 400\"><span style=\"font-weight: 400\">Hvis forbindelsen afbrydes, vil b\u00e5de din telefon og tracker afgive en alarm.<\/span><span style=\"font-weight: 400\"><br \/>\n<\/span><\/li>\n<li style=\"font-weight: 400\"><span style=\"font-weight: 400\">\u00c5bn appen n\u00e5r som helst for at bippe trackeren eller se dens sidste placering p\u00e5 kortet.<\/span><\/li>\n<\/ol>\n<h2 style=\"text-align: center\"><strong>Produktdetaljer<\/strong><\/h2>\n<ul>\n<li style=\"font-weight: 400\"><span style=\"font-weight: 400\">St\u00f8rrelse: 38 x 38 x 7 mm<\/span><span style=\"font-weight: 400\"><br \/>\n<\/span><\/li>\n<li style=\"font-weight: 400\"><span style=\"font-weight: 400\">Materiale: ABS<\/span><span style=\"font-weight: 400\"><br \/>\n<\/span><\/li>\n<li style=\"font-weight: 400\"><span style=\"font-weight: 400\">Batteri: CR2032 (kan udskiftes), 10+ m\u00e5neders standby<\/span><span style=\"font-weight: 400\"><br \/>\n<\/span><\/li>\n<li style=\"font-weight: 400\"><span style=\"font-weight: 400\">App: &#8220;iSearching&#8221; (iOS &amp; Android underst\u00f8ttet)<\/span><span style=\"font-weight: 400\"><br \/>\n<\/span><\/li>\n<li style=\"font-weight: 400\"><span style=\"font-weight: 400\">Bluetooth: kr\u00e6ver Bluetooth 4.0 eller nyere<\/span><\/li>\n<\/ul>\n<h2 style=\"text-align: center\"><strong>Pakken Indeholder<\/strong><\/h2>\n<ul>\n<li style=\"font-weight: 400\"><span style=\"font-weight: 400\">1x GPS-tracker<\/span><span style=\"font-weight: 400\"><br \/>\n<\/span><\/li>\n<li style=\"font-weight: 400\"><span style=\"font-weight: 400\">1x brugervejledning (med QR-kode til app).<\/span><\/li>\n<\/ul>\n","protected":false},"excerpt":{"rendered":"<p>Mist aldrig dine n\u00f8gler, pung eller tasker igen med denne smarte GPS-tracker. Denne kompakte GPS-tracker forbindes til din telefon via [&hellip;]<\/p>\n","protected":false},"featured_media":14245,"comment_status":"open","ping_status":"closed","template":"","meta":{"site-sidebar-layout":"default","site-content-layout":"","ast-site-content-layout":"default","site-content-style":"default","site-sidebar-style":"default","ast-global-header-display":"","ast-banner-title-visibility":"","ast-main-header-display":"","ast-hfb-above-header-display":"","ast-hfb-below-header-display":"","ast-hfb-mobile-header-display":"","site-post-title":"","ast-breadcrumbs-content":"","ast-featured-img":"","footer-sml-layout":"","theme-transparent-header-meta":"default","adv-header-id-meta":"","stick-header-meta":"","header-above-stick-meta":"","header-main-stick-meta":"","header-below-stick-meta":"","astra-migrate-meta-layouts":"set","ast-page-background-enabled":"default","ast-page-background-meta":{"desktop":{"background-color":"var(--ast-global-color-5)","background-image":"","background-repeat":"repeat","background-position":"center center","background-size":"auto","background-attachment":"scroll","background-type":"","background-media":"","overlay-type":"","overlay-color":"","overlay-opacity":"","overlay-gradient":""},"tablet":{"background-color":"","background-image":"","background-repeat":"repeat","background-position":"center center","background-size":"auto","background-attachment":"scroll","background-type":"","background-media":"","overlay-type":"","overlay-color":"","overlay-opacity":"","overlay-gradient":""},"mobile":{"background-color":"","background-image":"","background-repeat":"repeat","background-position":"center center","background-size":"auto","background-attachment":"scroll","background-type":"","background-media":"","overlay-type":"","overlay-color":"","overlay-opacity":"","overlay-gradient":""}},"ast-content-background-meta":{"desktop":{"background-color":"var(--ast-global-color-4)","background-image":"","background-repeat":"repeat","background-position":"center center","background-size":"auto","background-attachment":"scroll","background-type":"","background-media":"","overlay-type":"","overlay-color":"","overlay-opacity":"","overlay-gradient":""},"tablet":{"background-color":"var(--ast-global-color-4)","background-image":"","background-repeat":"repeat","background-position":"center center","background-size":"auto","background-attachment":"scroll","background-type":"","background-media":"","overlay-type":"","overlay-color":"","overlay-opacity":"","overlay-gradient":""},"mobile":{"background-color":"var(--ast-global-color-4)","background-image":"","background-repeat":"repeat","background-position":"center center","background-size":"auto","background-attachment":"scroll","background-type":"","background-media":"","overlay-type":"","overlay-color":"","overlay-opacity":"","overlay-gradient":""}}},"product_brand":[],"product_cat":[19],"product_tag":[],"class_list":{"0":"post-14249","1":"product","2":"type-product","3":"status-publish","4":"has-post-thumbnail","6":"product_cat-uncategorized","7":"pa_40481_dzc6qvn8-blaa","8":"pa_40481_dzc6qvn8-hvid","9":"pa_40481_dzc6qvn8-lyseroed","10":"pa_40481_dzc6qvn8-orange","11":"pa_40481_dzc6qvn8-sort","12":"desktop-align-left","13":"tablet-align-left","14":"mobile-align-left","16":"first","17":"instock","18":"shipping-taxable","19":"purchasable","20":"product-type-variable"},"_links":{"self":[{"href":"https:\/\/ecostera.com\/dk\/wp-json\/wp\/v2\/product\/14249","targetHints":{"allow":["GET"]}}],"collection":[{"href":"https:\/\/ecostera.com\/dk\/wp-json\/wp\/v2\/product"}],"about":[{"href":"https:\/\/ecostera.com\/dk\/wp-json\/wp\/v2\/types\/product"}],"replies":[{"embeddable":true,"href":"https:\/\/ecostera.com\/dk\/wp-json\/wp\/v2\/comments?post=14249"}],"wp:featuredmedia":[{"embeddable":true,"href":"https:\/\/ecostera.com\/dk\/wp-json\/wp\/v2\/media\/14245"}],"wp:attachment":[{"href":"https:\/\/ecostera.com\/dk\/wp-json\/wp\/v2\/media?parent=14249"}],"wp:term":[{"taxonomy":"product_brand","embeddable":true,"href":"https:\/\/ecostera.com\/dk\/wp-json\/wp\/v2\/product_brand?post=14249"},{"taxonomy":"product_cat","embeddable":true,"href":"https:\/\/ecostera.com\/dk\/wp-json\/wp\/v2\/product_cat?post=14249"},{"taxonomy":"product_tag","embeddable":true,"href":"https:\/\/ecostera.com\/dk\/wp-json\/wp\/v2\/product_tag?post=14249"}],"curies":[{"name":"wp","href":"https:\/\/api.w.org\/{rel}","templated":true}]}}