{"id":14408,"date":"2025-09-11T14:43:45","date_gmt":"2025-09-11T11:43:45","guid":{"rendered":"https:\/\/ecostera.com\/dk\/product\/book-sikkert\/"},"modified":"2025-09-16T20:00:41","modified_gmt":"2025-09-16T17:00:41","slug":"book-sikkert","status":"publish","type":"product","link":"https:\/\/ecostera.com\/dk\/product\/book-sikkert\/","title":{"rendered":"Book sikkert"},"content":{"rendered":"<p style=\"text-align: center\"><strong>Hold dine v\u00e6rdigenstande sikre og skjult i almindeligt syn.<\/strong><\/p>\n<p style=\"text-align: center\"><span style=\"font-weight: 400\">Dette smarte bogskab ligner en almindelig ordbog, men beskytter i al hemmelighed dine kontanter, n\u00f8gler, smykker og meget mere.<\/span><\/p>\n<h2 style=\"text-align: center\">\ud83d\udcda En Smart M\u00e5de At Opbevare Det, Der Betyder Noget<\/h2>\n<p style=\"text-align: center\"><span style=\"font-weight: 400\">Bogskabet er en perfekt blanding af sikkerhed og stil. Den er designet til at ligne en indbundet engelsk ordbog og passer naturligt sammen med andre b\u00f8ger p\u00e5 din hylde, hvilket g\u00f8r den til det perfekte skjulested for penge, dokumenter og v\u00e6rdigenstande derhjemme eller p\u00e5 kontoret.<\/span><\/p>\n<p><img decoding=\"async\" class=\"alignnone size-full wp-image-18070 aligncenter\" src=\"https:\/\/keluvo.com\/template\/wp-content\/uploads\/sites\/5\/2025\/05\/Booksafe-ezgif.com-video-to-webp-converter.webp\" alt=\"\" \/><\/p>\n<h2 style=\"text-align: center\">\u2705 Hovedfordele<\/h2>\n<p><span style=\"font-weight: 400\">\ud83d\udd12 Skjult beskyttelse &#8211; ligner en rigtig bog, s\u00e5 du kan skjule dine ting sight<\/span><span style=\"font-weight: 400\"><br \/>\n<\/span><\/p>\n<p><span style=\"font-weight: 400\">\ud83d\udee1\ufe0f St\u00e6rkt st\u00e5linteri\u00f8r &#8211; beskytter mod manipulation og skader<\/span> <span style=\"font-weight: 400\">\u2013 protects against tampering and damage<\/span><span style=\"font-weight: 400\"><br \/>\n<\/span><\/p>\n<p><span style=\"font-weight: 400\">\ud83d\udd11 Leveres med en l\u00e5s &amp; n\u00f8gler &#8211; hold dine ting sikre fra andre<\/span><span style=\"font-weight: 400\"><br \/>\n<\/span><\/p>\n<p><span style=\"font-weight: 400\">\ud83c\udf81 Perfekt gaveid\u00e9 &#8211; praktisk, smart og stilfuld<\/span><span style=\"font-weight: 400\"><br \/>\n<\/span><\/p>\n<p><span style=\"font-weight: 400\">\ud83c\udfe0 Fantastisk til hjemmet eller kontoret &#8211; passer nemt sammen med b\u00f8ger p\u00e5 enhver hylde<\/span><\/p>\n<p><img decoding=\"async\" class=\"alignnone size-full wp-image-18062 aligncenter\" src=\"https:\/\/keluvo.com\/template\/wp-content\/uploads\/sites\/5\/2025\/05\/S262db9552f0e4d5a967dad9368ced848W.jpg_960x960q75.jpg_.jpeg\" alt=\"\" \/><\/p>\n<h2 style=\"text-align: center\">\ud83d\udcd8 S\u00e5dan Bruges<\/h2>\n<ol>\n<li style=\"font-weight: 400\"><span style=\"font-weight: 400\">Placer dine v\u00e6rdigenstande i st\u00e5lrummet.<\/span><span style=\"font-weight: 400\"><br \/>\n<\/span><\/li>\n<li style=\"font-weight: 400\"><span style=\"font-weight: 400\">Luk l\u00e5get og l\u00e5s det med en af de medf\u00f8lgende n\u00f8gler<\/span><span style=\"font-weight: 400\"><br \/>\n<\/span><\/li>\n<li style=\"font-weight: 400\"><span style=\"font-weight: 400\">Opbevar det blandt dine b\u00f8ger eller p\u00e5 en hylde for diskret opbevaring.<\/span><\/li>\n<\/ol>\n<h2 style=\"text-align: center\">\ud83d\udcd0 Produktdetaljer<\/h2>\n<ul>\n<li style=\"font-weight: 400\"><span style=\"font-weight: 400\">Udseende: engelsk ordbogslignende omslag<\/span><span style=\"font-weight: 400\"><br \/>\n<\/span><\/li>\n<li style=\"font-weight: 400\"><span style=\"font-weight: 400\">Materiale: metal indvendigt, ABS + tekstureret papir af h\u00f8j kvalitet<\/span><span style=\"font-weight: 400\"><br \/>\n<\/span><\/li>\n<li style=\"font-weight: 400\"><span style=\"font-weight: 400\">St\u00f8rrelse: 240 x 155 x 55 mm<\/span><span style=\"font-weight: 400\"><br \/>\n<\/span><\/li>\n<li style=\"font-weight: 400\"><span style=\"font-weight: 400\">V\u00e6gt: 710 g<\/span><span style=\"font-weight: 400\"><br \/>\n<\/span><\/li>\n<li style=\"font-weight: 400\"><span style=\"font-weight: 400\">Farve: mat finish for et realistisk bogudseende<\/span><\/li>\n<\/ul>\n<h2 style=\"text-align: center\">\ud83d\udce6 Pakken Indeholder<\/h2>\n<ul>\n<li style=\"font-weight: 400\"><span style=\"font-weight: 400\">1x bogskab<\/span><span style=\"font-weight: 400\"><br \/>\n<\/span><\/li>\n<li style=\"font-weight: 400\"><span style=\"font-weight: 400\">2x n\u00f8gler.<\/span><\/li>\n<\/ul>\n","protected":false},"excerpt":{"rendered":"<p>Hold dine v\u00e6rdigenstande sikre og skjult i almindeligt syn. Dette smarte bogskab ligner en almindelig ordbog, men beskytter i al [&hellip;]<\/p>\n","protected":false},"featured_media":14404,"comment_status":"open","ping_status":"closed","template":"","meta":{"site-sidebar-layout":"default","site-content-layout":"","ast-site-content-layout":"default","site-content-style":"default","site-sidebar-style":"default","ast-global-header-display":"","ast-banner-title-visibility":"","ast-main-header-display":"","ast-hfb-above-header-display":"","ast-hfb-below-header-display":"","ast-hfb-mobile-header-display":"","site-post-title":"","ast-breadcrumbs-content":"","ast-featured-img":"","footer-sml-layout":"","theme-transparent-header-meta":"default","adv-header-id-meta":"","stick-header-meta":"","header-above-stick-meta":"","header-main-stick-meta":"","header-below-stick-meta":"","astra-migrate-meta-layouts":"set","ast-page-background-enabled":"default","ast-page-background-meta":{"desktop":{"background-color":"var(--ast-global-color-5)","background-image":"","background-repeat":"repeat","background-position":"center center","background-size":"auto","background-attachment":"scroll","background-type":"","background-media":"","overlay-type":"","overlay-color":"","overlay-opacity":"","overlay-gradient":""},"tablet":{"background-color":"","background-image":"","background-repeat":"repeat","background-position":"center center","background-size":"auto","background-attachment":"scroll","background-type":"","background-media":"","overlay-type":"","overlay-color":"","overlay-opacity":"","overlay-gradient":""},"mobile":{"background-color":"","background-image":"","background-repeat":"repeat","background-position":"center center","background-size":"auto","background-attachment":"scroll","background-type":"","background-media":"","overlay-type":"","overlay-color":"","overlay-opacity":"","overlay-gradient":""}},"ast-content-background-meta":{"desktop":{"background-color":"var(--ast-global-color-4)","background-image":"","background-repeat":"repeat","background-position":"center center","background-size":"auto","background-attachment":"scroll","background-type":"","background-media":"","overlay-type":"","overlay-color":"","overlay-opacity":"","overlay-gradient":""},"tablet":{"background-color":"var(--ast-global-color-4)","background-image":"","background-repeat":"repeat","background-position":"center center","background-size":"auto","background-attachment":"scroll","background-type":"","background-media":"","overlay-type":"","overlay-color":"","overlay-opacity":"","overlay-gradient":""},"mobile":{"background-color":"var(--ast-global-color-4)","background-image":"","background-repeat":"repeat","background-position":"center center","background-size":"auto","background-attachment":"scroll","background-type":"","background-media":"","overlay-type":"","overlay-color":"","overlay-opacity":"","overlay-gradient":""}}},"product_brand":[],"product_cat":[19],"product_tag":[],"class_list":{"0":"post-14408","1":"product","2":"type-product","3":"status-publish","4":"has-post-thumbnail","6":"product_cat-uncategorized","7":"pa_41553_5vr6es0h-blaa","8":"pa_41553_5vr6es0h-brun","9":"pa_41553_5vr6es0h-roed","10":"pa_41553_5vr6es0h-sort","11":"desktop-align-left","12":"tablet-align-left","13":"mobile-align-left","15":"first","16":"instock","17":"shipping-taxable","18":"purchasable","19":"product-type-variable"},"_links":{"self":[{"href":"https:\/\/ecostera.com\/dk\/wp-json\/wp\/v2\/product\/14408","targetHints":{"allow":["GET"]}}],"collection":[{"href":"https:\/\/ecostera.com\/dk\/wp-json\/wp\/v2\/product"}],"about":[{"href":"https:\/\/ecostera.com\/dk\/wp-json\/wp\/v2\/types\/product"}],"replies":[{"embeddable":true,"href":"https:\/\/ecostera.com\/dk\/wp-json\/wp\/v2\/comments?post=14408"}],"wp:featuredmedia":[{"embeddable":true,"href":"https:\/\/ecostera.com\/dk\/wp-json\/wp\/v2\/media\/14404"}],"wp:attachment":[{"href":"https:\/\/ecostera.com\/dk\/wp-json\/wp\/v2\/media?parent=14408"}],"wp:term":[{"taxonomy":"product_brand","embeddable":true,"href":"https:\/\/ecostera.com\/dk\/wp-json\/wp\/v2\/product_brand?post=14408"},{"taxonomy":"product_cat","embeddable":true,"href":"https:\/\/ecostera.com\/dk\/wp-json\/wp\/v2\/product_cat?post=14408"},{"taxonomy":"product_tag","embeddable":true,"href":"https:\/\/ecostera.com\/dk\/wp-json\/wp\/v2\/product_tag?post=14408"}],"curies":[{"name":"wp","href":"https:\/\/api.w.org\/{rel}","templated":true}]}}