{"id":14506,"date":"2025-09-11T14:51:57","date_gmt":"2025-09-11T11:51:57","guid":{"rendered":"https:\/\/ecostera.com\/dk\/product\/badeboerste-til-kaeledyr\/"},"modified":"2025-09-11T14:52:10","modified_gmt":"2025-09-11T11:52:10","slug":"badeboerste-til-kaeledyr","status":"publish","type":"product","link":"https:\/\/ecostera.com\/dk\/product\/badeboerste-til-kaeledyr\/","title":{"rendered":"Badeb\u00f8rste til k\u00e6ledyr"},"content":{"rendered":"<p style=\"text-align: center\"><strong>G\u00f8r badetiden nemmere og sjovere for dig og dit k\u00e6ledyr.<\/strong><\/p>\n<p style=\"text-align: center\"><span style=\"font-weight: 400\">Badeb\u00f8rsten til k\u00e6ledyr er et 2-i-1 plejeredskab og en shampoo-dispenser, der hj\u00e6lper dig med at reng\u00f8re, massere og pleje dit k\u00e6ledyr i \u00e9t enkelt trin. Den er lavet af bl\u00f8d, sikker silikone og fjerner forsigtigt snavs og l\u00f8s pels, mens den fordeler shampooen j\u00e6vnt &#8211; perfekt til hunde og katte med kort h\u00e5r.<\/span><\/p>\n<p><img decoding=\"async\" class=\"alignnone size-full wp-image-18208 aligncenter\" src=\"https:\/\/keluvo.com\/template\/wp-content\/uploads\/sites\/5\/2025\/05\/PetBathBrush-ezgif.com-video-to-webp-converter.webp\" alt=\"\" \/><\/p>\n<h2 style=\"text-align: center\"><strong>Hovedfordele<\/strong><\/h2>\n<p><span style=\"font-weight: 400\">\ud83d\udec1 2-i-1-design \u2013 vask og massage p\u00e5 samme tid<\/span><span style=\"font-weight: 400\"><br \/>\n<\/span><\/p>\n<p><span style=\"font-weight: 400\">\ud83d\udc3e Renser blidt uden at kradse dit k\u00e6ledyrs hud<\/span><span style=\"font-weight: 400\"><br \/>\n<\/span><\/p>\n<p><span style=\"font-weight: 400\">\ud83e\uddf4 Indbygget shampoo-dispenser til j\u00e6vn skumfordeling<\/span><span style=\"font-weight: 400\"><br \/>\n<\/span><\/p>\n<p><span style=\"font-weight: 400\">\ud83d\udca7 Kan rumme op til 80 ml flydende shampoo<\/span><span style=\"font-weight: 400\"><br \/>\n<\/span><\/p>\n<p><span style=\"font-weight: 400\">\u270b Skridsikkert greb til nem h\u00e5ndtering under badet<\/span><span style=\"font-weight: 400\"><br \/>\n<\/span><\/p>\n<p><span style=\"font-weight: 400\">\ud83c\udf3f Sikre silikoneb\u00f8rster \u2013 giftfri, bl\u00f8de og holdbare<\/span><\/p>\n<p><img decoding=\"async\" class=\"alignnone size-full wp-image-18204 aligncenter\" src=\"https:\/\/keluvo.com\/template\/wp-content\/uploads\/sites\/5\/2025\/05\/a01f7ea5-fcce-47cf-8131-cda7ae3ee285.webp.webp\" alt=\"\" \/><\/p>\n<h2 style=\"text-align: center\"><strong>S\u00e5dan bruges<\/strong><\/h2>\n<ol>\n<li style=\"font-weight: 400\"><span style=\"font-weight: 400\">\u00c5bn l\u00e5get, og fyld b\u00f8rsten med din foretrukne k\u00e6ledyrsshampoo (op til 80 ml).<\/span><span style=\"font-weight: 400\"><br \/>\n<\/span><\/li>\n<li style=\"font-weight: 400\"><span style=\"font-weight: 400\">Luk det, og tryk forsigtigt, mens du skrubber for at frig\u00f8re shampoo.<\/span><span style=\"font-weight: 400\"><br \/>\n<\/span><\/li>\n<li style=\"font-weight: 400\"><span style=\"font-weight: 400\">Brug cirkul\u00e6re bev\u00e6gelser til at massere og rense dit k\u00e6ledyrs pels.<\/span><span style=\"font-weight: 400\"><br \/>\n<\/span><\/li>\n<li style=\"font-weight: 400\"><span style=\"font-weight: 400\">Skyl b\u00f8rsten, og opbevar den til n\u00e6ste gang.<\/span><\/li>\n<\/ol>\n<h2 style=\"text-align: center\"><strong>Produktdetaljer<\/strong><\/h2>\n<ul>\n<li style=\"font-weight: 400\"><span style=\"font-weight: 400\">St\u00f8rrelse: 9,5 x 9,5 x 5 cm<\/span><span style=\"font-weight: 400\"><br \/>\n<\/span><\/li>\n<li style=\"font-weight: 400\"><span style=\"font-weight: 400\">Materiale: 100% silikone af h\u00f8j kvalitet<\/span><span style=\"font-weight: 400\"><br \/>\n<\/span><\/li>\n<li style=\"font-weight: 400\"><span style=\"font-weight: 400\">Kapacitet: 80 ml (shampoo ikke inkluderet)<\/span><span style=\"font-weight: 400\"><br \/>\n<\/span><\/li>\n<li style=\"font-weight: 400\"><span style=\"font-weight: 400\">Velegnet til: katte og hunde med kort h\u00e5r<\/span><\/li>\n<\/ul>\n<h2 style=\"text-align: center\"><strong>Pakken indeholder<\/strong><\/h2>\n<ul>\n<li><span style=\"font-weight: 400\">1x badeb\u00f8rste til k\u00e6ledyr.<\/span><\/li>\n<\/ul>\n","protected":false},"excerpt":{"rendered":"<p>G\u00f8r badetiden nemmere og sjovere for dig og dit k\u00e6ledyr. Badeb\u00f8rsten til k\u00e6ledyr er et 2-i-1 plejeredskab og en shampoo-dispenser, [&hellip;]<\/p>\n","protected":false},"featured_media":14502,"comment_status":"open","ping_status":"closed","template":"","meta":{"site-sidebar-layout":"default","site-content-layout":"","ast-site-content-layout":"default","site-content-style":"default","site-sidebar-style":"default","ast-global-header-display":"","ast-banner-title-visibility":"","ast-main-header-display":"","ast-hfb-above-header-display":"","ast-hfb-below-header-display":"","ast-hfb-mobile-header-display":"","site-post-title":"","ast-breadcrumbs-content":"","ast-featured-img":"","footer-sml-layout":"","theme-transparent-header-meta":"default","adv-header-id-meta":"","stick-header-meta":"","header-above-stick-meta":"","header-main-stick-meta":"","header-below-stick-meta":"","astra-migrate-meta-layouts":"set","ast-page-background-enabled":"default","ast-page-background-meta":{"desktop":{"background-color":"var(--ast-global-color-5)","background-image":"","background-repeat":"repeat","background-position":"center center","background-size":"auto","background-attachment":"scroll","background-type":"","background-media":"","overlay-type":"","overlay-color":"","overlay-opacity":"","overlay-gradient":""},"tablet":{"background-color":"","background-image":"","background-repeat":"repeat","background-position":"center center","background-size":"auto","background-attachment":"scroll","background-type":"","background-media":"","overlay-type":"","overlay-color":"","overlay-opacity":"","overlay-gradient":""},"mobile":{"background-color":"","background-image":"","background-repeat":"repeat","background-position":"center center","background-size":"auto","background-attachment":"scroll","background-type":"","background-media":"","overlay-type":"","overlay-color":"","overlay-opacity":"","overlay-gradient":""}},"ast-content-background-meta":{"desktop":{"background-color":"var(--ast-global-color-4)","background-image":"","background-repeat":"repeat","background-position":"center center","background-size":"auto","background-attachment":"scroll","background-type":"","background-media":"","overlay-type":"","overlay-color":"","overlay-opacity":"","overlay-gradient":""},"tablet":{"background-color":"var(--ast-global-color-4)","background-image":"","background-repeat":"repeat","background-position":"center center","background-size":"auto","background-attachment":"scroll","background-type":"","background-media":"","overlay-type":"","overlay-color":"","overlay-opacity":"","overlay-gradient":""},"mobile":{"background-color":"var(--ast-global-color-4)","background-image":"","background-repeat":"repeat","background-position":"center center","background-size":"auto","background-attachment":"scroll","background-type":"","background-media":"","overlay-type":"","overlay-color":"","overlay-opacity":"","overlay-gradient":""}}},"product_brand":[],"product_cat":[19],"product_tag":[],"class_list":{"0":"post-14506","1":"product","2":"type-product","3":"status-publish","4":"has-post-thumbnail","6":"product_cat-uncategorized","7":"pa_37549_cu3qoutx-blaa","8":"pa_37549_cu3qoutx-gul","9":"pa_37549_cu3qoutx-lyseroed","10":"desktop-align-left","11":"tablet-align-left","12":"mobile-align-left","14":"first","15":"instock","16":"shipping-taxable","17":"purchasable","18":"product-type-variable"},"_links":{"self":[{"href":"https:\/\/ecostera.com\/dk\/wp-json\/wp\/v2\/product\/14506","targetHints":{"allow":["GET"]}}],"collection":[{"href":"https:\/\/ecostera.com\/dk\/wp-json\/wp\/v2\/product"}],"about":[{"href":"https:\/\/ecostera.com\/dk\/wp-json\/wp\/v2\/types\/product"}],"replies":[{"embeddable":true,"href":"https:\/\/ecostera.com\/dk\/wp-json\/wp\/v2\/comments?post=14506"}],"wp:featuredmedia":[{"embeddable":true,"href":"https:\/\/ecostera.com\/dk\/wp-json\/wp\/v2\/media\/14502"}],"wp:attachment":[{"href":"https:\/\/ecostera.com\/dk\/wp-json\/wp\/v2\/media?parent=14506"}],"wp:term":[{"taxonomy":"product_brand","embeddable":true,"href":"https:\/\/ecostera.com\/dk\/wp-json\/wp\/v2\/product_brand?post=14506"},{"taxonomy":"product_cat","embeddable":true,"href":"https:\/\/ecostera.com\/dk\/wp-json\/wp\/v2\/product_cat?post=14506"},{"taxonomy":"product_tag","embeddable":true,"href":"https:\/\/ecostera.com\/dk\/wp-json\/wp\/v2\/product_tag?post=14506"}],"curies":[{"name":"wp","href":"https:\/\/api.w.org\/{rel}","templated":true}]}}