{"id":14632,"date":"2025-09-11T16:19:14","date_gmt":"2025-09-11T13:19:14","guid":{"rendered":"https:\/\/ecostera.com\/dk\/product\/arrangoer\/"},"modified":"2025-09-11T16:19:39","modified_gmt":"2025-09-11T13:19:39","slug":"arrangoer","status":"publish","type":"product","link":"https:\/\/ecostera.com\/dk\/product\/arrangoer\/","title":{"rendered":"Arrang\u00f8r"},"content":{"rendered":"<p style=\"text-align: center\"><strong><span style=\"font-weight: 400\">\ud83d\udd10<\/span>Hold din bil p\u00e6n og de vigtigste ting inden for r\u00e6kkevidde.<span style=\"font-weight: 400\">\ud83d\udcbc<\/span><\/strong><\/p>\n<p style=\"text-align: center\"><span style=\"font-weight: 400\">Bilens visir-organizer er den perfekte l\u00f8sning til at holde dine must-have ting let tilg\u00e6ngelige og din bil fri for rod. Den installeres p\u00e5 f\u00e5 sekunder p\u00e5 din solsk\u00e6rm og giver dig hurtig adgang til kort, kvitteringer, solbriller og meget mere &#8211; uden at du beh\u00f8ver at fjerne blikket fra vejen.<\/span><\/p>\n<p><img decoding=\"async\" class=\"size-full wp-image-18595 aligncenter\" src=\"https:\/\/keluvo.com\/template\/wp-content\/uploads\/sites\/5\/2025\/05\/organizer-ezgif.com-video-to-webp-converter-1.webp\" alt=\"\" \/><\/p>\n<h2 style=\"text-align: center\">\ud83d\ude97 Hovedfordele<\/h2>\n<p><span style=\"font-weight: 400\">\ud83e\uddfc <\/span><b>Holder din bil organiseret<\/b><span style=\"font-weight: 400\"> \u2013 Ikke mere gravearbejde i handskerummet eller konsollen<\/span><span style=\"font-weight: 400\"><br \/>\n<\/span><\/p>\n<p><span style=\"font-weight: 400\">\ud83d\udc40 <\/span><b>Ingen blokeret udsigt<\/b><span style=\"font-weight: 400\"> \u2013 Slank design passer perfekt uden at forstyrre dit synsfelt<\/span><span style=\"font-weight: 400\"><br \/>\n<\/span><\/p>\n<p><span style=\"font-weight: 400\">\ud83d\udd10 <\/span><b>Lynl\u00e5s &amp; lommeopbevaring<\/b><span style=\"font-weight: 400\"> \u2013 Har plads til kort, solbriller, penge, billetter og meget mere<\/span><span style=\"font-weight: 400\"><br \/>\n<\/span><\/p>\n<p><span style=\"font-weight: 400\">\ud83d\udcbc <\/span><b>Premium PU-l\u00e6der<\/b><span style=\"font-weight: 400\"> \u2013 Holdbart, lugter ikke og passer stilfuldt ind i bilens interi\u00f8r<\/span><span style=\"font-weight: 400\"><br \/>\n<\/span><\/p>\n<p><span style=\"font-weight: 400\">\u26a1 <\/span><b>Hurtig installation<\/b><span style=\"font-weight: 400\"> \u2013 Justerbare elastiske stropper fastg\u00f8res p\u00e5 under 30 sekunder<\/span><span style=\"font-weight: 400\"><br \/>\n<\/span><\/p>\n<p><img decoding=\"async\" class=\"size-full wp-image-18598 aligncenter\" src=\"https:\/\/keluvo.com\/template\/wp-content\/uploads\/sites\/5\/2025\/05\/89615e40-be29-42b3-996f-d1affc96134f.webp\" alt=\"\" \/><\/p>\n<h2 style=\"text-align: center\">\u2705 S\u00e5dan bruges<\/h2>\n<ol>\n<li style=\"font-weight: 400\"><span style=\"font-weight: 400\">Skub de elastiske b\u00e5nd over bilens solsk\u00e6rm.<\/span><span style=\"font-weight: 400\"><br \/>\n<\/span><\/li>\n<li style=\"font-weight: 400\"><span style=\"font-weight: 400\">S\u00e6t dine ting ind i lynl\u00e5slommen, kortlommerne og opbevaringshylstrene.<\/span><span style=\"font-weight: 400\"><br \/>\n<\/span><\/li>\n<li style=\"font-weight: 400\"><span style=\"font-weight: 400\">Nyd den nemme adgang, mens du holder \u00f8jnene p\u00e5 vejen.<\/span><\/li>\n<\/ol>\n<h2 style=\"text-align: center\">\ud83d\udcd0 Produktdetaljer<\/h2>\n<ul>\n<li style=\"font-weight: 400\"><b>Materiale<\/b><span style=\"font-weight: 400\">: PU-l\u00e6der af h\u00f8j kvalitet<\/span><span style=\"font-weight: 400\"><br \/>\n<\/span><\/li>\n<li style=\"font-weight: 400\"><b>Pasform<\/b><span style=\"font-weight: 400\">: Universel pasform til de fleste bil-, SUV- og lastbilvisirer<\/span><span style=\"font-weight: 400\"><br \/>\n<\/span><\/li>\n<li style=\"font-weight: 400\"><b>Funktioner<\/b><span style=\"font-weight: 400\">: Stor lynl\u00e5slomme, flere \u00e5bninger og montering af elastisk strop<\/span><b style=\"font-size: 1.5em;font-style: inherit\"><\/b><\/li>\n<\/ul>\n<h2 style=\"text-align: center\">\ud83d\udce6 Pakken indeholder<\/h2>\n<ul>\n<li style=\"font-weight: 400\"><span style=\"font-weight: 400\">1 \u00d7 organizer til bilvisir.<\/span><\/li>\n<\/ul>\n","protected":false},"excerpt":{"rendered":"<p>\ud83d\udd10Hold din bil p\u00e6n og de vigtigste ting inden for r\u00e6kkevidde.\ud83d\udcbc Bilens visir-organizer er den perfekte l\u00f8sning til at holde [&hellip;]<\/p>\n","protected":false},"featured_media":14628,"comment_status":"open","ping_status":"closed","template":"","meta":{"site-sidebar-layout":"default","site-content-layout":"","ast-site-content-layout":"default","site-content-style":"default","site-sidebar-style":"default","ast-global-header-display":"","ast-banner-title-visibility":"","ast-main-header-display":"","ast-hfb-above-header-display":"","ast-hfb-below-header-display":"","ast-hfb-mobile-header-display":"","site-post-title":"","ast-breadcrumbs-content":"","ast-featured-img":"","footer-sml-layout":"","theme-transparent-header-meta":"default","adv-header-id-meta":"","stick-header-meta":"","header-above-stick-meta":"","header-main-stick-meta":"","header-below-stick-meta":"","astra-migrate-meta-layouts":"set","ast-page-background-enabled":"default","ast-page-background-meta":{"desktop":{"background-color":"var(--ast-global-color-5)","background-image":"","background-repeat":"repeat","background-position":"center center","background-size":"auto","background-attachment":"scroll","background-type":"","background-media":"","overlay-type":"","overlay-color":"","overlay-opacity":"","overlay-gradient":""},"tablet":{"background-color":"","background-image":"","background-repeat":"repeat","background-position":"center center","background-size":"auto","background-attachment":"scroll","background-type":"","background-media":"","overlay-type":"","overlay-color":"","overlay-opacity":"","overlay-gradient":""},"mobile":{"background-color":"","background-image":"","background-repeat":"repeat","background-position":"center center","background-size":"auto","background-attachment":"scroll","background-type":"","background-media":"","overlay-type":"","overlay-color":"","overlay-opacity":"","overlay-gradient":""}},"ast-content-background-meta":{"desktop":{"background-color":"var(--ast-global-color-4)","background-image":"","background-repeat":"repeat","background-position":"center center","background-size":"auto","background-attachment":"scroll","background-type":"","background-media":"","overlay-type":"","overlay-color":"","overlay-opacity":"","overlay-gradient":""},"tablet":{"background-color":"var(--ast-global-color-4)","background-image":"","background-repeat":"repeat","background-position":"center center","background-size":"auto","background-attachment":"scroll","background-type":"","background-media":"","overlay-type":"","overlay-color":"","overlay-opacity":"","overlay-gradient":""},"mobile":{"background-color":"var(--ast-global-color-4)","background-image":"","background-repeat":"repeat","background-position":"center center","background-size":"auto","background-attachment":"scroll","background-type":"","background-media":"","overlay-type":"","overlay-color":"","overlay-opacity":"","overlay-gradient":""}}},"product_brand":[],"product_cat":[19],"product_tag":[],"class_list":{"0":"post-14632","1":"product","2":"type-product","3":"status-publish","4":"has-post-thumbnail","6":"product_cat-uncategorized","7":"pa_18818_fth3obxm-beige","8":"pa_18818_fth3obxm-blaa","9":"pa_18818_fth3obxm-graa","10":"pa_18818_fth3obxm-lyseroed","11":"pa_18818_fth3obxm-roed","12":"pa_18818_fth3obxm-sort","13":"desktop-align-left","14":"tablet-align-left","15":"mobile-align-left","17":"first","18":"instock","19":"shipping-taxable","20":"purchasable","21":"product-type-variable"},"_links":{"self":[{"href":"https:\/\/ecostera.com\/dk\/wp-json\/wp\/v2\/product\/14632","targetHints":{"allow":["GET"]}}],"collection":[{"href":"https:\/\/ecostera.com\/dk\/wp-json\/wp\/v2\/product"}],"about":[{"href":"https:\/\/ecostera.com\/dk\/wp-json\/wp\/v2\/types\/product"}],"replies":[{"embeddable":true,"href":"https:\/\/ecostera.com\/dk\/wp-json\/wp\/v2\/comments?post=14632"}],"wp:featuredmedia":[{"embeddable":true,"href":"https:\/\/ecostera.com\/dk\/wp-json\/wp\/v2\/media\/14628"}],"wp:attachment":[{"href":"https:\/\/ecostera.com\/dk\/wp-json\/wp\/v2\/media?parent=14632"}],"wp:term":[{"taxonomy":"product_brand","embeddable":true,"href":"https:\/\/ecostera.com\/dk\/wp-json\/wp\/v2\/product_brand?post=14632"},{"taxonomy":"product_cat","embeddable":true,"href":"https:\/\/ecostera.com\/dk\/wp-json\/wp\/v2\/product_cat?post=14632"},{"taxonomy":"product_tag","embeddable":true,"href":"https:\/\/ecostera.com\/dk\/wp-json\/wp\/v2\/product_tag?post=14632"}],"curies":[{"name":"wp","href":"https:\/\/api.w.org\/{rel}","templated":true}]}}