{"id":14681,"date":"2025-09-11T16:23:58","date_gmt":"2025-09-11T13:23:58","guid":{"rendered":"https:\/\/ecostera.com\/dk\/product\/dekorative-lamper\/"},"modified":"2025-09-16T23:58:56","modified_gmt":"2025-09-16T20:58:56","slug":"dekorative-lamper","status":"publish","type":"product","link":"https:\/\/ecostera.com\/dk\/product\/dekorative-lamper\/","title":{"rendered":"Dekorative lamper"},"content":{"rendered":"<p style=\"text-align: center\"><strong><span style=\"font-weight: 400\">\u2728<\/span>Bring magisk lys til din have &#8211; dag og nat!\ud83d\udc7d<\/strong><\/p>\n<p style=\"text-align: center\"><span style=\"font-weight: 400\">Transformer din have til et gl\u00f8dende eventyrland med disse charmerende selvlysende \u00e5ndemanere. Disse sm\u00e5 lysende ornamenter er lavet af milj\u00f8venlig harpiks og suger sollys til sig og lyser bl\u00f8dt om natten og skaber en finurlig, fortryllende atmosf\u00e6re i din have eller dit hjem. De er perfekte til eventyrhaver, urtepotter eller andre steder, der har brug for et magisk touch.<\/span><\/p>\n<p><img decoding=\"async\" class=\"size-full wp-image-18624 aligncenter\" src=\"https:\/\/keluvo.com\/template\/wp-content\/uploads\/sites\/5\/2025\/05\/8bf6172b-df70-47e8-95ad-b695598e809b.webp\" alt=\"\" \/><\/p>\n<h2 style=\"text-align: center\">Vigtigste fordele<\/h2>\n<p><span style=\"font-weight: 400\">\u2728 <\/span><b>Lyser i m\u00f8rket<\/b><span style=\"font-weight: 400\"> &#8211; Oplader i lys og lyser om natten for magisk stemning<\/span><span style=\"font-weight: 400\"><br \/>\n<\/span><\/p>\n<p><span style=\"font-weight: 400\">\ud83c\udf3f <\/span><b>Milj\u00f8venlig harpiks<\/b><span style=\"font-weight: 400\"> &#8211; Sikker, holdbar og perfekt til indend\u00f8rs og udend\u00f8rs brug<\/span><span style=\"font-weight: 400\"><br \/>\n<\/span><\/p>\n<p><span style=\"font-weight: 400\">\ud83c\udfa8 <\/span><b>Kreative displays<\/b><span style=\"font-weight: 400\"> &#8211; Perfekt til fehaver, sukkulenter eller skrivebordsindretning<\/span><\/p>\n<p><span style=\"font-weight: 400\">\ud83d\udd04 <b style=\"font-style: inherit\">Let at arrangere<\/b><span style=\"font-weight: 400\"> &#8211; Let og kompakt til hurtig placering og rearranging<\/span><\/span><\/p>\n<p><img decoding=\"async\" class=\"size-full wp-image-18627 aligncenter\" src=\"https:\/\/keluvo.com\/template\/wp-content\/uploads\/sites\/5\/2025\/05\/3416cd99-2e8f-4107-a0c1-814faba7654f.webp\" alt=\"\" \/><\/p>\n<h2 style=\"text-align: center\">S\u00e5dan bruger du det<\/h2>\n<ol>\n<li style=\"font-weight: 400\"><span style=\"font-weight: 400\">Placer figurerne p\u00e5 det \u00f8nskede sted &#8211; i haven, i en potte, i mosen eller p\u00e5 skrivebordet.<\/span><span style=\"font-weight: 400\"><br \/>\n<\/span><\/li>\n<li style=\"font-weight: 400\"><span style=\"font-weight: 400\">Lad dem st\u00e5 i sollys eller indend\u00f8rs lys for at lade op.<\/span><span style=\"font-weight: 400\"><br \/>\n<\/span><\/li>\n<li style=\"font-weight: 400\"><span style=\"font-weight: 400\">Se dem lyse p\u00e5 magisk vis, n\u00e5r det bliver m\u00f8rkt!<\/span><\/li>\n<li style=\"font-weight: 400\"><span style=\"font-weight: 400\">Arranger dem n\u00e5r som helst for at f\u00e5 et nyt look.<\/span><\/li>\n<\/ol>\n<h2 style=\"text-align: center\">Detaljer om produktet<\/h2>\n<ul>\n<li style=\"font-weight: 400\"><span style=\"font-weight: 400\">Materiale: Milj\u00f8venlig harpiks af h\u00f8j kvalitet<\/span><span style=\"font-weight: 400\"><br \/>\n<\/span><\/li>\n<li style=\"font-weight: 400\"><span style=\"font-weight: 400\">Mulighed for antal: 5, 10, eller 20 stykker pr. s\u00e6t<\/span><span style=\"font-weight: 400\"><br \/>\n<\/span><\/li>\n<li style=\"font-weight: 400\"><span style=\"font-weight: 400\">Funktioner: Selvlysende, tilf\u00e6ldige designs, vejrbestandig<\/span><span style=\"font-weight: 400\"><br \/>\n<\/span><\/li>\n<li style=\"font-weight: 400\"><span style=\"font-weight: 400\">St\u00f8rrelse: Miniature (varierer lidt efter design)<\/span><\/li>\n<\/ul>\n<h2 style=\"text-align: center\">Pakken indeholder<\/h2>\n<ul>\n<li style=\"font-weight: 400\"><span style=\"font-weight: 400\">5, 10, 20 x \u00e5ndemanere.<\/span><\/li>\n<\/ul>\n","protected":false},"excerpt":{"rendered":"<p>\u2728Bring magisk lys til din have &#8211; dag og nat!\ud83d\udc7d Transformer din have til et gl\u00f8dende eventyrland med disse charmerende [&hellip;]<\/p>\n","protected":false},"featured_media":14677,"comment_status":"open","ping_status":"closed","template":"","meta":{"site-sidebar-layout":"default","site-content-layout":"","ast-site-content-layout":"default","site-content-style":"default","site-sidebar-style":"default","ast-global-header-display":"","ast-banner-title-visibility":"","ast-main-header-display":"","ast-hfb-above-header-display":"","ast-hfb-below-header-display":"","ast-hfb-mobile-header-display":"","site-post-title":"","ast-breadcrumbs-content":"","ast-featured-img":"","footer-sml-layout":"","theme-transparent-header-meta":"default","adv-header-id-meta":"","stick-header-meta":"","header-above-stick-meta":"","header-main-stick-meta":"","header-below-stick-meta":"","astra-migrate-meta-layouts":"set","ast-page-background-enabled":"default","ast-page-background-meta":{"desktop":{"background-color":"var(--ast-global-color-5)","background-image":"","background-repeat":"repeat","background-position":"center center","background-size":"auto","background-attachment":"scroll","background-type":"","background-media":"","overlay-type":"","overlay-color":"","overlay-opacity":"","overlay-gradient":""},"tablet":{"background-color":"","background-image":"","background-repeat":"repeat","background-position":"center center","background-size":"auto","background-attachment":"scroll","background-type":"","background-media":"","overlay-type":"","overlay-color":"","overlay-opacity":"","overlay-gradient":""},"mobile":{"background-color":"","background-image":"","background-repeat":"repeat","background-position":"center center","background-size":"auto","background-attachment":"scroll","background-type":"","background-media":"","overlay-type":"","overlay-color":"","overlay-opacity":"","overlay-gradient":""}},"ast-content-background-meta":{"desktop":{"background-color":"var(--ast-global-color-4)","background-image":"","background-repeat":"repeat","background-position":"center center","background-size":"auto","background-attachment":"scroll","background-type":"","background-media":"","overlay-type":"","overlay-color":"","overlay-opacity":"","overlay-gradient":""},"tablet":{"background-color":"var(--ast-global-color-4)","background-image":"","background-repeat":"repeat","background-position":"center center","background-size":"auto","background-attachment":"scroll","background-type":"","background-media":"","overlay-type":"","overlay-color":"","overlay-opacity":"","overlay-gradient":""},"mobile":{"background-color":"var(--ast-global-color-4)","background-image":"","background-repeat":"repeat","background-position":"center center","background-size":"auto","background-attachment":"scroll","background-type":"","background-media":"","overlay-type":"","overlay-color":"","overlay-opacity":"","overlay-gradient":""}}},"product_brand":[],"product_cat":[19],"product_tag":[],"class_list":{"0":"post-14681","1":"product","2":"type-product","3":"status-publish","4":"has-post-thumbnail","6":"product_cat-uncategorized","7":"pa_18952_66iw1w20-blaa","8":"pa_18952_66iw1w20-groen","9":"pa_18952_d5mut5va-5-stk","10":"pa_18952_d5mut5va-10-stk","11":"pa_18952_d5mut5va-20-stk","12":"desktop-align-left","13":"tablet-align-left","14":"mobile-align-left","16":"first","17":"instock","18":"shipping-taxable","19":"purchasable","20":"product-type-variable","21":"has-default-attributes"},"_links":{"self":[{"href":"https:\/\/ecostera.com\/dk\/wp-json\/wp\/v2\/product\/14681","targetHints":{"allow":["GET"]}}],"collection":[{"href":"https:\/\/ecostera.com\/dk\/wp-json\/wp\/v2\/product"}],"about":[{"href":"https:\/\/ecostera.com\/dk\/wp-json\/wp\/v2\/types\/product"}],"replies":[{"embeddable":true,"href":"https:\/\/ecostera.com\/dk\/wp-json\/wp\/v2\/comments?post=14681"}],"wp:featuredmedia":[{"embeddable":true,"href":"https:\/\/ecostera.com\/dk\/wp-json\/wp\/v2\/media\/14677"}],"wp:attachment":[{"href":"https:\/\/ecostera.com\/dk\/wp-json\/wp\/v2\/media?parent=14681"}],"wp:term":[{"taxonomy":"product_brand","embeddable":true,"href":"https:\/\/ecostera.com\/dk\/wp-json\/wp\/v2\/product_brand?post=14681"},{"taxonomy":"product_cat","embeddable":true,"href":"https:\/\/ecostera.com\/dk\/wp-json\/wp\/v2\/product_cat?post=14681"},{"taxonomy":"product_tag","embeddable":true,"href":"https:\/\/ecostera.com\/dk\/wp-json\/wp\/v2\/product_tag?post=14681"}],"curies":[{"name":"wp","href":"https:\/\/api.w.org\/{rel}","templated":true}]}}