{"id":15261,"date":"2025-09-11T18:06:54","date_gmt":"2025-09-11T15:06:54","guid":{"rendered":"https:\/\/ecostera.com\/dk\/product\/glasbaeger\/"},"modified":"2025-09-12T13:12:48","modified_gmt":"2025-09-12T10:12:48","slug":"glasbaeger","status":"publish","type":"product","link":"https:\/\/ecostera.com\/dk\/product\/glasbaeger\/","title":{"rendered":"Glasb\u00e6ger"},"content":{"rendered":"<h2 style=\"text-align: center\">\ud83c\udf77 Nip Med Stil! \ud83c\udf77<\/h2>\n<p style=\"text-align: center\"><span style=\"font-weight: 400\">F\u00f8j et strejf af elegance og sjov til dine drinks med vores kreative runde kugleglas! Den unikke form og tr\u00e6rammen g\u00f8r hver slurk til noget s\u00e6rligt.<\/span><\/p>\n<p><img decoding=\"async\" class=\"size-full wp-image-14426 aligncenter\" src=\"https:\/\/keluvo.com\/template\/wp-content\/uploads\/sites\/5\/2025\/04\/95013b9e-8fba-48da-81cd-c3961edaaf39.webp\" alt=\"\" \/><\/p>\n<h2 style=\"text-align: center\">\ud83c\udf1f Derfor Vil Du Elske Det<\/h2>\n<ul>\n<li style=\"font-weight: 400\"><b>Unikt Design<\/b><span style=\"font-weight: 400\">: Den runde kugleform med tr\u00e6ramme skiller sig ud og tilf\u00f8jer charme til ethvert milj\u00f8.<\/span><\/li>\n<li style=\"font-weight: 400\"><b>Klart Glas<\/b><span style=\"font-weight: 400\">: Lavet af borosilikatglas af h\u00f8j kvalitet, det er st\u00e6rkt og lader dig se de smukke farver p\u00e5 dine drinks.<\/span><\/li>\n<li style=\"font-weight: 400\"><b>Perfekt Til S\u00e6rlige \u00d8jeblikke<\/b><span style=\"font-weight: 400\">: Perfekt til romantiske middage, fester eller bare afslapning derhjemme.<\/span><\/li>\n<li style=\"font-weight: 400\"><b>Ideel Gave<\/b><span style=\"font-weight: 400\">: En bet\u00e6nksom gave til venner, familie eller k\u00e6re ved enhver lejlighed.<\/span><\/li>\n<\/ul>\n<p><span style=\"font-weight: 400\"><img decoding=\"async\" class=\"alignnone size-medium wp-image-13864 aligncenter\" src=\"https:\/\/keluvo.com\/template\/wp-content\/uploads\/sites\/5\/2025\/04\/Sacc29872ceed476883400c0b4ec8f26bh.jpg_960x960q75.jpg_.jpeg\" alt=\"\" \/><\/span><\/p>\n<h2 style=\"text-align: center\">\ud83d\udee0\ufe0f Produktdetaljer<\/h2>\n<ul>\n<li style=\"font-weight: 400\"><b>Materiale<\/b><span style=\"font-weight: 400\">: Borosilikatglas af h\u00f8j kvalitet med en robust tr\u00e6ramme.<\/span><span style=\"font-weight: 400\"><br \/>\n<\/span><\/li>\n<li style=\"font-weight: 400\"><b>Design<\/b><span style=\"font-weight: 400\">: Moderne og romantisk, perfekt til at forbedre din drinksoplevelse.<\/span><\/li>\n<li style=\"font-weight: 400\"><span style=\"font-weight: 400\"><b style=\"font-style: inherit\">Anvendelse<\/b><span style=\"font-weight: 400\">: Ideel til afslappede sammenkomster eller formelle middage.<\/span><\/span><\/li>\n<\/ul>\n<p data-start=\"242\" data-end=\"438\"><img decoding=\"async\" class=\"alignnone size-medium wp-image-13860 aligncenter\" src=\"https:\/\/keluvo.com\/template\/wp-content\/uploads\/sites\/5\/2025\/04\/S87a6272a24e34dc9a906d020eda2946dA.jpg_960x960q75.jpg_.jpeg\" alt=\"\" \/><\/p>\n<p style=\"text-align: center\"><span style=\"font-weight: 400\">L\u00f8ft din drinkssamling med denne stilfulde og funktionelle glaskop.<\/span><\/p>\n<p style=\"text-align: center\" data-start=\"242\" data-end=\"438\"><b>L\u00e6g Den I Kurven<\/b><span style=\"font-weight: 400\">, og nyd dine drikkevarer p\u00e5 en helt ny m\u00e5de!<\/span><\/p>\n","protected":false},"excerpt":{"rendered":"<p>\ud83c\udf77 Nip Med Stil! \ud83c\udf77 F\u00f8j et strejf af elegance og sjov til dine drinks med vores kreative runde kugleglas! [&hellip;]<\/p>\n","protected":false},"featured_media":15257,"comment_status":"open","ping_status":"closed","template":"","meta":{"site-sidebar-layout":"default","site-content-layout":"","ast-site-content-layout":"default","site-content-style":"default","site-sidebar-style":"default","ast-global-header-display":"","ast-banner-title-visibility":"","ast-main-header-display":"","ast-hfb-above-header-display":"","ast-hfb-below-header-display":"","ast-hfb-mobile-header-display":"","site-post-title":"","ast-breadcrumbs-content":"","ast-featured-img":"","footer-sml-layout":"","theme-transparent-header-meta":"default","adv-header-id-meta":"","stick-header-meta":"","header-above-stick-meta":"","header-main-stick-meta":"","header-below-stick-meta":"","astra-migrate-meta-layouts":"set","ast-page-background-enabled":"default","ast-page-background-meta":{"desktop":{"background-color":"var(--ast-global-color-5)","background-image":"","background-repeat":"repeat","background-position":"center center","background-size":"auto","background-attachment":"scroll","background-type":"","background-media":"","overlay-type":"","overlay-color":"","overlay-opacity":"","overlay-gradient":""},"tablet":{"background-color":"","background-image":"","background-repeat":"repeat","background-position":"center center","background-size":"auto","background-attachment":"scroll","background-type":"","background-media":"","overlay-type":"","overlay-color":"","overlay-opacity":"","overlay-gradient":""},"mobile":{"background-color":"","background-image":"","background-repeat":"repeat","background-position":"center center","background-size":"auto","background-attachment":"scroll","background-type":"","background-media":"","overlay-type":"","overlay-color":"","overlay-opacity":"","overlay-gradient":""}},"ast-content-background-meta":{"desktop":{"background-color":"var(--ast-global-color-4)","background-image":"","background-repeat":"repeat","background-position":"center center","background-size":"auto","background-attachment":"scroll","background-type":"","background-media":"","overlay-type":"","overlay-color":"","overlay-opacity":"","overlay-gradient":""},"tablet":{"background-color":"var(--ast-global-color-4)","background-image":"","background-repeat":"repeat","background-position":"center center","background-size":"auto","background-attachment":"scroll","background-type":"","background-media":"","overlay-type":"","overlay-color":"","overlay-opacity":"","overlay-gradient":""},"mobile":{"background-color":"var(--ast-global-color-4)","background-image":"","background-repeat":"repeat","background-position":"center center","background-size":"auto","background-attachment":"scroll","background-type":"","background-media":"","overlay-type":"","overlay-color":"","overlay-opacity":"","overlay-gradient":""}}},"product_brand":[],"product_cat":[19],"product_tag":[],"class_list":{"0":"post-15261","1":"product","2":"type-product","3":"status-publish","4":"has-post-thumbnail","6":"product_cat-uncategorized","7":"pa_41673_8xmlz4x2-2320","8":"pa_41673_8xmlz4x2-2322","9":"pa_41673_8xmlz4x2-2323","10":"pa_41673_8xmlz4x2-2324","11":"pa_41673_8xmlz4x2-2321","12":"desktop-align-left","13":"tablet-align-left","14":"mobile-align-left","16":"first","17":"instock","18":"shipping-taxable","19":"purchasable","20":"product-type-variable"},"_links":{"self":[{"href":"https:\/\/ecostera.com\/dk\/wp-json\/wp\/v2\/product\/15261","targetHints":{"allow":["GET"]}}],"collection":[{"href":"https:\/\/ecostera.com\/dk\/wp-json\/wp\/v2\/product"}],"about":[{"href":"https:\/\/ecostera.com\/dk\/wp-json\/wp\/v2\/types\/product"}],"replies":[{"embeddable":true,"href":"https:\/\/ecostera.com\/dk\/wp-json\/wp\/v2\/comments?post=15261"}],"wp:featuredmedia":[{"embeddable":true,"href":"https:\/\/ecostera.com\/dk\/wp-json\/wp\/v2\/media\/15257"}],"wp:attachment":[{"href":"https:\/\/ecostera.com\/dk\/wp-json\/wp\/v2\/media?parent=15261"}],"wp:term":[{"taxonomy":"product_brand","embeddable":true,"href":"https:\/\/ecostera.com\/dk\/wp-json\/wp\/v2\/product_brand?post=15261"},{"taxonomy":"product_cat","embeddable":true,"href":"https:\/\/ecostera.com\/dk\/wp-json\/wp\/v2\/product_cat?post=15261"},{"taxonomy":"product_tag","embeddable":true,"href":"https:\/\/ecostera.com\/dk\/wp-json\/wp\/v2\/product_tag?post=15261"}],"curies":[{"name":"wp","href":"https:\/\/api.w.org\/{rel}","templated":true}]}}