{"id":15279,"date":"2025-09-11T18:08:01","date_gmt":"2025-09-11T15:08:01","guid":{"rendered":"https:\/\/ecostera.com\/dk\/product\/sammenklappelig-siddestok\/"},"modified":"2025-09-11T18:08:01","modified_gmt":"2025-09-11T15:08:01","slug":"sammenklappelig-siddestok","status":"publish","type":"product","link":"https:\/\/ecostera.com\/dk\/product\/sammenklappelig-siddestok\/","title":{"rendered":"Sammenklappelig siddestok"},"content":{"rendered":"<p style=\"text-align: center\"><strong>\ud83d\udeb6\u200d\u2642\ufe0f En let og robust stok, der hurtigt kan forvandles til et behageligt s\u00e6de \ud83e\ude91<\/strong><\/p>\n<p style=\"text-align: center\">G\u00e5 med lethed, hvil med komfort. <span style=\"font-weight: 400\">Denne 2-i-1-stok er perfekt til seniorer eller andre, der har brug for ekstra st\u00f8tte. N\u00e5r du er tr\u00e6t, folder du den blot ud til et stabilt s\u00e6de. Den er fantastisk til g\u00e5ture, indk\u00f8b eller til at st\u00e5 i k\u00f8.<\/span><\/p>\n<p><img decoding=\"async\" class=\"size-full wp-image-14981 aligncenter\" src=\"https:\/\/keluvo.com\/template\/wp-content\/uploads\/sites\/5\/2025\/04\/ezgif.com-gif-to-webp-converter.webp\" alt=\"\" \/><\/p>\n<h2 style=\"text-align: center\"><strong>St\u00e6rk Og Holdbar, Kan B\u00e6re Op Til 120 Kg!<\/strong><span style=\"font-weight: 400\"><br \/>\n<\/span><\/h2>\n<p><span style=\"font-weight: 400\">\u2714 Letv\u00e6gtsdesign, nem at b\u00e6re<\/span><span style=\"font-weight: 400\"><br \/>\n<\/span><\/p>\n<p><span style=\"font-weight: 400\">\u2714 Skifter hurtigt fra stok til s\u00e6de<\/span><span style=\"font-weight: 400\"><br \/>\n<\/span><\/p>\n<p><span style=\"font-weight: 400\">\u2714 Komfortabelt greb og s\u00e6de til lang tids brug<\/span><span style=\"font-weight: 400\"><br \/>\n<\/span><\/p>\n<p><span style=\"font-weight: 400\">\u2714 Skridsikre f\u00f8dder for sikkerhed<\/span><span style=\"font-weight: 400\"><br \/>\n<\/span><\/p>\n<p><img decoding=\"async\" class=\"size-full wp-image-14982 aligncenter\" src=\"https:\/\/keluvo.com\/template\/wp-content\/uploads\/sites\/5\/2025\/04\/a4efc535-ffd9-4037-a818-180aea411b8a.webp\" alt=\"\" \/><\/p>\n<h2 style=\"text-align: center\">S\u00e5dan Bruger Du Den Foldbare S\u00e6de-Stok?<\/h2>\n<p style=\"text-align: center\"><span style=\"font-weight: 400\">Tryk p\u00e5 knappen for at folde s\u00e6det ud. S\u00e6t dig ned, n\u00e5r du har brug for et hvil. Fold den tilbage til en stok, n\u00e5r du er klar til at g\u00e5.<\/span><\/p>\n<h2 style=\"text-align: center\">Hvad Du F\u00e5r<\/h2>\n<p style=\"text-align: center\"><span style=\"font-weight: 400\">N\u00e5r du k\u00f8ber dette produkt, f\u00e5r du:<\/span><\/p>\n<ul>\n<li style=\"font-weight: 400\"><span style=\"font-weight: 400\">1x foldbar siddestok<\/span><span style=\"font-weight: 400\"><br \/>\n<\/span><\/li>\n<\/ul>\n<p style=\"text-align: center\"><span style=\"font-weight: 400\">Denne stok er lavet af aluminium og plast i luftfartskvalitet. Den vejer ca. 1,02 kg.<\/span><\/p>\n","protected":false},"excerpt":{"rendered":"<p>\ud83d\udeb6\u200d\u2642\ufe0f En let og robust stok, der hurtigt kan forvandles til et behageligt s\u00e6de \ud83e\ude91 G\u00e5 med lethed, hvil med [&hellip;]<\/p>\n","protected":false},"featured_media":15276,"comment_status":"open","ping_status":"closed","template":"","meta":{"site-sidebar-layout":"default","site-content-layout":"","ast-site-content-layout":"default","site-content-style":"default","site-sidebar-style":"default","ast-global-header-display":"","ast-banner-title-visibility":"","ast-main-header-display":"","ast-hfb-above-header-display":"","ast-hfb-below-header-display":"","ast-hfb-mobile-header-display":"","site-post-title":"","ast-breadcrumbs-content":"","ast-featured-img":"","footer-sml-layout":"","theme-transparent-header-meta":"default","adv-header-id-meta":"","stick-header-meta":"","header-above-stick-meta":"","header-main-stick-meta":"","header-below-stick-meta":"","astra-migrate-meta-layouts":"set","ast-page-background-enabled":"default","ast-page-background-meta":{"desktop":{"background-color":"var(--ast-global-color-5)","background-image":"","background-repeat":"repeat","background-position":"center center","background-size":"auto","background-attachment":"scroll","background-type":"","background-media":"","overlay-type":"","overlay-color":"","overlay-opacity":"","overlay-gradient":""},"tablet":{"background-color":"","background-image":"","background-repeat":"repeat","background-position":"center center","background-size":"auto","background-attachment":"scroll","background-type":"","background-media":"","overlay-type":"","overlay-color":"","overlay-opacity":"","overlay-gradient":""},"mobile":{"background-color":"","background-image":"","background-repeat":"repeat","background-position":"center center","background-size":"auto","background-attachment":"scroll","background-type":"","background-media":"","overlay-type":"","overlay-color":"","overlay-opacity":"","overlay-gradient":""}},"ast-content-background-meta":{"desktop":{"background-color":"var(--ast-global-color-4)","background-image":"","background-repeat":"repeat","background-position":"center center","background-size":"auto","background-attachment":"scroll","background-type":"","background-media":"","overlay-type":"","overlay-color":"","overlay-opacity":"","overlay-gradient":""},"tablet":{"background-color":"var(--ast-global-color-4)","background-image":"","background-repeat":"repeat","background-position":"center center","background-size":"auto","background-attachment":"scroll","background-type":"","background-media":"","overlay-type":"","overlay-color":"","overlay-opacity":"","overlay-gradient":""},"mobile":{"background-color":"var(--ast-global-color-4)","background-image":"","background-repeat":"repeat","background-position":"center center","background-size":"auto","background-attachment":"scroll","background-type":"","background-media":"","overlay-type":"","overlay-color":"","overlay-opacity":"","overlay-gradient":""}}},"product_brand":[],"product_cat":[19],"product_tag":[],"class_list":{"0":"post-15279","1":"product","2":"type-product","3":"status-publish","4":"has-post-thumbnail","6":"product_cat-uncategorized","7":"desktop-align-left","8":"tablet-align-left","9":"mobile-align-left","11":"first","12":"instock","13":"shipping-taxable","14":"purchasable","15":"product-type-simple"},"_links":{"self":[{"href":"https:\/\/ecostera.com\/dk\/wp-json\/wp\/v2\/product\/15279","targetHints":{"allow":["GET"]}}],"collection":[{"href":"https:\/\/ecostera.com\/dk\/wp-json\/wp\/v2\/product"}],"about":[{"href":"https:\/\/ecostera.com\/dk\/wp-json\/wp\/v2\/types\/product"}],"replies":[{"embeddable":true,"href":"https:\/\/ecostera.com\/dk\/wp-json\/wp\/v2\/comments?post=15279"}],"wp:featuredmedia":[{"embeddable":true,"href":"https:\/\/ecostera.com\/dk\/wp-json\/wp\/v2\/media\/15276"}],"wp:attachment":[{"href":"https:\/\/ecostera.com\/dk\/wp-json\/wp\/v2\/media?parent=15279"}],"wp:term":[{"taxonomy":"product_brand","embeddable":true,"href":"https:\/\/ecostera.com\/dk\/wp-json\/wp\/v2\/product_brand?post=15279"},{"taxonomy":"product_cat","embeddable":true,"href":"https:\/\/ecostera.com\/dk\/wp-json\/wp\/v2\/product_cat?post=15279"},{"taxonomy":"product_tag","embeddable":true,"href":"https:\/\/ecostera.com\/dk\/wp-json\/wp\/v2\/product_tag?post=15279"}],"curies":[{"name":"wp","href":"https:\/\/api.w.org\/{rel}","templated":true}]}}