{"id":15364,"date":"2025-09-12T14:35:48","date_gmt":"2025-09-12T11:35:48","guid":{"rendered":"https:\/\/ecostera.com\/dk\/product\/gloedende-kugle\/"},"modified":"2025-09-12T14:36:20","modified_gmt":"2025-09-12T11:36:20","slug":"gloedende-kugle","status":"publish","type":"product","link":"https:\/\/ecostera.com\/dk\/product\/gloedende-kugle\/","title":{"rendered":"Gl\u00f8dende kugle"},"content":{"rendered":"<p style=\"text-align: center\"><strong>En Farverig Og Vandt\u00e6t M\u00e5de At Lyse Dit Udend\u00f8rs Rum Op P\u00e5 \ud83d\udca1<\/strong><\/p>\n<p style=\"text-align: center\"><span style=\"font-weight: 400\">F\u00e5 din have, terrasse eller fest til at skinne med dette lysende kuglelys. Den skifter farve og er nem at bruge. Perfekt til bryllupper, ferier eller hverdagssjov.<\/span><\/p>\n<h2 style=\"text-align: center\"><img decoding=\"async\" class=\"size-full wp-image-15130 aligncenter\" src=\"https:\/\/keluvo.com\/template\/wp-content\/uploads\/sites\/5\/2025\/04\/be6da464-26a3-4598-b966-ca696e4b9b25.webp\" alt=\"\" \/>Hovedfordele<\/h2>\n<p><span style=\"font-weight: 400\">16 farver at v\u00e6lge imellem<\/span><\/p>\n<p><span style=\"font-weight: 400\">4 belysningstilstande: flash, strobe, fade og smooth<\/span><\/p>\n<p><span style=\"font-weight: 400\">Virker i 8-10 timer efter opladning<\/span><\/p>\n<p><span style=\"font-weight: 400\">Vandt\u00e6t og sikker til udend\u00f8rs brug<\/span><\/p>\n<p><span style=\"font-weight: 400\">Fjernbetjening til nemme farveskift<\/span><\/p>\n<h2 style=\"text-align: center\"><img decoding=\"async\" class=\"size-full wp-image-15131 aligncenter\" src=\"https:\/\/keluvo.com\/template\/wp-content\/uploads\/sites\/5\/2025\/04\/e022b739-58f8-4c90-ace3-7b9758815c60.webp\" alt=\"\" \/>Pakken Indeholder<\/h2>\n<ul>\n<li><span style=\"font-weight: 400\">1x gl\u00f8dende kuglelys (v\u00e6lg mellem st\u00f8rrelserne 10 cm til 25 cm)<\/span><\/li>\n<li><span style=\"font-weight: 400\">1x USB-opladerkabel<\/span><\/li>\n<li><span style=\"font-weight: 400\">1x fjernbetjening.<\/span><\/li>\n<\/ul>\n<p><img decoding=\"async\" class=\"size-full wp-image-15132 aligncenter\" src=\"https:\/\/keluvo.com\/template\/wp-content\/uploads\/sites\/5\/2025\/04\/f37de792-8354-4f9f-9846-38b69adc8184.webp\" alt=\"\" \/><\/p>\n<h2 style=\"text-align: center\">S\u00e5dan Bruges<\/h2>\n<p style=\"text-align: center\"><span style=\"font-weight: 400\">Oplad kuglen med USB-kablet i ca. 6 timer. Brug fjernbetjeningen til at v\u00e6lge din yndlingsfarve eller -tilstand. Placer den hvor som helst udenfor for at nyde lyset.<\/span><\/p>\n<p style=\"text-align: center\"><b>Bem\u00e6rk:<\/b><\/p>\n<p style=\"text-align: center\"><span style=\"font-weight: 400\">Lyset har et indbygget batteri. Den er vandt\u00e6t (IP65), men m\u00e5 ikke neds\u00e6nkes i vand.<\/span><\/p>\n<p style=\"text-align: center\"><span style=\"font-weight: 400\">Giv dit uderum et magisk pr\u00e6g med det lysende havelys.<\/span><\/p>\n","protected":false},"excerpt":{"rendered":"<p>En Farverig Og Vandt\u00e6t M\u00e5de At Lyse Dit Udend\u00f8rs Rum Op P\u00e5 \ud83d\udca1 F\u00e5 din have, terrasse eller fest til [&hellip;]<\/p>\n","protected":false},"featured_media":15360,"comment_status":"open","ping_status":"closed","template":"","meta":{"site-sidebar-layout":"default","site-content-layout":"","ast-site-content-layout":"default","site-content-style":"default","site-sidebar-style":"default","ast-global-header-display":"","ast-banner-title-visibility":"","ast-main-header-display":"","ast-hfb-above-header-display":"","ast-hfb-below-header-display":"","ast-hfb-mobile-header-display":"","site-post-title":"","ast-breadcrumbs-content":"","ast-featured-img":"","footer-sml-layout":"","theme-transparent-header-meta":"default","adv-header-id-meta":"","stick-header-meta":"","header-above-stick-meta":"","header-main-stick-meta":"","header-below-stick-meta":"","astra-migrate-meta-layouts":"set","ast-page-background-enabled":"default","ast-page-background-meta":{"desktop":{"background-color":"var(--ast-global-color-5)","background-image":"","background-repeat":"repeat","background-position":"center center","background-size":"auto","background-attachment":"scroll","background-type":"","background-media":"","overlay-type":"","overlay-color":"","overlay-opacity":"","overlay-gradient":""},"tablet":{"background-color":"","background-image":"","background-repeat":"repeat","background-position":"center center","background-size":"auto","background-attachment":"scroll","background-type":"","background-media":"","overlay-type":"","overlay-color":"","overlay-opacity":"","overlay-gradient":""},"mobile":{"background-color":"","background-image":"","background-repeat":"repeat","background-position":"center center","background-size":"auto","background-attachment":"scroll","background-type":"","background-media":"","overlay-type":"","overlay-color":"","overlay-opacity":"","overlay-gradient":""}},"ast-content-background-meta":{"desktop":{"background-color":"var(--ast-global-color-4)","background-image":"","background-repeat":"repeat","background-position":"center center","background-size":"auto","background-attachment":"scroll","background-type":"","background-media":"","overlay-type":"","overlay-color":"","overlay-opacity":"","overlay-gradient":""},"tablet":{"background-color":"var(--ast-global-color-4)","background-image":"","background-repeat":"repeat","background-position":"center center","background-size":"auto","background-attachment":"scroll","background-type":"","background-media":"","overlay-type":"","overlay-color":"","overlay-opacity":"","overlay-gradient":""},"mobile":{"background-color":"var(--ast-global-color-4)","background-image":"","background-repeat":"repeat","background-position":"center center","background-size":"auto","background-attachment":"scroll","background-type":"","background-media":"","overlay-type":"","overlay-color":"","overlay-opacity":"","overlay-gradient":""}}},"product_brand":[],"product_cat":[19],"product_tag":[],"class_list":{"0":"post-15364","1":"product","2":"type-product","3":"status-publish","4":"has-post-thumbnail","6":"product_cat-uncategorized","7":"pa_31412_9al53rnk-12-cm","8":"pa_31412_9al53rnk-15-cm","9":"pa_31412_9al53rnk-20-cm","10":"pa_31412_9al53rnk-25-cm","11":"desktop-align-left","12":"tablet-align-left","13":"mobile-align-left","15":"first","16":"instock","17":"shipping-taxable","18":"purchasable","19":"product-type-variable"},"_links":{"self":[{"href":"https:\/\/ecostera.com\/dk\/wp-json\/wp\/v2\/product\/15364","targetHints":{"allow":["GET"]}}],"collection":[{"href":"https:\/\/ecostera.com\/dk\/wp-json\/wp\/v2\/product"}],"about":[{"href":"https:\/\/ecostera.com\/dk\/wp-json\/wp\/v2\/types\/product"}],"replies":[{"embeddable":true,"href":"https:\/\/ecostera.com\/dk\/wp-json\/wp\/v2\/comments?post=15364"}],"wp:featuredmedia":[{"embeddable":true,"href":"https:\/\/ecostera.com\/dk\/wp-json\/wp\/v2\/media\/15360"}],"wp:attachment":[{"href":"https:\/\/ecostera.com\/dk\/wp-json\/wp\/v2\/media?parent=15364"}],"wp:term":[{"taxonomy":"product_brand","embeddable":true,"href":"https:\/\/ecostera.com\/dk\/wp-json\/wp\/v2\/product_brand?post=15364"},{"taxonomy":"product_cat","embeddable":true,"href":"https:\/\/ecostera.com\/dk\/wp-json\/wp\/v2\/product_cat?post=15364"},{"taxonomy":"product_tag","embeddable":true,"href":"https:\/\/ecostera.com\/dk\/wp-json\/wp\/v2\/product_tag?post=15364"}],"curies":[{"name":"wp","href":"https:\/\/api.w.org\/{rel}","templated":true}]}}