{"id":15747,"date":"2025-09-13T12:22:30","date_gmt":"2025-09-13T09:22:30","guid":{"rendered":"https:\/\/ecostera.com\/dk\/product\/flyvende-jesus-pynt\/"},"modified":"2025-09-17T17:00:15","modified_gmt":"2025-09-17T14:00:15","slug":"flyvende-jesus-pynt","status":"publish","type":"product","link":"https:\/\/ecostera.com\/dk\/product\/flyvende-jesus-pynt\/","title":{"rendered":"Flyvende Jesus-pynt"},"content":{"rendered":"<p style=\"text-align: center\"><strong><span style=\"font-weight: 400\">\u271d\ufe0f <\/span>Tilf\u00f8j et strejf af tro og sjov til din boligindretning!<span style=\"font-weight: 400\">\ud83c\udfe1 <\/span><\/strong><\/p>\n<p style=\"text-align: center\"><span style=\"font-weight: 400\">Dette flyvende Jesus-ornament er et smukt og meningsfuldt v\u00e6goph\u00e6ng, der kombinerer \u00e5ndelig symbolik med kunstnerisk charme. Det er designet til at l\u00f8fte dit rum og er perfekt til hjem, kontorer eller som en unik gave til religi\u00f8se fester Udformet af holdbart tr\u00e6, harpiks og metal, har dette ornament et sl\u00e5ende korsdesign i bungee-stil og er velegnet til b\u00e5de indend\u00f8rs og udend\u00f8rs udstilling. Uanset om du er samler eller leder efter en oprigtig gave, vil dette stykke helt sikkert efterlade et varigt indtryk.<\/span><\/p>\n<p><img decoding=\"async\" class=\"size-full wp-image-19245 aligncenter\" src=\"https:\/\/keluvo.com\/template\/wp-content\/uploads\/sites\/5\/2025\/05\/e36fb5fd-9e90-44b4-94b4-95f6add48433.webp\" alt=\"\" \/><\/p>\n<h2 style=\"text-align: center\">\ud83c\udf1f Vigtigste fordele<\/h2>\n<p><span style=\"font-weight: 400\">\u271d\ufe0f <\/span><b>Elegant spirituel indretning<\/b><span style=\"font-weight: 400\"> \u2013 Tilf\u00f8jer charme og ynde til ethvert rum eller have<\/span><\/p>\n<p><span style=\"font-weight: 400\">\ud83c\udf81 <\/span><b>Perfekt gave<\/b><span style=\"font-weight: 400\"> \u2013 Perfekt til eukaristiske fejringer, f\u00f8dselsdage eller spirituelle milep\u00e6le<\/span><\/p>\n<p><span style=\"font-weight: 400\">\ud83e\udeb5 <\/span><b>Holdbare materialer<\/b><span style=\"font-weight: 400\"> \u2013 Lavet af tr\u00e6, harpiks, og metal for varig kvalitet<\/span><\/p>\n<p><span style=\"font-weight: 400\">\ud83e\uddf2 <\/span><b>Unikt design<\/b><span style=\"font-weight: 400\"> \u2013 Den &#8220;flyvende&#8221; Jesus i elastikstil giver et sjovt, i\u00f8jnefaldende twist<\/span><\/p>\n<p><span style=\"font-weight: 400\">\ud83c\udfe1 <\/span><b>Alsidig brug<\/b><span style=\"font-weight: 400\"> \u2013 Ideel til hjem, kontorer, kollegier og udend\u00f8rs settings<\/span><\/p>\n<p><img decoding=\"async\" class=\"size-full wp-image-19246 aligncenter\" src=\"https:\/\/keluvo.com\/template\/wp-content\/uploads\/sites\/5\/2025\/05\/209efc43-9aa2-4031-bd55-924a75264244.webp\" alt=\"\" \/><\/p>\n<h2 style=\"text-align: center\">\ud83d\udee0\ufe0f S\u00e5dan Bruges<\/h2>\n<ol>\n<li style=\"font-weight: 400\"><span style=\"font-weight: 400\">V\u00e6lg en v\u00e6g eller overflade til at h\u00e6nge dit ornament p\u00e5.<\/span><span style=\"font-weight: 400\"><br \/>\n<\/span><\/li>\n<li style=\"font-weight: 400\"><span style=\"font-weight: 400\">Brug et s\u00f8m, en krog eller en selvkl\u00e6bende b\u00f8jle til at fastg\u00f8re den.<\/span><\/li>\n<li style=\"font-weight: 400\"><span style=\"font-weight: 400\">Juster rebet for at f\u00e5 balance, og nyd det spirituelle og kunstneriske touch.<\/span><\/li>\n<\/ol>\n<h2 style=\"text-align: center\">\ud83d\udccf Produktdetaljer<\/h2>\n<ul>\n<li style=\"font-weight: 400\"><span style=\"font-weight: 400\"><strong>Materiale<\/strong>: Harpiks, tr\u00e6, metal<\/span><span style=\"font-weight: 400\"><br \/>\n<\/span><\/li>\n<li style=\"font-weight: 400\"><span style=\"font-weight: 400\"><strong>St\u00f8rrelse<\/strong>: 18cm x 10cm ca.<\/span><\/li>\n<li style=\"font-weight: 400\"><span style=\"font-weight: 400\"><strong>Type<\/strong>: H\u00e6ngende v\u00e6gpynt til indend\u00f8rs\/udend\u00f8rs brug.<\/span><\/li>\n<\/ul>\n<h2 style=\"text-align: center\">\ud83d\udce6 Pakken Indeholder<\/h2>\n<ul>\n<li style=\"font-weight: 400\"><span style=\"font-weight: 400\">1 x flyvende Jesus-ornament.<\/span><\/li>\n<\/ul>\n","protected":false},"excerpt":{"rendered":"<p>\u271d\ufe0f Tilf\u00f8j et strejf af tro og sjov til din boligindretning!\ud83c\udfe1 Dette flyvende Jesus-ornament er et smukt og meningsfuldt v\u00e6goph\u00e6ng, [&hellip;]<\/p>\n","protected":false},"featured_media":15743,"comment_status":"open","ping_status":"closed","template":"","meta":{"site-sidebar-layout":"default","site-content-layout":"","ast-site-content-layout":"default","site-content-style":"default","site-sidebar-style":"default","ast-global-header-display":"","ast-banner-title-visibility":"","ast-main-header-display":"","ast-hfb-above-header-display":"","ast-hfb-below-header-display":"","ast-hfb-mobile-header-display":"","site-post-title":"","ast-breadcrumbs-content":"","ast-featured-img":"","footer-sml-layout":"","theme-transparent-header-meta":"default","adv-header-id-meta":"","stick-header-meta":"","header-above-stick-meta":"","header-main-stick-meta":"","header-below-stick-meta":"","astra-migrate-meta-layouts":"set","ast-page-background-enabled":"default","ast-page-background-meta":{"desktop":{"background-color":"var(--ast-global-color-5)","background-image":"","background-repeat":"repeat","background-position":"center center","background-size":"auto","background-attachment":"scroll","background-type":"","background-media":"","overlay-type":"","overlay-color":"","overlay-opacity":"","overlay-gradient":""},"tablet":{"background-color":"","background-image":"","background-repeat":"repeat","background-position":"center center","background-size":"auto","background-attachment":"scroll","background-type":"","background-media":"","overlay-type":"","overlay-color":"","overlay-opacity":"","overlay-gradient":""},"mobile":{"background-color":"","background-image":"","background-repeat":"repeat","background-position":"center center","background-size":"auto","background-attachment":"scroll","background-type":"","background-media":"","overlay-type":"","overlay-color":"","overlay-opacity":"","overlay-gradient":""}},"ast-content-background-meta":{"desktop":{"background-color":"var(--ast-global-color-4)","background-image":"","background-repeat":"repeat","background-position":"center center","background-size":"auto","background-attachment":"scroll","background-type":"","background-media":"","overlay-type":"","overlay-color":"","overlay-opacity":"","overlay-gradient":""},"tablet":{"background-color":"var(--ast-global-color-4)","background-image":"","background-repeat":"repeat","background-position":"center center","background-size":"auto","background-attachment":"scroll","background-type":"","background-media":"","overlay-type":"","overlay-color":"","overlay-opacity":"","overlay-gradient":""},"mobile":{"background-color":"var(--ast-global-color-4)","background-image":"","background-repeat":"repeat","background-position":"center center","background-size":"auto","background-attachment":"scroll","background-type":"","background-media":"","overlay-type":"","overlay-color":"","overlay-opacity":"","overlay-gradient":""}}},"product_brand":[],"product_cat":[19],"product_tag":[],"class_list":{"0":"post-15747","1":"product","2":"type-product","3":"status-publish","4":"has-post-thumbnail","6":"product_cat-uncategorized","7":"desktop-align-left","8":"tablet-align-left","9":"mobile-align-left","11":"first","12":"instock","13":"shipping-taxable","14":"purchasable","15":"product-type-simple"},"_links":{"self":[{"href":"https:\/\/ecostera.com\/dk\/wp-json\/wp\/v2\/product\/15747","targetHints":{"allow":["GET"]}}],"collection":[{"href":"https:\/\/ecostera.com\/dk\/wp-json\/wp\/v2\/product"}],"about":[{"href":"https:\/\/ecostera.com\/dk\/wp-json\/wp\/v2\/types\/product"}],"replies":[{"embeddable":true,"href":"https:\/\/ecostera.com\/dk\/wp-json\/wp\/v2\/comments?post=15747"}],"wp:featuredmedia":[{"embeddable":true,"href":"https:\/\/ecostera.com\/dk\/wp-json\/wp\/v2\/media\/15743"}],"wp:attachment":[{"href":"https:\/\/ecostera.com\/dk\/wp-json\/wp\/v2\/media?parent=15747"}],"wp:term":[{"taxonomy":"product_brand","embeddable":true,"href":"https:\/\/ecostera.com\/dk\/wp-json\/wp\/v2\/product_brand?post=15747"},{"taxonomy":"product_cat","embeddable":true,"href":"https:\/\/ecostera.com\/dk\/wp-json\/wp\/v2\/product_cat?post=15747"},{"taxonomy":"product_tag","embeddable":true,"href":"https:\/\/ecostera.com\/dk\/wp-json\/wp\/v2\/product_tag?post=15747"}],"curies":[{"name":"wp","href":"https:\/\/api.w.org\/{rel}","templated":true}]}}