{"id":15804,"date":"2025-09-13T12:27:24","date_gmt":"2025-09-13T09:27:24","guid":{"rendered":"https:\/\/ecostera.com\/dk\/product\/strikkemaskine\/"},"modified":"2025-09-13T12:27:38","modified_gmt":"2025-09-13T09:27:38","slug":"strikkemaskine","status":"publish","type":"product","link":"https:\/\/ecostera.com\/dk\/product\/strikkemaskine\/","title":{"rendered":"Strikkemaskine"},"content":{"rendered":"<p style=\"text-align: center\"><strong>Strik Hurtigt, Nemt, Og Sjovt Med Denne Strikkemaskine Med 22 N\u00e5le!<\/strong><\/p>\n<p style=\"text-align: center\"><span style=\"font-weight: 400\">Denne strikkemaskine er perfekt til begyndere og hobbyfolk og hj\u00e6lper dig med at lave sm\u00e5 strikkede ting som t\u00f8rkl\u00e6der, sokker og handsker p\u00e5 bare f\u00e5 minutter. Det er en fantastisk m\u00e5de at hygge sig med b\u00f8rnene p\u00e5 eller starte din DIY-rejse uden de lange timer med traditionel h\u00e5ndstrik. Med 22 pinde og et hurtigt v\u00e6vedesign er det op til 10 gange hurtigere end at strikke i h\u00e5nden. Den er fantastisk til at lave mini-accessories eller gaver, den v\u00e6kker kreativiteten til live og forvandler hurtigt og nemt garn til sjov mode.<\/span><\/p>\n<p><img decoding=\"async\" class=\"alignnone size-full wp-image-19884 aligncenter\" src=\"https:\/\/keluvo.com\/template\/wp-content\/uploads\/sites\/5\/2025\/05\/KnittingMachine-ezgif.com-video-to-webp-converter.webp\" alt=\"\" \/><\/p>\n<h2 style=\"text-align: center\">\ud83c\udf1f Hovedfordele<\/h2>\n<p><span style=\"font-weight: 400\">\u26a1 <\/span><b>Hurtig strikning<\/b><span style=\"font-weight: 400\"> \u2013 Lav sm\u00e5 ting p\u00e5 bare 15 minutter<\/span><\/p>\n<p><span style=\"font-weight: 400\">\ud83c\udfa8 <\/span><b>Perfekt til begyndere<\/b><span style=\"font-weight: 400\"> \u2013 Nem at bruge og perfekt til f\u00f8rstegangsstrikkere<\/span><\/p>\n<p><span style=\"font-weight: 400\">\ud83e\uddd2 <\/span><b>Familiesjov<\/b><span style=\"font-weight: 400\"> \u2013 En fantastisk aktivitet for for\u00e6ldre og b\u00f8rn<\/span><\/p>\n<p><span style=\"font-weight: 400\">\ud83e\uddf6 <\/span><b>Kreative DIY-projekter<\/b><span style=\"font-weight: 400\"> \u2013 Lav t\u00f8rkl\u00e6der, sokker, handsker og meget mere til dukker eller som sm\u00e5 gaver<\/span><\/p>\n<p><span style=\"font-weight: 400\">\ud83c\udf81 <\/span><b>Perfekt gaveid\u00e9<\/b><span style=\"font-weight: 400\"> \u2013 lav personlige gaver til familie og venner<\/span><\/p>\n<p><img decoding=\"async\" class=\"alignnone size-full wp-image-19880 aligncenter\" src=\"https:\/\/keluvo.com\/template\/wp-content\/uploads\/sites\/5\/2025\/05\/Sca906f5e4d9c41e6bde134386d80ad15e.jpg_960x960q75.jpg_.jpeg\" alt=\"\" \/><\/p>\n<h2 style=\"text-align: center\">\ud83d\udee0\ufe0f S\u00e5dan Bruges<\/h2>\n<ol>\n<li style=\"font-weight: 400\"><span style=\"font-weight: 400\">L\u00e6g dit garn p\u00e5 maskinen.<\/span><span style=\"font-weight: 400\"><br \/>\n<\/span><\/li>\n<li style=\"font-weight: 400\"><span style=\"font-weight: 400\">Brug tr\u00e5dholderen til at styre garnet.<\/span><span style=\"font-weight: 400\"><br \/>\n<\/span><\/li>\n<li style=\"font-weight: 400\"><span style=\"font-weight: 400\">Drej p\u00e5 h\u00e5ndtaget for at begynde at strikke.<\/span><span style=\"font-weight: 400\"><br \/>\n<\/span><\/li>\n<li style=\"font-weight: 400\"><span style=\"font-weight: 400\">Brug h\u00e6kle- eller syn\u00e5len til at afslutte og sikre din kreation.<\/span><span style=\"font-weight: 400\"><br \/>\n<\/span><\/li>\n<li style=\"font-weight: 400\"><span style=\"font-weight: 400\">F\u00f8lg de medf\u00f8lgende instruktioner for at f\u00e5 det bedste resultat.<\/span><\/li>\n<\/ol>\n<h2 style=\"text-align: center\">\ud83d\udccf Produktdetaljer<\/h2>\n<ul>\n<li style=\"font-weight: 400\"><span style=\"font-weight: 400\"><strong>Anvendelse<\/strong>: Til sm\u00e5 strikkede ting<\/span><span style=\"font-weight: 400\"><br \/>\n<\/span><\/li>\n<li style=\"font-weight: 400\"><span style=\"font-weight: 400\"><strong>Materialer<\/strong>: Plastik af h\u00f8j kvalitet, metaltilbeh\u00f8r<\/span><span style=\"font-weight: 400\"><br \/>\n<\/span><\/li>\n<li style=\"font-weight: 400\"><span style=\"font-weight: 400\"><strong>F\u00e6rdige produkter<\/strong>: Handsker, sokker, minit\u00f8rkl\u00e6der, pyntegr\u00e6skar, dukket\u00f8j<\/span><\/li>\n<\/ul>\n<h2 style=\"text-align: center\">\ud83d\udce6 Pakken Indeholder<\/h2>\n<ul>\n<li style=\"font-weight: 400\"><span style=\"font-weight: 400\">1 x strikkemaskine<\/span><span style=\"font-weight: 400\"><br \/>\n<\/span><\/li>\n<li style=\"font-weight: 400\"><span style=\"font-weight: 400\">1 x h\u00e6klen\u00e5l<\/span><span style=\"font-weight: 400\"><br \/>\n<\/span><\/li>\n<li style=\"font-weight: 400\"><span style=\"font-weight: 400\">1 x syn\u00e5l<\/span><span style=\"font-weight: 400\"><br \/>\n<\/span><\/li>\n<li style=\"font-weight: 400\"><span style=\"font-weight: 400\">1 x tr\u00e5dholder<\/span><span style=\"font-weight: 400\"><br \/>\n<\/span><\/li>\n<li style=\"font-weight: 400\"><span style=\"font-weight: 400\">1 x brugsanvisning<\/span><span style=\"font-weight: 400\"><br \/>\n<\/span><\/li>\n<li style=\"font-weight: 400\"><span style=\"font-weight: 400\">2 x sm\u00e5 bundter uld.<\/span><\/li>\n<\/ul>\n","protected":false},"excerpt":{"rendered":"<p>Strik Hurtigt, Nemt, Og Sjovt Med Denne Strikkemaskine Med 22 N\u00e5le! Denne strikkemaskine er perfekt til begyndere og hobbyfolk og [&hellip;]<\/p>\n","protected":false},"featured_media":15800,"comment_status":"open","ping_status":"closed","template":"","meta":{"site-sidebar-layout":"default","site-content-layout":"","ast-site-content-layout":"default","site-content-style":"default","site-sidebar-style":"default","ast-global-header-display":"","ast-banner-title-visibility":"","ast-main-header-display":"","ast-hfb-above-header-display":"","ast-hfb-below-header-display":"","ast-hfb-mobile-header-display":"","site-post-title":"","ast-breadcrumbs-content":"","ast-featured-img":"","footer-sml-layout":"","theme-transparent-header-meta":"default","adv-header-id-meta":"","stick-header-meta":"","header-above-stick-meta":"","header-main-stick-meta":"","header-below-stick-meta":"","astra-migrate-meta-layouts":"set","ast-page-background-enabled":"default","ast-page-background-meta":{"desktop":{"background-color":"var(--ast-global-color-5)","background-image":"","background-repeat":"repeat","background-position":"center center","background-size":"auto","background-attachment":"scroll","background-type":"","background-media":"","overlay-type":"","overlay-color":"","overlay-opacity":"","overlay-gradient":""},"tablet":{"background-color":"","background-image":"","background-repeat":"repeat","background-position":"center center","background-size":"auto","background-attachment":"scroll","background-type":"","background-media":"","overlay-type":"","overlay-color":"","overlay-opacity":"","overlay-gradient":""},"mobile":{"background-color":"","background-image":"","background-repeat":"repeat","background-position":"center center","background-size":"auto","background-attachment":"scroll","background-type":"","background-media":"","overlay-type":"","overlay-color":"","overlay-opacity":"","overlay-gradient":""}},"ast-content-background-meta":{"desktop":{"background-color":"var(--ast-global-color-4)","background-image":"","background-repeat":"repeat","background-position":"center center","background-size":"auto","background-attachment":"scroll","background-type":"","background-media":"","overlay-type":"","overlay-color":"","overlay-opacity":"","overlay-gradient":""},"tablet":{"background-color":"var(--ast-global-color-4)","background-image":"","background-repeat":"repeat","background-position":"center center","background-size":"auto","background-attachment":"scroll","background-type":"","background-media":"","overlay-type":"","overlay-color":"","overlay-opacity":"","overlay-gradient":""},"mobile":{"background-color":"var(--ast-global-color-4)","background-image":"","background-repeat":"repeat","background-position":"center center","background-size":"auto","background-attachment":"scroll","background-type":"","background-media":"","overlay-type":"","overlay-color":"","overlay-opacity":"","overlay-gradient":""}}},"product_brand":[],"product_cat":[19],"product_tag":[],"class_list":{"0":"post-15804","1":"product","2":"type-product","3":"status-publish","4":"has-post-thumbnail","6":"product_cat-uncategorized","7":"pa_43153_fm0rf3od-cylinder","8":"pa_43153_fm0rf3od-kanin","9":"pa_43153_fm0rf3od-pingvinen","10":"desktop-align-left","11":"tablet-align-left","12":"mobile-align-left","14":"first","15":"instock","16":"shipping-taxable","17":"purchasable","18":"product-type-variable"},"_links":{"self":[{"href":"https:\/\/ecostera.com\/dk\/wp-json\/wp\/v2\/product\/15804","targetHints":{"allow":["GET"]}}],"collection":[{"href":"https:\/\/ecostera.com\/dk\/wp-json\/wp\/v2\/product"}],"about":[{"href":"https:\/\/ecostera.com\/dk\/wp-json\/wp\/v2\/types\/product"}],"replies":[{"embeddable":true,"href":"https:\/\/ecostera.com\/dk\/wp-json\/wp\/v2\/comments?post=15804"}],"wp:featuredmedia":[{"embeddable":true,"href":"https:\/\/ecostera.com\/dk\/wp-json\/wp\/v2\/media\/15800"}],"wp:attachment":[{"href":"https:\/\/ecostera.com\/dk\/wp-json\/wp\/v2\/media?parent=15804"}],"wp:term":[{"taxonomy":"product_brand","embeddable":true,"href":"https:\/\/ecostera.com\/dk\/wp-json\/wp\/v2\/product_brand?post=15804"},{"taxonomy":"product_cat","embeddable":true,"href":"https:\/\/ecostera.com\/dk\/wp-json\/wp\/v2\/product_cat?post=15804"},{"taxonomy":"product_tag","embeddable":true,"href":"https:\/\/ecostera.com\/dk\/wp-json\/wp\/v2\/product_tag?post=15804"}],"curies":[{"name":"wp","href":"https:\/\/api.w.org\/{rel}","templated":true}]}}