{"id":15886,"date":"2025-09-13T12:34:27","date_gmt":"2025-09-13T09:34:27","guid":{"rendered":"https:\/\/ecostera.com\/dk\/product\/toejklemme-boejle\/"},"modified":"2025-09-13T12:35:36","modified_gmt":"2025-09-13T09:35:36","slug":"toejklemme-boejle","status":"publish","type":"product","link":"https:\/\/ecostera.com\/dk\/product\/toejklemme-boejle\/","title":{"rendered":"T\u00f8jklemme-b\u00f8jle"},"content":{"rendered":"<p style=\"text-align: center\"><strong><span style=\"font-weight: 400\">\ud83d\udcce<\/span>Stilfuld organisering af h\u00e5ndkl\u00e6der og t\u00f8j med denne gigantiske t\u00f8jklemme!<span style=\"font-weight: 400\">\ud83e\uddfa<\/span><\/strong><\/p>\n<p style=\"text-align: center\"><span style=\"font-weight: 400\">F\u00f8j charme og funktion til dit rum med denne overdimensionerede t\u00f8jklemme. Den er designet til at fastg\u00f8re og holde h\u00e5ndkl\u00e6der, t\u00f8j og meget mere og er den perfekte pladsbesparende organizer med et kreativt twist. Den er lavet af robust tr\u00e6 og metal, er nem at montere og passer smukt sammen med rustik, moderne eller minimalistisk indretning. Uanset om det er p\u00e5 badev\u00e6relset, i vaskerummet eller i skabet, hj\u00e6lper dette sjove og funktionelle m\u00f8bel med at holde alt p\u00e5 plads &#8211; uden brug af v\u00e6rkt\u00f8j!<\/span><\/p>\n<p><img decoding=\"async\" class=\"size-full wp-image-19191 aligncenter\" src=\"https:\/\/keluvo.com\/template\/wp-content\/uploads\/sites\/5\/2025\/05\/3Y5lebf9IPHR5w6l0ket.jpg\" alt=\"\" \/><\/p>\n<h2 style=\"text-align: center\">\ud83c\udf1f Vigtigste Fordele<\/h2>\n<p><span style=\"font-weight: 400\">\ud83d\udcce <\/span><b>St\u00e6rkt greb<\/b><span style=\"font-weight: 400\"> \u2013 Holder sikkert h\u00e5ndkl\u00e6der, t\u00f8j, sokker og meget mere<\/span><\/p>\n<p><span style=\"font-weight: 400\">\ud83e\uddf1 <\/span><b>Holdbare materialer<\/b><span style=\"font-weight: 400\"> \u2013 Fremstillet af tr\u00e6 og metal i h\u00f8j kvalitet<\/span><\/p>\n<p><span style=\"font-weight: 400\">\ud83e\ude9f <\/span><b>Montering uden at bore<\/b><span style=\"font-weight: 400\"> \u2013 Let at installere med dobbeltsidet kl\u00e6bemiddel<\/span><\/p>\n<p><span style=\"font-weight: 400\">\ud83c\udfa8 <\/span><b>Dekorativt touch<\/b><span style=\"font-weight: 400\"> \u2013 Tilf\u00f8jer rustik stil til ethvert rum<\/span><\/p>\n<p><span style=\"font-weight: 400\">\ud83e\uddfa <\/span><b>Pladsbesparende<\/b><span style=\"font-weight: 400\"> \u2013 Ideel til sm\u00e5 badev\u00e6relser, skabe eller vaskerum areas<\/span><\/p>\n<p><img decoding=\"async\" class=\"size-full wp-image-19194 aligncenter\" src=\"https:\/\/keluvo.com\/template\/wp-content\/uploads\/sites\/5\/2025\/05\/11c51b59-ce54-4c8a-bd3f-58e47e2e844a.webp\" alt=\"\" \/><\/p>\n<h2 style=\"text-align: center\">\ud83d\udee0\ufe0f S\u00e5dan Bruges<\/h2>\n<ol>\n<li style=\"font-weight: 400\"><span style=\"font-weight: 400\">V\u00e6lg en ren, flad overflade, hvor du vil h\u00e6nge den op.<\/span><span style=\"font-weight: 400\"><br \/>\n<\/span><\/li>\n<li style=\"font-weight: 400\"><span style=\"font-weight: 400\">Tr\u00e6k bagsiden af det dobbeltsidede kl\u00e6bemiddel af.<\/span><span style=\"font-weight: 400\"><br \/>\n<\/span><\/li>\n<li style=\"font-weight: 400\"><span style=\"font-weight: 400\">Tryk t\u00f8jklemmen fast p\u00e5 overfladen.<\/span><span style=\"font-weight: 400\"><br \/>\n<\/span><\/li>\n<li style=\"font-weight: 400\"><span style=\"font-weight: 400\">H\u00e6ng dine h\u00e5ndkl\u00e6der, dit t\u00f8j eller dit tilbeh\u00f8r op, s\u00e5 det forbliver p\u00e6nt og stilfuldt.<\/span><span style=\"font-weight: 400\"><br \/>\n<\/span><\/li>\n<\/ol>\n<h2 style=\"text-align: center\">\ud83d\udccf Produktdetaljer<\/h2>\n<ul>\n<li style=\"font-weight: 400\"><span style=\"font-weight: 400\"><strong>Material<\/strong>: Tr\u00e6 af h\u00f8j kvalitet &amp; metal<\/span><span style=\"font-weight: 400\"><br \/>\n<\/span><\/li>\n<li style=\"font-weight: 400\"><span style=\"font-weight: 400\"><strong>St\u00f8rrelse<\/strong>: 30 \u00d7 4 \u00d7 5 cm<\/span><span style=\"font-weight: 400\"><br \/>\n<\/span><\/li>\n<li style=\"font-weight: 400\"><span style=\"font-weight: 400\"><strong>V\u00e6gt<\/strong>: Ca. 190 g<\/span><span style=\"font-weight: 400\"><br \/>\n<\/span><\/li>\n<li style=\"font-weight: 400\"><span style=\"font-weight: 400\"><strong>Design<\/strong>: Rustikt og kreativt<\/span><span style=\"font-weight: 400\"><br \/>\n<\/span><\/li>\n<li style=\"font-weight: 400\"><span style=\"font-weight: 400\"><strong>Anvendelse<\/strong>: H\u00e6ng h\u00e5ndkl\u00e6der, t\u00f8j, sokker, slips og meget mere op i ethvert rum<\/span><\/li>\n<\/ul>\n<h2 style=\"text-align: center\">\ud83d\udce6 Pakken Indeholder<\/h2>\n<ul>\n<li style=\"font-weight: 400\"><span style=\"font-weight: 400\">1, 3, 5x t\u00f8jklemmer.<\/span><\/li>\n<\/ul>\n","protected":false},"excerpt":{"rendered":"<p>\ud83d\udcceStilfuld organisering af h\u00e5ndkl\u00e6der og t\u00f8j med denne gigantiske t\u00f8jklemme!\ud83e\uddfa F\u00f8j charme og funktion til dit rum med denne overdimensionerede [&hellip;]<\/p>\n","protected":false},"featured_media":15882,"comment_status":"open","ping_status":"closed","template":"","meta":{"site-sidebar-layout":"default","site-content-layout":"","ast-site-content-layout":"default","site-content-style":"default","site-sidebar-style":"default","ast-global-header-display":"","ast-banner-title-visibility":"","ast-main-header-display":"","ast-hfb-above-header-display":"","ast-hfb-below-header-display":"","ast-hfb-mobile-header-display":"","site-post-title":"","ast-breadcrumbs-content":"","ast-featured-img":"","footer-sml-layout":"","theme-transparent-header-meta":"default","adv-header-id-meta":"","stick-header-meta":"","header-above-stick-meta":"","header-main-stick-meta":"","header-below-stick-meta":"","astra-migrate-meta-layouts":"set","ast-page-background-enabled":"default","ast-page-background-meta":{"desktop":{"background-color":"var(--ast-global-color-5)","background-image":"","background-repeat":"repeat","background-position":"center center","background-size":"auto","background-attachment":"scroll","background-type":"","background-media":"","overlay-type":"","overlay-color":"","overlay-opacity":"","overlay-gradient":""},"tablet":{"background-color":"","background-image":"","background-repeat":"repeat","background-position":"center center","background-size":"auto","background-attachment":"scroll","background-type":"","background-media":"","overlay-type":"","overlay-color":"","overlay-opacity":"","overlay-gradient":""},"mobile":{"background-color":"","background-image":"","background-repeat":"repeat","background-position":"center center","background-size":"auto","background-attachment":"scroll","background-type":"","background-media":"","overlay-type":"","overlay-color":"","overlay-opacity":"","overlay-gradient":""}},"ast-content-background-meta":{"desktop":{"background-color":"var(--ast-global-color-4)","background-image":"","background-repeat":"repeat","background-position":"center center","background-size":"auto","background-attachment":"scroll","background-type":"","background-media":"","overlay-type":"","overlay-color":"","overlay-opacity":"","overlay-gradient":""},"tablet":{"background-color":"var(--ast-global-color-4)","background-image":"","background-repeat":"repeat","background-position":"center center","background-size":"auto","background-attachment":"scroll","background-type":"","background-media":"","overlay-type":"","overlay-color":"","overlay-opacity":"","overlay-gradient":""},"mobile":{"background-color":"var(--ast-global-color-4)","background-image":"","background-repeat":"repeat","background-position":"center center","background-size":"auto","background-attachment":"scroll","background-type":"","background-media":"","overlay-type":"","overlay-color":"","overlay-opacity":"","overlay-gradient":""}}},"product_brand":[],"product_cat":[19],"product_tag":[],"class_list":{"0":"post-15886","1":"product","2":"type-product","3":"status-publish","4":"has-post-thumbnail","6":"product_cat-uncategorized","7":"pa_16717_8x6w1qrp-brun","8":"pa_16717_8x6w1qrp-hvid","9":"pa_16717_8x6w1qrp-sort","10":"pa_16717_8x6w1qrp-sort-valnoed","11":"pa_16717_8x6w1qrp-traefarve","12":"pa_16717_w5asnsbt-1-stk","13":"pa_16717_w5asnsbt-3-stk","14":"pa_16717_w5asnsbt-5-stk","15":"desktop-align-left","16":"tablet-align-left","17":"mobile-align-left","19":"first","20":"instock","21":"shipping-taxable","22":"purchasable","23":"product-type-variable","24":"has-default-attributes"},"_links":{"self":[{"href":"https:\/\/ecostera.com\/dk\/wp-json\/wp\/v2\/product\/15886","targetHints":{"allow":["GET"]}}],"collection":[{"href":"https:\/\/ecostera.com\/dk\/wp-json\/wp\/v2\/product"}],"about":[{"href":"https:\/\/ecostera.com\/dk\/wp-json\/wp\/v2\/types\/product"}],"replies":[{"embeddable":true,"href":"https:\/\/ecostera.com\/dk\/wp-json\/wp\/v2\/comments?post=15886"}],"wp:featuredmedia":[{"embeddable":true,"href":"https:\/\/ecostera.com\/dk\/wp-json\/wp\/v2\/media\/15882"}],"wp:attachment":[{"href":"https:\/\/ecostera.com\/dk\/wp-json\/wp\/v2\/media?parent=15886"}],"wp:term":[{"taxonomy":"product_brand","embeddable":true,"href":"https:\/\/ecostera.com\/dk\/wp-json\/wp\/v2\/product_brand?post=15886"},{"taxonomy":"product_cat","embeddable":true,"href":"https:\/\/ecostera.com\/dk\/wp-json\/wp\/v2\/product_cat?post=15886"},{"taxonomy":"product_tag","embeddable":true,"href":"https:\/\/ecostera.com\/dk\/wp-json\/wp\/v2\/product_tag?post=15886"}],"curies":[{"name":"wp","href":"https:\/\/api.w.org\/{rel}","templated":true}]}}