{"id":16527,"date":"2025-09-15T10:13:44","date_gmt":"2025-09-15T07:13:44","guid":{"rendered":"https:\/\/ecostera.com\/dk\/product\/aftapningsprop\/"},"modified":"2025-09-18T00:43:43","modified_gmt":"2025-09-17T21:43:43","slug":"aftapningsprop","status":"publish","type":"product","link":"https:\/\/ecostera.com\/dk\/product\/aftapningsprop\/","title":{"rendered":"Aftapningsprop"},"content":{"rendered":"<p style=\"text-align: center\"><strong>\ud83d\udebf Sig farvel til d\u00e5rlig lugt og insekter med gulvafl\u00f8bet bullet.<\/strong><\/p>\n<p style=\"text-align: center\"><span style=\"font-weight: 400\">Hold dit badev\u00e6relse velduftende og fri for skadedyr med dette stilfulde gulvafl\u00f8b, der er nemt at installere, og som blokerer for lugt og insekter uden besv\u00e6r. Gulvafl\u00f8bet har et kugleformet design, der forbedrer afl\u00f8bet og samtidig tilf\u00f8jer et elegant look til dit rum. Med sin anti-lugt-kerne og skadedyrsblokerende funktioner reducerer det behovet for hyppig reng\u00f8ring og hj\u00e6lper med at opretholde et renere og sundere milj\u00f8.<\/span><\/p>\n<p><img decoding=\"async\" class=\"alignnone size-full wp-image-20586 aligncenter\" src=\"https:\/\/keluvo.com\/template\/wp-content\/uploads\/sites\/5\/2025\/05\/S983492bbec3447ceb43ab3cd6251867cu.jpg_960x960q75.jpg_.jpeg\" alt=\"\" \/><\/p>\n<h2 style=\"text-align: center\">\ud83c\udf1f Main Benefits<\/h2>\n<p><span style=\"font-weight: 400\">\ud83c\udf2c\ufe0f <\/span><b>Eliminerer lugt<\/b><span style=\"font-weight: 400\"> &#8211; Holder dit badev\u00e6relse rent og velduftende fresh<\/span><\/p>\n<p><span style=\"font-weight: 400\">\ud83d\udee1\ufe0f <\/span><b>Anti-lugt-kerne<\/b><span style=\"font-weight: 400\"> &#8211; Langvarig beskyttelse uden konstant vedligeholdelse<\/span><\/p>\n<p><span style=\"font-weight: 400\">\ud83d\udc1c <\/span><b>Blokerer skadedyr<\/b><span style=\"font-weight: 400\"> &#8211; Hindrer insekter i at komme gennem gulvafl\u00f8b<\/span><\/p>\n<p><span style=\"font-weight: 400\">\ud83e\uddf1 <\/span><b>Holdbar konstruktion<\/b><span style=\"font-weight: 400\"> &#8211; Fremstillet af st\u00e6rk PP og silikone for varig use<\/span><\/p>\n<p><span style=\"font-weight: 400\">\ud83d\udee0\ufe0f <\/span><b>Nem at installere<\/b><span style=\"font-weight: 400\"> &#8211; Passer til standard 6.6 cm gulvafl\u00f8b hurtigt og nemt<\/span><\/p>\n<p><span style=\"font-weight: 400\">\ud83c\udf00 <\/span><b>Moderne design<\/b><span style=\"font-weight: 400\"> &#8211; Kugleformet for effektiv dr\u00e6ning og et stilfuldt touch<\/span><\/p>\n<p><img decoding=\"async\" class=\"alignnone size-full wp-image-20585 aligncenter\" src=\"https:\/\/keluvo.com\/template\/wp-content\/uploads\/sites\/5\/2025\/05\/S9826da18a81e488c90be9d002aa35893Q.jpg_960x960q75.jpg_.jpeg\" alt=\"\" \/><\/p>\n<h2 style=\"text-align: center\">\ud83d\udee0\ufe0f S\u00e5dan Bruges<\/h2>\n<ol>\n<li style=\"font-weight: 400\"><span style=\"font-weight: 400\">Reng\u00f8r gulvafl\u00f8bsomr\u00e5det.<\/span><span style=\"font-weight: 400\"><br \/>\n<\/span><\/li>\n<li style=\"font-weight: 400\"><span style=\"font-weight: 400\">Inds\u00e6t gulvafl\u00f8bskuglen direkte i afl\u00f8bs\u00e5bningen.<\/span><span style=\"font-weight: 400\"><br \/>\n<\/span><\/li>\n<li style=\"font-weight: 400\"><span style=\"font-weight: 400\">Tryk fast for at sikre den p\u00e5 plads.<\/span><\/li>\n<li style=\"font-weight: 400\"><span style=\"font-weight: 400\">Udskift om n\u00f8dvendigt efter l\u00e6ngere tids brug eller synlig slitage.<\/span><\/li>\n<\/ol>\n<h2 style=\"text-align: center\">\ud83d\udccf Produktdetaljer<\/h2>\n<ul>\n<li style=\"font-weight: 400\"><span style=\"font-weight: 400\">St\u00f8rrelse: 5,5 x 6,5 x 3,6 cm<\/span><\/li>\n<li style=\"font-weight: 400\"><span style=\"font-weight: 400\">Materiale: PP + Silikone<\/span><span style=\"font-weight: 400\"><br \/>\n<\/span><\/li>\n<li><span style=\"font-weight: 400\">V\u00e6gt: 0,033 kg<\/span><\/li>\n<\/ul>\n<h2 style=\"text-align: center\">\ud83d\udce6 Pakken Indeholder<\/h2>\n<ul>\n<li style=\"list-style-type: none\">\n<ul>\n<li style=\"font-weight: 400\"><span style=\"font-weight: 400\">1, 2, 4x gulvafl\u00f8bspropper.<\/span><\/li>\n<\/ul>\n<\/li>\n<\/ul>\n","protected":false},"excerpt":{"rendered":"<p>\ud83d\udebf Sig farvel til d\u00e5rlig lugt og insekter med gulvafl\u00f8bet bullet. Hold dit badev\u00e6relse velduftende og fri for skadedyr med [&hellip;]<\/p>\n","protected":false},"featured_media":16523,"comment_status":"open","ping_status":"closed","template":"","meta":{"site-sidebar-layout":"default","site-content-layout":"","ast-site-content-layout":"default","site-content-style":"default","site-sidebar-style":"default","ast-global-header-display":"","ast-banner-title-visibility":"","ast-main-header-display":"","ast-hfb-above-header-display":"","ast-hfb-below-header-display":"","ast-hfb-mobile-header-display":"","site-post-title":"","ast-breadcrumbs-content":"","ast-featured-img":"","footer-sml-layout":"","theme-transparent-header-meta":"default","adv-header-id-meta":"","stick-header-meta":"","header-above-stick-meta":"","header-main-stick-meta":"","header-below-stick-meta":"","astra-migrate-meta-layouts":"set","ast-page-background-enabled":"default","ast-page-background-meta":{"desktop":{"background-color":"var(--ast-global-color-5)","background-image":"","background-repeat":"repeat","background-position":"center center","background-size":"auto","background-attachment":"scroll","background-type":"","background-media":"","overlay-type":"","overlay-color":"","overlay-opacity":"","overlay-gradient":""},"tablet":{"background-color":"","background-image":"","background-repeat":"repeat","background-position":"center center","background-size":"auto","background-attachment":"scroll","background-type":"","background-media":"","overlay-type":"","overlay-color":"","overlay-opacity":"","overlay-gradient":""},"mobile":{"background-color":"","background-image":"","background-repeat":"repeat","background-position":"center center","background-size":"auto","background-attachment":"scroll","background-type":"","background-media":"","overlay-type":"","overlay-color":"","overlay-opacity":"","overlay-gradient":""}},"ast-content-background-meta":{"desktop":{"background-color":"var(--ast-global-color-4)","background-image":"","background-repeat":"repeat","background-position":"center center","background-size":"auto","background-attachment":"scroll","background-type":"","background-media":"","overlay-type":"","overlay-color":"","overlay-opacity":"","overlay-gradient":""},"tablet":{"background-color":"var(--ast-global-color-4)","background-image":"","background-repeat":"repeat","background-position":"center center","background-size":"auto","background-attachment":"scroll","background-type":"","background-media":"","overlay-type":"","overlay-color":"","overlay-opacity":"","overlay-gradient":""},"mobile":{"background-color":"var(--ast-global-color-4)","background-image":"","background-repeat":"repeat","background-position":"center center","background-size":"auto","background-attachment":"scroll","background-type":"","background-media":"","overlay-type":"","overlay-color":"","overlay-opacity":"","overlay-gradient":""}}},"product_brand":[],"product_cat":[19],"product_tag":[],"class_list":{"0":"post-16527","1":"product","2":"type-product","3":"status-publish","4":"has-post-thumbnail","6":"product_cat-uncategorized","7":"pa_20103_9n3h0eoa-1-stk","8":"pa_20103_9n3h0eoa-2-stk","9":"pa_20103_9n3h0eoa-4-stk","10":"pa_20103_rgs7uuw7-hvid","11":"pa_20103_rgs7uuw7-sort","12":"desktop-align-left","13":"tablet-align-left","14":"mobile-align-left","16":"first","17":"instock","18":"shipping-taxable","19":"purchasable","20":"product-type-variable","21":"has-default-attributes"},"_links":{"self":[{"href":"https:\/\/ecostera.com\/dk\/wp-json\/wp\/v2\/product\/16527","targetHints":{"allow":["GET"]}}],"collection":[{"href":"https:\/\/ecostera.com\/dk\/wp-json\/wp\/v2\/product"}],"about":[{"href":"https:\/\/ecostera.com\/dk\/wp-json\/wp\/v2\/types\/product"}],"replies":[{"embeddable":true,"href":"https:\/\/ecostera.com\/dk\/wp-json\/wp\/v2\/comments?post=16527"}],"wp:featuredmedia":[{"embeddable":true,"href":"https:\/\/ecostera.com\/dk\/wp-json\/wp\/v2\/media\/16523"}],"wp:attachment":[{"href":"https:\/\/ecostera.com\/dk\/wp-json\/wp\/v2\/media?parent=16527"}],"wp:term":[{"taxonomy":"product_brand","embeddable":true,"href":"https:\/\/ecostera.com\/dk\/wp-json\/wp\/v2\/product_brand?post=16527"},{"taxonomy":"product_cat","embeddable":true,"href":"https:\/\/ecostera.com\/dk\/wp-json\/wp\/v2\/product_cat?post=16527"},{"taxonomy":"product_tag","embeddable":true,"href":"https:\/\/ecostera.com\/dk\/wp-json\/wp\/v2\/product_tag?post=16527"}],"curies":[{"name":"wp","href":"https:\/\/api.w.org\/{rel}","templated":true}]}}