{"id":16730,"date":"2025-09-15T11:13:25","date_gmt":"2025-09-15T08:13:25","guid":{"rendered":"https:\/\/ecostera.com\/dk\/product\/bogmaerke\/"},"modified":"2025-09-15T11:14:13","modified_gmt":"2025-09-15T08:14:13","slug":"bogmaerke","status":"publish","type":"product","link":"https:\/\/ecostera.com\/dk\/product\/bogmaerke\/","title":{"rendered":"Bogm\u00e6rke"},"content":{"rendered":"<p style=\"text-align: center\"><strong>G\u00f8r L\u00e6sningen Personlig &amp; Stilfuld \u2014 Med Et H\u00e5ndbroderet Touch!<\/strong><\/p>\n<p style=\"text-align: center\"><span style=\"font-weight: 400\">Disse personlige bogm\u00e6rker kombinerer charme og funktion og hj\u00e6lper dig med at markere dit sted med et hyggeligt, h\u00e5ndsyet design. Uanset om det er for\u00e5r, sommer, efter\u00e5r eller vinter, afspejler hvert stykke din yndlingss\u00e6son og dit yndlingsbogstav. Disse broderede filtbogm\u00e6rker er perfekte til bogelskere og giver varme til din l\u00e6sning. De er lette, milj\u00f8venlige og smukt udformede, og de er gode til at give som gave eller til selv at nyde lidt l\u00e6segl\u00e6de.<\/span><\/p>\n<p><img decoding=\"async\" class=\"alignnone size-full wp-image-21739 aligncenter\" src=\"https:\/\/keluvo.com\/template\/wp-content\/uploads\/sites\/5\/2025\/05\/Sac378e11fc234317ae1cd6682301d3deF.jpg_960x960q75.jpg_.jpeg\" alt=\"\" \/><\/p>\n<h2 style=\"text-align: center\">\u2b50 Hovedfordele<\/h2>\n<p><span style=\"font-weight: 400\">\ud83e\uddf5 <\/span><b>H\u00e5ndlavet Med K\u00e6rlighed<\/b><span style=\"font-weight: 400\"> \u2013 Hvert bogm\u00e6rke er syet i h\u00e5nden af filt og genbrugspap<\/span><\/p>\n<p><span style=\"font-weight: 400\">\ud83d\udcda <\/span><b>\u00c5rstidsbestemte Designs<\/b><span style=\"font-weight: 400\"> \u2013 V\u00e6lg mellem for\u00e5rs-, sommer-, efter\u00e5rs- eller vintertemaer<\/span><\/p>\n<p><span style=\"font-weight: 400\">\ud83c\udf31 <\/span><b>Milj\u00f8venlig<\/b><span style=\"font-weight: 400\"> \u2013 Lavet af b\u00e6redygtige materialer<\/span><\/p>\n<p><span style=\"font-weight: 400\">\ud83c\udf81 <\/span><b>Perfekt Gave<\/b><span style=\"font-weight: 400\"> \u2013 En bet\u00e6nksom, unik gave til bogelskere og s\u00e6rlige lejligheder<\/span><span style=\"font-weight: 400\"><br \/>\n<\/span><\/p>\n<p><img decoding=\"async\" class=\"alignnone size-full wp-image-21755 aligncenter\" src=\"https:\/\/keluvo.com\/template\/wp-content\/uploads\/sites\/5\/2025\/05\/S6ed0ea04ba3845ba9e9e9da6eae7a975q.jpeg\" alt=\"\" \/><\/p>\n<h2 style=\"text-align: center\">\ud83d\udccc S\u00e5dan Bruges<\/h2>\n<ol>\n<li style=\"font-weight: 400\"><span style=\"font-weight: 400\">V\u00e6lg dit foretrukne \u00e5rstidsbestemte design.<\/span><span style=\"font-weight: 400\"><br \/>\n<\/span><\/li>\n<li style=\"font-weight: 400\"><span style=\"font-weight: 400\">Skub hj\u00f8rnet af bogm\u00e6rket hen over den side, du vil gemme.<\/span><span style=\"font-weight: 400\"><br \/>\n<\/span><\/li>\n<li style=\"font-weight: 400\"><span style=\"font-weight: 400\">Luk bogen og nyd at vide, at dit sted er gemt med stil!<\/span><span style=\"font-weight: 400\"><br \/>\n<\/span><\/li>\n<\/ol>\n<h2 style=\"text-align: center\">\ud83d\udcd0 Produktdetaljer<\/h2>\n<ul>\n<li style=\"font-weight: 400\"><span style=\"font-weight: 400\">St\u00f8rrelse: 9,5 cm x 9,5 cm<\/span><span style=\"font-weight: 400\"><br \/>\n<\/span><\/li>\n<li style=\"font-weight: 400\"><span style=\"font-weight: 400\">Materiale: Filt og genbrugskarton<\/span><span style=\"font-weight: 400\"><br \/>\n<\/span><\/li>\n<li style=\"font-weight: 400\"><span style=\"font-weight: 400\">H\u00e5ndbroderet<\/span><span style=\"font-weight: 400\"><br \/>\n<\/span><\/li>\n<li style=\"font-weight: 400\"><span style=\"font-weight: 400\">S\u00e6sonmuligheder: For\u00e5r, sommer, efter\u00e5r, vinter<\/span><span style=\"font-weight: 400\"><br \/>\n<\/span><\/li>\n<li style=\"font-weight: 400\"><span style=\"font-weight: 400\">Brug: Sidemarkering, bogdekoration, gaveid\u00e9<\/span><span style=\"font-weight: 400\"><br \/>\n<\/span><\/li>\n<\/ul>\n<h2 style=\"text-align: center\">\ud83d\udce6 Pakken Indeholder<\/h2>\n<ul>\n<li style=\"font-weight: 400\"><span style=\"font-weight: 400\">1, 2, 4 stk bogm\u00e6rke.<\/span><\/li>\n<\/ul>\n","protected":false},"excerpt":{"rendered":"<p>G\u00f8r L\u00e6sningen Personlig &amp; Stilfuld \u2014 Med Et H\u00e5ndbroderet Touch! Disse personlige bogm\u00e6rker kombinerer charme og funktion og hj\u00e6lper dig [&hellip;]<\/p>\n","protected":false},"featured_media":16726,"comment_status":"open","ping_status":"closed","template":"","meta":{"site-sidebar-layout":"default","site-content-layout":"","ast-site-content-layout":"default","site-content-style":"default","site-sidebar-style":"default","ast-global-header-display":"","ast-banner-title-visibility":"","ast-main-header-display":"","ast-hfb-above-header-display":"","ast-hfb-below-header-display":"","ast-hfb-mobile-header-display":"","site-post-title":"","ast-breadcrumbs-content":"","ast-featured-img":"","footer-sml-layout":"","theme-transparent-header-meta":"default","adv-header-id-meta":"","stick-header-meta":"","header-above-stick-meta":"","header-main-stick-meta":"","header-below-stick-meta":"","astra-migrate-meta-layouts":"set","ast-page-background-enabled":"default","ast-page-background-meta":{"desktop":{"background-color":"var(--ast-global-color-5)","background-image":"","background-repeat":"repeat","background-position":"center center","background-size":"auto","background-attachment":"scroll","background-type":"","background-media":"","overlay-type":"","overlay-color":"","overlay-opacity":"","overlay-gradient":""},"tablet":{"background-color":"","background-image":"","background-repeat":"repeat","background-position":"center center","background-size":"auto","background-attachment":"scroll","background-type":"","background-media":"","overlay-type":"","overlay-color":"","overlay-opacity":"","overlay-gradient":""},"mobile":{"background-color":"","background-image":"","background-repeat":"repeat","background-position":"center center","background-size":"auto","background-attachment":"scroll","background-type":"","background-media":"","overlay-type":"","overlay-color":"","overlay-opacity":"","overlay-gradient":""}},"ast-content-background-meta":{"desktop":{"background-color":"var(--ast-global-color-4)","background-image":"","background-repeat":"repeat","background-position":"center center","background-size":"auto","background-attachment":"scroll","background-type":"","background-media":"","overlay-type":"","overlay-color":"","overlay-opacity":"","overlay-gradient":""},"tablet":{"background-color":"var(--ast-global-color-4)","background-image":"","background-repeat":"repeat","background-position":"center center","background-size":"auto","background-attachment":"scroll","background-type":"","background-media":"","overlay-type":"","overlay-color":"","overlay-opacity":"","overlay-gradient":""},"mobile":{"background-color":"var(--ast-global-color-4)","background-image":"","background-repeat":"repeat","background-position":"center center","background-size":"auto","background-attachment":"scroll","background-type":"","background-media":"","overlay-type":"","overlay-color":"","overlay-opacity":"","overlay-gradient":""}}},"product_brand":[],"product_cat":[19],"product_tag":[],"class_list":{"0":"post-16730","1":"product","2":"type-product","3":"status-publish","4":"has-post-thumbnail","6":"product_cat-uncategorized","7":"pa_33488_27adu2lo-1-stk","8":"pa_33488_27adu2lo-2-stk","9":"pa_33488_27adu2lo-4-stk","10":"pa_33488_2qiy4tv7-efteraar","11":"pa_33488_2qiy4tv7-foraar","12":"pa_33488_2qiy4tv7-sommer","13":"pa_33488_2qiy4tv7-vinter","14":"desktop-align-left","15":"tablet-align-left","16":"mobile-align-left","18":"first","19":"instock","20":"shipping-taxable","21":"purchasable","22":"product-type-variable","23":"has-default-attributes"},"_links":{"self":[{"href":"https:\/\/ecostera.com\/dk\/wp-json\/wp\/v2\/product\/16730","targetHints":{"allow":["GET"]}}],"collection":[{"href":"https:\/\/ecostera.com\/dk\/wp-json\/wp\/v2\/product"}],"about":[{"href":"https:\/\/ecostera.com\/dk\/wp-json\/wp\/v2\/types\/product"}],"replies":[{"embeddable":true,"href":"https:\/\/ecostera.com\/dk\/wp-json\/wp\/v2\/comments?post=16730"}],"wp:featuredmedia":[{"embeddable":true,"href":"https:\/\/ecostera.com\/dk\/wp-json\/wp\/v2\/media\/16726"}],"wp:attachment":[{"href":"https:\/\/ecostera.com\/dk\/wp-json\/wp\/v2\/media?parent=16730"}],"wp:term":[{"taxonomy":"product_brand","embeddable":true,"href":"https:\/\/ecostera.com\/dk\/wp-json\/wp\/v2\/product_brand?post=16730"},{"taxonomy":"product_cat","embeddable":true,"href":"https:\/\/ecostera.com\/dk\/wp-json\/wp\/v2\/product_cat?post=16730"},{"taxonomy":"product_tag","embeddable":true,"href":"https:\/\/ecostera.com\/dk\/wp-json\/wp\/v2\/product_tag?post=16730"}],"curies":[{"name":"wp","href":"https:\/\/api.w.org\/{rel}","templated":true}]}}