{"id":16809,"date":"2025-09-15T11:19:48","date_gmt":"2025-09-15T08:19:48","guid":{"rendered":"https:\/\/ecostera.com\/dk\/product\/foderautomat-til-fugle\/"},"modified":"2025-09-15T11:19:59","modified_gmt":"2025-09-15T08:19:59","slug":"foderautomat-til-fugle","status":"publish","type":"product","link":"https:\/\/ecostera.com\/dk\/product\/foderautomat-til-fugle\/","title":{"rendered":"Foderautomat til fugle"},"content":{"rendered":"<p style=\"text-align: center\"><strong>Se fuglene helt t\u00e6t p\u00e5 &#8211; lige fra dit vindue!<\/strong><\/p>\n<p style=\"text-align: center\"><span style=\"font-weight: 400\">Nyd naturens sk\u00f8nhed med denne vinduesmonterede fuglefoderautomat. Den er designet til nem ops\u00e6tning og daglig fuglekiggeri, og den sidder sikkert fast p\u00e5 dit vindue og giver et klart udsyn til dine fjerede g\u00e6ster. Fuglefoderautomaten er fremstillet af klar akryl med st\u00e6rke sugekopper og en skridsikker m\u00e5tte, og den er sikker, komfortabel og nem at reng\u00f8re. Det er perfekt til hjem, terrasser, haver og g\u00e5rde &#8211; og bringer fuglenes fredelige charme lige til dit vindue.<\/span><\/p>\n<p><img decoding=\"async\" class=\"alignnone size-full wp-image-21889 aligncenter\" src=\"https:\/\/keluvo.com\/template\/wp-content\/uploads\/sites\/5\/2025\/05\/Birdfeeder-ezgif.com-video-to-webp-converter.webp\" alt=\"\" \/><\/p>\n<h2 style=\"text-align: center\"><strong>Hovedfordele<\/strong><\/h2>\n<p><span style=\"font-weight: 400\">\ud83e\ude9f <\/span><b>Vinduesmonteringsdesign<\/b><span style=\"font-weight: 400\"> &#8211; Se p\u00e5 fugle fra dit hjem.<\/span><\/p>\n<p><span style=\"font-weight: 400\">\ud83e\uddfd <\/span><b>Let at reng\u00f8re<\/b><span style=\"font-weight: 400\"> &#8211; T\u00f8r bare af med et fugtigt h\u00e5ndkl\u00e6de for hurtig vedligeholdelse.<\/span><\/p>\n<p><span style=\"font-weight: 400\">\ud83d\udc26 <\/span><b>Fuglesikre funktioner<\/b><span style=\"font-weight: 400\"> &#8211; Rummelig med en skridsikker m\u00e5tte til sikker fodring<\/span><\/p>\n<p><span style=\"font-weight: 400\">\ud83d\udd12 <\/span><b>St\u00e6rke sugekopper<\/b><span style=\"font-weight: 400\"> &#8211; Bliver siddende p\u00e5 plads, uanset om det regner eller skinner.<\/span><\/p>\n<p><span style=\"font-weight: 400\">\ud83c\udf33 <\/span><b>Passer til ethvert udend\u00f8rs rum<\/b><span style=\"font-weight: 400\"> &#8211; Perfekt til haver, terrasser, g\u00e5rde og balkoner.<\/span><\/p>\n<p><img decoding=\"async\" class=\"alignnone size-full wp-image-21883 aligncenter\" src=\"https:\/\/keluvo.com\/template\/wp-content\/uploads\/sites\/5\/2025\/05\/c0332804-7707-4690-a43c-8e6625c8bd6e.webp.webp\" alt=\"\" \/><\/p>\n<h2 style=\"text-align: center\"><strong>S\u00e5dan Bruges<\/strong><\/h2>\n<ol>\n<li style=\"font-weight: 400\"><span style=\"font-weight: 400\">Reng\u00f8r vinduesoverfladen grundigt.<\/span><span style=\"font-weight: 400\"><br \/>\n<\/span><\/li>\n<li style=\"font-weight: 400\"><span style=\"font-weight: 400\">Tryk sugekopperne fast p\u00e5 glasset.<\/span><span style=\"font-weight: 400\"><br \/>\n<\/span><\/li>\n<li style=\"font-weight: 400\"><span style=\"font-weight: 400\">Fyld foderautomaten med fuglefr\u00f8 eller godbidder.<\/span><span style=\"font-weight: 400\"><br \/>\n<\/span><\/li>\n<li style=\"font-weight: 400\"><span style=\"font-weight: 400\">L\u00e6n dig tilbage og nyd at se fuglene komme p\u00e5 bes\u00f8g og fodre!<\/span><span style=\"font-weight: 400\"><br \/>\n<\/span><\/li>\n<\/ol>\n<h2 style=\"text-align: center\"><strong>Produktdetaljer<\/strong><\/h2>\n<ul>\n<li style=\"font-weight: 400\"><span style=\"font-weight: 400\">Materiale: Klar akryl<\/span><span style=\"font-weight: 400\"><br \/>\n<\/span><\/li>\n<li style=\"font-weight: 400\"><span style=\"font-weight: 400\">Funktioner: Skridsikker m\u00e5tte, sikre sugekopper, reng\u00f8ringsvenlig overflade<\/span><span style=\"font-weight: 400\"><br \/>\n<\/span><\/li>\n<li style=\"font-weight: 400\"><span style=\"font-weight: 400\">Anvendelse: Hjem, terrasse, have, udend\u00f8rs eller g\u00e5rd<\/span><span style=\"font-weight: 400\"><br \/>\n<\/span><\/li>\n<\/ul>\n<h2 style=\"text-align: center\"><strong>Pakken Indeholder<\/strong><\/h2>\n<ul>\n<li style=\"font-weight: 400\"><span style=\"font-weight: 400\">1x fuglefoderautomat.<\/span><\/li>\n<\/ul>\n","protected":false},"excerpt":{"rendered":"<p>Se fuglene helt t\u00e6t p\u00e5 &#8211; lige fra dit vindue! Nyd naturens sk\u00f8nhed med denne vinduesmonterede fuglefoderautomat. Den er designet [&hellip;]<\/p>\n","protected":false},"featured_media":16805,"comment_status":"open","ping_status":"closed","template":"","meta":{"site-sidebar-layout":"default","site-content-layout":"","ast-site-content-layout":"default","site-content-style":"default","site-sidebar-style":"default","ast-global-header-display":"","ast-banner-title-visibility":"","ast-main-header-display":"","ast-hfb-above-header-display":"","ast-hfb-below-header-display":"","ast-hfb-mobile-header-display":"","site-post-title":"","ast-breadcrumbs-content":"","ast-featured-img":"","footer-sml-layout":"","theme-transparent-header-meta":"default","adv-header-id-meta":"","stick-header-meta":"","header-above-stick-meta":"","header-main-stick-meta":"","header-below-stick-meta":"","astra-migrate-meta-layouts":"set","ast-page-background-enabled":"default","ast-page-background-meta":{"desktop":{"background-color":"var(--ast-global-color-5)","background-image":"","background-repeat":"repeat","background-position":"center center","background-size":"auto","background-attachment":"scroll","background-type":"","background-media":"","overlay-type":"","overlay-color":"","overlay-opacity":"","overlay-gradient":""},"tablet":{"background-color":"","background-image":"","background-repeat":"repeat","background-position":"center center","background-size":"auto","background-attachment":"scroll","background-type":"","background-media":"","overlay-type":"","overlay-color":"","overlay-opacity":"","overlay-gradient":""},"mobile":{"background-color":"","background-image":"","background-repeat":"repeat","background-position":"center center","background-size":"auto","background-attachment":"scroll","background-type":"","background-media":"","overlay-type":"","overlay-color":"","overlay-opacity":"","overlay-gradient":""}},"ast-content-background-meta":{"desktop":{"background-color":"var(--ast-global-color-4)","background-image":"","background-repeat":"repeat","background-position":"center center","background-size":"auto","background-attachment":"scroll","background-type":"","background-media":"","overlay-type":"","overlay-color":"","overlay-opacity":"","overlay-gradient":""},"tablet":{"background-color":"var(--ast-global-color-4)","background-image":"","background-repeat":"repeat","background-position":"center center","background-size":"auto","background-attachment":"scroll","background-type":"","background-media":"","overlay-type":"","overlay-color":"","overlay-opacity":"","overlay-gradient":""},"mobile":{"background-color":"var(--ast-global-color-4)","background-image":"","background-repeat":"repeat","background-position":"center center","background-size":"auto","background-attachment":"scroll","background-type":"","background-media":"","overlay-type":"","overlay-color":"","overlay-opacity":"","overlay-gradient":""}}},"product_brand":[],"product_cat":[19],"product_tag":[],"class_list":{"0":"post-16809","1":"product","2":"type-product","3":"status-publish","4":"has-post-thumbnail","6":"product_cat-uncategorized","7":"pa_18596_glk3s4b6-s","8":"pa_18596_glk3s4b6-m","9":"pa_18596_glk3s4b6-l","10":"desktop-align-left","11":"tablet-align-left","12":"mobile-align-left","14":"first","15":"instock","16":"shipping-taxable","17":"purchasable","18":"product-type-variable"},"_links":{"self":[{"href":"https:\/\/ecostera.com\/dk\/wp-json\/wp\/v2\/product\/16809","targetHints":{"allow":["GET"]}}],"collection":[{"href":"https:\/\/ecostera.com\/dk\/wp-json\/wp\/v2\/product"}],"about":[{"href":"https:\/\/ecostera.com\/dk\/wp-json\/wp\/v2\/types\/product"}],"replies":[{"embeddable":true,"href":"https:\/\/ecostera.com\/dk\/wp-json\/wp\/v2\/comments?post=16809"}],"wp:featuredmedia":[{"embeddable":true,"href":"https:\/\/ecostera.com\/dk\/wp-json\/wp\/v2\/media\/16805"}],"wp:attachment":[{"href":"https:\/\/ecostera.com\/dk\/wp-json\/wp\/v2\/media?parent=16809"}],"wp:term":[{"taxonomy":"product_brand","embeddable":true,"href":"https:\/\/ecostera.com\/dk\/wp-json\/wp\/v2\/product_brand?post=16809"},{"taxonomy":"product_cat","embeddable":true,"href":"https:\/\/ecostera.com\/dk\/wp-json\/wp\/v2\/product_cat?post=16809"},{"taxonomy":"product_tag","embeddable":true,"href":"https:\/\/ecostera.com\/dk\/wp-json\/wp\/v2\/product_tag?post=16809"}],"curies":[{"name":"wp","href":"https:\/\/api.w.org\/{rel}","templated":true}]}}