{"id":17109,"date":"2025-09-15T17:12:09","date_gmt":"2025-09-15T14:12:09","guid":{"rendered":"https:\/\/ecostera.com\/dk\/product\/graesmaatte\/"},"modified":"2025-09-15T18:50:10","modified_gmt":"2025-09-15T15:50:10","slug":"graesmaatte","status":"publish","type":"product","link":"https:\/\/ecostera.com\/dk\/product\/graesmaatte\/","title":{"rendered":"Gr\u00e6sm\u00e5tte"},"content":{"rendered":"<p style=\"text-align: center\" data-start=\"77\" data-end=\"131\"><strong>\ud83c\udf31 Dyrk Tykt, Gr\u00f8nt Gr\u00e6s\u2014Uden Behov For Havearbejde!<\/strong><\/p>\n<p style=\"text-align: center\" data-start=\"133\" data-end=\"367\">Denne biologisk nedbrydelige gr\u00e6sfr\u00f8m\u00e5tte g\u00f8r det hurtigt og idiotsikkert at dyrke smukke gr\u00e6spl\u00e6ner. Bare rul den ud, vand den, og se gr\u00e6sset begynde at vokse p\u00e5 kun 2 uger. Perfekt til bare pletter, skr\u00e5ninger eller andre steder, hvor du vil have frodigt gr\u00f8nt!<\/p>\n<p data-start=\"133\" data-end=\"367\"><img decoding=\"async\" class=\"size-full wp-image-24550 aligncenter\" src=\"https:\/\/keluvo.com\/template\/wp-content\/uploads\/sites\/5\/2025\/06\/Screenshot_2024-04-08_125303.webp\" alt=\"\" \/><\/p>\n<h2 style=\"text-align: center\" data-start=\"369\" data-end=\"390\">\ud83c\udf1f Vigtigste Fordele<\/h2>\n<p data-start=\"393\" data-end=\"443\">\ud83c\udf3f Den fors\u00e5ede m\u00e5tte f\u00e5r gr\u00e6sset til at vokse hurtigt og evenly<\/p>\n<p data-start=\"446\" data-end=\"479\">\u23f1\ufe0f Hurtige resultater p\u00e5 bare 14 days<\/p>\n<p data-start=\"482\" data-end=\"544\">\ud83c\udf27\ufe0f Holder p\u00e5 fugten og beskytter fr\u00f8ene mod vind og udvaskning<\/p>\n<p data-start=\"547\" data-end=\"576\">\ud83d\udeab Hj\u00e6lper med at reducere ukrudtsv\u00e6kst<\/p>\n<p data-start=\"579\" data-end=\"631\">\ud83c\udf0e 100 % biologisk nedbrydelig og sikker for milj\u00f8et<\/p>\n<h2 style=\"text-align: center\" data-start=\"633\" data-end=\"650\">\u2705 S\u00e5dan Bruges<\/h2>\n<ol data-start=\"651\" data-end=\"797\">\n<li data-start=\"651\" data-end=\"699\">\n<p data-start=\"654\" data-end=\"699\">Rul m\u00e5tten ud p\u00e5 det \u00f8nskede jordomr\u00e5de.<\/p>\n<\/li>\n<li data-start=\"700\" data-end=\"745\">\n<p data-start=\"703\" data-end=\"745\">Vand grundigt og hold m\u00e5tten fugtig.<\/p>\n<\/li>\n<li data-start=\"746\" data-end=\"797\">\n<p data-start=\"749\" data-end=\"797\">Se din nye gr\u00e6spl\u00e6ne begynde at vokse inden for f\u00e5 dage!<\/p>\n<\/li>\n<\/ol>\n<h2 style=\"text-align: center\" data-start=\"799\" data-end=\"822\">\ud83d\udce6 Produktdetaljer<\/h2>\n<ul data-start=\"823\" data-end=\"933\">\n<li data-start=\"843\" data-end=\"892\">\n<p data-start=\"845\" data-end=\"892\">Indeholder gr\u00e6sfr\u00f8 og g\u00f8dning i m\u00e5tten<\/p>\n<\/li>\n<li data-start=\"893\" data-end=\"933\">\n<p data-start=\"895\" data-end=\"933\">Milj\u00f8venlig, sikker for k\u00e6ledyr og b\u00f8rn<\/p>\n<\/li>\n<\/ul>\n<h2 style=\"text-align: center\" data-start=\"935\" data-end=\"959\">\ud83d\udcec Pakken Indeholder<\/h2>\n<ul data-start=\"960\" data-end=\"995\">\n<li data-start=\"960\" data-end=\"995\">\n<p data-start=\"962\" data-end=\"995\">1x bionedbrydelig gr\u00e6sfr\u00f8m\u00e5tte.<\/p>\n<\/li>\n<\/ul>\n","protected":false},"excerpt":{"rendered":"<p>\ud83c\udf31 Dyrk Tykt, Gr\u00f8nt Gr\u00e6s\u2014Uden Behov For Havearbejde! Denne biologisk nedbrydelige gr\u00e6sfr\u00f8m\u00e5tte g\u00f8r det hurtigt og idiotsikkert at dyrke smukke [&hellip;]<\/p>\n","protected":false},"featured_media":17105,"comment_status":"open","ping_status":"closed","template":"","meta":{"site-sidebar-layout":"default","site-content-layout":"","ast-site-content-layout":"default","site-content-style":"default","site-sidebar-style":"default","ast-global-header-display":"","ast-banner-title-visibility":"","ast-main-header-display":"","ast-hfb-above-header-display":"","ast-hfb-below-header-display":"","ast-hfb-mobile-header-display":"","site-post-title":"","ast-breadcrumbs-content":"","ast-featured-img":"","footer-sml-layout":"","theme-transparent-header-meta":"default","adv-header-id-meta":"","stick-header-meta":"","header-above-stick-meta":"","header-main-stick-meta":"","header-below-stick-meta":"","astra-migrate-meta-layouts":"set","ast-page-background-enabled":"default","ast-page-background-meta":{"desktop":{"background-color":"var(--ast-global-color-5)","background-image":"","background-repeat":"repeat","background-position":"center center","background-size":"auto","background-attachment":"scroll","background-type":"","background-media":"","overlay-type":"","overlay-color":"","overlay-opacity":"","overlay-gradient":""},"tablet":{"background-color":"","background-image":"","background-repeat":"repeat","background-position":"center center","background-size":"auto","background-attachment":"scroll","background-type":"","background-media":"","overlay-type":"","overlay-color":"","overlay-opacity":"","overlay-gradient":""},"mobile":{"background-color":"","background-image":"","background-repeat":"repeat","background-position":"center center","background-size":"auto","background-attachment":"scroll","background-type":"","background-media":"","overlay-type":"","overlay-color":"","overlay-opacity":"","overlay-gradient":""}},"ast-content-background-meta":{"desktop":{"background-color":"var(--ast-global-color-4)","background-image":"","background-repeat":"repeat","background-position":"center center","background-size":"auto","background-attachment":"scroll","background-type":"","background-media":"","overlay-type":"","overlay-color":"","overlay-opacity":"","overlay-gradient":""},"tablet":{"background-color":"var(--ast-global-color-4)","background-image":"","background-repeat":"repeat","background-position":"center center","background-size":"auto","background-attachment":"scroll","background-type":"","background-media":"","overlay-type":"","overlay-color":"","overlay-opacity":"","overlay-gradient":""},"mobile":{"background-color":"var(--ast-global-color-4)","background-image":"","background-repeat":"repeat","background-position":"center center","background-size":"auto","background-attachment":"scroll","background-type":"","background-media":"","overlay-type":"","overlay-color":"","overlay-opacity":"","overlay-gradient":""}}},"product_brand":[],"product_cat":[19],"product_tag":[],"class_list":{"0":"post-17109","1":"product","2":"type-product","3":"status-publish","4":"has-post-thumbnail","6":"product_cat-uncategorized","7":"pa_41635_22i4wga9-1-m","8":"pa_41635_22i4wga9-2-m","9":"pa_41635_22i4wga9-3-m","10":"pa_41635_22i4wga9-10-m","11":"desktop-align-left","12":"tablet-align-left","13":"mobile-align-left","15":"first","16":"instock","17":"shipping-taxable","18":"purchasable","19":"product-type-variable"},"_links":{"self":[{"href":"https:\/\/ecostera.com\/dk\/wp-json\/wp\/v2\/product\/17109","targetHints":{"allow":["GET"]}}],"collection":[{"href":"https:\/\/ecostera.com\/dk\/wp-json\/wp\/v2\/product"}],"about":[{"href":"https:\/\/ecostera.com\/dk\/wp-json\/wp\/v2\/types\/product"}],"replies":[{"embeddable":true,"href":"https:\/\/ecostera.com\/dk\/wp-json\/wp\/v2\/comments?post=17109"}],"wp:featuredmedia":[{"embeddable":true,"href":"https:\/\/ecostera.com\/dk\/wp-json\/wp\/v2\/media\/17105"}],"wp:attachment":[{"href":"https:\/\/ecostera.com\/dk\/wp-json\/wp\/v2\/media?parent=17109"}],"wp:term":[{"taxonomy":"product_brand","embeddable":true,"href":"https:\/\/ecostera.com\/dk\/wp-json\/wp\/v2\/product_brand?post=17109"},{"taxonomy":"product_cat","embeddable":true,"href":"https:\/\/ecostera.com\/dk\/wp-json\/wp\/v2\/product_cat?post=17109"},{"taxonomy":"product_tag","embeddable":true,"href":"https:\/\/ecostera.com\/dk\/wp-json\/wp\/v2\/product_tag?post=17109"}],"curies":[{"name":"wp","href":"https:\/\/api.w.org\/{rel}","templated":true}]}}