{"id":17126,"date":"2025-09-15T17:14:17","date_gmt":"2025-09-15T14:14:17","guid":{"rendered":"https:\/\/ecostera.com\/dk\/product\/eventyrlig-rygsaek\/"},"modified":"2025-12-08T12:04:29","modified_gmt":"2025-12-08T10:04:29","slug":"eventyrlig-rygsaek","status":"publish","type":"product","link":"https:\/\/ecostera.com\/dk\/product\/eventyrlig-rygsaek\/","title":{"rendered":"Eventyrlig rygs\u00e6k"},"content":{"rendered":"<p style=\"text-align: center\" data-start=\"151\" data-end=\"410\"><strong data-start=\"151\" data-end=\"216\">G\u00e5 L\u00e6ngere, Lettere\u2014Med Den Perfekte Eventyrrygs\u00e6k! \ud83c\udf92\ud83c\udf04<\/strong><\/p>\n<p style=\"text-align: center\" data-start=\"151\" data-end=\"410\">Denne ultralette rygs\u00e6k er bygget til bev\u00e6gelse. Uanset om du vandrer, cykler eller udforsker naturen, g\u00f8r dens \u00e5ndbare design og kapacitet p\u00e5 16 liter den til den ideelle f\u00f8lgesvend til ethvert eventyr.<\/p>\n<p data-start=\"151\" data-end=\"410\"><img fetchpriority=\"high\" decoding=\"async\" class=\" wp-image-25175 aligncenter\" src=\"https:\/\/keluvo.com\/template\/wp-content\/uploads\/sites\/5\/2025\/06\/cc39f87736b4db79a41e9fcb71b61cab.gif\" alt=\"\" width=\"408\" height=\"543\" \/><\/p>\n<h2 style=\"text-align: center\" data-start=\"417\" data-end=\"439\">Vigtigste Fordele \ud83d\udcaa<\/h2>\n<p data-start=\"442\" data-end=\"480\">\ud83c\udf88 Let og kompakt\u2014kun 320 g<\/p>\n<p data-start=\"483\" data-end=\"528\">\ud83d\udca8 3D \u00e5ndbart mesh-system holder dig k\u00f8lig<\/p>\n<p data-start=\"531\" data-end=\"572\">\ud83e\uddf5 Holdbar, rivefast nylon fabric<\/p>\n<p data-start=\"575\" data-end=\"625\">\ud83d\udeb4\u200d\u2642\ufe0f Sikker hjelmholder + l\u00f8kker til vandrestave<\/p>\n<p data-start=\"628\" data-end=\"677\">\ud83d\udca7 Hydration-ready design til brug af vandbl\u00e6re<\/p>\n<p data-start=\"680\" data-end=\"737\">\ud83c\udf92 Justerbare bryst- &amp; skulderstropper for komfort hele dagen<\/p>\n<p data-start=\"680\" data-end=\"737\"><img decoding=\"async\" class=\"size-full wp-image-25170 aligncenter\" src=\"https:\/\/keluvo.com\/template\/wp-content\/uploads\/sites\/5\/2025\/06\/Hc321df3b0d2b47ddb73f1abd93ddd6c2M.jpg_960x960q75.jpg_.avif\" alt=\"\" \/><\/p>\n<h2 style=\"text-align: center\" data-start=\"744\" data-end=\"763\">S\u00e5dan Bruges Den \ud83d\udc47<\/h2>\n<ol data-start=\"764\" data-end=\"973\">\n<li data-start=\"764\" data-end=\"830\">\n<p data-start=\"767\" data-end=\"830\">Pak dine vigtigste ting i hovedrummet og sidelommerne<\/p>\n<\/li>\n<li data-start=\"831\" data-end=\"879\">\n<p data-start=\"834\" data-end=\"879\">Juster skulder- og bryststropper for at f\u00e5 en god pasform<\/p>\n<\/li>\n<li data-start=\"880\" data-end=\"931\">\n<p data-start=\"883\" data-end=\"931\">Fastg\u00f8r din hjelm eller dit udstyr med eksterne l\u00f8kker<\/p>\n<\/li>\n<li data-start=\"932\" data-end=\"973\">\n<p data-start=\"935\" data-end=\"973\">G\u00e5 ud p\u00e5 stien eller rid i total komfort<\/p>\n<\/li>\n<\/ol>\n<h2 style=\"text-align: center\" data-start=\"980\" data-end=\"1004\">Produktdetaljer \ud83d\udccb<\/h2>\n<ul data-start=\"1005\" data-end=\"1235\">\n<li data-start=\"1005\" data-end=\"1022\">\n<p data-start=\"1007\" data-end=\"1022\">Kapacitet: 16L<\/p>\n<\/li>\n<li data-start=\"1023\" data-end=\"1047\">\n<p data-start=\"1025\" data-end=\"1047\">V\u00e6gt: ca. 320g<\/p>\n<\/li>\n<li data-start=\"1048\" data-end=\"1086\">\n<p data-start=\"1050\" data-end=\"1086\">St\u00f8rrelse: passer komfortabelt til de fleste voksne<\/p>\n<\/li>\n<li data-start=\"1087\" data-end=\"1119\">\n<p data-start=\"1089\" data-end=\"1119\">Materiale: nylon med h\u00f8j densitet.<\/p>\n<\/li>\n<li data-start=\"1180\" data-end=\"1235\">\n<p data-start=\"1182\" data-end=\"1235\">Ideal til: vandring, cykling, klatring, l\u00f8b, rejser<\/p>\n<\/li>\n<\/ul>\n<h2 style=\"text-align: center\" data-start=\"1242\" data-end=\"1267\">Pakken Indeholder \ud83d\udce6<\/h2>\n<ul data-start=\"1268\" data-end=\"1303\">\n<li data-start=\"1268\" data-end=\"1303\">\n<p data-start=\"1270\" data-end=\"1303\">1x letv\u00e6gts adventure-rygs\u00e6k.<\/p>\n<\/li>\n<\/ul>\n","protected":false},"excerpt":{"rendered":"<p>G\u00e5 L\u00e6ngere, Lettere\u2014Med Den Perfekte Eventyrrygs\u00e6k! \ud83c\udf92\ud83c\udf04 Denne ultralette rygs\u00e6k er bygget til bev\u00e6gelse. Uanset om du vandrer, cykler eller [&hellip;]<\/p>\n","protected":false},"featured_media":17122,"comment_status":"open","ping_status":"closed","template":"","meta":{"site-sidebar-layout":"default","site-content-layout":"","ast-site-content-layout":"default","site-content-style":"default","site-sidebar-style":"default","ast-global-header-display":"","ast-banner-title-visibility":"","ast-main-header-display":"","ast-hfb-above-header-display":"","ast-hfb-below-header-display":"","ast-hfb-mobile-header-display":"","site-post-title":"","ast-breadcrumbs-content":"","ast-featured-img":"","footer-sml-layout":"","theme-transparent-header-meta":"default","adv-header-id-meta":"","stick-header-meta":"","header-above-stick-meta":"","header-main-stick-meta":"","header-below-stick-meta":"","astra-migrate-meta-layouts":"set","ast-page-background-enabled":"default","ast-page-background-meta":{"desktop":{"background-color":"var(--ast-global-color-5)","background-image":"","background-repeat":"repeat","background-position":"center center","background-size":"auto","background-attachment":"scroll","background-type":"","background-media":"","overlay-type":"","overlay-color":"","overlay-opacity":"","overlay-gradient":""},"tablet":{"background-color":"","background-image":"","background-repeat":"repeat","background-position":"center center","background-size":"auto","background-attachment":"scroll","background-type":"","background-media":"","overlay-type":"","overlay-color":"","overlay-opacity":"","overlay-gradient":""},"mobile":{"background-color":"","background-image":"","background-repeat":"repeat","background-position":"center center","background-size":"auto","background-attachment":"scroll","background-type":"","background-media":"","overlay-type":"","overlay-color":"","overlay-opacity":"","overlay-gradient":""}},"ast-content-background-meta":{"desktop":{"background-color":"var(--ast-global-color-4)","background-image":"","background-repeat":"repeat","background-position":"center center","background-size":"auto","background-attachment":"scroll","background-type":"","background-media":"","overlay-type":"","overlay-color":"","overlay-opacity":"","overlay-gradient":""},"tablet":{"background-color":"var(--ast-global-color-4)","background-image":"","background-repeat":"repeat","background-position":"center center","background-size":"auto","background-attachment":"scroll","background-type":"","background-media":"","overlay-type":"","overlay-color":"","overlay-opacity":"","overlay-gradient":""},"mobile":{"background-color":"var(--ast-global-color-4)","background-image":"","background-repeat":"repeat","background-position":"center center","background-size":"auto","background-attachment":"scroll","background-type":"","background-media":"","overlay-type":"","overlay-color":"","overlay-opacity":"","overlay-gradient":""}}},"product_brand":[],"product_cat":[19],"product_tag":[],"class_list":{"0":"post-17126","1":"product","2":"type-product","3":"status-publish","4":"has-post-thumbnail","6":"product_cat-uncategorized","7":"pa_29184_6yku4p0p-blaa","8":"pa_29184_6yku4p0p-groen","9":"pa_29184_6yku4p0p-orange","10":"pa_29184_6yku4p0p-roed","11":"pa_29184_6yku4p0p-sort","12":"desktop-align-left","13":"tablet-align-left","14":"mobile-align-left","16":"first","17":"instock","18":"shipping-taxable","19":"purchasable","20":"product-type-variable"},"_links":{"self":[{"href":"https:\/\/ecostera.com\/dk\/wp-json\/wp\/v2\/product\/17126","targetHints":{"allow":["GET"]}}],"collection":[{"href":"https:\/\/ecostera.com\/dk\/wp-json\/wp\/v2\/product"}],"about":[{"href":"https:\/\/ecostera.com\/dk\/wp-json\/wp\/v2\/types\/product"}],"replies":[{"embeddable":true,"href":"https:\/\/ecostera.com\/dk\/wp-json\/wp\/v2\/comments?post=17126"}],"wp:featuredmedia":[{"embeddable":true,"href":"https:\/\/ecostera.com\/dk\/wp-json\/wp\/v2\/media\/17122"}],"wp:attachment":[{"href":"https:\/\/ecostera.com\/dk\/wp-json\/wp\/v2\/media?parent=17126"}],"wp:term":[{"taxonomy":"product_brand","embeddable":true,"href":"https:\/\/ecostera.com\/dk\/wp-json\/wp\/v2\/product_brand?post=17126"},{"taxonomy":"product_cat","embeddable":true,"href":"https:\/\/ecostera.com\/dk\/wp-json\/wp\/v2\/product_cat?post=17126"},{"taxonomy":"product_tag","embeddable":true,"href":"https:\/\/ecostera.com\/dk\/wp-json\/wp\/v2\/product_tag?post=17126"}],"curies":[{"name":"wp","href":"https:\/\/api.w.org\/{rel}","templated":true}]}}