{"id":17145,"date":"2025-09-15T17:15:29","date_gmt":"2025-09-15T14:15:29","guid":{"rendered":"https:\/\/ecostera.com\/dk\/product\/stemmegaffel\/"},"modified":"2025-09-15T21:09:32","modified_gmt":"2025-09-15T18:09:32","slug":"stemmegaffel","status":"publish","type":"product","link":"https:\/\/ecostera.com\/dk\/product\/stemmegaffel\/","title":{"rendered":"Stemmegaffel"},"content":{"rendered":"<p style=\"text-align: center\"><strong>\u2728 M\u00e6rk healingens frekvens med dette 128 hz healinginstrument!<\/strong><\/p>\n<p style=\"text-align: center\">Denne brugervenlige stemmegaffel er designet til at hj\u00e6lpe med at slappe af i kroppen, forbedre cirkulationen og reducere muskelsp\u00e6ndinger &#8211; alt sammen ved hj\u00e6lp af blide lydvibrationer. Uanset om du d\u00f8jer med \u00f8mhed, stress eller bare har brug for et \u00f8jebliks fred, er dette v\u00e6rkt\u00f8j perfekt til selvpleje derhjemme.<\/p>\n<p><img fetchpriority=\"high\" decoding=\"async\" class=\"alignnone wp-image-24700 aligncenter\" src=\"https:\/\/keluvo.com\/template\/wp-content\/uploads\/sites\/5\/2025\/06\/128-.gif\" alt=\"\" width=\"481\" height=\"481\" \/><\/p>\n<h2 style=\"text-align: center\">\ud83c\udf1f Vigtigste Fordele<\/h2>\n<p>\ud83c\udfb5 Leverer afslappende 128 hz lydb\u00f8lger direkte til din body<\/p>\n<p>\ud83d\udc86\u200d\u2640\ufe0f Hj\u00e6lper med at reducere smerte, stivhed og inflammation<\/p>\n<p>\ud83e\uddd8\u200d\u2642\ufe0f Fremmer dyb afslapning og stresslindring<\/p>\n<p>\ud83e\ude7a Underst\u00f8tter din krops naturlige helingsproces<\/p>\n<p>\ud83d\udc42 Kan endda hj\u00e6lpe med \u00f8re- og h\u00f8reterapi<\/p>\n<p><img decoding=\"async\" class=\"size-full wp-image-24701\" src=\"https:\/\/keluvo.com\/template\/wp-content\/uploads\/sites\/5\/2025\/06\/Healing-instrument-cetvrta-slika.jpg\" alt=\"\" \/><\/p>\n<h2 style=\"text-align: center\">\u2705 S\u00e5dan Bruges Den<\/h2>\n<ol>\n<li>Sl\u00e5 forsigtigt p\u00e5 stemmegaflen med gummiaktivatoren.<\/li>\n<li>Placer den vibrerende gaffel p\u00e5 det omr\u00e5de, du \u00f8nsker at helbrede eller slappe af.<\/li>\n<li>Hold den p\u00e5 plads i 30-60 sekunder. Gentag efter behov.<\/li>\n<\/ol>\n<p><img decoding=\"async\" class=\"size-full wp-image-24699\" src=\"https:\/\/keluvo.com\/template\/wp-content\/uploads\/sites\/5\/2025\/06\/Healing-instrument-zadnja-slika.jpg\" alt=\"\" \/><\/p>\n<h2 style=\"text-align: center\">\ud83d\udce6 Produktdetaljer<\/h2>\n<ul>\n<li>Frekvens: 128 hz<\/li>\n<li>Indeholder: stemmegaffel i aluminium, gummiaktivator, opbevaringspose<\/li>\n<li>Slidst\u00e6rk og let &#8211; perfekt til brug i hjemmet eller p\u00e5 rejsen<\/li>\n<\/ul>\n<h2 style=\"text-align: center\">\ud83d\udcec Pakken Indeholder<\/h2>\n<ul>\n<li>1x 128 hz stemmegaffel<\/li>\n<li>1x gummiaktivator<\/li>\n<li>1x beskyttelsespose.<\/li>\n<\/ul>\n","protected":false},"excerpt":{"rendered":"<p>\u2728 M\u00e6rk healingens frekvens med dette 128 hz healinginstrument! Denne brugervenlige stemmegaffel er designet til at hj\u00e6lpe med at slappe [&hellip;]<\/p>\n","protected":false},"featured_media":17141,"comment_status":"open","ping_status":"closed","template":"","meta":{"site-sidebar-layout":"default","site-content-layout":"","ast-site-content-layout":"default","site-content-style":"default","site-sidebar-style":"default","ast-global-header-display":"","ast-banner-title-visibility":"","ast-main-header-display":"","ast-hfb-above-header-display":"","ast-hfb-below-header-display":"","ast-hfb-mobile-header-display":"","site-post-title":"","ast-breadcrumbs-content":"","ast-featured-img":"","footer-sml-layout":"","theme-transparent-header-meta":"default","adv-header-id-meta":"","stick-header-meta":"","header-above-stick-meta":"","header-main-stick-meta":"","header-below-stick-meta":"","astra-migrate-meta-layouts":"set","ast-page-background-enabled":"default","ast-page-background-meta":{"desktop":{"background-color":"var(--ast-global-color-5)","background-image":"","background-repeat":"repeat","background-position":"center center","background-size":"auto","background-attachment":"scroll","background-type":"","background-media":"","overlay-type":"","overlay-color":"","overlay-opacity":"","overlay-gradient":""},"tablet":{"background-color":"","background-image":"","background-repeat":"repeat","background-position":"center center","background-size":"auto","background-attachment":"scroll","background-type":"","background-media":"","overlay-type":"","overlay-color":"","overlay-opacity":"","overlay-gradient":""},"mobile":{"background-color":"","background-image":"","background-repeat":"repeat","background-position":"center center","background-size":"auto","background-attachment":"scroll","background-type":"","background-media":"","overlay-type":"","overlay-color":"","overlay-opacity":"","overlay-gradient":""}},"ast-content-background-meta":{"desktop":{"background-color":"var(--ast-global-color-4)","background-image":"","background-repeat":"repeat","background-position":"center center","background-size":"auto","background-attachment":"scroll","background-type":"","background-media":"","overlay-type":"","overlay-color":"","overlay-opacity":"","overlay-gradient":""},"tablet":{"background-color":"var(--ast-global-color-4)","background-image":"","background-repeat":"repeat","background-position":"center center","background-size":"auto","background-attachment":"scroll","background-type":"","background-media":"","overlay-type":"","overlay-color":"","overlay-opacity":"","overlay-gradient":""},"mobile":{"background-color":"var(--ast-global-color-4)","background-image":"","background-repeat":"repeat","background-position":"center center","background-size":"auto","background-attachment":"scroll","background-type":"","background-media":"","overlay-type":"","overlay-color":"","overlay-opacity":"","overlay-gradient":""}}},"product_brand":[],"product_cat":[19],"product_tag":[],"class_list":{"0":"post-17145","1":"product","2":"type-product","3":"status-publish","4":"has-post-thumbnail","6":"product_cat-uncategorized","7":"desktop-align-left","8":"tablet-align-left","9":"mobile-align-left","11":"first","12":"instock","13":"shipping-taxable","14":"purchasable","15":"product-type-simple"},"_links":{"self":[{"href":"https:\/\/ecostera.com\/dk\/wp-json\/wp\/v2\/product\/17145","targetHints":{"allow":["GET"]}}],"collection":[{"href":"https:\/\/ecostera.com\/dk\/wp-json\/wp\/v2\/product"}],"about":[{"href":"https:\/\/ecostera.com\/dk\/wp-json\/wp\/v2\/types\/product"}],"replies":[{"embeddable":true,"href":"https:\/\/ecostera.com\/dk\/wp-json\/wp\/v2\/comments?post=17145"}],"wp:featuredmedia":[{"embeddable":true,"href":"https:\/\/ecostera.com\/dk\/wp-json\/wp\/v2\/media\/17141"}],"wp:attachment":[{"href":"https:\/\/ecostera.com\/dk\/wp-json\/wp\/v2\/media?parent=17145"}],"wp:term":[{"taxonomy":"product_brand","embeddable":true,"href":"https:\/\/ecostera.com\/dk\/wp-json\/wp\/v2\/product_brand?post=17145"},{"taxonomy":"product_cat","embeddable":true,"href":"https:\/\/ecostera.com\/dk\/wp-json\/wp\/v2\/product_cat?post=17145"},{"taxonomy":"product_tag","embeddable":true,"href":"https:\/\/ecostera.com\/dk\/wp-json\/wp\/v2\/product_tag?post=17145"}],"curies":[{"name":"wp","href":"https:\/\/api.w.org\/{rel}","templated":true}]}}