{"id":17154,"date":"2025-09-15T17:16:47","date_gmt":"2025-09-15T14:16:47","guid":{"rendered":"https:\/\/ecostera.com\/dk\/product\/broderisaet\/"},"modified":"2025-09-30T11:05:21","modified_gmt":"2025-09-30T08:05:21","slug":"broderisaet","status":"publish","type":"product","link":"https:\/\/ecostera.com\/dk\/product\/broderisaet\/","title":{"rendered":"Broderis\u00e6t"},"content":{"rendered":"<p style=\"text-align: center\"><strong>V\u00e6k din kreativitet til live &#8211; et sting ad gangen! \ud83e\uddf5\ud83c\udf3c<\/strong><\/p>\n<p style=\"text-align: center\">Dette h\u00e5ndbroderis\u00e6t g\u00f8r det nemt for b\u00e5de begyndere og professionelle at skabe smukke, personlige designs p\u00e5 t\u00f8j, tasker og meget mere. Uanset om du reparerer gamle jeans eller tilf\u00f8jer charme til gaver, er det det perfekte DIY-v\u00e6rkt\u00f8j til at slappe af og blive kreativ!<\/p>\n<p><img fetchpriority=\"high\" decoding=\"async\" class=\"alignnone wp-image-24773 aligncenter\" src=\"https:\/\/keluvo.com\/template\/wp-content\/uploads\/sites\/5\/2025\/06\/e6a0ed90-7643-4b01-bb51-b8e7e60418a8-ezgif.com-video-to-webp-converter.webp\" alt=\"\" width=\"498\" height=\"498\" \/><\/p>\n<h2 style=\"text-align: center\">Vigtigste fordele \u2728<\/h2>\n<p>\ud83e\uddf7 Let at bruge &#8211; bare skr\u00e6l, kl\u00e6b og sy<\/p>\n<p>\ud83c\udfa8 Indeholder rige m\u00f8nstre og blomsterdesigns<\/p>\n<p>\ud83d\udc55 Perfekt til at upcycle gammelt t\u00f8j eller tilpasse gaver<\/p>\n<p>\ud83d\udca1 Vaskes v\u00e6k efter syning, og efterlader kun dit design<\/p>\n<p>\ud83d\udc4c Perfekt til alle niveauer &#8211; ingen erfaring n\u00f8dvendig<\/p>\n<p><img decoding=\"async\" class=\"alignnone size-full wp-image-24785 aligncenter\" src=\"https:\/\/keluvo.com\/template\/wp-content\/uploads\/sites\/5\/2025\/06\/c59efde7-835f-4cb3-beb4-7d5128b05165.webp\" alt=\"\" \/><\/p>\n<h2 style=\"text-align: center\">S\u00e5dan bruges \ud83e\udea1<\/h2>\n<ol>\n<li>Klip m\u00f8nsteret ud og tr\u00e6k bagsiden af<\/li>\n<li>Klip det p\u00e5 det stof, du \u00f8nsker<\/li>\n<li>Sy over designet efter linjerne<\/li>\n<li>Skyl med varmt vand, og afsl\u00f8r dit endelige look!<\/li>\n<\/ol>\n<p><img decoding=\"async\" class=\"alignnone size-full wp-image-24784 aligncenter\" src=\"https:\/\/keluvo.com\/template\/wp-content\/uploads\/sites\/5\/2025\/06\/df54e7be-3352-4e82-b649-1af977acaeab.webp\" alt=\"\" \/><\/p>\n<h2 style=\"text-align: center\">Produktdetaljer \ud83d\udccb<\/h2>\n<ul>\n<li>Indeholder overf\u00f8rbare blomster- og naturmotiver<\/li>\n<li>Materiale: opl\u00f8selig stabilisator for rene, glatte resultater<\/li>\n<\/ul>\n<h2 style=\"text-align: center\">Pakken indeholder \ud83d\udce6<\/h2>\n<ul>\n<li>1x h\u00e5ndbroderis\u00e6t (ingen v\u00e6rkt\u00f8jer inkluderet).<\/li>\n<\/ul>\n","protected":false},"excerpt":{"rendered":"<p>V\u00e6k din kreativitet til live &#8211; et sting ad gangen! \ud83e\uddf5\ud83c\udf3c Dette h\u00e5ndbroderis\u00e6t g\u00f8r det nemt for b\u00e5de begyndere og [&hellip;]<\/p>\n","protected":false},"featured_media":17150,"comment_status":"open","ping_status":"closed","template":"","meta":{"site-sidebar-layout":"default","site-content-layout":"","ast-site-content-layout":"default","site-content-style":"default","site-sidebar-style":"default","ast-global-header-display":"","ast-banner-title-visibility":"","ast-main-header-display":"","ast-hfb-above-header-display":"","ast-hfb-below-header-display":"","ast-hfb-mobile-header-display":"","site-post-title":"","ast-breadcrumbs-content":"","ast-featured-img":"","footer-sml-layout":"","theme-transparent-header-meta":"default","adv-header-id-meta":"","stick-header-meta":"","header-above-stick-meta":"","header-main-stick-meta":"","header-below-stick-meta":"","astra-migrate-meta-layouts":"set","ast-page-background-enabled":"default","ast-page-background-meta":{"desktop":{"background-color":"var(--ast-global-color-5)","background-image":"","background-repeat":"repeat","background-position":"center center","background-size":"auto","background-attachment":"scroll","background-type":"","background-media":"","overlay-type":"","overlay-color":"","overlay-opacity":"","overlay-gradient":""},"tablet":{"background-color":"","background-image":"","background-repeat":"repeat","background-position":"center center","background-size":"auto","background-attachment":"scroll","background-type":"","background-media":"","overlay-type":"","overlay-color":"","overlay-opacity":"","overlay-gradient":""},"mobile":{"background-color":"","background-image":"","background-repeat":"repeat","background-position":"center center","background-size":"auto","background-attachment":"scroll","background-type":"","background-media":"","overlay-type":"","overlay-color":"","overlay-opacity":"","overlay-gradient":""}},"ast-content-background-meta":{"desktop":{"background-color":"var(--ast-global-color-4)","background-image":"","background-repeat":"repeat","background-position":"center center","background-size":"auto","background-attachment":"scroll","background-type":"","background-media":"","overlay-type":"","overlay-color":"","overlay-opacity":"","overlay-gradient":""},"tablet":{"background-color":"var(--ast-global-color-4)","background-image":"","background-repeat":"repeat","background-position":"center center","background-size":"auto","background-attachment":"scroll","background-type":"","background-media":"","overlay-type":"","overlay-color":"","overlay-opacity":"","overlay-gradient":""},"mobile":{"background-color":"var(--ast-global-color-4)","background-image":"","background-repeat":"repeat","background-position":"center center","background-size":"auto","background-attachment":"scroll","background-type":"","background-media":"","overlay-type":"","overlay-color":"","overlay-opacity":"","overlay-gradient":""}}},"product_brand":[],"product_cat":[19],"product_tag":[],"class_list":{"0":"post-17154","1":"product","2":"type-product","3":"status-publish","4":"has-post-thumbnail","6":"product_cat-uncategorized","7":"pa_37618_t7390qa7-a","8":"pa_37618_t7390qa7-b","9":"pa_37618_t7390qa7-c","10":"pa_37618_t7390qa7-d","11":"pa_37618_t7390qa7-e","12":"desktop-align-left","13":"tablet-align-left","14":"mobile-align-left","16":"first","17":"instock","18":"shipping-taxable","19":"purchasable","20":"product-type-variable"},"_links":{"self":[{"href":"https:\/\/ecostera.com\/dk\/wp-json\/wp\/v2\/product\/17154","targetHints":{"allow":["GET"]}}],"collection":[{"href":"https:\/\/ecostera.com\/dk\/wp-json\/wp\/v2\/product"}],"about":[{"href":"https:\/\/ecostera.com\/dk\/wp-json\/wp\/v2\/types\/product"}],"replies":[{"embeddable":true,"href":"https:\/\/ecostera.com\/dk\/wp-json\/wp\/v2\/comments?post=17154"}],"wp:featuredmedia":[{"embeddable":true,"href":"https:\/\/ecostera.com\/dk\/wp-json\/wp\/v2\/media\/17150"}],"wp:attachment":[{"href":"https:\/\/ecostera.com\/dk\/wp-json\/wp\/v2\/media?parent=17154"}],"wp:term":[{"taxonomy":"product_brand","embeddable":true,"href":"https:\/\/ecostera.com\/dk\/wp-json\/wp\/v2\/product_brand?post=17154"},{"taxonomy":"product_cat","embeddable":true,"href":"https:\/\/ecostera.com\/dk\/wp-json\/wp\/v2\/product_cat?post=17154"},{"taxonomy":"product_tag","embeddable":true,"href":"https:\/\/ecostera.com\/dk\/wp-json\/wp\/v2\/product_tag?post=17154"}],"curies":[{"name":"wp","href":"https:\/\/api.w.org\/{rel}","templated":true}]}}