{"id":17195,"date":"2025-09-15T17:21:35","date_gmt":"2025-09-15T14:21:35","guid":{"rendered":"https:\/\/ecostera.com\/dk\/product\/tegnebog-3\/"},"modified":"2025-09-22T18:24:53","modified_gmt":"2025-09-22T15:24:53","slug":"tegnebog-3","status":"publish","type":"product","link":"https:\/\/ecostera.com\/dk\/product\/tegnebog-3\/","title":{"rendered":"Tegnebog"},"content":{"rendered":"<p style=\"text-align: center\" data-start=\"146\" data-end=\"458\"><strong data-start=\"146\" data-end=\"226\">Alt-i-en-pung, clutch og telefonholder &#8211; b\u00e6r smart, b\u00e6r stilfuldt! \ud83d\udcf1\ud83d\udcbc<\/strong><\/p>\n<p style=\"text-align: center\" data-start=\"146\" data-end=\"458\">Denne slanke pung i PU-l\u00e6der er den perfekte f\u00f8lgesvend i hverdagen. Den holder styr p\u00e5 dine vigtigste ting &#8211; kontanter, kort, m\u00f8nter og telefon &#8211; i en kompakt og elegant pung. Holdbar, stilfuld og praktisk til rejser, \u00e6rinder eller daglig brug.<\/p>\n<p data-start=\"146\" data-end=\"458\"><img decoding=\"async\" class=\"size-full wp-image-24989 aligncenter\" src=\"https:\/\/keluvo.com\/template\/wp-content\/uploads\/sites\/5\/2025\/06\/06251-ezgif.com-video-to-webp-converter.webp\" alt=\"\" \/><\/p>\n<h2 style=\"text-align: center\" data-start=\"465\" data-end=\"487\">Vigtigste Fordele \ud83e\udde1<\/h2>\n<p data-start=\"490\" data-end=\"552\">\ud83d\udcf1 Passer til din smartphone, kort, kontanter og m\u00f8nter p\u00e5 \u00e9t sted<\/p>\n<p data-start=\"555\" data-end=\"612\">\ud83e\uddf5 Lavet af bl\u00f8dt, holdbart PU-l\u00e6der med en f\u00f8rsteklasses fornemmelse<\/p>\n<p data-start=\"615\" data-end=\"663\">\ud83d\udd10 Sikker lynl\u00e5slukning holder alting safe<\/p>\n<p data-start=\"666\" data-end=\"714\">\ud83d\udd90\ufe0f Leveres med en h\u00e5ndledsrem for nem carrying<\/p>\n<p data-start=\"717\" data-end=\"773\">\u2708\ufe0f Perfekt til rejser, daglig pendling eller afslappede udflugter<\/p>\n<p data-start=\"717\" data-end=\"773\"><img decoding=\"async\" class=\"size-full wp-image-24993 aligncenter\" src=\"https:\/\/keluvo.com\/template\/wp-content\/uploads\/sites\/5\/2025\/06\/345be0f6-815a-46ce-8247-06a50fdc7873.webp\" alt=\"\" \/><\/p>\n<h2 style=\"text-align: center\" data-start=\"780\" data-end=\"799\">S\u00e5dan Bruges Den \ud83d\udc47<\/h2>\n<ol data-start=\"800\" data-end=\"932\">\n<li data-start=\"800\" data-end=\"846\">\n<p data-start=\"803\" data-end=\"846\">Opbevar din telefon, penge og kort indeni<\/p>\n<\/li>\n<li data-start=\"847\" data-end=\"887\">\n<p data-start=\"850\" data-end=\"887\">Luk den med lynl\u00e5s for at holde alt sikkert<\/p>\n<\/li>\n<li data-start=\"888\" data-end=\"932\">\n<p data-start=\"891\" data-end=\"932\">Brug h\u00e5ndledsremmen til nemt at b\u00e6re den<\/p>\n<\/li>\n<\/ol>\n<h2 style=\"text-align: center\" data-start=\"939\" data-end=\"963\">Produktdetaljer \ud83d\udccb<\/h2>\n<ul data-start=\"964\" data-end=\"1129\">\n<li data-start=\"964\" data-end=\"988\">\n<p data-start=\"966\" data-end=\"988\">Materiale: PU-l\u00e6der<\/p>\n<\/li>\n<li data-start=\"1037\" data-end=\"1083\">\n<p data-start=\"1039\" data-end=\"1083\">Kompakt og let til hverdagsbrug<\/p>\n<\/li>\n<li data-start=\"1084\" data-end=\"1129\">\n<p data-start=\"1086\" data-end=\"1129\">Stilfuldt design med funktionelle rum<\/p>\n<\/li>\n<\/ul>\n<h2 style=\"text-align: center\" data-start=\"1136\" data-end=\"1161\">Pakken Indeholder \ud83d\udce6<\/h2>\n<ul data-start=\"1162\" data-end=\"1208\">\n<li data-start=\"1162\" data-end=\"1208\">\n<p data-start=\"1164\" data-end=\"1208\">1x pung.<\/p>\n<\/li>\n<\/ul>\n","protected":false},"excerpt":{"rendered":"<p>Alt-i-en-pung, clutch og telefonholder &#8211; b\u00e6r smart, b\u00e6r stilfuldt! \ud83d\udcf1\ud83d\udcbc Denne slanke pung i PU-l\u00e6der er den perfekte f\u00f8lgesvend i [&hellip;]<\/p>\n","protected":false},"featured_media":17191,"comment_status":"open","ping_status":"closed","template":"","meta":{"site-sidebar-layout":"default","site-content-layout":"","ast-site-content-layout":"default","site-content-style":"default","site-sidebar-style":"default","ast-global-header-display":"","ast-banner-title-visibility":"","ast-main-header-display":"","ast-hfb-above-header-display":"","ast-hfb-below-header-display":"","ast-hfb-mobile-header-display":"","site-post-title":"","ast-breadcrumbs-content":"","ast-featured-img":"","footer-sml-layout":"","theme-transparent-header-meta":"default","adv-header-id-meta":"","stick-header-meta":"","header-above-stick-meta":"","header-main-stick-meta":"","header-below-stick-meta":"","astra-migrate-meta-layouts":"set","ast-page-background-enabled":"default","ast-page-background-meta":{"desktop":{"background-color":"var(--ast-global-color-5)","background-image":"","background-repeat":"repeat","background-position":"center center","background-size":"auto","background-attachment":"scroll","background-type":"","background-media":"","overlay-type":"","overlay-color":"","overlay-opacity":"","overlay-gradient":""},"tablet":{"background-color":"","background-image":"","background-repeat":"repeat","background-position":"center center","background-size":"auto","background-attachment":"scroll","background-type":"","background-media":"","overlay-type":"","overlay-color":"","overlay-opacity":"","overlay-gradient":""},"mobile":{"background-color":"","background-image":"","background-repeat":"repeat","background-position":"center center","background-size":"auto","background-attachment":"scroll","background-type":"","background-media":"","overlay-type":"","overlay-color":"","overlay-opacity":"","overlay-gradient":""}},"ast-content-background-meta":{"desktop":{"background-color":"var(--ast-global-color-4)","background-image":"","background-repeat":"repeat","background-position":"center center","background-size":"auto","background-attachment":"scroll","background-type":"","background-media":"","overlay-type":"","overlay-color":"","overlay-opacity":"","overlay-gradient":""},"tablet":{"background-color":"var(--ast-global-color-4)","background-image":"","background-repeat":"repeat","background-position":"center center","background-size":"auto","background-attachment":"scroll","background-type":"","background-media":"","overlay-type":"","overlay-color":"","overlay-opacity":"","overlay-gradient":""},"mobile":{"background-color":"var(--ast-global-color-4)","background-image":"","background-repeat":"repeat","background-position":"center center","background-size":"auto","background-attachment":"scroll","background-type":"","background-media":"","overlay-type":"","overlay-color":"","overlay-opacity":"","overlay-gradient":""}}},"product_brand":[],"product_cat":[19],"product_tag":[],"class_list":{"0":"post-17195","1":"product","2":"type-product","3":"status-publish","4":"has-post-thumbnail","6":"product_cat-uncategorized","7":"pa_29648_fb0hw1e8-champagne","8":"pa_29648_fb0hw1e8-chokolade","9":"pa_29648_fb0hw1e8-sort","10":"desktop-align-left","11":"tablet-align-left","12":"mobile-align-left","14":"first","15":"instock","16":"shipping-taxable","17":"purchasable","18":"product-type-variable"},"_links":{"self":[{"href":"https:\/\/ecostera.com\/dk\/wp-json\/wp\/v2\/product\/17195","targetHints":{"allow":["GET"]}}],"collection":[{"href":"https:\/\/ecostera.com\/dk\/wp-json\/wp\/v2\/product"}],"about":[{"href":"https:\/\/ecostera.com\/dk\/wp-json\/wp\/v2\/types\/product"}],"replies":[{"embeddable":true,"href":"https:\/\/ecostera.com\/dk\/wp-json\/wp\/v2\/comments?post=17195"}],"wp:featuredmedia":[{"embeddable":true,"href":"https:\/\/ecostera.com\/dk\/wp-json\/wp\/v2\/media\/17191"}],"wp:attachment":[{"href":"https:\/\/ecostera.com\/dk\/wp-json\/wp\/v2\/media?parent=17195"}],"wp:term":[{"taxonomy":"product_brand","embeddable":true,"href":"https:\/\/ecostera.com\/dk\/wp-json\/wp\/v2\/product_brand?post=17195"},{"taxonomy":"product_cat","embeddable":true,"href":"https:\/\/ecostera.com\/dk\/wp-json\/wp\/v2\/product_cat?post=17195"},{"taxonomy":"product_tag","embeddable":true,"href":"https:\/\/ecostera.com\/dk\/wp-json\/wp\/v2\/product_tag?post=17195"}],"curies":[{"name":"wp","href":"https:\/\/api.w.org\/{rel}","templated":true}]}}