{"id":17212,"date":"2025-09-15T17:23:19","date_gmt":"2025-09-15T14:23:19","guid":{"rendered":"https:\/\/ecostera.com\/dk\/product\/vaerktoej-til-installation-af-fliser\/"},"modified":"2025-09-22T18:52:31","modified_gmt":"2025-09-22T15:52:31","slug":"vaerktoej-til-installation-af-fliser","status":"publish","type":"product","link":"https:\/\/ecostera.com\/dk\/product\/vaerktoej-til-installation-af-fliser\/","title":{"rendered":"V\u00e6rkt\u00f8j til installation af fliser"},"content":{"rendered":"<p style=\"text-align: center\" data-start=\"146\" data-end=\"210\"><strong>S\u00e6t Fliser Op 3 Gange Hurtigere Med Mindre Indsats Og St\u00f8rre Pr\u00e6cision!<\/strong><\/p>\n<p style=\"text-align: center\" data-start=\"212\" data-end=\"471\">Dette opgraderede fliseops\u00e6tningsv\u00e6rkt\u00f8j bruger h\u00f8jhastighedsvibrationer til at nivellere fliserne hurtigt og j\u00e6vnt, hvilket reducerer installationstiden og reducerer antallet af kn\u00e6kkede fliser. Den er designet til professionel ydeevne og er et must for alle, der arbejder med fliseprojekter &#8211; store som sm\u00e5. 18000r\/min vibrationshastighed og 200 kg sugekraft hj\u00e6lper med at sikre j\u00e6vn fliseplacering og f\u00e6rre luftbobler under fliserne. Leveres med et genopladeligt batteri og oplader til nonstop produktivitet.<\/p>\n<p data-start=\"212\" data-end=\"471\"><img decoding=\"async\" class=\"size-full wp-image-25032 aligncenter\" src=\"https:\/\/keluvo.com\/template\/wp-content\/uploads\/sites\/5\/2025\/06\/d050ff06-b978-4822-b5d6-2553d8865767.jpg\" alt=\"\" \/><\/p>\n<h2 style=\"text-align: center\" data-start=\"698\" data-end=\"720\">\ud83c\udf1f Hovedfordele<\/h2>\n<p data-start=\"723\" data-end=\"796\">\u26a1 <strong data-start=\"725\" data-end=\"745\">3x Hurtigere Flisebel\u00e6gning<\/strong> \u2013 \u00d8ger hastigheden og effektiviteten p\u00e5 ethvert flisejob.<\/p>\n<p data-start=\"799\" data-end=\"868\">\ud83d\udca5 <strong data-start=\"802\" data-end=\"827\">18,000 Vibrationer\/Min<\/strong> \u2013 Leverer markedsledende ydeevne.<\/p>\n<p data-start=\"871\" data-end=\"944\">\ud83e\uddf2 <strong data-start=\"874\" data-end=\"897\">200kg Sugekraft<\/strong> \u2013 Holder fliserne fast for n\u00f8jagtig placering.<\/p>\n<p data-start=\"947\" data-end=\"1021\">\ud83d\udd0b <strong data-start=\"950\" data-end=\"971\">Lang Batterilevetid<\/strong> \u2013 Inkluderer et 12000 mAh batteri til udvidet brug.<\/p>\n<p data-start=\"1024\" data-end=\"1091\">\ud83d\udd04 <strong data-start=\"1027\" data-end=\"1042\">Let At Bruge<\/strong> \u2013 Bare t\u00e6nd for den, placer den, og lad den vibrere!<\/p>\n<h2 style=\"text-align: center\" data-start=\"1098\" data-end=\"1117\">\ud83d\udd27 S\u00e5dan Bruges<\/h2>\n<ol data-start=\"1118\" data-end=\"1374\">\n<li data-start=\"1118\" data-end=\"1173\">\n<p data-start=\"1121\" data-end=\"1173\">Lad batteriet op, og s\u00e6t det i maskinen.<\/p>\n<\/li>\n<li data-start=\"1174\" data-end=\"1218\">\n<p data-start=\"1177\" data-end=\"1218\">Placer flisen p\u00e5 den kl\u00e6bende overflade.<\/p>\n<\/li>\n<li data-start=\"1219\" data-end=\"1264\">\n<p data-start=\"1222\" data-end=\"1264\">Placer maskinen oven p\u00e5 flisen.<\/p>\n<\/li>\n<li data-start=\"1265\" data-end=\"1328\">\n<p data-start=\"1268\" data-end=\"1328\">Tryk for at aktivere vibrationen, og niveller flisen p\u00e5 f\u00e5 sekunder.<\/p>\n<\/li>\n<li data-start=\"1329\" data-end=\"1374\">\n<p data-start=\"1332\" data-end=\"1374\">Skift mellem batterier for nonstop arbejde.<\/p>\n<\/li>\n<\/ol>\n<h2 style=\"text-align: center\" data-start=\"1381\" data-end=\"1405\">\ud83d\udccf Produktdetaljer<\/h2>\n<ul data-start=\"1406\" data-end=\"1627\">\n<li data-start=\"1406\" data-end=\"1432\">\n<p data-start=\"1408\" data-end=\"1432\"><strong data-start=\"1408\" data-end=\"1418\">Hastighed:<\/strong> 18000 r\/min<\/p>\n<\/li>\n<li data-start=\"1433\" data-end=\"1461\">\n<p data-start=\"1435\" data-end=\"1461\"><strong data-start=\"1435\" data-end=\"1453\">Sugekraft:<\/strong> 200 kg<\/p>\n<\/li>\n<li data-start=\"1462\" data-end=\"1516\">\n<p data-start=\"1464\" data-end=\"1516\"><strong data-start=\"1464\" data-end=\"1476\">Batteri:<\/strong> 12000 mAh (1 inkluderet i denne pakke)<\/p>\n<\/li>\n<li data-start=\"1517\" data-end=\"1562\">\n<p data-start=\"1519\" data-end=\"1562\"><strong data-start=\"1519\" data-end=\"1532\">Funktion:<\/strong> Fliseudj\u00e6vning via vibrationer<\/p>\n<\/li>\n<li data-start=\"1563\" data-end=\"1627\">\n<p data-start=\"1565\" data-end=\"1627\"><strong data-start=\"1565\" data-end=\"1577\">Brug Til:<\/strong> Installation af keramik, porcel\u00e6n og store fliser<\/p>\n<\/li>\n<\/ul>\n<h2 style=\"text-align: center\" data-start=\"1634\" data-end=\"1659\">\ud83d\udce6 Pakken Indeholder<\/h2>\n<ul data-start=\"1660\" data-end=\"1770\">\n<li data-start=\"1660\" data-end=\"1702\">\n<p data-start=\"1662\" data-end=\"1702\">1x fliseinstallationsv\u00e6rkt\u00f8j<\/p>\n<\/li>\n<li data-start=\"1703\" data-end=\"1734\">\n<p data-start=\"1705\" data-end=\"1734\">1x lille batteri (12000mAh)<\/p>\n<\/li>\n<li data-start=\"1735\" data-end=\"1770\">\n<p data-start=\"1737\" data-end=\"1770\">1x oplader.<\/p>\n<\/li>\n<\/ul>\n","protected":false},"excerpt":{"rendered":"<p>S\u00e6t Fliser Op 3 Gange Hurtigere Med Mindre Indsats Og St\u00f8rre Pr\u00e6cision! Dette opgraderede fliseops\u00e6tningsv\u00e6rkt\u00f8j bruger h\u00f8jhastighedsvibrationer til at nivellere [&hellip;]<\/p>\n","protected":false},"featured_media":17208,"comment_status":"open","ping_status":"closed","template":"","meta":{"site-sidebar-layout":"default","site-content-layout":"","ast-site-content-layout":"default","site-content-style":"default","site-sidebar-style":"default","ast-global-header-display":"","ast-banner-title-visibility":"","ast-main-header-display":"","ast-hfb-above-header-display":"","ast-hfb-below-header-display":"","ast-hfb-mobile-header-display":"","site-post-title":"","ast-breadcrumbs-content":"","ast-featured-img":"","footer-sml-layout":"","theme-transparent-header-meta":"default","adv-header-id-meta":"","stick-header-meta":"","header-above-stick-meta":"","header-main-stick-meta":"","header-below-stick-meta":"","astra-migrate-meta-layouts":"set","ast-page-background-enabled":"default","ast-page-background-meta":{"desktop":{"background-color":"var(--ast-global-color-5)","background-image":"","background-repeat":"repeat","background-position":"center center","background-size":"auto","background-attachment":"scroll","background-type":"","background-media":"","overlay-type":"","overlay-color":"","overlay-opacity":"","overlay-gradient":""},"tablet":{"background-color":"","background-image":"","background-repeat":"repeat","background-position":"center center","background-size":"auto","background-attachment":"scroll","background-type":"","background-media":"","overlay-type":"","overlay-color":"","overlay-opacity":"","overlay-gradient":""},"mobile":{"background-color":"","background-image":"","background-repeat":"repeat","background-position":"center center","background-size":"auto","background-attachment":"scroll","background-type":"","background-media":"","overlay-type":"","overlay-color":"","overlay-opacity":"","overlay-gradient":""}},"ast-content-background-meta":{"desktop":{"background-color":"var(--ast-global-color-4)","background-image":"","background-repeat":"repeat","background-position":"center center","background-size":"auto","background-attachment":"scroll","background-type":"","background-media":"","overlay-type":"","overlay-color":"","overlay-opacity":"","overlay-gradient":""},"tablet":{"background-color":"var(--ast-global-color-4)","background-image":"","background-repeat":"repeat","background-position":"center center","background-size":"auto","background-attachment":"scroll","background-type":"","background-media":"","overlay-type":"","overlay-color":"","overlay-opacity":"","overlay-gradient":""},"mobile":{"background-color":"var(--ast-global-color-4)","background-image":"","background-repeat":"repeat","background-position":"center center","background-size":"auto","background-attachment":"scroll","background-type":"","background-media":"","overlay-type":"","overlay-color":"","overlay-opacity":"","overlay-gradient":""}}},"product_brand":[],"product_cat":[19],"product_tag":[],"class_list":{"0":"post-17212","1":"product","2":"type-product","3":"status-publish","4":"has-post-thumbnail","6":"product_cat-uncategorized","7":"desktop-align-left","8":"tablet-align-left","9":"mobile-align-left","11":"first","12":"instock","13":"shipping-taxable","14":"purchasable","15":"product-type-simple"},"_links":{"self":[{"href":"https:\/\/ecostera.com\/dk\/wp-json\/wp\/v2\/product\/17212","targetHints":{"allow":["GET"]}}],"collection":[{"href":"https:\/\/ecostera.com\/dk\/wp-json\/wp\/v2\/product"}],"about":[{"href":"https:\/\/ecostera.com\/dk\/wp-json\/wp\/v2\/types\/product"}],"replies":[{"embeddable":true,"href":"https:\/\/ecostera.com\/dk\/wp-json\/wp\/v2\/comments?post=17212"}],"wp:featuredmedia":[{"embeddable":true,"href":"https:\/\/ecostera.com\/dk\/wp-json\/wp\/v2\/media\/17208"}],"wp:attachment":[{"href":"https:\/\/ecostera.com\/dk\/wp-json\/wp\/v2\/media?parent=17212"}],"wp:term":[{"taxonomy":"product_brand","embeddable":true,"href":"https:\/\/ecostera.com\/dk\/wp-json\/wp\/v2\/product_brand?post=17212"},{"taxonomy":"product_cat","embeddable":true,"href":"https:\/\/ecostera.com\/dk\/wp-json\/wp\/v2\/product_cat?post=17212"},{"taxonomy":"product_tag","embeddable":true,"href":"https:\/\/ecostera.com\/dk\/wp-json\/wp\/v2\/product_tag?post=17212"}],"curies":[{"name":"wp","href":"https:\/\/api.w.org\/{rel}","templated":true}]}}