{"id":17242,"date":"2025-09-15T17:27:35","date_gmt":"2025-09-15T14:27:35","guid":{"rendered":"https:\/\/ecostera.com\/dk\/product\/greb-til-briller\/"},"modified":"2025-09-24T17:46:41","modified_gmt":"2025-09-24T14:46:41","slug":"greb-til-briller","status":"publish","type":"product","link":"https:\/\/ecostera.com\/dk\/product\/greb-til-briller\/","title":{"rendered":"Greb til briller"},"content":{"rendered":"<p style=\"text-align: center\" data-start=\"73\" data-end=\"240\"><strong>\ud83d\udc53 Stop dine briller fra at glide ned ad n\u00e6sen!<\/strong><\/p>\n<p style=\"text-align: center\" data-start=\"73\" data-end=\"240\">Disse bl\u00f8de brillegreb holder dine briller komfortabelt p\u00e5 plads &#8211; ikke mere justering, glidning eller faldende briller. Perfekt til sport, arbejde eller hverdagsbrug!<\/p>\n<p data-start=\"73\" data-end=\"240\"><img fetchpriority=\"high\" decoding=\"async\" class=\" wp-image-25993 aligncenter\" src=\"https:\/\/keluvo.com\/template\/wp-content\/uploads\/sites\/5\/2025\/07\/0111011_480x480.webp\" alt=\"\" width=\"450\" height=\"450\" \/><\/p>\n<h2 style=\"text-align: center\" data-start=\"287\" data-end=\"308\"><strong>\u2728 Vigtigste Fordele<\/strong><\/h2>\n<p data-start=\"311\" data-end=\"353\">\ud83e\uddf2 Sikkert skridsikkert greb bag \u00f8rerne<\/p>\n<p data-start=\"356\" data-end=\"403\">\ud83d\ude0c Bl\u00f8dt silikonemateriale giver komfort hele dagen<\/p>\n<p data-start=\"406\" data-end=\"449\">\ud83d\udd76 Passer til de fleste brille- og solbriller frames<\/p>\n<p data-start=\"452\" data-end=\"505\">\ud83c\udfc3\u200d\u2642\ufe0f Perfekt til aktiv brug &#8211; l\u00f8b, cykling eller fitness<\/p>\n<p data-start=\"508\" data-end=\"556\">\ud83d\udc40 Diskret design, n\u00e6sten usynligt, n\u00e5r du har dem p\u00e5<\/p>\n<p data-start=\"508\" data-end=\"556\"><img decoding=\"async\" class=\" wp-image-25992 aligncenter\" src=\"https:\/\/keluvo.com\/template\/wp-content\/uploads\/sites\/5\/2025\/07\/03333_480x480.webp\" alt=\"\" width=\"451\" height=\"451\" \/><\/p>\n<h2 style=\"text-align: center\" data-start=\"558\" data-end=\"577\"><strong>\ud83d\udd27 S\u00e5dan Bruger Du Dem<\/strong><\/h2>\n<ol data-start=\"578\" data-end=\"733\">\n<li data-start=\"578\" data-end=\"629\">\n<p data-start=\"581\" data-end=\"629\">Skub grebene p\u00e5 hver brillearm.<\/p>\n<\/li>\n<li data-start=\"630\" data-end=\"678\">\n<p data-start=\"633\" data-end=\"678\">Juster dem, s\u00e5 de sidder behageligt bag \u00f8rerne.<\/p>\n<\/li>\n<li data-start=\"679\" data-end=\"733\">\n<p data-start=\"682\" data-end=\"733\">Brug dine briller hele dagen &#8211; de glider garanteret ikke!<\/p>\n<\/li>\n<\/ol>\n<h2 style=\"text-align: center\" data-start=\"735\" data-end=\"759\"><strong>\ud83d\udccf Produktdetaljer<\/strong><\/h2>\n<ul data-start=\"760\" data-end=\"900\">\n<li data-start=\"760\" data-end=\"801\">\n<p data-start=\"762\" data-end=\"801\">Materiale: Fleksibel skridsikker silikone<\/p>\n<\/li>\n<li data-start=\"802\" data-end=\"833\">\n<p data-start=\"804\" data-end=\"833\">Passer til stel op til 12 mm brede<\/p>\n<\/li>\n<li data-start=\"867\" data-end=\"900\">\n<p data-start=\"869\" data-end=\"900\">Ultra let og holdbar<\/p>\n<\/li>\n<\/ul>\n<h2 style=\"text-align: center\" data-start=\"902\" data-end=\"927\"><strong>\ud83d\udce6 Pakken Indeholder<\/strong><\/h2>\n<ul data-start=\"928\" data-end=\"964\">\n<li data-start=\"928\" data-end=\"964\">\n<p data-start=\"930\" data-end=\"964\">1, 2, 3x par brillegreb.<\/p>\n<\/li>\n<\/ul>\n","protected":false},"excerpt":{"rendered":"<p>\ud83d\udc53 Stop dine briller fra at glide ned ad n\u00e6sen! Disse bl\u00f8de brillegreb holder dine briller komfortabelt p\u00e5 plads &#8211; [&hellip;]<\/p>\n","protected":false},"featured_media":17238,"comment_status":"open","ping_status":"closed","template":"","meta":{"site-sidebar-layout":"default","site-content-layout":"","ast-site-content-layout":"default","site-content-style":"default","site-sidebar-style":"default","ast-global-header-display":"","ast-banner-title-visibility":"","ast-main-header-display":"","ast-hfb-above-header-display":"","ast-hfb-below-header-display":"","ast-hfb-mobile-header-display":"","site-post-title":"","ast-breadcrumbs-content":"","ast-featured-img":"","footer-sml-layout":"","theme-transparent-header-meta":"default","adv-header-id-meta":"","stick-header-meta":"","header-above-stick-meta":"","header-main-stick-meta":"","header-below-stick-meta":"","astra-migrate-meta-layouts":"set","ast-page-background-enabled":"default","ast-page-background-meta":{"desktop":{"background-color":"var(--ast-global-color-5)","background-image":"","background-repeat":"repeat","background-position":"center center","background-size":"auto","background-attachment":"scroll","background-type":"","background-media":"","overlay-type":"","overlay-color":"","overlay-opacity":"","overlay-gradient":""},"tablet":{"background-color":"","background-image":"","background-repeat":"repeat","background-position":"center center","background-size":"auto","background-attachment":"scroll","background-type":"","background-media":"","overlay-type":"","overlay-color":"","overlay-opacity":"","overlay-gradient":""},"mobile":{"background-color":"","background-image":"","background-repeat":"repeat","background-position":"center center","background-size":"auto","background-attachment":"scroll","background-type":"","background-media":"","overlay-type":"","overlay-color":"","overlay-opacity":"","overlay-gradient":""}},"ast-content-background-meta":{"desktop":{"background-color":"var(--ast-global-color-4)","background-image":"","background-repeat":"repeat","background-position":"center center","background-size":"auto","background-attachment":"scroll","background-type":"","background-media":"","overlay-type":"","overlay-color":"","overlay-opacity":"","overlay-gradient":""},"tablet":{"background-color":"var(--ast-global-color-4)","background-image":"","background-repeat":"repeat","background-position":"center center","background-size":"auto","background-attachment":"scroll","background-type":"","background-media":"","overlay-type":"","overlay-color":"","overlay-opacity":"","overlay-gradient":""},"mobile":{"background-color":"var(--ast-global-color-4)","background-image":"","background-repeat":"repeat","background-position":"center center","background-size":"auto","background-attachment":"scroll","background-type":"","background-media":"","overlay-type":"","overlay-color":"","overlay-opacity":"","overlay-gradient":""}}},"product_brand":[],"product_cat":[19],"product_tag":[],"class_list":{"0":"post-17242","1":"product","2":"type-product","3":"status-publish","4":"has-post-thumbnail","6":"product_cat-uncategorized","7":"pa_33506_3e38frso-1-par","8":"pa_33506_3e38frso-2-par","9":"pa_33506_3e38frso-3-par","10":"pa_33506_v515qglu-brun","11":"pa_33506_v515qglu-gennemsigtig","12":"pa_33506_v515qglu-groen","13":"pa_33506_v515qglu-himmelblaa","14":"pa_33506_v515qglu-lilla","15":"pa_33506_v515qglu-marineblaa","16":"pa_33506_v515qglu-roed","17":"pa_33506_v515qglu-sort","18":"desktop-align-left","19":"tablet-align-left","20":"mobile-align-left","22":"first","23":"instock","24":"shipping-taxable","25":"purchasable","26":"product-type-variable","27":"has-default-attributes"},"_links":{"self":[{"href":"https:\/\/ecostera.com\/dk\/wp-json\/wp\/v2\/product\/17242","targetHints":{"allow":["GET"]}}],"collection":[{"href":"https:\/\/ecostera.com\/dk\/wp-json\/wp\/v2\/product"}],"about":[{"href":"https:\/\/ecostera.com\/dk\/wp-json\/wp\/v2\/types\/product"}],"replies":[{"embeddable":true,"href":"https:\/\/ecostera.com\/dk\/wp-json\/wp\/v2\/comments?post=17242"}],"wp:featuredmedia":[{"embeddable":true,"href":"https:\/\/ecostera.com\/dk\/wp-json\/wp\/v2\/media\/17238"}],"wp:attachment":[{"href":"https:\/\/ecostera.com\/dk\/wp-json\/wp\/v2\/media?parent=17242"}],"wp:term":[{"taxonomy":"product_brand","embeddable":true,"href":"https:\/\/ecostera.com\/dk\/wp-json\/wp\/v2\/product_brand?post=17242"},{"taxonomy":"product_cat","embeddable":true,"href":"https:\/\/ecostera.com\/dk\/wp-json\/wp\/v2\/product_cat?post=17242"},{"taxonomy":"product_tag","embeddable":true,"href":"https:\/\/ecostera.com\/dk\/wp-json\/wp\/v2\/product_tag?post=17242"}],"curies":[{"name":"wp","href":"https:\/\/api.w.org\/{rel}","templated":true}]}}