{"id":17299,"date":"2025-09-15T17:31:11","date_gmt":"2025-09-15T14:31:11","guid":{"rendered":"https:\/\/ecostera.com\/dk\/product\/saet-til-fjernelse-af-noegler\/"},"modified":"2025-09-15T17:31:11","modified_gmt":"2025-09-15T14:31:11","slug":"saet-til-fjernelse-af-noegler","status":"publish","type":"product","link":"https:\/\/ecostera.com\/dk\/product\/saet-til-fjernelse-af-noegler\/","title":{"rendered":"S\u00e6t til fjernelse af n\u00f8gler"},"content":{"rendered":"<p style=\"text-align: center\" data-start=\"97\" data-end=\"156\"><strong>\ud83d\udd11 Sidder N\u00f8glen Fast I L\u00e5sen? Dette V\u00e6rkt\u00f8j F\u00e5r Den Ud P\u00e5 F\u00e5 Sekunder!<\/strong><\/p>\n<p style=\"text-align: center\" data-start=\"158\" data-end=\"282\">S\u00e6ttet til fjernelse af kn\u00e6kkede n\u00f8gler hj\u00e6lper dig med sikkert og nemt at fjerne kn\u00e6kkede eller fastklemte n\u00f8gler fra enhver l\u00e5s &#8211; uden brug af l\u00e5sesmed!<\/p>\n<p data-start=\"158\" data-end=\"282\"><img decoding=\"async\" class=\"size-full wp-image-26341 aligncenter\" src=\"https:\/\/keluvo.com\/template\/wp-content\/uploads\/sites\/5\/2025\/07\/ae3194848b7be8f1a792fa5ca47e7f51.jpg\" alt=\"\" \/><\/p>\n<h2 style=\"text-align: center\" data-start=\"284\" data-end=\"305\"><strong>\ud83e\uddf0 Vigtigste Fordele<\/strong><\/h2>\n<p data-start=\"308\" data-end=\"362\">\ud83d\udd13 Fjerner 95 % af kn\u00e6kkede n\u00f8gler fra l\u00e5se og cylindre<\/p>\n<p data-start=\"365\" data-end=\"406\">\ud83d\udcaa Holdbare st\u00e5lspidser b\u00f8jes ikke eller break<\/p>\n<p data-start=\"409\" data-end=\"457\">\ud83d\udd90\ufe0f Komfortabelt ergonomisk greb for nem h\u00e5ndtering<\/p>\n<p data-start=\"460\" data-end=\"507\">\ud83e\uddff Fungerer p\u00e5 d\u00f8re, skabe, h\u00e6ngel\u00e5se og meget mere<\/p>\n<p data-start=\"510\" data-end=\"559\">\ud83d\udce6 Leveres i et komplet s\u00e6t med 12 dele til alle n\u00f8gler types<\/p>\n<p data-start=\"510\" data-end=\"559\"><img decoding=\"async\" class=\"size-full wp-image-26340 aligncenter\" src=\"https:\/\/keluvo.com\/template\/wp-content\/uploads\/sites\/5\/2025\/07\/9104e8de3656dc62a895ba248f9def97-1.jpg\" alt=\"\" \/><\/p>\n<h2 style=\"text-align: center\" data-start=\"561\" data-end=\"580\"><strong>\ud83d\udee0\ufe0f S\u00e5dan Bruges<\/strong><\/h2>\n<ol data-start=\"581\" data-end=\"718\">\n<li data-start=\"581\" data-end=\"626\">\n<p data-start=\"584\" data-end=\"626\">V\u00e6lg den rigtige krogform til din l\u00e5s.<\/p>\n<\/li>\n<li data-start=\"627\" data-end=\"681\">\n<p data-start=\"630\" data-end=\"681\">S\u00e6t den ind i n\u00f8glehullet, og h\u00e6gt den kn\u00e6kkede n\u00f8gle af.<\/p>\n<\/li>\n<li data-start=\"682\" data-end=\"718\">\n<p data-start=\"685\" data-end=\"718\">Tr\u00e6k forsigtigt det kn\u00e6kkede stykke ud.<\/p>\n<\/li>\n<\/ol>\n<h2 style=\"text-align: center\" data-start=\"720\" data-end=\"743\"><strong>\ud83d\udcd0 Produktdetaljer<\/strong><\/h2>\n<ul data-start=\"744\" data-end=\"902\">\n<li data-start=\"744\" data-end=\"788\">\n<p data-start=\"746\" data-end=\"788\">Indeholder 12 forskellige pr\u00e6cisionskrogv\u00e6rkt\u00f8jer<\/p>\n<\/li>\n<li data-start=\"789\" data-end=\"825\">\n<p data-start=\"791\" data-end=\"825\">Lavet af jernlegering med h\u00f8j styrke<\/p>\n<\/li>\n<li data-start=\"826\" data-end=\"863\">\n<p data-start=\"828\" data-end=\"863\">Skridsikre h\u00e5ndtag for bedre kontrol<\/p>\n<\/li>\n<li data-start=\"864\" data-end=\"902\">\n<p data-start=\"866\" data-end=\"902\">Kompakt og b\u00e6rbar til n\u00f8dsituationer<\/p>\n<\/li>\n<\/ul>\n<h2 style=\"text-align: center\" data-start=\"904\" data-end=\"928\"><strong>\ud83d\udce6 Pakken Indeholder<\/strong><\/h2>\n<ul data-start=\"929\" data-end=\"975\">\n<li data-start=\"929\" data-end=\"975\">\n<p data-start=\"931\" data-end=\"975\">1x n\u00f8glefjernelsess\u00e6t.<\/p>\n<\/li>\n<\/ul>\n","protected":false},"excerpt":{"rendered":"<p>\ud83d\udd11 Sidder N\u00f8glen Fast I L\u00e5sen? Dette V\u00e6rkt\u00f8j F\u00e5r Den Ud P\u00e5 F\u00e5 Sekunder! S\u00e6ttet til fjernelse af kn\u00e6kkede n\u00f8gler [&hellip;]<\/p>\n","protected":false},"featured_media":17295,"comment_status":"open","ping_status":"closed","template":"","meta":{"site-sidebar-layout":"default","site-content-layout":"","ast-site-content-layout":"default","site-content-style":"default","site-sidebar-style":"default","ast-global-header-display":"","ast-banner-title-visibility":"","ast-main-header-display":"","ast-hfb-above-header-display":"","ast-hfb-below-header-display":"","ast-hfb-mobile-header-display":"","site-post-title":"","ast-breadcrumbs-content":"","ast-featured-img":"","footer-sml-layout":"","theme-transparent-header-meta":"default","adv-header-id-meta":"","stick-header-meta":"","header-above-stick-meta":"","header-main-stick-meta":"","header-below-stick-meta":"","astra-migrate-meta-layouts":"set","ast-page-background-enabled":"default","ast-page-background-meta":{"desktop":{"background-color":"var(--ast-global-color-5)","background-image":"","background-repeat":"repeat","background-position":"center center","background-size":"auto","background-attachment":"scroll","background-type":"","background-media":"","overlay-type":"","overlay-color":"","overlay-opacity":"","overlay-gradient":""},"tablet":{"background-color":"","background-image":"","background-repeat":"repeat","background-position":"center center","background-size":"auto","background-attachment":"scroll","background-type":"","background-media":"","overlay-type":"","overlay-color":"","overlay-opacity":"","overlay-gradient":""},"mobile":{"background-color":"","background-image":"","background-repeat":"repeat","background-position":"center center","background-size":"auto","background-attachment":"scroll","background-type":"","background-media":"","overlay-type":"","overlay-color":"","overlay-opacity":"","overlay-gradient":""}},"ast-content-background-meta":{"desktop":{"background-color":"var(--ast-global-color-4)","background-image":"","background-repeat":"repeat","background-position":"center center","background-size":"auto","background-attachment":"scroll","background-type":"","background-media":"","overlay-type":"","overlay-color":"","overlay-opacity":"","overlay-gradient":""},"tablet":{"background-color":"var(--ast-global-color-4)","background-image":"","background-repeat":"repeat","background-position":"center center","background-size":"auto","background-attachment":"scroll","background-type":"","background-media":"","overlay-type":"","overlay-color":"","overlay-opacity":"","overlay-gradient":""},"mobile":{"background-color":"var(--ast-global-color-4)","background-image":"","background-repeat":"repeat","background-position":"center center","background-size":"auto","background-attachment":"scroll","background-type":"","background-media":"","overlay-type":"","overlay-color":"","overlay-opacity":"","overlay-gradient":""}}},"product_brand":[],"product_cat":[19],"product_tag":[],"class_list":{"0":"post-17299","1":"product","2":"type-product","3":"status-publish","4":"has-post-thumbnail","6":"product_cat-uncategorized","7":"desktop-align-left","8":"tablet-align-left","9":"mobile-align-left","11":"first","12":"instock","13":"shipping-taxable","14":"purchasable","15":"product-type-simple"},"_links":{"self":[{"href":"https:\/\/ecostera.com\/dk\/wp-json\/wp\/v2\/product\/17299","targetHints":{"allow":["GET"]}}],"collection":[{"href":"https:\/\/ecostera.com\/dk\/wp-json\/wp\/v2\/product"}],"about":[{"href":"https:\/\/ecostera.com\/dk\/wp-json\/wp\/v2\/types\/product"}],"replies":[{"embeddable":true,"href":"https:\/\/ecostera.com\/dk\/wp-json\/wp\/v2\/comments?post=17299"}],"wp:featuredmedia":[{"embeddable":true,"href":"https:\/\/ecostera.com\/dk\/wp-json\/wp\/v2\/media\/17295"}],"wp:attachment":[{"href":"https:\/\/ecostera.com\/dk\/wp-json\/wp\/v2\/media?parent=17299"}],"wp:term":[{"taxonomy":"product_brand","embeddable":true,"href":"https:\/\/ecostera.com\/dk\/wp-json\/wp\/v2\/product_brand?post=17299"},{"taxonomy":"product_cat","embeddable":true,"href":"https:\/\/ecostera.com\/dk\/wp-json\/wp\/v2\/product_cat?post=17299"},{"taxonomy":"product_tag","embeddable":true,"href":"https:\/\/ecostera.com\/dk\/wp-json\/wp\/v2\/product_tag?post=17299"}],"curies":[{"name":"wp","href":"https:\/\/api.w.org\/{rel}","templated":true}]}}