{"id":17308,"date":"2025-09-15T17:32:45","date_gmt":"2025-09-15T14:32:45","guid":{"rendered":"https:\/\/ecostera.com\/dk\/product\/hovedtelefoner-2\/"},"modified":"2025-11-11T11:38:53","modified_gmt":"2025-11-11T09:38:53","slug":"hovedtelefoner-2","status":"publish","type":"product","link":"https:\/\/ecostera.com\/dk\/product\/hovedtelefoner-2\/","title":{"rendered":"Hovedtelefoner"},"content":{"rendered":"<p style=\"text-align: center\" data-start=\"111\" data-end=\"192\"><strong>\ud83c\udfa7 En ny slags tr\u00e5dl\u00f8se hovedtelefoner &#8211; sikre, vandt\u00e6tte og skabt til bev\u00e6gelse!<\/strong><\/p>\n<p style=\"text-align: center\" data-start=\"194\" data-end=\"383\">Disse hovedtelefoner er designet til en aktiv livsstil og sidder godt fast, mens de leverer krystalklar lyd, dyb bas og langvarig komfort &#8211; ingen glidning, ingen ledninger, ingen begr\u00e6nsninger.<\/p>\n<p data-start=\"194\" data-end=\"383\"><img decoding=\"async\" class=\"size-full wp-image-26405 aligncenter\" src=\"https:\/\/keluvo.com\/template\/wp-content\/uploads\/sites\/5\/2025\/07\/cfdc9332d07fd6a83da8c0e98a71182d0639347a.webp\" alt=\"\" \/><\/p>\n<h2 style=\"text-align: center\" data-start=\"385\" data-end=\"406\"><strong>\ud83d\udd25 Hovedfordele<\/strong><\/h2>\n<p data-start=\"409\" data-end=\"468\">\ud83d\udc42 Smid rundt \u00f8rekrogdesign forbliver sikkert under tr\u00e6ning<\/p>\n<p data-start=\"471\" data-end=\"539\">\ud83d\udca6 Vandt\u00e6t og svedafvisende &#8211; perfekt til regn eller tr\u00e6ningssessioner<\/p>\n<p data-start=\"542\" data-end=\"589\">\ud83d\udd0b Lang batterilevetid med op til 18 timers brug<\/p>\n<p data-start=\"592\" data-end=\"640\">\ud83c\udfb5 HD-lyd med st\u00e6rk bas og st\u00f8j isolation<\/p>\n<p data-start=\"643\" data-end=\"698\">\u261d\ufe0f Nem kontrol med \u00e9n finger til opkald, musik og lydstyrke<\/p>\n<p data-start=\"643\" data-end=\"698\"><img decoding=\"async\" class=\"size-full wp-image-26404 aligncenter\" src=\"https:\/\/keluvo.com\/template\/wp-content\/uploads\/sites\/5\/2025\/07\/dc35c943bf496d2f84d21fc1f95255ef71a62f9b100ba0c1d1df2552c3900890_480x480.webp\" alt=\"\" \/><\/p>\n<h2 style=\"text-align: center\" data-start=\"700\" data-end=\"718\"><strong>\ud83c\udfa7 S\u00e5dan bruges<\/strong><\/h2>\n<ol data-start=\"719\" data-end=\"862\">\n<li data-start=\"719\" data-end=\"767\">\n<p data-start=\"722\" data-end=\"767\">Par via Bluetooth med din telefon eller enhed.<\/p>\n<\/li>\n<li data-start=\"768\" data-end=\"814\">\n<p data-start=\"771\" data-end=\"814\">S\u00e6t dem over \u00f8rerne, og juster dem, s\u00e5 de er behagelige at have p\u00e5.<\/p>\n<\/li>\n<li data-start=\"815\" data-end=\"862\">\n<p data-start=\"818\" data-end=\"862\">Styr musik og opkald med et enkelt tryk.<\/p>\n<\/li>\n<\/ol>\n<h2 style=\"text-align: center\" data-start=\"864\" data-end=\"887\"><strong>\ud83d\udcd0 Produktdetaljer<\/strong><\/h2>\n<ul data-start=\"888\" data-end=\"993\">\n<li data-start=\"888\" data-end=\"912\">\n<p data-start=\"890\" data-end=\"912\">Bluetooth-version: 5.1<\/p>\n<\/li>\n<li data-start=\"913\" data-end=\"936\">\n<p data-start=\"915\" data-end=\"936\">Spiltid: 15-18 timer<\/p>\n<\/li>\n<li data-start=\"937\" data-end=\"962\">\n<p data-start=\"939\" data-end=\"962\">Vandt\u00e6t klassificering: IPX7<\/p>\n<\/li>\n<li data-start=\"963\" data-end=\"993\">\n<p data-start=\"965\" data-end=\"993\">Opladning: USB-C hurtigopladning<\/p>\n<\/li>\n<\/ul>\n<h2 style=\"text-align: center\" data-start=\"995\" data-end=\"1019\"><strong>\ud83d\udce6 Pakken indeholder<\/strong><\/h2>\n<ul data-start=\"1020\" data-end=\"1089\">\n<li data-start=\"1020\" data-end=\"1052\">\n<p data-start=\"1022\" data-end=\"1052\">1x par hovedtelefoner<\/p>\n<\/li>\n<li data-start=\"1053\" data-end=\"1072\">\n<p data-start=\"1055\" data-end=\"1072\">1x opladningskabel<\/p>\n<\/li>\n<li data-start=\"1073\" data-end=\"1089\">\n<p data-start=\"1075\" data-end=\"1089\">1x brugervejledning.<\/p>\n<\/li>\n<\/ul>\n","protected":false},"excerpt":{"rendered":"<p>\ud83c\udfa7 En ny slags tr\u00e5dl\u00f8se hovedtelefoner &#8211; sikre, vandt\u00e6tte og skabt til bev\u00e6gelse! Disse hovedtelefoner er designet til en aktiv [&hellip;]<\/p>\n","protected":false},"featured_media":17304,"comment_status":"open","ping_status":"closed","template":"","meta":{"site-sidebar-layout":"default","site-content-layout":"","ast-site-content-layout":"default","site-content-style":"default","site-sidebar-style":"default","ast-global-header-display":"","ast-banner-title-visibility":"","ast-main-header-display":"","ast-hfb-above-header-display":"","ast-hfb-below-header-display":"","ast-hfb-mobile-header-display":"","site-post-title":"","ast-breadcrumbs-content":"","ast-featured-img":"","footer-sml-layout":"","theme-transparent-header-meta":"default","adv-header-id-meta":"","stick-header-meta":"","header-above-stick-meta":"","header-main-stick-meta":"","header-below-stick-meta":"","astra-migrate-meta-layouts":"set","ast-page-background-enabled":"default","ast-page-background-meta":{"desktop":{"background-color":"var(--ast-global-color-5)","background-image":"","background-repeat":"repeat","background-position":"center center","background-size":"auto","background-attachment":"scroll","background-type":"","background-media":"","overlay-type":"","overlay-color":"","overlay-opacity":"","overlay-gradient":""},"tablet":{"background-color":"","background-image":"","background-repeat":"repeat","background-position":"center center","background-size":"auto","background-attachment":"scroll","background-type":"","background-media":"","overlay-type":"","overlay-color":"","overlay-opacity":"","overlay-gradient":""},"mobile":{"background-color":"","background-image":"","background-repeat":"repeat","background-position":"center center","background-size":"auto","background-attachment":"scroll","background-type":"","background-media":"","overlay-type":"","overlay-color":"","overlay-opacity":"","overlay-gradient":""}},"ast-content-background-meta":{"desktop":{"background-color":"var(--ast-global-color-4)","background-image":"","background-repeat":"repeat","background-position":"center center","background-size":"auto","background-attachment":"scroll","background-type":"","background-media":"","overlay-type":"","overlay-color":"","overlay-opacity":"","overlay-gradient":""},"tablet":{"background-color":"var(--ast-global-color-4)","background-image":"","background-repeat":"repeat","background-position":"center center","background-size":"auto","background-attachment":"scroll","background-type":"","background-media":"","overlay-type":"","overlay-color":"","overlay-opacity":"","overlay-gradient":""},"mobile":{"background-color":"var(--ast-global-color-4)","background-image":"","background-repeat":"repeat","background-position":"center center","background-size":"auto","background-attachment":"scroll","background-type":"","background-media":"","overlay-type":"","overlay-color":"","overlay-opacity":"","overlay-gradient":""}}},"product_brand":[],"product_cat":[19],"product_tag":[],"class_list":{"0":"post-17308","1":"product","2":"type-product","3":"status-publish","4":"has-post-thumbnail","6":"product_cat-uncategorized","7":"pa_37282_ovckos0h-blaa","8":"pa_37282_ovckos0h-lyseroed","9":"pa_37282_ovckos0h-roed","10":"pa_37282_ovckos0h-sort","11":"desktop-align-left","12":"tablet-align-left","13":"mobile-align-left","15":"first","16":"instock","17":"shipping-taxable","18":"purchasable","19":"product-type-variable"},"_links":{"self":[{"href":"https:\/\/ecostera.com\/dk\/wp-json\/wp\/v2\/product\/17308","targetHints":{"allow":["GET"]}}],"collection":[{"href":"https:\/\/ecostera.com\/dk\/wp-json\/wp\/v2\/product"}],"about":[{"href":"https:\/\/ecostera.com\/dk\/wp-json\/wp\/v2\/types\/product"}],"replies":[{"embeddable":true,"href":"https:\/\/ecostera.com\/dk\/wp-json\/wp\/v2\/comments?post=17308"}],"wp:featuredmedia":[{"embeddable":true,"href":"https:\/\/ecostera.com\/dk\/wp-json\/wp\/v2\/media\/17304"}],"wp:attachment":[{"href":"https:\/\/ecostera.com\/dk\/wp-json\/wp\/v2\/media?parent=17308"}],"wp:term":[{"taxonomy":"product_brand","embeddable":true,"href":"https:\/\/ecostera.com\/dk\/wp-json\/wp\/v2\/product_brand?post=17308"},{"taxonomy":"product_cat","embeddable":true,"href":"https:\/\/ecostera.com\/dk\/wp-json\/wp\/v2\/product_cat?post=17308"},{"taxonomy":"product_tag","embeddable":true,"href":"https:\/\/ecostera.com\/dk\/wp-json\/wp\/v2\/product_tag?post=17308"}],"curies":[{"name":"wp","href":"https:\/\/api.w.org\/{rel}","templated":true}]}}