{"id":17325,"date":"2025-09-15T17:34:15","date_gmt":"2025-09-15T14:34:15","guid":{"rendered":"https:\/\/ecostera.com\/dk\/product\/vandrenser\/"},"modified":"2025-09-22T18:37:37","modified_gmt":"2025-09-22T15:37:37","slug":"vandrenser","status":"publish","type":"product","link":"https:\/\/ecostera.com\/dk\/product\/vandrenser\/","title":{"rendered":"Vandrenser"},"content":{"rendered":"<p style=\"text-align: center\" data-start=\"111\" data-end=\"167\"><strong>\ud83d\udca7 Hold din dam eller dit akvarium krystalklart &#8211; naturligt!<\/strong><\/p>\n<p style=\"text-align: center\" data-start=\"169\" data-end=\"334\">Dette naturlige vandrensemiddel fjerner alger, lugt og u\u00f8nskede bakterier, mens det holder dine fisk og dit vandliv sikkert og sundt. Bare smid det i, og lad det virke!<\/p>\n<p data-start=\"169\" data-end=\"334\"><img decoding=\"async\" class=\"size-full wp-image-26423 aligncenter\" src=\"https:\/\/keluvo.com\/template\/wp-content\/uploads\/sites\/5\/2025\/07\/07028-ezgif.com-video-to-webp-converter.webp\" alt=\"\" \/><\/p>\n<h2 style=\"text-align: center\" data-start=\"336\" data-end=\"357\"><strong>\ud83c\udf3f Vigtigste Fordele<\/strong><\/h2>\n<p data-start=\"360\" data-end=\"413\">\ud83e\uddfc Fjerner hurtigt gr\u00f8nne, bl\u00e5gr\u00f8nne og brune alger<\/p>\n<p data-start=\"416\" data-end=\"458\">\ud83d\udc1f Sikkert for fisk, k\u00e6ledyr og vanddyr plants<\/p>\n<p data-start=\"461\" data-end=\"495\">\u267b\ufe0f Milj\u00f8venlig, giftfri formel<\/p>\n<p data-start=\"498\" data-end=\"544\">\ud83c\udf0a Fungerer i damme, tanke, s\u00f8er og springvand<\/p>\n<p data-start=\"547\" data-end=\"594\">\ud83d\udd52 Langvarig effekt med reduceret vedligeholdelse<\/p>\n<p data-start=\"547\" data-end=\"594\"><img decoding=\"async\" class=\"size-full wp-image-26419 aligncenter\" src=\"https:\/\/keluvo.com\/template\/wp-content\/uploads\/sites\/5\/2025\/07\/c45ac466-5281-402e-9fce-896bf7327634.jpg\" alt=\"\" \/><\/p>\n<h2 style=\"text-align: center\" data-start=\"596\" data-end=\"614\"><strong>\ud83e\uddea S\u00e5dan Bruges<\/strong><\/h2>\n<ol data-start=\"615\" data-end=\"766\">\n<li data-start=\"615\" data-end=\"673\">\n<p data-start=\"618\" data-end=\"673\">Drop 2 skeer pulver pr. 100 liter vand (eller 1 til forebyggelse).<\/p>\n<\/li>\n<li data-start=\"674\" data-end=\"721\">\n<p data-start=\"677\" data-end=\"721\">Vent, mens det opl\u00f8ses og renser vandet.<\/p>\n<\/li>\n<li data-start=\"722\" data-end=\"766\">\n<p data-start=\"725\" data-end=\"766\">Nyd klart, lugtfrit vand inden for f\u00e5 dage!<\/p>\n<\/li>\n<\/ol>\n<h2 style=\"text-align: center\" data-start=\"768\" data-end=\"791\"><strong>\ud83d\udcd0 Produktdetaljer<\/strong><\/h2>\n<ul data-start=\"792\" data-end=\"941\">\n<li data-start=\"882\" data-end=\"941\">\n<p data-start=\"884\" data-end=\"941\">Anvendelse: Damme, s\u00f8er, akvarier, springvand og meget mere<\/p>\n<\/li>\n<\/ul>\n<h2 style=\"text-align: center\" data-start=\"943\" data-end=\"967\"><strong>\ud83d\udce6 Pakken Indeholder<\/strong><\/h2>\n<ul data-start=\"968\" data-end=\"1017\">\n<li data-start=\"968\" data-end=\"1017\">\n<p data-start=\"970\" data-end=\"1017\">1, 2, 4x vandrenser.<\/p>\n<\/li>\n<\/ul>\n","protected":false},"excerpt":{"rendered":"<p>\ud83d\udca7 Hold din dam eller dit akvarium krystalklart &#8211; naturligt! Dette naturlige vandrensemiddel fjerner alger, lugt og u\u00f8nskede bakterier, mens [&hellip;]<\/p>\n","protected":false},"featured_media":17321,"comment_status":"open","ping_status":"closed","template":"","meta":{"site-sidebar-layout":"default","site-content-layout":"","ast-site-content-layout":"default","site-content-style":"default","site-sidebar-style":"default","ast-global-header-display":"","ast-banner-title-visibility":"","ast-main-header-display":"","ast-hfb-above-header-display":"","ast-hfb-below-header-display":"","ast-hfb-mobile-header-display":"","site-post-title":"","ast-breadcrumbs-content":"","ast-featured-img":"","footer-sml-layout":"","theme-transparent-header-meta":"default","adv-header-id-meta":"","stick-header-meta":"","header-above-stick-meta":"","header-main-stick-meta":"","header-below-stick-meta":"","astra-migrate-meta-layouts":"set","ast-page-background-enabled":"default","ast-page-background-meta":{"desktop":{"background-color":"var(--ast-global-color-5)","background-image":"","background-repeat":"repeat","background-position":"center center","background-size":"auto","background-attachment":"scroll","background-type":"","background-media":"","overlay-type":"","overlay-color":"","overlay-opacity":"","overlay-gradient":""},"tablet":{"background-color":"","background-image":"","background-repeat":"repeat","background-position":"center center","background-size":"auto","background-attachment":"scroll","background-type":"","background-media":"","overlay-type":"","overlay-color":"","overlay-opacity":"","overlay-gradient":""},"mobile":{"background-color":"","background-image":"","background-repeat":"repeat","background-position":"center center","background-size":"auto","background-attachment":"scroll","background-type":"","background-media":"","overlay-type":"","overlay-color":"","overlay-opacity":"","overlay-gradient":""}},"ast-content-background-meta":{"desktop":{"background-color":"var(--ast-global-color-4)","background-image":"","background-repeat":"repeat","background-position":"center center","background-size":"auto","background-attachment":"scroll","background-type":"","background-media":"","overlay-type":"","overlay-color":"","overlay-opacity":"","overlay-gradient":""},"tablet":{"background-color":"var(--ast-global-color-4)","background-image":"","background-repeat":"repeat","background-position":"center center","background-size":"auto","background-attachment":"scroll","background-type":"","background-media":"","overlay-type":"","overlay-color":"","overlay-opacity":"","overlay-gradient":""},"mobile":{"background-color":"var(--ast-global-color-4)","background-image":"","background-repeat":"repeat","background-position":"center center","background-size":"auto","background-attachment":"scroll","background-type":"","background-media":"","overlay-type":"","overlay-color":"","overlay-opacity":"","overlay-gradient":""}}},"product_brand":[],"product_cat":[19],"product_tag":[],"class_list":{"0":"post-17325","1":"product","2":"type-product","3":"status-publish","4":"has-post-thumbnail","6":"product_cat-uncategorized","7":"pa_45019_t1w3b56a-1-stk","8":"pa_45019_t1w3b56a-2-stk","9":"pa_45019_t1w3b56a-4-stk","10":"desktop-align-left","11":"tablet-align-left","12":"mobile-align-left","14":"first","15":"instock","16":"shipping-taxable","17":"purchasable","18":"product-type-variable"},"_links":{"self":[{"href":"https:\/\/ecostera.com\/dk\/wp-json\/wp\/v2\/product\/17325","targetHints":{"allow":["GET"]}}],"collection":[{"href":"https:\/\/ecostera.com\/dk\/wp-json\/wp\/v2\/product"}],"about":[{"href":"https:\/\/ecostera.com\/dk\/wp-json\/wp\/v2\/types\/product"}],"replies":[{"embeddable":true,"href":"https:\/\/ecostera.com\/dk\/wp-json\/wp\/v2\/comments?post=17325"}],"wp:featuredmedia":[{"embeddable":true,"href":"https:\/\/ecostera.com\/dk\/wp-json\/wp\/v2\/media\/17321"}],"wp:attachment":[{"href":"https:\/\/ecostera.com\/dk\/wp-json\/wp\/v2\/media?parent=17325"}],"wp:term":[{"taxonomy":"product_brand","embeddable":true,"href":"https:\/\/ecostera.com\/dk\/wp-json\/wp\/v2\/product_brand?post=17325"},{"taxonomy":"product_cat","embeddable":true,"href":"https:\/\/ecostera.com\/dk\/wp-json\/wp\/v2\/product_cat?post=17325"},{"taxonomy":"product_tag","embeddable":true,"href":"https:\/\/ecostera.com\/dk\/wp-json\/wp\/v2\/product_tag?post=17325"}],"curies":[{"name":"wp","href":"https:\/\/api.w.org\/{rel}","templated":true}]}}