{"id":17370,"date":"2025-09-15T17:39:44","date_gmt":"2025-09-15T14:39:44","guid":{"rendered":"https:\/\/ecostera.com\/dk\/product\/eksfolierende-puder\/"},"modified":"2025-09-15T17:39:59","modified_gmt":"2025-09-15T14:39:59","slug":"eksfolierende-puder","status":"publish","type":"product","link":"https:\/\/ecostera.com\/dk\/product\/eksfolierende-puder\/","title":{"rendered":"Eksfolierende puder"},"content":{"rendered":"<p style=\"text-align: center\" data-start=\"0\" data-end=\"87\"><strong data-start=\"0\" data-end=\"87\">\ud83e\uddd6\u200d\u2640\ufe0fReveal Glattere og mere str\u00e5lende hud p\u00e5 f\u00e5 sekunder med disse eksfolierende pads med kojic!<\/strong><\/p>\n<p style=\"text-align: center\" data-start=\"89\" data-end=\"411\">Disse blide, men kraftfulde eksfolierende pads er fyldt med antioxidantrig kojic, der renser, udglatter og opfrisker din hud uden at svine. De er designet til daglig brug og fjerner d\u00f8de hudceller og urenheder, samtidig med at de hj\u00e6lper med at afbalancere olie og forbedre hudens struktur &#8211; perfekt til alle, der \u00f8nsker en klarere og mere str\u00e5lende teint.<\/p>\n<p data-start=\"89\" data-end=\"411\"><img decoding=\"async\" class=\"size-full wp-image-26739 aligncenter\" src=\"https:\/\/keluvo.com\/template\/wp-content\/uploads\/sites\/5\/2025\/07\/71KhTXw7h5L._AC_SX679_-1.jpg\" alt=\"\" \/><\/p>\n<h2 style=\"text-align: center\" data-start=\"418\" data-end=\"440\">\ud83c\udf1f Vigtigste Fordele<\/h2>\n<p data-start=\"443\" data-end=\"497\">\ud83e\uddfc <strong data-start=\"446\" data-end=\"465\">Dobbeltsidede Pads<\/strong> eksfolierer og renser p\u00e5 \u00e9n gang<\/p>\n<p data-start=\"500\" data-end=\"556\">\ud83c\udf3f <strong data-start=\"503\" data-end=\"525\">Tilsat Kojic<\/strong> for at lysne og berolige<\/p>\n<p data-start=\"559\" data-end=\"609\">\u2728 <strong data-start=\"561\" data-end=\"586\">Forbedrer Hudens Struktur<\/strong> og reducerer fedtethed<\/p>\n<p data-start=\"612\" data-end=\"665\">\ud83d\udeab <strong data-start=\"615\" data-end=\"637\">Ingen Skrappe Kemikalier<\/strong> \u2013 sikker for alle hudtyper<\/p>\n<p data-start=\"668\" data-end=\"728\">\ud83e\uddd6 <strong data-start=\"671\" data-end=\"697\">Rodfri &amp; Praktisk<\/strong> \u2013 bare tag fat, stryg og gl\u00f8d<\/p>\n<p data-start=\"731\" data-end=\"779\">\ud83e\uddea <strong data-start=\"734\" data-end=\"758\">Dermatologisk Testet<\/strong> til daglig sikker brug<\/p>\n<p data-start=\"731\" data-end=\"779\"><img decoding=\"async\" class=\"size-full wp-image-26742 aligncenter\" src=\"https:\/\/keluvo.com\/template\/wp-content\/uploads\/sites\/5\/2025\/07\/d36e9eee-c69e-45e6-8320-df4a79ce5d74.417eee4d267f2f784e5c6665a5b6533e.webp\" alt=\"\" \/><\/p>\n<h2 style=\"text-align: center\">\ud83e\udded S\u00e5dan Bruges<\/h2>\n<ol data-start=\"806\" data-end=\"1104\">\n<li data-start=\"806\" data-end=\"843\">\n<p data-start=\"809\" data-end=\"843\">Tag en pad ud af beholderen.<\/p>\n<\/li>\n<li data-start=\"844\" data-end=\"923\">\n<p data-start=\"847\" data-end=\"923\">Brug mikrofibersiden til forsigtigt at eksfoliere dit ansigt i cirkul\u00e6re bev\u00e6gelser.<\/p>\n<\/li>\n<li data-start=\"924\" data-end=\"984\">\n<p data-start=\"927\" data-end=\"984\">Vend til den glatte side for at t\u00f8rre resterende rester v\u00e6k.<\/p>\n<\/li>\n<li data-start=\"985\" data-end=\"1048\">\n<p data-start=\"988\" data-end=\"1048\">Skyl ikke &#8211; lad huden absorbere den resterende essens.<\/p>\n<\/li>\n<li data-start=\"1049\" data-end=\"1104\">\n<p data-start=\"1052\" data-end=\"1104\">F\u00f8lg op med din yndlingsfugtighedscreme eller serum.<\/p>\n<\/li>\n<\/ol>\n<h2 style=\"text-align: center\" data-start=\"1111\" data-end=\"1135\">\ud83d\udccf Produktdetaljer<\/h2>\n<ul data-start=\"1136\" data-end=\"1399\">\n<li data-start=\"1136\" data-end=\"1203\">\n<p data-start=\"1138\" data-end=\"1203\">Hudvenlig: Velegnet til alle hudtyper, ogs\u00e5 f\u00f8lsom<\/p>\n<\/li>\n<li data-start=\"1204\" data-end=\"1268\">\n<p data-start=\"1206\" data-end=\"1268\">Textur: Dobbeltsidet pad (eksfolierende mikrofiber + bl\u00f8d side)<\/p>\n<\/li>\n<li data-start=\"1269\" data-end=\"1324\">\n<p data-start=\"1271\" data-end=\"1324\">N\u00f8gleingrediens: Kojic til lysning og afbalancering<\/p>\n<\/li>\n<li data-start=\"1325\" data-end=\"1346\">\n<p data-start=\"1327\" data-end=\"1346\">M\u00e6ngde: I en pakke med 40 pads<\/p>\n<\/li>\n<li data-start=\"1347\" data-end=\"1399\">\n<p data-start=\"1349\" data-end=\"1399\">Anvendelse: Ideel til daglig eksfoliering og oliekontrol<\/p>\n<\/li>\n<\/ul>\n<h2 style=\"text-align: center\" data-start=\"1406\" data-end=\"1431\">\ud83d\udce6 Pakken Indeholder<\/h2>\n<ul data-start=\"1432\" data-end=\"1467\">\n<li data-start=\"1432\" data-end=\"1467\">\n<p data-start=\"1434\" data-end=\"1467\">1, 2, 3x pakke(r) med eksfolierende pads.<\/p>\n<\/li>\n<\/ul>\n","protected":false},"excerpt":{"rendered":"<p>\ud83e\uddd6\u200d\u2640\ufe0fReveal Glattere og mere str\u00e5lende hud p\u00e5 f\u00e5 sekunder med disse eksfolierende pads med kojic! Disse blide, men kraftfulde eksfolierende [&hellip;]<\/p>\n","protected":false},"featured_media":17366,"comment_status":"open","ping_status":"closed","template":"","meta":{"site-sidebar-layout":"default","site-content-layout":"","ast-site-content-layout":"default","site-content-style":"default","site-sidebar-style":"default","ast-global-header-display":"","ast-banner-title-visibility":"","ast-main-header-display":"","ast-hfb-above-header-display":"","ast-hfb-below-header-display":"","ast-hfb-mobile-header-display":"","site-post-title":"","ast-breadcrumbs-content":"","ast-featured-img":"","footer-sml-layout":"","theme-transparent-header-meta":"default","adv-header-id-meta":"","stick-header-meta":"","header-above-stick-meta":"","header-main-stick-meta":"","header-below-stick-meta":"","astra-migrate-meta-layouts":"set","ast-page-background-enabled":"default","ast-page-background-meta":{"desktop":{"background-color":"var(--ast-global-color-5)","background-image":"","background-repeat":"repeat","background-position":"center center","background-size":"auto","background-attachment":"scroll","background-type":"","background-media":"","overlay-type":"","overlay-color":"","overlay-opacity":"","overlay-gradient":""},"tablet":{"background-color":"","background-image":"","background-repeat":"repeat","background-position":"center center","background-size":"auto","background-attachment":"scroll","background-type":"","background-media":"","overlay-type":"","overlay-color":"","overlay-opacity":"","overlay-gradient":""},"mobile":{"background-color":"","background-image":"","background-repeat":"repeat","background-position":"center center","background-size":"auto","background-attachment":"scroll","background-type":"","background-media":"","overlay-type":"","overlay-color":"","overlay-opacity":"","overlay-gradient":""}},"ast-content-background-meta":{"desktop":{"background-color":"var(--ast-global-color-4)","background-image":"","background-repeat":"repeat","background-position":"center center","background-size":"auto","background-attachment":"scroll","background-type":"","background-media":"","overlay-type":"","overlay-color":"","overlay-opacity":"","overlay-gradient":""},"tablet":{"background-color":"var(--ast-global-color-4)","background-image":"","background-repeat":"repeat","background-position":"center center","background-size":"auto","background-attachment":"scroll","background-type":"","background-media":"","overlay-type":"","overlay-color":"","overlay-opacity":"","overlay-gradient":""},"mobile":{"background-color":"var(--ast-global-color-4)","background-image":"","background-repeat":"repeat","background-position":"center center","background-size":"auto","background-attachment":"scroll","background-type":"","background-media":"","overlay-type":"","overlay-color":"","overlay-opacity":"","overlay-gradient":""}}},"product_brand":[],"product_cat":[19],"product_tag":[],"class_list":{"0":"post-17370","1":"product","2":"type-product","3":"status-publish","4":"has-post-thumbnail","6":"product_cat-uncategorized","7":"pa_37418_9j1w5hhl-1-pakke","8":"pa_37418_9j1w5hhl-2-pakker","9":"pa_37418_9j1w5hhl-3-pakker","10":"desktop-align-left","11":"tablet-align-left","12":"mobile-align-left","14":"first","15":"instock","16":"shipping-taxable","17":"purchasable","18":"product-type-variable"},"_links":{"self":[{"href":"https:\/\/ecostera.com\/dk\/wp-json\/wp\/v2\/product\/17370","targetHints":{"allow":["GET"]}}],"collection":[{"href":"https:\/\/ecostera.com\/dk\/wp-json\/wp\/v2\/product"}],"about":[{"href":"https:\/\/ecostera.com\/dk\/wp-json\/wp\/v2\/types\/product"}],"replies":[{"embeddable":true,"href":"https:\/\/ecostera.com\/dk\/wp-json\/wp\/v2\/comments?post=17370"}],"wp:featuredmedia":[{"embeddable":true,"href":"https:\/\/ecostera.com\/dk\/wp-json\/wp\/v2\/media\/17366"}],"wp:attachment":[{"href":"https:\/\/ecostera.com\/dk\/wp-json\/wp\/v2\/media?parent=17370"}],"wp:term":[{"taxonomy":"product_brand","embeddable":true,"href":"https:\/\/ecostera.com\/dk\/wp-json\/wp\/v2\/product_brand?post=17370"},{"taxonomy":"product_cat","embeddable":true,"href":"https:\/\/ecostera.com\/dk\/wp-json\/wp\/v2\/product_cat?post=17370"},{"taxonomy":"product_tag","embeddable":true,"href":"https:\/\/ecostera.com\/dk\/wp-json\/wp\/v2\/product_tag?post=17370"}],"curies":[{"name":"wp","href":"https:\/\/api.w.org\/{rel}","templated":true}]}}