{"id":17385,"date":"2025-09-15T17:41:05","date_gmt":"2025-09-15T14:41:05","guid":{"rendered":"https:\/\/ecostera.com\/dk\/product\/baelte-til-fedtreduktion\/"},"modified":"2025-09-22T18:25:01","modified_gmt":"2025-09-22T15:25:01","slug":"baelte-til-fedtreduktion","status":"publish","type":"product","link":"https:\/\/ecostera.com\/dk\/product\/baelte-til-fedtreduktion\/","title":{"rendered":"B\u00e6lte til fedtreduktion"},"content":{"rendered":"<p style=\"text-align: center\" data-start=\"91\" data-end=\"308\"><strong>\ud83d\udd25 Forbr\u00e6nd fedt og form din krop &#8211; mens du sidder i sofaen!<\/strong><\/p>\n<p style=\"text-align: center\" data-start=\"91\" data-end=\"308\">Fedtreduktionsb\u00e6ltet bruger smart muskelstimulering (EMS) til at hj\u00e6lpe med at reducere mavefedt, tone din kerne og definere dine mavemuskler uden intens tr\u00e6ning eller strenge di\u00e6ter. Brug det under dit t\u00f8j n\u00e5r som helst &#8211; p\u00e5 arbejde, mens du g\u00e5r eller slapper af derhjemme!<\/p>\n<p data-start=\"91\" data-end=\"308\"><img decoding=\"async\" class=\"size-full wp-image-26204 aligncenter\" src=\"https:\/\/keluvo.com\/template\/wp-content\/uploads\/sites\/5\/2025\/07\/07023-ezgif.com-video-to-webp-converter.webp\" alt=\"\" \/><\/p>\n<h2 style=\"text-align: center\" data-start=\"391\" data-end=\"412\"><strong>\u2728 Vigtigste Fordele<\/strong><\/h2>\n<p data-start=\"415\" data-end=\"476\">\ud83d\udcaa Toner mavemusklerne, reducerer mavefedt og definerer din talje<\/p>\n<p data-start=\"479\" data-end=\"531\">\ud83d\udd0b EMS-teknologi aktiverer musklerne uden anstrengelse<\/p>\n<p data-start=\"534\" data-end=\"582\">\ud83e\uddcd Slankt design til diskret brug under t\u00f8jet<\/p>\n<p data-start=\"585\" data-end=\"629\">\u23f1 Justerbar intensitet med 6 effekttrin levels<\/p>\n<p data-start=\"632\" data-end=\"677\">\ud83e\uddd8\u200d\u2642\ufe0f Perfekt til m\u00e6nd og kvinder &#8211; uden behov for et fitnesscenter<\/p>\n<p data-start=\"632\" data-end=\"677\"><img decoding=\"async\" class=\"size-full wp-image-26205 aligncenter\" src=\"https:\/\/keluvo.com\/template\/wp-content\/uploads\/sites\/5\/2025\/07\/573724ad-4591-49db-b9ab-16caa499d987.webp\" alt=\"\" \/><\/p>\n<h2 style=\"text-align: center\" data-start=\"679\" data-end=\"698\"><strong>\ud83d\udd27 S\u00e5dan Bruges<\/strong><\/h2>\n<ol data-start=\"699\" data-end=\"840\">\n<li data-start=\"699\" data-end=\"738\">\n<p data-start=\"702\" data-end=\"738\">Fastg\u00f8r b\u00e6ltet omkring din talje.<\/p>\n<\/li>\n<li data-start=\"739\" data-end=\"789\">\n<p data-start=\"742\" data-end=\"789\">V\u00e6lg din \u00f8nskede tilstand og intensitetsniveau.<\/p>\n<\/li>\n<li data-start=\"790\" data-end=\"840\">\n<p data-start=\"793\" data-end=\"840\">Slap af, mens fedtreduktionsb\u00e6ltet arbejder med dine muskler for dig!<\/p>\n<\/li>\n<\/ol>\n<h2 style=\"text-align: center\" data-start=\"842\" data-end=\"866\"><strong>\ud83d\udccf Produktdetaljer<\/strong><\/h2>\n<ul data-start=\"867\" data-end=\"1008\">\n<li data-start=\"924\" data-end=\"953\">\n<p data-start=\"926\" data-end=\"953\">B\u00e6ltest\u00f8rrelse: 19,5 x 18,5 cm<\/p>\n<\/li>\n<li data-start=\"954\" data-end=\"977\">\n<p data-start=\"956\" data-end=\"977\">Intensitetsniveauer: 6<\/p>\n<\/li>\n<li data-start=\"978\" data-end=\"1008\">\n<p data-start=\"980\" data-end=\"1008\">Opladning: USB genopladelig<\/p>\n<\/li>\n<\/ul>\n<h2 style=\"text-align: center\" data-start=\"1010\" data-end=\"1035\"><strong>\ud83d\udce6 Pakken Indeholder<\/strong><\/h2>\n<ul data-start=\"1036\" data-end=\"1110\">\n<li data-start=\"1036\" data-end=\"1069\">\n<p data-start=\"1038\" data-end=\"1069\">1x fedtreduktionsb\u00e6lte<\/p>\n<\/li>\n<li data-start=\"1070\" data-end=\"1091\">\n<p data-start=\"1072\" data-end=\"1091\">1x opladningskabel<\/p>\n<\/li>\n<li data-start=\"1092\" data-end=\"1110\">\n<p data-start=\"1094\" data-end=\"1110\">1x brugervejledning.<\/p>\n<\/li>\n<\/ul>\n","protected":false},"excerpt":{"rendered":"<p>\ud83d\udd25 Forbr\u00e6nd fedt og form din krop &#8211; mens du sidder i sofaen! Fedtreduktionsb\u00e6ltet bruger smart muskelstimulering (EMS) til at [&hellip;]<\/p>\n","protected":false},"featured_media":17381,"comment_status":"open","ping_status":"closed","template":"","meta":{"site-sidebar-layout":"default","site-content-layout":"","ast-site-content-layout":"default","site-content-style":"default","site-sidebar-style":"default","ast-global-header-display":"","ast-banner-title-visibility":"","ast-main-header-display":"","ast-hfb-above-header-display":"","ast-hfb-below-header-display":"","ast-hfb-mobile-header-display":"","site-post-title":"","ast-breadcrumbs-content":"","ast-featured-img":"","footer-sml-layout":"","theme-transparent-header-meta":"default","adv-header-id-meta":"","stick-header-meta":"","header-above-stick-meta":"","header-main-stick-meta":"","header-below-stick-meta":"","astra-migrate-meta-layouts":"set","ast-page-background-enabled":"default","ast-page-background-meta":{"desktop":{"background-color":"var(--ast-global-color-5)","background-image":"","background-repeat":"repeat","background-position":"center center","background-size":"auto","background-attachment":"scroll","background-type":"","background-media":"","overlay-type":"","overlay-color":"","overlay-opacity":"","overlay-gradient":""},"tablet":{"background-color":"","background-image":"","background-repeat":"repeat","background-position":"center center","background-size":"auto","background-attachment":"scroll","background-type":"","background-media":"","overlay-type":"","overlay-color":"","overlay-opacity":"","overlay-gradient":""},"mobile":{"background-color":"","background-image":"","background-repeat":"repeat","background-position":"center center","background-size":"auto","background-attachment":"scroll","background-type":"","background-media":"","overlay-type":"","overlay-color":"","overlay-opacity":"","overlay-gradient":""}},"ast-content-background-meta":{"desktop":{"background-color":"var(--ast-global-color-4)","background-image":"","background-repeat":"repeat","background-position":"center center","background-size":"auto","background-attachment":"scroll","background-type":"","background-media":"","overlay-type":"","overlay-color":"","overlay-opacity":"","overlay-gradient":""},"tablet":{"background-color":"var(--ast-global-color-4)","background-image":"","background-repeat":"repeat","background-position":"center center","background-size":"auto","background-attachment":"scroll","background-type":"","background-media":"","overlay-type":"","overlay-color":"","overlay-opacity":"","overlay-gradient":""},"mobile":{"background-color":"var(--ast-global-color-4)","background-image":"","background-repeat":"repeat","background-position":"center center","background-size":"auto","background-attachment":"scroll","background-type":"","background-media":"","overlay-type":"","overlay-color":"","overlay-opacity":"","overlay-gradient":""}}},"product_brand":[],"product_cat":[19],"product_tag":[],"class_list":{"0":"post-17385","1":"product","2":"type-product","3":"status-publish","4":"has-post-thumbnail","6":"product_cat-uncategorized","7":"desktop-align-left","8":"tablet-align-left","9":"mobile-align-left","11":"first","12":"instock","13":"shipping-taxable","14":"purchasable","15":"product-type-simple"},"_links":{"self":[{"href":"https:\/\/ecostera.com\/dk\/wp-json\/wp\/v2\/product\/17385","targetHints":{"allow":["GET"]}}],"collection":[{"href":"https:\/\/ecostera.com\/dk\/wp-json\/wp\/v2\/product"}],"about":[{"href":"https:\/\/ecostera.com\/dk\/wp-json\/wp\/v2\/types\/product"}],"replies":[{"embeddable":true,"href":"https:\/\/ecostera.com\/dk\/wp-json\/wp\/v2\/comments?post=17385"}],"wp:featuredmedia":[{"embeddable":true,"href":"https:\/\/ecostera.com\/dk\/wp-json\/wp\/v2\/media\/17381"}],"wp:attachment":[{"href":"https:\/\/ecostera.com\/dk\/wp-json\/wp\/v2\/media?parent=17385"}],"wp:term":[{"taxonomy":"product_brand","embeddable":true,"href":"https:\/\/ecostera.com\/dk\/wp-json\/wp\/v2\/product_brand?post=17385"},{"taxonomy":"product_cat","embeddable":true,"href":"https:\/\/ecostera.com\/dk\/wp-json\/wp\/v2\/product_cat?post=17385"},{"taxonomy":"product_tag","embeddable":true,"href":"https:\/\/ecostera.com\/dk\/wp-json\/wp\/v2\/product_tag?post=17385"}],"curies":[{"name":"wp","href":"https:\/\/api.w.org\/{rel}","templated":true}]}}