{"id":17394,"date":"2025-09-15T17:42:31","date_gmt":"2025-09-15T14:42:31","guid":{"rendered":"https:\/\/ecostera.com\/dk\/product\/rustfjerner-spray\/"},"modified":"2025-09-30T11:04:20","modified_gmt":"2025-09-30T08:04:20","slug":"rustfjerner-spray","status":"publish","type":"product","link":"https:\/\/ecostera.com\/dk\/product\/rustfjerner-spray\/","title":{"rendered":"Rustfjerner-spray"},"content":{"rendered":"<p style=\"text-align: center\" data-start=\"95\" data-end=\"139\"><strong data-start=\"95\" data-end=\"139\">F\u00e5 Dine F\u00e6lge Til At Skinne Som Nye Igen! \ud83d\ude97\u2728<\/strong><\/p>\n<p style=\"text-align: center\" data-start=\"141\" data-end=\"315\">Sig farvel til grim rust, og genskab den fabriksnye glans. Denne rustfjerner er dit hemmelige v\u00e5ben til at reng\u00f8re, beskytte og forvandle dine f\u00e6lge og din lak p\u00e5 f\u00e5 minutter!<\/p>\n<p data-start=\"141\" data-end=\"315\"><img decoding=\"async\" class=\"size-full wp-image-26856 aligncenter\" src=\"https:\/\/keluvo.com\/template\/wp-content\/uploads\/sites\/5\/2025\/07\/16923331924593.webp\" alt=\"\" \/><\/p>\n<h2 style=\"text-align: center\" data-start=\"317\" data-end=\"338\"><strong data-start=\"317\" data-end=\"338\">Vigtigste Fordele<\/strong><\/h2>\n<p data-start=\"341\" data-end=\"394\">\ud83e\uddfc Fjerner hurtigt rust fra f\u00e6lge og lakerede overflader<\/p>\n<p data-start=\"397\" data-end=\"435\">\u2728 Gendanner glans og original finish<\/p>\n<p data-start=\"438\" data-end=\"494\">\ud83d\udee1\ufe0f Efterlader en beskyttende bel\u00e6gning for at forhindre fremtidig rust<\/p>\n<p data-start=\"497\" data-end=\"548\">\ud83e\uddf4 Sk\u00e5nsom mod alle typer billak og materialer<\/p>\n<p data-start=\"551\" data-end=\"600\">\ud83d\udd27 Perfekt til b\u00e5de bilelskere, g\u00f8r-det-selv-folk og professionelle<\/p>\n<p data-start=\"551\" data-end=\"600\"><img decoding=\"async\" class=\"size-full wp-image-26858 aligncenter\" src=\"https:\/\/keluvo.com\/template\/wp-content\/uploads\/sites\/5\/2025\/07\/a670559b-643e-425e-8ec4-cc026d1d91ba.webp\" alt=\"\" \/><\/p>\n<h2 style=\"text-align: center\" data-start=\"602\" data-end=\"620\"><strong data-start=\"602\" data-end=\"620\">S\u00e5dan Bruges<\/strong><\/h2>\n<ol data-start=\"621\" data-end=\"776\">\n<li data-start=\"621\" data-end=\"652\">\n<p data-start=\"624\" data-end=\"652\">Reng\u00f8r og t\u00f8r overfladen.<\/p>\n<\/li>\n<li data-start=\"653\" data-end=\"708\">\n<p data-start=\"656\" data-end=\"708\">Spray rustfjerneren direkte p\u00e5 de ber\u00f8rte omr\u00e5der.<\/p>\n<\/li>\n<li data-start=\"709\" data-end=\"743\">\n<p data-start=\"712\" data-end=\"743\">Lad det sidde i et par minutter.<\/p>\n<\/li>\n<li data-start=\"744\" data-end=\"776\">\n<p data-start=\"747\" data-end=\"776\">T\u00f8r af med en klud &#8211; f\u00e6rdig!<\/p>\n<\/li>\n<\/ol>\n<h2 style=\"text-align: center\" data-start=\"778\" data-end=\"801\"><strong data-start=\"778\" data-end=\"801\">Produktdetaljer<\/strong><\/h2>\n<ul data-start=\"802\" data-end=\"886\">\n<li data-start=\"802\" data-end=\"817\">\n<p data-start=\"804\" data-end=\"817\">Type: Spray<\/p>\n<\/li>\n<li data-start=\"818\" data-end=\"835\">\n<p data-start=\"820\" data-end=\"835\">Indhold: 50ml<\/p>\n<\/li>\n<li data-start=\"836\" data-end=\"886\">\n<p data-start=\"838\" data-end=\"886\">Sikkert for f\u00e6lge, lak og de fleste bilmaterialer<\/p>\n<\/li>\n<\/ul>\n<h2 style=\"text-align: center\" data-start=\"888\" data-end=\"912\"><strong data-start=\"888\" data-end=\"912\">Pakken Indeholder<\/strong><\/h2>\n<ul data-start=\"913\" data-end=\"974\">\n<li data-start=\"913\" data-end=\"974\">\n<p data-start=\"915\" data-end=\"974\">1, 2, 3x flasker rustfjerner.<\/p>\n<\/li>\n<\/ul>\n","protected":false},"excerpt":{"rendered":"<p>F\u00e5 Dine F\u00e6lge Til At Skinne Som Nye Igen! \ud83d\ude97\u2728 Sig farvel til grim rust, og genskab den fabriksnye glans. [&hellip;]<\/p>\n","protected":false},"featured_media":17390,"comment_status":"open","ping_status":"closed","template":"","meta":{"site-sidebar-layout":"default","site-content-layout":"","ast-site-content-layout":"default","site-content-style":"default","site-sidebar-style":"default","ast-global-header-display":"","ast-banner-title-visibility":"","ast-main-header-display":"","ast-hfb-above-header-display":"","ast-hfb-below-header-display":"","ast-hfb-mobile-header-display":"","site-post-title":"","ast-breadcrumbs-content":"","ast-featured-img":"","footer-sml-layout":"","theme-transparent-header-meta":"default","adv-header-id-meta":"","stick-header-meta":"","header-above-stick-meta":"","header-main-stick-meta":"","header-below-stick-meta":"","astra-migrate-meta-layouts":"set","ast-page-background-enabled":"default","ast-page-background-meta":{"desktop":{"background-color":"var(--ast-global-color-5)","background-image":"","background-repeat":"repeat","background-position":"center center","background-size":"auto","background-attachment":"scroll","background-type":"","background-media":"","overlay-type":"","overlay-color":"","overlay-opacity":"","overlay-gradient":""},"tablet":{"background-color":"","background-image":"","background-repeat":"repeat","background-position":"center center","background-size":"auto","background-attachment":"scroll","background-type":"","background-media":"","overlay-type":"","overlay-color":"","overlay-opacity":"","overlay-gradient":""},"mobile":{"background-color":"","background-image":"","background-repeat":"repeat","background-position":"center center","background-size":"auto","background-attachment":"scroll","background-type":"","background-media":"","overlay-type":"","overlay-color":"","overlay-opacity":"","overlay-gradient":""}},"ast-content-background-meta":{"desktop":{"background-color":"var(--ast-global-color-4)","background-image":"","background-repeat":"repeat","background-position":"center center","background-size":"auto","background-attachment":"scroll","background-type":"","background-media":"","overlay-type":"","overlay-color":"","overlay-opacity":"","overlay-gradient":""},"tablet":{"background-color":"var(--ast-global-color-4)","background-image":"","background-repeat":"repeat","background-position":"center center","background-size":"auto","background-attachment":"scroll","background-type":"","background-media":"","overlay-type":"","overlay-color":"","overlay-opacity":"","overlay-gradient":""},"mobile":{"background-color":"var(--ast-global-color-4)","background-image":"","background-repeat":"repeat","background-position":"center center","background-size":"auto","background-attachment":"scroll","background-type":"","background-media":"","overlay-type":"","overlay-color":"","overlay-opacity":"","overlay-gradient":""}}},"product_brand":[],"product_cat":[19],"product_tag":[],"class_list":{"0":"post-17394","1":"product","2":"type-product","3":"status-publish","4":"has-post-thumbnail","6":"product_cat-uncategorized","7":"pa_27968_usdjx86l-1-stk","8":"pa_27968_usdjx86l-2-stk","9":"pa_27968_usdjx86l-3-stk","10":"desktop-align-left","11":"tablet-align-left","12":"mobile-align-left","14":"first","15":"instock","16":"shipping-taxable","17":"purchasable","18":"product-type-variable"},"_links":{"self":[{"href":"https:\/\/ecostera.com\/dk\/wp-json\/wp\/v2\/product\/17394","targetHints":{"allow":["GET"]}}],"collection":[{"href":"https:\/\/ecostera.com\/dk\/wp-json\/wp\/v2\/product"}],"about":[{"href":"https:\/\/ecostera.com\/dk\/wp-json\/wp\/v2\/types\/product"}],"replies":[{"embeddable":true,"href":"https:\/\/ecostera.com\/dk\/wp-json\/wp\/v2\/comments?post=17394"}],"wp:featuredmedia":[{"embeddable":true,"href":"https:\/\/ecostera.com\/dk\/wp-json\/wp\/v2\/media\/17390"}],"wp:attachment":[{"href":"https:\/\/ecostera.com\/dk\/wp-json\/wp\/v2\/media?parent=17394"}],"wp:term":[{"taxonomy":"product_brand","embeddable":true,"href":"https:\/\/ecostera.com\/dk\/wp-json\/wp\/v2\/product_brand?post=17394"},{"taxonomy":"product_cat","embeddable":true,"href":"https:\/\/ecostera.com\/dk\/wp-json\/wp\/v2\/product_cat?post=17394"},{"taxonomy":"product_tag","embeddable":true,"href":"https:\/\/ecostera.com\/dk\/wp-json\/wp\/v2\/product_tag?post=17394"}],"curies":[{"name":"wp","href":"https:\/\/api.w.org\/{rel}","templated":true}]}}