{"id":17409,"date":"2025-09-15T17:45:46","date_gmt":"2025-09-15T14:45:46","guid":{"rendered":"https:\/\/ecostera.com\/dk\/product\/haevet-havebed\/"},"modified":"2025-09-15T23:55:37","modified_gmt":"2025-09-15T20:55:37","slug":"haevet-havebed","status":"publish","type":"product","link":"https:\/\/ecostera.com\/dk\/product\/haevet-havebed\/","title":{"rendered":"H\u00e6vet havebed"},"content":{"rendered":"<p style=\"text-align: center\" data-start=\"84\" data-end=\"136\"><strong>\ud83c\udf3f Dyrk Friske Krydderurter Og Gr\u00f8ntsager \u2014 Hvor Som Helst, N\u00e5r Som Helst!<\/strong><\/p>\n<p style=\"text-align: center\" data-start=\"138\" data-end=\"366\">Det h\u00e6vede bed g\u00f8r havearbejdet nemmere, renere og mere pladsbesparende. Uanset om du har en altan, terrasse eller baghave, kan du med denne holdbare stofplante dyrke dine yndlingsplanter uden at grave eller luge.<\/p>\n<p data-start=\"138\" data-end=\"366\"><img fetchpriority=\"high\" decoding=\"async\" class=\"alignnone size-full wp-image-32170 aligncenter\" src=\"https:\/\/keluvo.com\/template\/wp-content\/uploads\/sites\/5\/2025\/07\/garden-gif.webp\" alt=\"\" width=\"500\" height=\"500\" \/><\/p>\n<h2 style=\"text-align: center\" data-start=\"368\" data-end=\"389\">\ud83c\udf31 Vigtigste Fordele<\/h2>\n<p data-start=\"392\" data-end=\"445\">\ud83e\uddfa H\u00e6vet design holder jorden organiseret og ukrudtet ude<\/p>\n<p data-start=\"448\" data-end=\"499\">\ud83d\udca7 \u00c5ndbart stof fremmer sund rodv\u00e6kst<\/p>\n<p data-start=\"502\" data-end=\"555\">\ud83c\udf1e Perfekt til krydderurter, gr\u00f8ntsager, blomster og meget mere<\/p>\n<p data-start=\"558\" data-end=\"589\">\ud83e\uddfc Genanvendelig og nem at reng\u00f8re<\/p>\n<p data-start=\"592\" data-end=\"637\">\ud83e\udde9 Kan foldes sammen til enkel opbevaring uden for s\u00e6sonen<\/p>\n<h2 data-start=\"639\" data-end=\"657\"><img decoding=\"async\" class=\"alignnone size-full wp-image-32169 aligncenter\" src=\"https:\/\/keluvo.com\/template\/wp-content\/uploads\/sites\/5\/2025\/07\/garden-body-image-2.jpg\" alt=\"\" width=\"1080\" height=\"1080\" \/><\/h2>\n<h2 style=\"text-align: center\" data-start=\"639\" data-end=\"657\">\ud83d\udccc S\u00e5dan Bruges<\/h2>\n<ol data-start=\"658\" data-end=\"788\">\n<li data-start=\"658\" data-end=\"708\">\n<p data-start=\"661\" data-end=\"708\">Fold posen ud, og placer den p\u00e5 en flad overflade.<\/p>\n<\/li>\n<li data-start=\"709\" data-end=\"740\">\n<p data-start=\"712\" data-end=\"740\">Fyld den med jord og kompost.<\/p>\n<\/li>\n<li data-start=\"741\" data-end=\"788\">\n<p data-start=\"744\" data-end=\"788\">Plant dine fr\u00f8 og vand regelm\u00e6ssigt &#8211; f\u00e6rdig!<\/p>\n<\/li>\n<\/ol>\n<h2 style=\"text-align: center\" data-start=\"790\" data-end=\"813\">\ud83d\udcd0 Produktdetaljer<\/h2>\n<ul data-start=\"814\" data-end=\"936\">\n<li data-start=\"855\" data-end=\"900\">\n<p data-start=\"857\" data-end=\"900\">Materiale: tyk, holdbar, \u00e5ndbar filt<\/p>\n<\/li>\n<li data-start=\"855\" data-end=\"900\">St\u00f8rrelse: XS (60 x 20 cm), S (70 x 30 cm), M (80 x 30 cm), L (90 x 30 cm), XL (120 x 30 cm), XXL (127 x 30 cm), XXL (130 x 30 cm).<\/li>\n<\/ul>\n<h2 style=\"text-align: center\" data-start=\"938\" data-end=\"962\">\ud83d\udce6 Pakken Indeholder<\/h2>\n<ul data-start=\"963\" data-end=\"997\">\n<li data-start=\"963\" data-end=\"997\">\n<p data-start=\"965\" data-end=\"997\">1x h\u00f8jbed.<\/p>\n<\/li>\n<\/ul>\n","protected":false},"excerpt":{"rendered":"<p>\ud83c\udf3f Dyrk Friske Krydderurter Og Gr\u00f8ntsager \u2014 Hvor Som Helst, N\u00e5r Som Helst! Det h\u00e6vede bed g\u00f8r havearbejdet nemmere, renere [&hellip;]<\/p>\n","protected":false},"featured_media":17405,"comment_status":"open","ping_status":"closed","template":"","meta":{"site-sidebar-layout":"default","site-content-layout":"","ast-site-content-layout":"default","site-content-style":"default","site-sidebar-style":"default","ast-global-header-display":"","ast-banner-title-visibility":"","ast-main-header-display":"","ast-hfb-above-header-display":"","ast-hfb-below-header-display":"","ast-hfb-mobile-header-display":"","site-post-title":"","ast-breadcrumbs-content":"","ast-featured-img":"","footer-sml-layout":"","theme-transparent-header-meta":"default","adv-header-id-meta":"","stick-header-meta":"","header-above-stick-meta":"","header-main-stick-meta":"","header-below-stick-meta":"","astra-migrate-meta-layouts":"set","ast-page-background-enabled":"default","ast-page-background-meta":{"desktop":{"background-color":"var(--ast-global-color-5)","background-image":"","background-repeat":"repeat","background-position":"center center","background-size":"auto","background-attachment":"scroll","background-type":"","background-media":"","overlay-type":"","overlay-color":"","overlay-opacity":"","overlay-gradient":""},"tablet":{"background-color":"","background-image":"","background-repeat":"repeat","background-position":"center center","background-size":"auto","background-attachment":"scroll","background-type":"","background-media":"","overlay-type":"","overlay-color":"","overlay-opacity":"","overlay-gradient":""},"mobile":{"background-color":"","background-image":"","background-repeat":"repeat","background-position":"center center","background-size":"auto","background-attachment":"scroll","background-type":"","background-media":"","overlay-type":"","overlay-color":"","overlay-opacity":"","overlay-gradient":""}},"ast-content-background-meta":{"desktop":{"background-color":"var(--ast-global-color-4)","background-image":"","background-repeat":"repeat","background-position":"center center","background-size":"auto","background-attachment":"scroll","background-type":"","background-media":"","overlay-type":"","overlay-color":"","overlay-opacity":"","overlay-gradient":""},"tablet":{"background-color":"var(--ast-global-color-4)","background-image":"","background-repeat":"repeat","background-position":"center center","background-size":"auto","background-attachment":"scroll","background-type":"","background-media":"","overlay-type":"","overlay-color":"","overlay-opacity":"","overlay-gradient":""},"mobile":{"background-color":"var(--ast-global-color-4)","background-image":"","background-repeat":"repeat","background-position":"center center","background-size":"auto","background-attachment":"scroll","background-type":"","background-media":"","overlay-type":"","overlay-color":"","overlay-opacity":"","overlay-gradient":""}}},"product_brand":[],"product_cat":[19],"product_tag":[],"class_list":{"0":"post-17409","1":"product","2":"type-product","3":"status-publish","4":"has-post-thumbnail","6":"product_cat-uncategorized","7":"pa_42473_6lpn8yw4-xs","8":"pa_42473_6lpn8yw4-s","9":"pa_42473_6lpn8yw4-m","10":"pa_42473_6lpn8yw4-l","11":"pa_42473_6lpn8yw4-xl","12":"pa_42473_6lpn8yw4-xxl","13":"pa_42473_6lpn8yw4-xxxl","14":"pa_42473_d9dehuv8-groen","15":"pa_42473_d9dehuv8-sort","16":"desktop-align-left","17":"tablet-align-left","18":"mobile-align-left","20":"first","21":"instock","22":"shipping-taxable","23":"purchasable","24":"product-type-variable","25":"has-default-attributes"},"_links":{"self":[{"href":"https:\/\/ecostera.com\/dk\/wp-json\/wp\/v2\/product\/17409","targetHints":{"allow":["GET"]}}],"collection":[{"href":"https:\/\/ecostera.com\/dk\/wp-json\/wp\/v2\/product"}],"about":[{"href":"https:\/\/ecostera.com\/dk\/wp-json\/wp\/v2\/types\/product"}],"replies":[{"embeddable":true,"href":"https:\/\/ecostera.com\/dk\/wp-json\/wp\/v2\/comments?post=17409"}],"wp:featuredmedia":[{"embeddable":true,"href":"https:\/\/ecostera.com\/dk\/wp-json\/wp\/v2\/media\/17405"}],"wp:attachment":[{"href":"https:\/\/ecostera.com\/dk\/wp-json\/wp\/v2\/media?parent=17409"}],"wp:term":[{"taxonomy":"product_brand","embeddable":true,"href":"https:\/\/ecostera.com\/dk\/wp-json\/wp\/v2\/product_brand?post=17409"},{"taxonomy":"product_cat","embeddable":true,"href":"https:\/\/ecostera.com\/dk\/wp-json\/wp\/v2\/product_cat?post=17409"},{"taxonomy":"product_tag","embeddable":true,"href":"https:\/\/ecostera.com\/dk\/wp-json\/wp\/v2\/product_tag?post=17409"}],"curies":[{"name":"wp","href":"https:\/\/api.w.org\/{rel}","templated":true}]}}